{"id":4663,"date":"2025-06-20T15:07:36","date_gmt":"2025-06-20T13:07:36","guid":{"rendered":"https:\/\/utopisches-salzderhelden.de\/karteikarte-luetzi-music-kollektiv-copy\/"},"modified":"2025-06-20T16:42:18","modified_gmt":"2025-06-20T14:42:18","slug":"rotzfreche-asphaltkultur","status":"publish","type":"page","link":"https:\/\/utopisches-salzderhelden.de\/en\/rotzfreche-asphaltkultur\/","title":{"rendered":"Karteikarte Rotzfrech Asphaltkultur (RAK)"},"content":{"rendered":"<!--themify_builder_content-->\n<div id=\"themify_builder_content-4663\" data-postid=\"4663\" class=\"themify_builder_content themify_builder_content-4663 themify_builder tf_clear\">\n    \t<!-- module_row -->\n\t<div  data-lazy=\"1\" class=\"module_row themify_builder_row tb_jss5582 tb_first tf_clearfix\" >\n\t    \t\t<div class=\"row_inner col_align_top col-count-1 tf_box tf_w tf_rel\">\n\t\t\t<div  data-lazy=\"1\" class=\"module_column tb-column col-full first tb_vx22880 tf_box\">\n\t\t\t    \t        <div class=\"tb-column-inner tf_box tf_w\">\n\t\t    <!-- module text -->\n<div  class=\"module module-text tb_3gv8229\" data-lazy=\"1\">\n        <div  class=\"tb_text_wrap\">\n    <h1>Rotzfreche Asphaltkultur (RAK)<\/h1>    <\/div>\n<\/div>\n<!-- \/module text -->\t        <\/div>\n\t    \t<\/div>\n\t\t    <\/div>\n\t    <!-- \/row_inner -->\n\t<\/div>\n\t<!-- \/module_row -->\n\t\t<!-- module_row -->\n\t<div  data-lazy=\"1\" class=\"module_row themify_builder_row tb_b5dm222 tf_clearfix\">\n\t    \t\t<div class=\"row_inner col_align_top col-count-2 tf_box tf_w tf_rel\">\n\t\t\t<div  data-lazy=\"1\" style=\"width: 56.8%\" class=\"module_column tb-column col4-2 first tb_7lux021 tf_box\">\n\t\t\t    \t        <div class=\"tb-column-inner tf_box tf_w\">\n\t\t    \t<div  data-lazy=\"1\" class=\"module_subrow themify_builder_sub_row tb_57l2000 tf_w tf_clearfix\">\n\t    \t\t<div class=\"subrow_inner col_align_top col_auto_height col-count-2 tf_box tf_w\">\n\t\t\t<div  style=\"width: 26.8%\" data-lazy=\"1\" class=\"sub_column module_column tf_box col4-2 first tb_szgx009\"> \n\t    \t    \t        <div class=\"tb-column-inner tf_box tf_w\">\n\t\t    <!-- module text -->\n<div  class=\"module module-text tb_7r48100\" data-lazy=\"1\">\n        <div  class=\"tb_text_wrap\">\n    <h3>What?<\/h3>    <\/div>\n<\/div>\n<!-- \/module text -->\t        <\/div>\n\t    \t<\/div>\n\t\t<div  style=\"width: 70%\" data-lazy=\"1\" class=\"sub_column module_column tf_box col4-2 last tb_8y4g902\"> \n\t    \t    \t        <div class=\"tb-column-inner tf_box tf_w\">\n\t\t    <!-- module text -->\n<div  class=\"module module-text tb_ppy3919\" data-lazy=\"1\">\n        <div  class=\"tb_text_wrap\">\n    <p>Offener Zusammenschluss von antifaschistischen, anarchistischen und anderen linken (Stra\u00dfen)Musiker*innen, Theaterleuten, weiteren Kleink\u00fcnstler*innen und Supportis, welches (in st\u00e4ndig wechselnder Zusammensetzung) seit 1978 besteht und aus der Anti-Atomkraftwerk-Bewegung heraus entstanden ist.<\/p>    <\/div>\n<\/div>\n<!-- \/module text -->\t        <\/div>\n\t    \t<\/div>\n\t\t    <\/div>\n\t<\/div><!-- \/themify_builder_sub_row -->\n\t\t<div  data-lazy=\"1\" class=\"module_subrow themify_builder_sub_row tb_zlrn222 tf_w tf_clearfix\">\n\t    \t\t<div class=\"subrow_inner col_align_top col_auto_height col-count-2 tf_box tf_w\">\n\t\t\t<div  style=\"width: 26.8%\" data-lazy=\"1\" class=\"sub_column module_column tf_box col4-2 first tb_z09g051\"> \n\t    \t    \t        <div class=\"tb-column-inner tf_box tf_w\">\n\t\t    <!-- module text -->\n<div  class=\"module module-text tb_rwpq911\" data-lazy=\"1\">\n        <div  class=\"tb_text_wrap\">\n    <h3>Where?<\/h3>    <\/div>\n<\/div>\n<!-- \/module text -->\t        <\/div>\n\t    \t<\/div>\n\t\t<div  style=\"width: 70%\" data-lazy=\"1\" class=\"sub_column module_column tf_box col4-2 last tb_6dm7300\" > \n\t    \t    \t        <div class=\"tb-column-inner tf_box tf_w\">\n\t\t    <!-- module text -->\n<div  class=\"module module-text tb_qfbr002\" data-lazy=\"1\">\n        <div  class=\"tb_text_wrap\">\n    <p>\u00fcberregional&#8230;die ein oder andere Person ist auch in Salzderhelden aktiv<br><br><\/p>    <\/div>\n<\/div>\n<!-- \/module text -->\t        <\/div>\n\t    \t<\/div>\n\t\t    <\/div>\n\t<\/div><!-- \/themify_builder_sub_row -->\n\t\t<div  data-lazy=\"1\" class=\"module_subrow themify_builder_sub_row tb_w9nw020 tf_w tf_clearfix\">\n\t    \t\t<div class=\"subrow_inner col_align_top col_auto_height col-count-2 tf_box tf_w\">\n\t\t\t<div  style=\"width: 26.8%\" data-lazy=\"1\" class=\"sub_column module_column tf_box col4-2 first tb_rn8j121\"> \n\t    \t    \t        <div class=\"tb-column-inner tf_box tf_w\">\n\t\t    <!-- module text -->\n<div  class=\"module module-text tb_vpjf100\" data-lazy=\"1\">\n        <div  class=\"tb_text_wrap\">\n    <h3>For whom?<\/h3>    <\/div>\n<\/div>\n<!-- \/module text -->\t        <\/div>\n\t    \t<\/div>\n\t\t<div  style=\"width: 70%\" data-lazy=\"1\" class=\"sub_column module_column tf_box col4-2 last tb_urnp220\"> \n\t    \t    \t        <div class=\"tb-column-inner tf_box tf_w\">\n\t\t    <!-- module text -->\n<div  class=\"module module-text tb_rovw199\" data-lazy=\"1\">\n        <div  class=\"tb_text_wrap\">\n    <p>offen f\u00fcr alle Musiker*innen mit einem antifaschistischen bis anarchistischen Selbstverst\u00e4ndnis und Teil der RAK werden wollen<\/p>    <\/div>\n<\/div>\n<!-- \/module text -->\t        <\/div>\n\t    \t<\/div>\n\t\t    <\/div>\n\t<\/div><!-- \/themify_builder_sub_row -->\n\t\t<div  data-lazy=\"1\" class=\"module_subrow themify_builder_sub_row tb_d5pk494 tf_w tf_clearfix\">\n\t    \t\t<div class=\"subrow_inner col_align_top col_auto_height col-count-2 tf_box tf_w\">\n\t\t\t<div  style=\"width: 26.8%\" data-lazy=\"1\" class=\"sub_column module_column tf_box col4-2 first tb_2vx9051\"> \n\t    \t    \t        <div class=\"tb-column-inner tf_box tf_w\">\n\t\t    <!-- module text -->\n<div  class=\"module module-text tb_m9zl050\" data-lazy=\"1\">\n        <div  class=\"tb_text_wrap\">\n    <h3>Agreements<\/h3>    <\/div>\n<\/div>\n<!-- \/module text -->\t        <\/div>\n\t    \t<\/div>\n\t\t<div  style=\"width: 70%\" data-lazy=\"1\" class=\"sub_column module_column tf_box col4-2 last tb_ed7v005\"> \n\t    \t    \t        <div class=\"tb-column-inner tf_box tf_w\">\n\t\t    <!-- module text -->\n<div  class=\"module module-text tb_qjlx989\" data-lazy=\"1\">\n        <div  class=\"tb_text_wrap\">\n    <p>Die Kommunikation findet \u00fcber eine Signal-Gruppe statt.<i>&nbsp;(Stand Juni 2025)&nbsp;<\/i>Schreib gern eine Mail an&nbsp;rak[at]riseup.net oder lern Menschen aus der RAK vor Ort kennen und sprich sie drauf an, wenn du Mitmachen willst.&nbsp;<\/p><p><br><\/p><p>Website:&nbsp;<a href=\"https:\/\/rak-treffen.de\/\">https:\/\/rak-treffen.de<\/a><\/p><p><br><\/p><p><i>Hinweis: Die RAK nennt sich zwar nicht tauschlogikfrei, aber in der Vernetzung wird miteinander bedarfsorientiert umgegangen und Auftritte sind auf freiwilliger Spendenbasis.<\/i><\/p>    <\/div>\n<\/div>\n<!-- \/module text -->\t        <\/div>\n\t    \t<\/div>\n\t\t    <\/div>\n\t<\/div><!-- \/themify_builder_sub_row -->\n\t\t        <\/div>\n\t    \t<\/div>\n\t\t<div  data-lazy=\"1\" style=\"width: 40%\" class=\"module_column tb-column col4-2 last tb_i4gl916 tf_box\">\n\t\t\t    \t        <div class=\"tb-column-inner tf_box tf_w\">\n\t\t    <!-- module image -->\n<div  class=\"module module-image tb_l05c900   image-top tf_mw\" data-lazy=\"1\">\n        <div class=\"image-wrap tf_rel tf_mw\">\n\t\t    <img loading=\"lazy\" decoding=\"async\" width=\"424\" height=\"172\" src=\"https:\/\/utopisches-salzderhelden.de\/wp-content\/uploads\/2025\/06\/Rotzfreche-Asphaltkultur.jpg\" class=\"wp-post-image wp-image-4676\" title=\"Rotzfreche Asphaltkultur\" alt=\"Rotzfreche Asphaltkultur\" srcset=\"https:\/\/utopisches-salzderhelden.de\/wp-content\/uploads\/2025\/06\/Rotzfreche-Asphaltkultur.jpg 424w, https:\/\/utopisches-salzderhelden.de\/wp-content\/uploads\/2025\/06\/Rotzfreche-Asphaltkultur-300x122.jpg 300w, https:\/\/utopisches-salzderhelden.de\/wp-content\/uploads\/2025\/06\/Rotzfreche-Asphaltkultur-18x7.jpg 18w\" sizes=\"auto, (max-width: 424px) 100vw, 424px\" \/>\t\n\t\t<\/div>\n\t<!-- \/image-wrap -->\n    \n    \t<\/div>\n<!-- \/module image -->\t        <\/div>\n\t    \t<\/div>\n\t\t    <\/div>\n\t    <!-- \/row_inner -->\n\t<\/div>\n\t<!-- \/module_row -->\n\t<\/div>\n<!--\/themify_builder_content-->","protected":false},"excerpt":{"rendered":"<p>Rotzfreche Asphaltkultur (RAK) Was? Offener Zusammenschluss von antifaschistischen, anarchistischen und anderen linken (Stra\u00dfen)Musiker*innen, Theaterleuten, weiteren Kleink\u00fcnstler*innen und Supportis, welches (in st\u00e4ndig wechselnder Zusammensetzung) seit 1978 besteht und aus der Anti-Atomkraftwerk-Bewegung heraus entstanden ist. Wo? \u00fcberregional&#8230;die ein oder andere Person ist auch in Salzderhelden aktiv F\u00fcr wen? offen f\u00fcr alle Musiker*innen mit einem antifaschistischen bis anarchistischen [&hellip;]<\/p>","protected":false},"author":3,"featured_media":0,"parent":0,"menu_order":0,"comment_status":"closed","ping_status":"closed","template":"","meta":{"footnotes":""},"class_list":["post-4663","page","type-page","status-publish","hentry","has-post-title","has-post-date","has-post-category","has-post-tag","has-post-comment","has-post-author",""],"yoast_head":"<!-- This site is optimized with the Yoast SEO plugin v24.2 - https:\/\/yoast.com\/wordpress\/plugins\/seo\/ -->\n<title>Rotzfreche Asphaltkultur (RAK)<\/title>\n<meta name=\"description\" content=\"Offener Zusammenschluss von antifaschistischen, anarchistischen und anderen linken (Stra\u00dfen)Musiker*innen, Theaterleuten, weiteren Kleink\u00fcnstler*innen und Supportis, welches (in st\u00e4ndig wechselnder Zusammensetzung) seit 1978 besteht und aus der Anti-Atomkraftwerk-Bewegung heraus entstanden ist.\" \/>\n<meta name=\"robots\" content=\"index, follow, max-snippet:-1, max-image-preview:large, max-video-preview:-1\" \/>\n<link rel=\"canonical\" href=\"https:\/\/utopisches-salzderhelden.de\/en\/rotzfreche-asphaltkultur\/\" \/>\n<meta property=\"og:locale\" content=\"en_US\" \/>\n<meta property=\"og:type\" content=\"article\" \/>\n<meta property=\"og:title\" content=\"Rotzfreche Asphaltkultur (RAK)\" \/>\n<meta property=\"og:description\" content=\"Offener Zusammenschluss von antifaschistischen, anarchistischen und anderen linken (Stra\u00dfen)Musiker*innen, Theaterleuten, weiteren Kleink\u00fcnstler*innen und Supportis, welches (in st\u00e4ndig wechselnder Zusammensetzung) seit 1978 besteht und aus der Anti-Atomkraftwerk-Bewegung heraus entstanden ist.\" \/>\n<meta property=\"og:url\" content=\"https:\/\/utopisches-salzderhelden.de\/en\/rotzfreche-asphaltkultur\/\" \/>\n<meta property=\"og:site_name\" content=\"Utopisches Salzderhelden\" \/>\n<meta property=\"article:modified_time\" content=\"2025-06-20T14:42:18+00:00\" \/>\n<meta name=\"twitter:card\" content=\"summary_large_image\" \/>\n<script type=\"application\/ld+json\" class=\"yoast-schema-graph\">{\"@context\":\"https:\/\/schema.org\",\"@graph\":[{\"@type\":\"WebPage\",\"@id\":\"https:\/\/utopisches-salzderhelden.de\/rotzfreche-asphaltkultur\/\",\"url\":\"https:\/\/utopisches-salzderhelden.de\/rotzfreche-asphaltkultur\/\",\"name\":\"Rotzfreche Asphaltkultur (RAK)\",\"isPartOf\":{\"@id\":\"https:\/\/utopisches-salzderhelden.de\/#website\"},\"primaryImageOfPage\":{\"@id\":\"https:\/\/utopisches-salzderhelden.de\/rotzfreche-asphaltkultur\/#primaryimage\"},\"image\":{\"@id\":\"https:\/\/utopisches-salzderhelden.de\/rotzfreche-asphaltkultur\/#primaryimage\"},\"thumbnailUrl\":\"https:\/\/utopisches-salzderhelden.de\/wp-content\/uploads\/2025\/06\/Rotzfreche-Asphaltkultur.jpg\",\"datePublished\":\"2025-06-20T13:07:36+00:00\",\"dateModified\":\"2025-06-20T14:42:18+00:00\",\"description\":\"Offener Zusammenschluss von antifaschistischen, anarchistischen und anderen linken (Stra\u00dfen)Musiker*innen, Theaterleuten, weiteren Kleink\u00fcnstler*innen und Supportis, welches (in st\u00e4ndig wechselnder Zusammensetzung) seit 1978 besteht und aus der Anti-Atomkraftwerk-Bewegung heraus entstanden ist.\",\"breadcrumb\":{\"@id\":\"https:\/\/utopisches-salzderhelden.de\/rotzfreche-asphaltkultur\/#breadcrumb\"},\"inLanguage\":\"en-US\",\"potentialAction\":[{\"@type\":\"ReadAction\",\"target\":[\"https:\/\/utopisches-salzderhelden.de\/rotzfreche-asphaltkultur\/\"]}]},{\"@type\":\"ImageObject\",\"inLanguage\":\"en-US\",\"@id\":\"https:\/\/utopisches-salzderhelden.de\/rotzfreche-asphaltkultur\/#primaryimage\",\"url\":\"https:\/\/utopisches-salzderhelden.de\/wp-content\/uploads\/2025\/06\/Rotzfreche-Asphaltkultur.jpg\",\"contentUrl\":\"https:\/\/utopisches-salzderhelden.de\/wp-content\/uploads\/2025\/06\/Rotzfreche-Asphaltkultur.jpg\"},{\"@type\":\"BreadcrumbList\",\"@id\":\"https:\/\/utopisches-salzderhelden.de\/rotzfreche-asphaltkultur\/#breadcrumb\",\"itemListElement\":[{\"@type\":\"ListItem\",\"position\":1,\"name\":\"Startseite\",\"item\":\"https:\/\/utopisches-salzderhelden.de\/\"},{\"@type\":\"ListItem\",\"position\":2,\"name\":\"Karteikarte Rotzfrech Asphaltkultur (RAK)\"}]},{\"@type\":\"WebSite\",\"@id\":\"https:\/\/utopisches-salzderhelden.de\/#website\",\"url\":\"https:\/\/utopisches-salzderhelden.de\/\",\"name\":\"Utopisches Salzderhelden\",\"description\":\"Tauschlogikfrei, hierarchiekritisch und solidarisch\",\"publisher\":{\"@id\":\"https:\/\/utopisches-salzderhelden.de\/#organization\"},\"potentialAction\":[{\"@type\":\"SearchAction\",\"target\":{\"@type\":\"EntryPoint\",\"urlTemplate\":\"https:\/\/utopisches-salzderhelden.de\/?s={search_term_string}\"},\"query-input\":{\"@type\":\"PropertyValueSpecification\",\"valueRequired\":true,\"valueName\":\"search_term_string\"}}],\"inLanguage\":\"en-US\"},{\"@type\":\"Organization\",\"@id\":\"https:\/\/utopisches-salzderhelden.de\/#organization\",\"name\":\"Utopisches Salzderhelden\",\"url\":\"https:\/\/utopisches-salzderhelden.de\/\",\"logo\":{\"@type\":\"ImageObject\",\"inLanguage\":\"en-US\",\"@id\":\"https:\/\/utopisches-salzderhelden.de\/#\/schema\/logo\/image\/\",\"url\":\"https:\/\/utopisches-salzderhelden.de\/wp-content\/uploads\/2022\/04\/WI_SDH.png\",\"contentUrl\":\"https:\/\/utopisches-salzderhelden.de\/wp-content\/uploads\/2022\/04\/WI_SDH.png\",\"width\":9182,\"height\":1757,\"caption\":\"Utopisches Salzderhelden\"},\"image\":{\"@id\":\"https:\/\/utopisches-salzderhelden.de\/#\/schema\/logo\/image\/\"}}]}<\/script>\n<!-- \/ Yoast SEO plugin. -->","yoast_head_json":{"title":"Rotzfreche Asphaltkultur (RAK)","description":"Offener Zusammenschluss von antifaschistischen, anarchistischen und anderen linken (Stra\u00dfen)Musiker*innen, Theaterleuten, weiteren Kleink\u00fcnstler*innen und Supportis, welches (in st\u00e4ndig wechselnder Zusammensetzung) seit 1978 besteht und aus der Anti-Atomkraftwerk-Bewegung heraus entstanden ist.","robots":{"index":"index","follow":"follow","max-snippet":"max-snippet:-1","max-image-preview":"max-image-preview:large","max-video-preview":"max-video-preview:-1"},"canonical":"https:\/\/utopisches-salzderhelden.de\/en\/rotzfreche-asphaltkultur\/","og_locale":"en_US","og_type":"article","og_title":"Rotzfreche Asphaltkultur (RAK)","og_description":"Offener Zusammenschluss von antifaschistischen, anarchistischen und anderen linken (Stra\u00dfen)Musiker*innen, Theaterleuten, weiteren Kleink\u00fcnstler*innen und Supportis, welches (in st\u00e4ndig wechselnder Zusammensetzung) seit 1978 besteht und aus der Anti-Atomkraftwerk-Bewegung heraus entstanden ist.","og_url":"https:\/\/utopisches-salzderhelden.de\/en\/rotzfreche-asphaltkultur\/","og_site_name":"Utopisches Salzderhelden","article_modified_time":"2025-06-20T14:42:18+00:00","twitter_card":"summary_large_image","schema":{"@context":"https:\/\/schema.org","@graph":[{"@type":"WebPage","@id":"https:\/\/utopisches-salzderhelden.de\/rotzfreche-asphaltkultur\/","url":"https:\/\/utopisches-salzderhelden.de\/rotzfreche-asphaltkultur\/","name":"Rotzfreche Asphaltkultur (RAK)","isPartOf":{"@id":"https:\/\/utopisches-salzderhelden.de\/#website"},"primaryImageOfPage":{"@id":"https:\/\/utopisches-salzderhelden.de\/rotzfreche-asphaltkultur\/#primaryimage"},"image":{"@id":"https:\/\/utopisches-salzderhelden.de\/rotzfreche-asphaltkultur\/#primaryimage"},"thumbnailUrl":"https:\/\/utopisches-salzderhelden.de\/wp-content\/uploads\/2025\/06\/Rotzfreche-Asphaltkultur.jpg","datePublished":"2025-06-20T13:07:36+00:00","dateModified":"2025-06-20T14:42:18+00:00","description":"Offener Zusammenschluss von antifaschistischen, anarchistischen und anderen linken (Stra\u00dfen)Musiker*innen, Theaterleuten, weiteren Kleink\u00fcnstler*innen und Supportis, welches (in st\u00e4ndig wechselnder Zusammensetzung) seit 1978 besteht und aus der Anti-Atomkraftwerk-Bewegung heraus entstanden ist.","breadcrumb":{"@id":"https:\/\/utopisches-salzderhelden.de\/rotzfreche-asphaltkultur\/#breadcrumb"},"inLanguage":"en-US","potentialAction":[{"@type":"ReadAction","target":["https:\/\/utopisches-salzderhelden.de\/rotzfreche-asphaltkultur\/"]}]},{"@type":"ImageObject","inLanguage":"en-US","@id":"https:\/\/utopisches-salzderhelden.de\/rotzfreche-asphaltkultur\/#primaryimage","url":"https:\/\/utopisches-salzderhelden.de\/wp-content\/uploads\/2025\/06\/Rotzfreche-Asphaltkultur.jpg","contentUrl":"https:\/\/utopisches-salzderhelden.de\/wp-content\/uploads\/2025\/06\/Rotzfreche-Asphaltkultur.jpg"},{"@type":"BreadcrumbList","@id":"https:\/\/utopisches-salzderhelden.de\/rotzfreche-asphaltkultur\/#breadcrumb","itemListElement":[{"@type":"ListItem","position":1,"name":"Startseite","item":"https:\/\/utopisches-salzderhelden.de\/"},{"@type":"ListItem","position":2,"name":"Karteikarte Rotzfrech Asphaltkultur (RAK)"}]},{"@type":"WebSite","@id":"https:\/\/utopisches-salzderhelden.de\/#website","url":"https:\/\/utopisches-salzderhelden.de\/","name":"Utopisches Salzderhelden","description":"Tauschlogikfrei, hierarchiekritisch und solidarisch","publisher":{"@id":"https:\/\/utopisches-salzderhelden.de\/#organization"},"potentialAction":[{"@type":"SearchAction","target":{"@type":"EntryPoint","urlTemplate":"https:\/\/utopisches-salzderhelden.de\/?s={search_term_string}"},"query-input":{"@type":"PropertyValueSpecification","valueRequired":true,"valueName":"search_term_string"}}],"inLanguage":"en-US"},{"@type":"Organization","@id":"https:\/\/utopisches-salzderhelden.de\/#organization","name":"Utopisches Salzderhelden","url":"https:\/\/utopisches-salzderhelden.de\/","logo":{"@type":"ImageObject","inLanguage":"en-US","@id":"https:\/\/utopisches-salzderhelden.de\/#\/schema\/logo\/image\/","url":"https:\/\/utopisches-salzderhelden.de\/wp-content\/uploads\/2022\/04\/WI_SDH.png","contentUrl":"https:\/\/utopisches-salzderhelden.de\/wp-content\/uploads\/2022\/04\/WI_SDH.png","width":9182,"height":1757,"caption":"Utopisches Salzderhelden"},"image":{"@id":"https:\/\/utopisches-salzderhelden.de\/#\/schema\/logo\/image\/"}}]}},"builder_content":"<h1>Rotzfreche Asphaltkultur (RAK)<\/h1>\n<h3>Was?<\/h3>\n<p>Offener Zusammenschluss von antifaschistischen, anarchistischen und anderen linken (Stra\u00dfen)Musiker*innen, Theaterleuten, weiteren Kleink\u00fcnstler*innen und Supportis, welches (in st\u00e4ndig wechselnder Zusammensetzung) seit 1978 besteht und aus der Anti-Atomkraftwerk-Bewegung heraus entstanden ist.<\/p>\n<h3>Wo?<\/h3>\n<p>\u00fcberregional...die ein oder andere Person ist auch in Salzderhelden aktiv<br><br><\/p>\n<h3>F\u00fcr wen?<\/h3>\n<p>offen f\u00fcr alle Musiker*innen mit einem antifaschistischen bis anarchistischen Selbstverst\u00e4ndnis und Teil der RAK werden wollen<\/p>\n<h3>Vereinbarungen<\/h3>\n<p>Die Kommunikation findet \u00fcber eine Signal-Gruppe statt.<i>&nbsp;(Stand Juni 2025)&nbsp;<\/i>Schreib gern eine Mail an&nbsp;rak[at]riseup.net oder lern Menschen aus der RAK vor Ort kennen und sprich sie drauf an, wenn du Mitmachen willst.&nbsp;<\/p><p><br><\/p><p>Website:&nbsp;<a href=\"https:\/\/rak-treffen.de\/\">https:\/\/rak-treffen.de<\/a><\/p><p><br><\/p><p><i>Hinweis: Die RAK nennt sich zwar nicht tauschlogikfrei, aber in der Vernetzung wird miteinander bedarfsorientiert umgegangen und Auftritte sind auf freiwilliger Spendenbasis.<\/i><\/p>\n<img loading=\"lazy\" decoding=\"async\" width=\"424\" height=\"172\" src=\"https:\/\/utopisches-salzderhelden.de\/wp-content\/uploads\/2025\/06\/Rotzfreche-Asphaltkultur.jpg\" title=\"Rotzfreche Asphaltkultur\" alt=\"Rotzfreche Asphaltkultur\" srcset=\"https:\/\/utopisches-salzderhelden.de\/wp-content\/uploads\/2025\/06\/Rotzfreche-Asphaltkultur.jpg 424w, https:\/\/utopisches-salzderhelden.de\/wp-content\/uploads\/2025\/06\/Rotzfreche-Asphaltkultur-300x122.jpg 300w, https:\/\/utopisches-salzderhelden.de\/wp-content\/uploads\/2025\/06\/Rotzfreche-Asphaltkultur-18x7.jpg 18w\" sizes=\"auto, (max-width: 424px) 100vw, 424px\" \/>","_links":{"self":[{"href":"https:\/\/utopisches-salzderhelden.de\/en\/wp-json\/wp\/v2\/pages\/4663","targetHints":{"allow":["GET"]}}],"collection":[{"href":"https:\/\/utopisches-salzderhelden.de\/en\/wp-json\/wp\/v2\/pages"}],"about":[{"href":"https:\/\/utopisches-salzderhelden.de\/en\/wp-json\/wp\/v2\/types\/page"}],"author":[{"embeddable":true,"href":"https:\/\/utopisches-salzderhelden.de\/en\/wp-json\/wp\/v2\/users\/3"}],"replies":[{"embeddable":true,"href":"https:\/\/utopisches-salzderhelden.de\/en\/wp-json\/wp\/v2\/comments?post=4663"}],"version-history":[{"count":12,"href":"https:\/\/utopisches-salzderhelden.de\/en\/wp-json\/wp\/v2\/pages\/4663\/revisions"}],"predecessor-version":[{"id":4683,"href":"https:\/\/utopisches-salzderhelden.de\/en\/wp-json\/wp\/v2\/pages\/4663\/revisions\/4683"}],"wp:attachment":[{"href":"https:\/\/utopisches-salzderhelden.de\/en\/wp-json\/wp\/v2\/media?parent=4663"}],"curies":[{"name":"wp","href":"https:\/\/api.w.org\/{rel}","templated":true}]}}