{"id":3012,"date":"2024-07-02T01:46:27","date_gmt":"2024-07-01T23:46:27","guid":{"rendered":"https:\/\/utopisches-salzderhelden.de\/karteikarte-zur-molli-copy\/"},"modified":"2024-11-20T21:08:49","modified_gmt":"2024-11-20T20:08:49","slug":"salzstreuer","status":"publish","type":"page","link":"https:\/\/utopisches-salzderhelden.de\/en\/salzstreuer\/","title":{"rendered":"Karteikarte Salzstreuer"},"content":{"rendered":"<!--themify_builder_content-->\n<div id=\"themify_builder_content-3012\" data-postid=\"3012\" class=\"themify_builder_content themify_builder_content-3012 themify_builder tf_clear\">\n    \t<!-- module_row -->\n\t<div  data-lazy=\"1\" class=\"module_row themify_builder_row tb_twnv706 tb_first tf_clearfix\">\n\t    \t\t<div class=\"row_inner col_align_top col-count-1 tf_box tf_w tf_rel\">\n\t\t\t<div  data-lazy=\"1\" class=\"module_column tb-column col-full first tb_nfm8900 tf_box\">\n\t\t\t    \t        <div class=\"tb-column-inner tf_box tf_w\">\n\t\t    <!-- module text -->\n<div  class=\"module module-text tb_8k54080\" data-lazy=\"1\">\n        <div  class=\"tb_text_wrap\">\n    <h1>Salzstreuer<\/h1>    <\/div>\n<\/div>\n<!-- \/module text -->\t        <\/div>\n\t    \t<\/div>\n\t\t    <\/div>\n\t    <!-- \/row_inner -->\n\t<\/div>\n\t<!-- \/module_row -->\n\t\t<!-- module_row -->\n\t<div  data-lazy=\"1\" class=\"module_row themify_builder_row tb_bql4888 tf_clearfix\" >\n\t    \t\t<div class=\"row_inner col_align_top col-count-2 tf_box tf_w tf_rel\">\n\t\t\t<div  data-lazy=\"1\" style=\"width: 56.8%\" class=\"module_column tb-column col4-2 first tb_1sto000 repeat tf_box\">\n\t\t\t    \t        <div class=\"tb-column-inner tf_box tf_w\">\n\t\t    \t<div  data-lazy=\"1\" class=\"module_subrow themify_builder_sub_row tb_prfd229 tf_w tf_clearfix\">\n\t    \t\t<div class=\"subrow_inner col_align_top col_auto_height col-count-2 tf_box tf_w\">\n\t\t\t<div  style=\"width: 26.8%\" data-lazy=\"1\" class=\"sub_column module_column tf_box col4-2 first tb_0t0g040\"> \n\t    \t    \t        <div class=\"tb-column-inner tf_box tf_w\">\n\t\t    <!-- module text -->\n<div  class=\"module module-text tb_5n3v000\" data-lazy=\"1\">\n        <div  class=\"tb_text_wrap\">\n    <h3>What?<\/h3>    <\/div>\n<\/div>\n<!-- \/module text -->\t        <\/div>\n\t    \t<\/div>\n\t\t<div  style=\"width: 70%\" data-lazy=\"1\" class=\"sub_column module_column tf_box col4-2 last tb_3sgo889\"> \n\t    \t    \t        <div class=\"tb-column-inner tf_box tf_w\">\n\t\t    <!-- module text -->\n<div  class=\"module module-text tb_d9hr044\" data-lazy=\"1\">\n        <div  class=\"tb_text_wrap\">\n    <p><span style=\"background-color: initial;\">Der Salzstreuer ist eine Einkaufsgemeinschaft f\u00fcr Lebensmittel und weitere Haushaltsmittel wie Waschmittel, Klopapier und Seife. Wir versuchen Produkte direkt von Erzeuger:innen zu bestellen. Viele Lebensmittel sind aus dem direkten Umfeld. So sparen wir Transportwege. Statt uns von gro\u00dfen Konzernen abh\u00e4ngig zu machen, kooperieren wir mit den Landwirt:innen direkt. Das ist \u00f6kologischer und nachhaltiger. F\u00fcr uns ist das ein Weg weg von Ausbeutung und Konkurrenz, hin zu einem guten Leben f\u00fcr Alle.<\/span><span style=\"background-color: initial; font-size: 1em;\">\u00a0<\/span><\/p>    <\/div>\n<\/div>\n<!-- \/module text -->\t        <\/div>\n\t    \t<\/div>\n\t\t    <\/div>\n\t<\/div><!-- \/themify_builder_sub_row -->\n\t\t<div  data-lazy=\"1\" class=\"module_subrow themify_builder_sub_row tb_zra6009 tf_w tf_clearfix\">\n\t    \t\t<div class=\"subrow_inner col_align_top col_auto_height col-count-2 tf_box tf_w\">\n\t\t\t<div  style=\"width: 26.8%\" data-lazy=\"1\" class=\"sub_column module_column tf_box col4-2 first tb_o0hq078\"> \n\t    \t    \t        <div class=\"tb-column-inner tf_box tf_w\">\n\t\t    <!-- module text -->\n<div  class=\"module module-text tb_v8db979\" data-lazy=\"1\">\n        <div  class=\"tb_text_wrap\">\n    <h3>Where?<\/h3>    <\/div>\n<\/div>\n<!-- \/module text -->\t        <\/div>\n\t    \t<\/div>\n\t\t<div  style=\"width: 70%\" data-lazy=\"1\" class=\"sub_column module_column tf_box col4-2 last tb_wgmw084\" > \n\t    \t    \t        <div class=\"tb-column-inner tf_box tf_w\">\n\t\t    <!-- module text -->\n<div  class=\"module module-text tb_vl2f077\" data-lazy=\"1\">\n        <div  class=\"tb_text_wrap\">\n    <p>Der Lagerraum ist in Einbeck-Salzderhelden.<\/p>    <\/div>\n<\/div>\n<!-- \/module text -->\t        <\/div>\n\t    \t<\/div>\n\t\t    <\/div>\n\t<\/div><!-- \/themify_builder_sub_row -->\n\t\t<div  data-lazy=\"1\" class=\"module_subrow themify_builder_sub_row tb_5z2z809 tf_w tf_clearfix\">\n\t    \t\t<div class=\"subrow_inner col_align_top col_auto_height col-count-2 tf_box tf_w\">\n\t\t\t<div  style=\"width: 26.8%\" data-lazy=\"1\" class=\"sub_column module_column tf_box col4-2 first tb_9k22087\"> \n\t    \t    \t        <div class=\"tb-column-inner tf_box tf_w\">\n\t\t    <!-- module text -->\n<div  class=\"module module-text tb_gfbf807\" data-lazy=\"1\">\n        <div  class=\"tb_text_wrap\">\n    <h3>Wie?<\/h3>    <\/div>\n<\/div>\n<!-- \/module text -->\t        <\/div>\n\t    \t<\/div>\n\t\t<div  style=\"width: 70%\" data-lazy=\"1\" class=\"sub_column module_column tf_box col4-2 last tb_u5x1880\"> \n\t    \t    \t        <div class=\"tb-column-inner tf_box tf_w\">\n\t\t    <!-- module text -->\n<div  class=\"module module-text tb_6tud976\" data-lazy=\"1\">\n        <div  class=\"tb_text_wrap\">\n    <p>Der Salzstreuer ist selbstorganisiert, d.h. dass sich Mitglieder selbst einbringen k\u00f6nnen, um den Betrieb am laufen zu halten (z.B. Bestellungen machen, weiterer Kooperationen aufbauen, Lagerraum putzen). Unser Finanzkonzept ist solidarisch, d.h. es gibt keine festen Preise. Wir wollen, dass alle mitmachen k\u00f6nnen, unabh\u00e4ngig von ihren finanziellen M\u00f6glichkeiten.<\/p>    <\/div>\n<\/div>\n<!-- \/module text -->\t        <\/div>\n\t    \t<\/div>\n\t\t    <\/div>\n\t<\/div><!-- \/themify_builder_sub_row -->\n\t\t<div  data-lazy=\"1\" class=\"module_subrow themify_builder_sub_row tb_cc8c077 tf_w tf_clearfix\">\n\t    \t\t<div class=\"subrow_inner col_align_top col_auto_height col-count-2 tf_box tf_w\">\n\t\t\t<div  style=\"width: 26.85%\" data-lazy=\"1\" class=\"sub_column module_column tf_box col4-2 first tb_hufq779\"> \n\t    \t    \t        <div class=\"tb-column-inner tf_box tf_w\">\n\t\t    <!-- module text -->\n<div  class=\"module module-text tb_s6sr000\" data-lazy=\"1\">\n        <div  class=\"tb_text_wrap\">\n    <h3>For whom?\u00a0<\/h3>    <\/div>\n<\/div>\n<!-- \/module text -->\t        <\/div>\n\t    \t<\/div>\n\t\t<div  style=\"width: 69.95%\" data-lazy=\"1\" class=\"sub_column module_column tf_box col4-2 last tb_8omp990\" > \n\t    \t    \t        <div class=\"tb-column-inner tf_box tf_w\">\n\t\t    <!-- module text -->\n<div  class=\"module module-text tb_ir6l000\" data-lazy=\"1\">\n        <div  class=\"tb_text_wrap\">\n    <p>Alle k\u00f6nnen mitmachen, die das Konzept spannend finden und Interesse daran haben ihre (Lebensmittel)Versorgung selbst in die Hand zu nehmen.<\/p>    <\/div>\n<\/div>\n<!-- \/module text -->\t        <\/div>\n\t    \t<\/div>\n\t\t    <\/div>\n\t<\/div><!-- \/themify_builder_sub_row -->\n\t\t<div  data-lazy=\"1\" class=\"module_subrow themify_builder_sub_row tb_31xy947 tf_w tf_clearfix\">\n\t    \t\t<div class=\"subrow_inner col_align_top col_auto_height col-count-2 tf_box tf_w\">\n\t\t\t<div  style=\"width: 26.8%\" data-lazy=\"1\" class=\"sub_column module_column tf_box col4-2 first tb_5wx4948\"> \n\t    \t    \t        <div class=\"tb-column-inner tf_box tf_w\">\n\t\t    <!-- module text -->\n<div  class=\"module module-text tb_80es949\" data-lazy=\"1\">\n        <div  class=\"tb_text_wrap\">\n    <h3>Mitglied werden<\/h3>    <\/div>\n<\/div>\n<!-- \/module text -->\t        <\/div>\n\t    \t<\/div>\n\t\t<div  style=\"width: 70%\" data-lazy=\"1\" class=\"sub_column module_column tf_box col4-2 last tb_5ple949\"> \n\t    \t    \t        <div class=\"tb-column-inner tf_box tf_w\">\n\t\t    <!-- module text -->\n<div  class=\"module module-text tb_rzwo949\" data-lazy=\"1\">\n        <div  class=\"tb_text_wrap\">\n    <p>Willst du Teil unserer selbstorganisierten Einkaufsgemeinschaft werden? Dann melde dich gerne \u00fcber das folgende Formular. Wir melden uns dann bei dir.<\/p>    <\/div>\n<\/div>\n<!-- \/module text --><!-- module plain text -->\n<div  class=\"module module-plain-text tb_r9wk514\" data-lazy=\"1\">\n        <div class=\"tb_text_wrap\">\n\t\n<div class=\"wpcf7 no-js\" id=\"wpcf7-f3466-o1\" lang=\"de-DE\" dir=\"ltr\" data-wpcf7-id=\"3466\">\n<div class=\"screen-reader-response\"><p role=\"status\" aria-live=\"polite\" aria-atomic=\"true\"><\/p> <ul><\/ul><\/div>\n<form action=\"\/en\/wp-json\/wp\/v2\/pages\/3012#wpcf7-f3466-o1\" method=\"post\" class=\"wpcf7-form init\" aria-label=\"Contact form\" novalidate=\"novalidate\" data-status=\"init\" data-trp-original-action=\"\/en\/wp-json\/wp\/v2\/pages\/3012#wpcf7-f3466-o1\">\n<div style=\"display: none;\">\n<input type=\"hidden\" name=\"_wpcf7\" value=\"3466\" \/>\n<input type=\"hidden\" name=\"_wpcf7_version\" value=\"6.0.3\" \/>\n<input type=\"hidden\" name=\"_wpcf7_locale\" value=\"de_DE\" \/>\n<input type=\"hidden\" name=\"_wpcf7_unit_tag\" value=\"wpcf7-f3466-o1\" \/>\n<input type=\"hidden\" name=\"_wpcf7_container_post\" value=\"0\" \/>\n<input type=\"hidden\" name=\"_wpcf7_posted_data_hash\" value=\"\" \/>\n<\/div>\n<p><label> Your name<br \/>\n<span class=\"wpcf7-form-control-wrap\" data-name=\"your-name\"><input size=\"40\" maxlength=\"400\" class=\"wpcf7-form-control wpcf7-text wpcf7-validates-as-required\" autocomplete=\"name\" aria-required=\"true\" aria-invalid=\"false\" value=\"\" type=\"text\" name=\"your-name\" \/><\/span> <\/label>\n<\/p>\n<p><label> Your email adress<br \/>\n<span class=\"wpcf7-form-control-wrap\" data-name=\"your-email\"><input size=\"40\" maxlength=\"400\" class=\"wpcf7-form-control wpcf7-email wpcf7-validates-as-required wpcf7-text wpcf7-validates-as-email\" autocomplete=\"email\" aria-required=\"true\" aria-invalid=\"false\" value=\"\" type=\"email\" name=\"your-email\" \/><\/span> <\/label>\n<\/p>\n<p><label> Willst du uns noch etwas mitteilen? (optional)<br \/>\n<span class=\"wpcf7-form-control-wrap\" data-name=\"your-message\"><textarea cols=\"40\" rows=\"10\" maxlength=\"2000\" class=\"wpcf7-form-control wpcf7-textarea\" aria-invalid=\"false\" name=\"your-message\"><\/textarea><\/span> <\/label>\n<\/p>\n<p><input class=\"wpcf7-form-control wpcf7-submit has-spinner\" type=\"submit\" value=\"Send\" \/>\n<\/p><div class=\"wpcf7-response-output\" aria-hidden=\"true\"><\/div>\n<input type=\"hidden\" name=\"trp-form-language\" value=\"en\"\/><\/form>\n<\/div>\n    <\/div>\n<\/div>\n<!-- \/module plain text --><!-- module text -->\n<div  class=\"module module-text tb_b89d551\" data-lazy=\"1\">\n        <div  class=\"tb_text_wrap\">\n    <p style=\"margin: 0px; font-family: Roboto;\"><span style=\"background-color: initial; font-size: 1em;\">\u00a0<\/span><\/p>\n<p style=\"margin: 0px; font-family: Roboto;\"><span style=\"background-color: initial; font-size: 1em;\">Bei Fragen kannst du uns auch eine E-Mail schreiben, an<\/span><\/p>\n<p style=\"margin: 0px; font-family: Roboto;\">salzstreuer@utopisches-salzderhelden.de<\/p>\n<p style=\"margin: 0px; font-family: Roboto;\">\u00a0<\/p>    <\/div>\n<\/div>\n<!-- \/module text -->\t        <\/div>\n\t    \t<\/div>\n\t\t    <\/div>\n\t<\/div><!-- \/themify_builder_sub_row -->\n\t\t<div  data-lazy=\"1\" class=\"module_subrow themify_builder_sub_row tb_nd49007 tf_w tf_clearfix\">\n\t    \t\t<div class=\"subrow_inner col_align_top col_auto_height col-count-2 tf_box tf_w\">\n\t\t\t<div  style=\"width: 26.8%\" data-lazy=\"1\" class=\"sub_column module_column tf_box col4-2 first tb_c2id060\"> \n\t    \t    \t<\/div>\n\t\t<div  style=\"width: 70%\" data-lazy=\"1\" class=\"sub_column module_column tf_box col4-2 last tb_q6qa088\"> \n\t    \t    \t<\/div>\n\t\t    <\/div>\n\t<\/div><!-- \/themify_builder_sub_row -->\n\t\t        <\/div>\n\t    \t<\/div>\n\t\t<div  data-lazy=\"1\" style=\"width: 40%\" class=\"module_column tb-column col4-2 last tb_nf62000 tf_box\">\n\t\t\t    \t        <div class=\"tb-column-inner tf_box tf_w\">\n\t\t    <!-- module image -->\n<div  class=\"module module-image tb_qral090   image-top tf_mw\" data-lazy=\"1\">\n        <div class=\"image-wrap tf_rel tf_mw\">\n\t\t    <img loading=\"lazy\" decoding=\"async\" width=\"1842\" height=\"1312\" src=\"https:\/\/utopisches-salzderhelden.de\/wp-content\/uploads\/2024\/10\/Salzstreuer.png\" class=\"wp-post-image wp-image-3300\" title=\"Salzstreuer\" alt=\"Salzstreuer\" srcset=\"https:\/\/utopisches-salzderhelden.de\/wp-content\/uploads\/2024\/10\/Salzstreuer.png 1842w, https:\/\/utopisches-salzderhelden.de\/wp-content\/uploads\/2024\/10\/Salzstreuer-300x214.png 300w, https:\/\/utopisches-salzderhelden.de\/wp-content\/uploads\/2024\/10\/Salzstreuer-1024x729.png 1024w, https:\/\/utopisches-salzderhelden.de\/wp-content\/uploads\/2024\/10\/Salzstreuer-768x547.png 768w, https:\/\/utopisches-salzderhelden.de\/wp-content\/uploads\/2024\/10\/Salzstreuer-1536x1094.png 1536w, https:\/\/utopisches-salzderhelden.de\/wp-content\/uploads\/2024\/10\/Salzstreuer-18x12.png 18w\" sizes=\"auto, (max-width: 1842px) 100vw, 1842px\" \/>\t\n\t\t<\/div>\n\t<!-- \/image-wrap -->\n    \n    \t<\/div>\n<!-- \/module image -->\t        <\/div>\n\t    \t<\/div>\n\t\t    <\/div>\n\t    <!-- \/row_inner -->\n\t<\/div>\n\t<!-- \/module_row -->\n\t<\/div>\n<!--\/themify_builder_content-->","protected":false},"excerpt":{"rendered":"<p>Salzstreuer Was? Der Salzstreuer ist eine Einkaufsgemeinschaft f\u00fcr Lebensmittel und weitere Haushaltsmittel wie Waschmittel, Klopapier und Seife. Wir versuchen Produkte direkt von Erzeuger:innen zu bestellen. Viele Lebensmittel sind aus dem direkten Umfeld. So sparen wir Transportwege. Statt uns von gro\u00dfen Konzernen abh\u00e4ngig zu machen, kooperieren wir mit den Landwirt:innen direkt. Das ist \u00f6kologischer und nachhaltiger. [&hellip;]<\/p>","protected":false},"author":3,"featured_media":0,"parent":0,"menu_order":0,"comment_status":"closed","ping_status":"closed","template":"","meta":{"footnotes":""},"class_list":["post-3012","page","type-page","status-publish","hentry","has-post-title","has-post-date","has-post-category","has-post-tag","has-post-comment","has-post-author",""],"yoast_head":"<!-- This site is optimized with the Yoast SEO plugin v24.2 - https:\/\/yoast.com\/wordpress\/plugins\/seo\/ -->\n<title>Karteikarte Salzstreuer - Utopisches Salzderhelden<\/title>\n<meta name=\"robots\" content=\"index, follow, max-snippet:-1, max-image-preview:large, max-video-preview:-1\" \/>\n<link rel=\"canonical\" href=\"https:\/\/utopisches-salzderhelden.de\/en\/salzstreuer\/\" \/>\n<meta property=\"og:locale\" content=\"en_US\" \/>\n<meta property=\"og:type\" content=\"article\" \/>\n<meta property=\"og:title\" content=\"Karteikarte Salzstreuer - Utopisches Salzderhelden\" \/>\n<meta property=\"og:description\" content=\"Salzstreuer Was? Der Salzstreuer ist eine Einkaufsgemeinschaft f\u00fcr Lebensmittel und weitere Haushaltsmittel wie Waschmittel, Klopapier und Seife. Wir versuchen Produkte direkt von Erzeuger:innen zu bestellen. Viele Lebensmittel sind aus dem direkten Umfeld. So sparen wir Transportwege. Statt uns von gro\u00dfen Konzernen abh\u00e4ngig zu machen, kooperieren wir mit den Landwirt:innen direkt. Das ist \u00f6kologischer und nachhaltiger. [&hellip;]\" \/>\n<meta property=\"og:url\" content=\"https:\/\/utopisches-salzderhelden.de\/en\/salzstreuer\/\" \/>\n<meta property=\"og:site_name\" content=\"Utopisches Salzderhelden\" \/>\n<meta property=\"article:modified_time\" content=\"2024-11-20T20:08:49+00:00\" \/>\n<meta name=\"twitter:card\" content=\"summary_large_image\" \/>\n<script type=\"application\/ld+json\" class=\"yoast-schema-graph\">{\"@context\":\"https:\/\/schema.org\",\"@graph\":[{\"@type\":\"WebPage\",\"@id\":\"https:\/\/utopisches-salzderhelden.de\/salzstreuer\/\",\"url\":\"https:\/\/utopisches-salzderhelden.de\/salzstreuer\/\",\"name\":\"Karteikarte Salzstreuer - Utopisches Salzderhelden\",\"isPartOf\":{\"@id\":\"https:\/\/utopisches-salzderhelden.de\/#website\"},\"primaryImageOfPage\":{\"@id\":\"https:\/\/utopisches-salzderhelden.de\/salzstreuer\/#primaryimage\"},\"image\":{\"@id\":\"https:\/\/utopisches-salzderhelden.de\/salzstreuer\/#primaryimage\"},\"thumbnailUrl\":\"https:\/\/utopisches-salzderhelden.de\/wp-content\/uploads\/2024\/10\/Salzstreuer.png\",\"datePublished\":\"2024-07-01T23:46:27+00:00\",\"dateModified\":\"2024-11-20T20:08:49+00:00\",\"breadcrumb\":{\"@id\":\"https:\/\/utopisches-salzderhelden.de\/salzstreuer\/#breadcrumb\"},\"inLanguage\":\"en-US\",\"potentialAction\":[{\"@type\":\"ReadAction\",\"target\":[\"https:\/\/utopisches-salzderhelden.de\/salzstreuer\/\"]}]},{\"@type\":\"ImageObject\",\"inLanguage\":\"en-US\",\"@id\":\"https:\/\/utopisches-salzderhelden.de\/salzstreuer\/#primaryimage\",\"url\":\"https:\/\/utopisches-salzderhelden.de\/wp-content\/uploads\/2024\/10\/Salzstreuer.png\",\"contentUrl\":\"https:\/\/utopisches-salzderhelden.de\/wp-content\/uploads\/2024\/10\/Salzstreuer.png\"},{\"@type\":\"BreadcrumbList\",\"@id\":\"https:\/\/utopisches-salzderhelden.de\/salzstreuer\/#breadcrumb\",\"itemListElement\":[{\"@type\":\"ListItem\",\"position\":1,\"name\":\"Startseite\",\"item\":\"https:\/\/utopisches-salzderhelden.de\/\"},{\"@type\":\"ListItem\",\"position\":2,\"name\":\"Karteikarte Salzstreuer\"}]},{\"@type\":\"WebSite\",\"@id\":\"https:\/\/utopisches-salzderhelden.de\/#website\",\"url\":\"https:\/\/utopisches-salzderhelden.de\/\",\"name\":\"Utopisches Salzderhelden\",\"description\":\"Tauschlogikfrei, hierarchiekritisch und solidarisch\",\"publisher\":{\"@id\":\"https:\/\/utopisches-salzderhelden.de\/#organization\"},\"potentialAction\":[{\"@type\":\"SearchAction\",\"target\":{\"@type\":\"EntryPoint\",\"urlTemplate\":\"https:\/\/utopisches-salzderhelden.de\/?s={search_term_string}\"},\"query-input\":{\"@type\":\"PropertyValueSpecification\",\"valueRequired\":true,\"valueName\":\"search_term_string\"}}],\"inLanguage\":\"en-US\"},{\"@type\":\"Organization\",\"@id\":\"https:\/\/utopisches-salzderhelden.de\/#organization\",\"name\":\"Utopisches Salzderhelden\",\"url\":\"https:\/\/utopisches-salzderhelden.de\/\",\"logo\":{\"@type\":\"ImageObject\",\"inLanguage\":\"en-US\",\"@id\":\"https:\/\/utopisches-salzderhelden.de\/#\/schema\/logo\/image\/\",\"url\":\"https:\/\/utopisches-salzderhelden.de\/wp-content\/uploads\/2022\/04\/WI_SDH.png\",\"contentUrl\":\"https:\/\/utopisches-salzderhelden.de\/wp-content\/uploads\/2022\/04\/WI_SDH.png\",\"width\":9182,\"height\":1757,\"caption\":\"Utopisches Salzderhelden\"},\"image\":{\"@id\":\"https:\/\/utopisches-salzderhelden.de\/#\/schema\/logo\/image\/\"}}]}<\/script>\n<!-- \/ Yoast SEO plugin. -->","yoast_head_json":{"title":"Karteikarte Salzstreuer - Utopisches Salzderhelden","robots":{"index":"index","follow":"follow","max-snippet":"max-snippet:-1","max-image-preview":"max-image-preview:large","max-video-preview":"max-video-preview:-1"},"canonical":"https:\/\/utopisches-salzderhelden.de\/en\/salzstreuer\/","og_locale":"en_US","og_type":"article","og_title":"Karteikarte Salzstreuer - Utopisches Salzderhelden","og_description":"Salzstreuer Was? Der Salzstreuer ist eine Einkaufsgemeinschaft f\u00fcr Lebensmittel und weitere Haushaltsmittel wie Waschmittel, Klopapier und Seife. Wir versuchen Produkte direkt von Erzeuger:innen zu bestellen. Viele Lebensmittel sind aus dem direkten Umfeld. So sparen wir Transportwege. Statt uns von gro\u00dfen Konzernen abh\u00e4ngig zu machen, kooperieren wir mit den Landwirt:innen direkt. Das ist \u00f6kologischer und nachhaltiger. [&hellip;]","og_url":"https:\/\/utopisches-salzderhelden.de\/en\/salzstreuer\/","og_site_name":"Utopisches Salzderhelden","article_modified_time":"2024-11-20T20:08:49+00:00","twitter_card":"summary_large_image","schema":{"@context":"https:\/\/schema.org","@graph":[{"@type":"WebPage","@id":"https:\/\/utopisches-salzderhelden.de\/salzstreuer\/","url":"https:\/\/utopisches-salzderhelden.de\/salzstreuer\/","name":"Karteikarte Salzstreuer - Utopisches Salzderhelden","isPartOf":{"@id":"https:\/\/utopisches-salzderhelden.de\/#website"},"primaryImageOfPage":{"@id":"https:\/\/utopisches-salzderhelden.de\/salzstreuer\/#primaryimage"},"image":{"@id":"https:\/\/utopisches-salzderhelden.de\/salzstreuer\/#primaryimage"},"thumbnailUrl":"https:\/\/utopisches-salzderhelden.de\/wp-content\/uploads\/2024\/10\/Salzstreuer.png","datePublished":"2024-07-01T23:46:27+00:00","dateModified":"2024-11-20T20:08:49+00:00","breadcrumb":{"@id":"https:\/\/utopisches-salzderhelden.de\/salzstreuer\/#breadcrumb"},"inLanguage":"en-US","potentialAction":[{"@type":"ReadAction","target":["https:\/\/utopisches-salzderhelden.de\/salzstreuer\/"]}]},{"@type":"ImageObject","inLanguage":"en-US","@id":"https:\/\/utopisches-salzderhelden.de\/salzstreuer\/#primaryimage","url":"https:\/\/utopisches-salzderhelden.de\/wp-content\/uploads\/2024\/10\/Salzstreuer.png","contentUrl":"https:\/\/utopisches-salzderhelden.de\/wp-content\/uploads\/2024\/10\/Salzstreuer.png"},{"@type":"BreadcrumbList","@id":"https:\/\/utopisches-salzderhelden.de\/salzstreuer\/#breadcrumb","itemListElement":[{"@type":"ListItem","position":1,"name":"Startseite","item":"https:\/\/utopisches-salzderhelden.de\/"},{"@type":"ListItem","position":2,"name":"Karteikarte Salzstreuer"}]},{"@type":"WebSite","@id":"https:\/\/utopisches-salzderhelden.de\/#website","url":"https:\/\/utopisches-salzderhelden.de\/","name":"Utopisches Salzderhelden","description":"Tauschlogikfrei, hierarchiekritisch und solidarisch","publisher":{"@id":"https:\/\/utopisches-salzderhelden.de\/#organization"},"potentialAction":[{"@type":"SearchAction","target":{"@type":"EntryPoint","urlTemplate":"https:\/\/utopisches-salzderhelden.de\/?s={search_term_string}"},"query-input":{"@type":"PropertyValueSpecification","valueRequired":true,"valueName":"search_term_string"}}],"inLanguage":"en-US"},{"@type":"Organization","@id":"https:\/\/utopisches-salzderhelden.de\/#organization","name":"Utopisches Salzderhelden","url":"https:\/\/utopisches-salzderhelden.de\/","logo":{"@type":"ImageObject","inLanguage":"en-US","@id":"https:\/\/utopisches-salzderhelden.de\/#\/schema\/logo\/image\/","url":"https:\/\/utopisches-salzderhelden.de\/wp-content\/uploads\/2022\/04\/WI_SDH.png","contentUrl":"https:\/\/utopisches-salzderhelden.de\/wp-content\/uploads\/2022\/04\/WI_SDH.png","width":9182,"height":1757,"caption":"Utopisches Salzderhelden"},"image":{"@id":"https:\/\/utopisches-salzderhelden.de\/#\/schema\/logo\/image\/"}}]}},"builder_content":"<h1>Salzstreuer<\/h1>\n<h3>Was?<\/h3>\n<p>Der Salzstreuer ist eine Einkaufsgemeinschaft f\u00fcr Lebensmittel und weitere Haushaltsmittel wie Waschmittel, Klopapier und Seife. Wir versuchen Produkte direkt von Erzeuger:innen zu bestellen. Viele Lebensmittel sind aus dem direkten Umfeld. So sparen wir Transportwege. Statt uns von gro\u00dfen Konzernen abh\u00e4ngig zu machen, kooperieren wir mit den Landwirt:innen direkt. Das ist \u00f6kologischer und nachhaltiger. F\u00fcr uns ist das ein Weg weg von Ausbeutung und Konkurrenz, hin zu einem guten Leben f\u00fcr Alle.\u00a0<\/p>\n<h3>Wo?<\/h3>\n<p>Der Lagerraum ist in Einbeck-Salzderhelden.<\/p>\n<h3>Wie?<\/h3>\n<p>Der Salzstreuer ist selbstorganisiert, d.h. dass sich Mitglieder selbst einbringen k\u00f6nnen, um den Betrieb am laufen zu halten (z.B. Bestellungen machen, weiterer Kooperationen aufbauen, Lagerraum putzen). Unser Finanzkonzept ist solidarisch, d.h. es gibt keine festen Preise. Wir wollen, dass alle mitmachen k\u00f6nnen, unabh\u00e4ngig von ihren finanziellen M\u00f6glichkeiten.<\/p>\n<h3>F\u00fcr wen?\u00a0<\/h3>\n<p>Alle k\u00f6nnen mitmachen, die das Konzept spannend finden und Interesse daran haben ihre (Lebensmittel)Versorgung selbst in die Hand zu nehmen.<\/p>\n<h3>Mitglied werden<\/h3>\n<p>Willst du Teil unserer selbstorganisierten Einkaufsgemeinschaft werden? Dann melde dich gerne \u00fcber das folgende Formular. Wir melden uns dann bei dir.<\/p>\n[contact-form-7 id=\"2b99ae0\" title=\"Salzstreuer Anmeldung\"]\n<p style=\"margin: 0px; font-family: Roboto;\">\u00a0<\/p> <p style=\"margin: 0px; font-family: Roboto;\">Bei Fragen kannst du uns auch eine E-Mail schreiben, an<\/p> <p style=\"margin: 0px; font-family: Roboto;\">salzstreuer@utopisches-salzderhelden.de<\/p> <p style=\"margin: 0px; font-family: Roboto;\">\u00a0<\/p>\n<img loading=\"lazy\" decoding=\"async\" width=\"1842\" height=\"1312\" src=\"https:\/\/utopisches-salzderhelden.de\/wp-content\/uploads\/2024\/10\/Salzstreuer.png\" title=\"Salzstreuer\" alt=\"Salzstreuer\" srcset=\"https:\/\/utopisches-salzderhelden.de\/wp-content\/uploads\/2024\/10\/Salzstreuer.png 1842w, https:\/\/utopisches-salzderhelden.de\/wp-content\/uploads\/2024\/10\/Salzstreuer-300x214.png 300w, https:\/\/utopisches-salzderhelden.de\/wp-content\/uploads\/2024\/10\/Salzstreuer-1024x729.png 1024w, https:\/\/utopisches-salzderhelden.de\/wp-content\/uploads\/2024\/10\/Salzstreuer-768x547.png 768w, https:\/\/utopisches-salzderhelden.de\/wp-content\/uploads\/2024\/10\/Salzstreuer-1536x1094.png 1536w, https:\/\/utopisches-salzderhelden.de\/wp-content\/uploads\/2024\/10\/Salzstreuer-18x12.png 18w\" sizes=\"auto, (max-width: 1842px) 100vw, 1842px\" \/>","_links":{"self":[{"href":"https:\/\/utopisches-salzderhelden.de\/en\/wp-json\/wp\/v2\/pages\/3012","targetHints":{"allow":["GET"]}}],"collection":[{"href":"https:\/\/utopisches-salzderhelden.de\/en\/wp-json\/wp\/v2\/pages"}],"about":[{"href":"https:\/\/utopisches-salzderhelden.de\/en\/wp-json\/wp\/v2\/types\/page"}],"author":[{"embeddable":true,"href":"https:\/\/utopisches-salzderhelden.de\/en\/wp-json\/wp\/v2\/users\/3"}],"replies":[{"embeddable":true,"href":"https:\/\/utopisches-salzderhelden.de\/en\/wp-json\/wp\/v2\/comments?post=3012"}],"version-history":[{"count":17,"href":"https:\/\/utopisches-salzderhelden.de\/en\/wp-json\/wp\/v2\/pages\/3012\/revisions"}],"predecessor-version":[{"id":3475,"href":"https:\/\/utopisches-salzderhelden.de\/en\/wp-json\/wp\/v2\/pages\/3012\/revisions\/3475"}],"wp:attachment":[{"href":"https:\/\/utopisches-salzderhelden.de\/en\/wp-json\/wp\/v2\/media?parent=3012"}],"curies":[{"name":"wp","href":"https:\/\/api.w.org\/{rel}","templated":true}]}}