{"id":2861,"date":"2024-02-16T18:43:06","date_gmt":"2024-02-16T17:43:06","guid":{"rendered":"https:\/\/utopisches-salzderhelden.de\/?page_id=2861"},"modified":"2025-01-10T18:36:46","modified_gmt":"2025-01-10T17:36:46","slug":"impressum","status":"publish","type":"page","link":"https:\/\/utopisches-salzderhelden.de\/en\/impressum\/","title":{"rendered":"Imprint"},"content":{"rendered":"<!--themify_builder_content-->\n<div id=\"themify_builder_content-2861\" data-postid=\"2861\" class=\"themify_builder_content themify_builder_content-2861 themify_builder tf_clear\">\n    \t<!-- module_row -->\n\t<div  data-lazy=\"1\" class=\"module_row themify_builder_row repeat tb_q8zp47 tb_first tf_clearfix\" >\n\t    \t\t<div class=\"row_inner col_align_top col-count-1 tf_box tf_w tf_rel\">\n\t\t\t<div  data-lazy=\"1\" class=\"module_column tb-column col-full first tb_v7tn48 tf_box\">\n\t\t\t    \t        <div class=\"tb-column-inner tf_box tf_w\">\n\t\t    <!-- module text -->\n<div  class=\"module module-text tb_l02r48\" data-lazy=\"1\">\n        <div  class=\"tb_text_wrap\">\n    <p><strong>Imprint<\/strong><\/p>\n<p>Die bereitgestellten Inhalte und die gesamte Pr\u00e4senz und Verwaltung der Website ist (wie das K20 Projekthaus oder andere benannte Projekte) ein Freiraum. Unterschiedliche Menschen und Gruppen gestalten die Inhalte dieser Website mit.\u00a0<br><br>Damit der Informationspflicht nach dem Telemediengesetz nachgekommen wird, \u00fcbernimmt die Rolle des formalen Diensteanbieters: Mika Wichert, <br>c\/o K20 Projekthaus, Knickstra\u00dfe 20, 37574 Einbeck-Salzderhelden, post@k20-projekthaus.de, +49 5374 9556081, DE41 2789 3760 1038 8532 00<br><br>Das sagt jedoch genau gar nichts dar\u00fcber aus, dass diese Person etwa mehr zu sagen hat oder f\u00fcr Themenbereiche, Projekte oder Sonstiges zust\u00e4ndig ist bzw. da \u00fcberhaupt reinreden kann. <\/p>    <\/div>\n<\/div>\n<!-- \/module text -->\t        <\/div>\n\t    \t<\/div>\n\t\t    <\/div>\n\t    <!-- \/row_inner -->\n\t<\/div>\n\t<!-- \/module_row -->\n\t<\/div>\n<!--\/themify_builder_content-->","protected":false},"excerpt":{"rendered":"<p>Impressum Die bereitgestellten Inhalte und die gesamte Pr\u00e4senz und Verwaltung der Website ist (wie das K20 Projekthaus oder andere benannte Projekte) ein Freiraum. Unterschiedliche Menschen und Gruppen gestalten die Inhalte dieser Website mit.\u00a0 Damit der Informationspflicht nach dem Telemediengesetz nachgekommen wird, \u00fcbernimmt die Rolle des formalen Diensteanbieters: Mika Wichert, c\/o K20 Projekthaus, Knickstra\u00dfe 20, 37574 [&hellip;]<\/p>","protected":false},"author":3,"featured_media":0,"parent":0,"menu_order":0,"comment_status":"closed","ping_status":"closed","template":"","meta":{"footnotes":""},"class_list":["post-2861","page","type-page","status-publish","hentry","has-post-title","has-post-date","has-post-category","has-post-tag","has-post-comment","has-post-author",""],"yoast_head":"<!-- This site is optimized with the Yoast SEO plugin v24.2 - https:\/\/yoast.com\/wordpress\/plugins\/seo\/ -->\n<title>Impressum - Utopisches Salzderhelden<\/title>\n<meta name=\"robots\" content=\"noindex, nofollow\" \/>\n<meta property=\"og:locale\" content=\"en_US\" \/>\n<meta property=\"og:type\" content=\"article\" \/>\n<meta property=\"og:title\" content=\"Impressum - Utopisches Salzderhelden\" \/>\n<meta property=\"og:description\" content=\"Impressum Die bereitgestellten Inhalte und die gesamte Pr\u00e4senz und Verwaltung der Website ist (wie das K20 Projekthaus oder andere benannte Projekte) ein Freiraum. Unterschiedliche Menschen und Gruppen gestalten die Inhalte dieser Website mit.\u00a0 Damit der Informationspflicht nach dem Telemediengesetz nachgekommen wird, \u00fcbernimmt die Rolle des formalen Diensteanbieters: Mika Wichert, c\/o K20 Projekthaus, Knickstra\u00dfe 20, 37574 [&hellip;]\" \/>\n<meta property=\"og:url\" content=\"https:\/\/utopisches-salzderhelden.de\/en\/impressum\/\" \/>\n<meta property=\"og:site_name\" content=\"Utopisches Salzderhelden\" \/>\n<meta property=\"article:modified_time\" content=\"2025-01-10T17:36:46+00:00\" \/>\n<meta name=\"twitter:card\" content=\"summary_large_image\" \/>\n<script type=\"application\/ld+json\" class=\"yoast-schema-graph\">{\"@context\":\"https:\/\/schema.org\",\"@graph\":[{\"@type\":\"WebPage\",\"@id\":\"https:\/\/utopisches-salzderhelden.de\/impressum\/\",\"url\":\"https:\/\/utopisches-salzderhelden.de\/impressum\/\",\"name\":\"Impressum - Utopisches Salzderhelden\",\"isPartOf\":{\"@id\":\"https:\/\/utopisches-salzderhelden.de\/#website\"},\"datePublished\":\"2024-02-16T17:43:06+00:00\",\"dateModified\":\"2025-01-10T17:36:46+00:00\",\"breadcrumb\":{\"@id\":\"https:\/\/utopisches-salzderhelden.de\/impressum\/#breadcrumb\"},\"inLanguage\":\"en-US\",\"potentialAction\":[{\"@type\":\"ReadAction\",\"target\":[\"https:\/\/utopisches-salzderhelden.de\/impressum\/\"]}]},{\"@type\":\"BreadcrumbList\",\"@id\":\"https:\/\/utopisches-salzderhelden.de\/impressum\/#breadcrumb\",\"itemListElement\":[{\"@type\":\"ListItem\",\"position\":1,\"name\":\"Startseite\",\"item\":\"https:\/\/utopisches-salzderhelden.de\/\"},{\"@type\":\"ListItem\",\"position\":2,\"name\":\"Impressum\"}]},{\"@type\":\"WebSite\",\"@id\":\"https:\/\/utopisches-salzderhelden.de\/#website\",\"url\":\"https:\/\/utopisches-salzderhelden.de\/\",\"name\":\"Utopisches Salzderhelden\",\"description\":\"Tauschlogikfrei, hierarchiekritisch und solidarisch\",\"publisher\":{\"@id\":\"https:\/\/utopisches-salzderhelden.de\/#organization\"},\"potentialAction\":[{\"@type\":\"SearchAction\",\"target\":{\"@type\":\"EntryPoint\",\"urlTemplate\":\"https:\/\/utopisches-salzderhelden.de\/?s={search_term_string}\"},\"query-input\":{\"@type\":\"PropertyValueSpecification\",\"valueRequired\":true,\"valueName\":\"search_term_string\"}}],\"inLanguage\":\"en-US\"},{\"@type\":\"Organization\",\"@id\":\"https:\/\/utopisches-salzderhelden.de\/#organization\",\"name\":\"Utopisches Salzderhelden\",\"url\":\"https:\/\/utopisches-salzderhelden.de\/\",\"logo\":{\"@type\":\"ImageObject\",\"inLanguage\":\"en-US\",\"@id\":\"https:\/\/utopisches-salzderhelden.de\/#\/schema\/logo\/image\/\",\"url\":\"https:\/\/utopisches-salzderhelden.de\/wp-content\/uploads\/2022\/04\/WI_SDH.png\",\"contentUrl\":\"https:\/\/utopisches-salzderhelden.de\/wp-content\/uploads\/2022\/04\/WI_SDH.png\",\"width\":9182,\"height\":1757,\"caption\":\"Utopisches Salzderhelden\"},\"image\":{\"@id\":\"https:\/\/utopisches-salzderhelden.de\/#\/schema\/logo\/image\/\"}}]}<\/script>\n<!-- \/ Yoast SEO plugin. -->","yoast_head_json":{"title":"Impressum - Utopisches Salzderhelden","robots":{"index":"noindex","follow":"nofollow"},"og_locale":"en_US","og_type":"article","og_title":"Impressum - Utopisches Salzderhelden","og_description":"Impressum Die bereitgestellten Inhalte und die gesamte Pr\u00e4senz und Verwaltung der Website ist (wie das K20 Projekthaus oder andere benannte Projekte) ein Freiraum. Unterschiedliche Menschen und Gruppen gestalten die Inhalte dieser Website mit.\u00a0 Damit der Informationspflicht nach dem Telemediengesetz nachgekommen wird, \u00fcbernimmt die Rolle des formalen Diensteanbieters: Mika Wichert, c\/o K20 Projekthaus, Knickstra\u00dfe 20, 37574 [&hellip;]","og_url":"https:\/\/utopisches-salzderhelden.de\/en\/impressum\/","og_site_name":"Utopisches Salzderhelden","article_modified_time":"2025-01-10T17:36:46+00:00","twitter_card":"summary_large_image","schema":{"@context":"https:\/\/schema.org","@graph":[{"@type":"WebPage","@id":"https:\/\/utopisches-salzderhelden.de\/impressum\/","url":"https:\/\/utopisches-salzderhelden.de\/impressum\/","name":"Impressum - Utopisches Salzderhelden","isPartOf":{"@id":"https:\/\/utopisches-salzderhelden.de\/#website"},"datePublished":"2024-02-16T17:43:06+00:00","dateModified":"2025-01-10T17:36:46+00:00","breadcrumb":{"@id":"https:\/\/utopisches-salzderhelden.de\/impressum\/#breadcrumb"},"inLanguage":"en-US","potentialAction":[{"@type":"ReadAction","target":["https:\/\/utopisches-salzderhelden.de\/impressum\/"]}]},{"@type":"BreadcrumbList","@id":"https:\/\/utopisches-salzderhelden.de\/impressum\/#breadcrumb","itemListElement":[{"@type":"ListItem","position":1,"name":"Startseite","item":"https:\/\/utopisches-salzderhelden.de\/"},{"@type":"ListItem","position":2,"name":"Impressum"}]},{"@type":"WebSite","@id":"https:\/\/utopisches-salzderhelden.de\/#website","url":"https:\/\/utopisches-salzderhelden.de\/","name":"Utopisches Salzderhelden","description":"Tauschlogikfrei, hierarchiekritisch und solidarisch","publisher":{"@id":"https:\/\/utopisches-salzderhelden.de\/#organization"},"potentialAction":[{"@type":"SearchAction","target":{"@type":"EntryPoint","urlTemplate":"https:\/\/utopisches-salzderhelden.de\/?s={search_term_string}"},"query-input":{"@type":"PropertyValueSpecification","valueRequired":true,"valueName":"search_term_string"}}],"inLanguage":"en-US"},{"@type":"Organization","@id":"https:\/\/utopisches-salzderhelden.de\/#organization","name":"Utopisches Salzderhelden","url":"https:\/\/utopisches-salzderhelden.de\/","logo":{"@type":"ImageObject","inLanguage":"en-US","@id":"https:\/\/utopisches-salzderhelden.de\/#\/schema\/logo\/image\/","url":"https:\/\/utopisches-salzderhelden.de\/wp-content\/uploads\/2022\/04\/WI_SDH.png","contentUrl":"https:\/\/utopisches-salzderhelden.de\/wp-content\/uploads\/2022\/04\/WI_SDH.png","width":9182,"height":1757,"caption":"Utopisches Salzderhelden"},"image":{"@id":"https:\/\/utopisches-salzderhelden.de\/#\/schema\/logo\/image\/"}}]}},"builder_content":"<p><strong>Impressum<\/strong><\/p> <p>Die bereitgestellten Inhalte und die gesamte Pr\u00e4senz und Verwaltung der Website ist (wie das K20 Projekthaus oder andere benannte Projekte) ein Freiraum. Unterschiedliche Menschen und Gruppen gestalten die Inhalte dieser Website mit.\u00a0<br><br>Damit der Informationspflicht nach dem Telemediengesetz nachgekommen wird, \u00fcbernimmt die Rolle des formalen Diensteanbieters: Mika Wichert, <br>c\/o K20 Projekthaus, Knickstra\u00dfe 20, 37574 Einbeck-Salzderhelden, post@k20-projekthaus.de, +49 5374 9556081, DE41 2789 3760 1038 8532 00<br><br>Das sagt jedoch genau gar nichts dar\u00fcber aus, dass diese Person etwa mehr zu sagen hat oder f\u00fcr Themenbereiche, Projekte oder Sonstiges zust\u00e4ndig ist bzw. da \u00fcberhaupt reinreden kann. <\/p>","_links":{"self":[{"href":"https:\/\/utopisches-salzderhelden.de\/en\/wp-json\/wp\/v2\/pages\/2861","targetHints":{"allow":["GET"]}}],"collection":[{"href":"https:\/\/utopisches-salzderhelden.de\/en\/wp-json\/wp\/v2\/pages"}],"about":[{"href":"https:\/\/utopisches-salzderhelden.de\/en\/wp-json\/wp\/v2\/types\/page"}],"author":[{"embeddable":true,"href":"https:\/\/utopisches-salzderhelden.de\/en\/wp-json\/wp\/v2\/users\/3"}],"replies":[{"embeddable":true,"href":"https:\/\/utopisches-salzderhelden.de\/en\/wp-json\/wp\/v2\/comments?post=2861"}],"version-history":[{"count":3,"href":"https:\/\/utopisches-salzderhelden.de\/en\/wp-json\/wp\/v2\/pages\/2861\/revisions"}],"predecessor-version":[{"id":4479,"href":"https:\/\/utopisches-salzderhelden.de\/en\/wp-json\/wp\/v2\/pages\/2861\/revisions\/4479"}],"wp:attachment":[{"href":"https:\/\/utopisches-salzderhelden.de\/en\/wp-json\/wp\/v2\/media?parent=2861"}],"curies":[{"name":"wp","href":"https:\/\/api.w.org\/{rel}","templated":true}]}}