{"id":2395,"date":"2022-04-28T20:32:57","date_gmt":"2022-04-28T18:32:57","guid":{"rendered":"https:\/\/utopisches-salzderhelden.de\/?page_id=2395"},"modified":"2022-04-28T23:35:51","modified_gmt":"2022-04-28T21:35:51","slug":"hierarchiekritisch","status":"publish","type":"page","link":"https:\/\/utopisches-salzderhelden.de\/en\/hierarchiekritisch\/","title":{"rendered":"Hierarchiekritisch"},"content":{"rendered":"<!--themify_builder_content-->\n<div id=\"themify_builder_content-2395\" data-postid=\"2395\" class=\"themify_builder_content themify_builder_content-2395 themify_builder tf_clear\">\n    \t<!-- module_row -->\n\t<div  data-css_id=\"spl3171\" data-lazy=\"1\" class=\"module_row themify_builder_row fullwidth tb_spl3171 tb_first tf_clearfix\" >\n\t    \t\t<div class=\"row_inner col_align_top col-count-1 tf_box tf_w tf_rel\">\n\t\t\t<div  data-lazy=\"1\" class=\"module_column tb-column col-full first tb_mp14172 tf_box\">\n\t\t\t    \t        <div class=\"tb-column-inner tf_box tf_w\">\n\t\t    \t<div  data-lazy=\"1\" class=\"module_subrow themify_builder_sub_row tb_gd0e146 tf_w tf_clearfix\">\n\t    \t\t<div class=\"subrow_inner col_align_top col-count-1 tf_box tf_w\">\n\t\t\t<div  data-lazy=\"1\" class=\"sub_column module_column tf_box col-full first tb_5218147\"> \n\t    \t    \t        <div class=\"tb-column-inner tf_box tf_w\">\n\t\t    <!-- module buttons -->\n<div  class=\"module module-buttons tb_vpzu219 buttons-horizontal solid  rounded tf_textl\" data-lazy=\"1\">\n    \t<div class=\"module-buttons-item tf_inline_b\">\n\t\t\t\t\t\t\t<a href=\"https:\/\/utopisches-salzderhelden.de\/en\/\" class=\"ui builder_button transparent\" >\n\t\t\t\t\t\t\t\t\t\t\t\t<em class=\"tf_inline_b tf_vmiddle\"><svg  aria-hidden=\"true\" class=\"tf_fa tf-ti-arrow-left\"><use href=\"#tf-ti-arrow-left\"><\/use><\/svg><\/em>\t\t\t\t\t\t\t\t<span class=\"tf_inline_b tf_vmiddle\"><\/span>\n\t\t\t\t\t\t\t\t\t\t\t<\/a>\n\t\t\t    \t<\/div>\n\t<\/div>\n<!-- \/module buttons -->\n<!-- module text -->\n<div  class=\"module module-text tb_09p387\" data-lazy=\"1\">\n        <div  class=\"tb_text_wrap\">\n    <h3>hierarchy critical<\/h3>    <\/div>\n<\/div>\n<!-- \/module text --><!-- module text -->\n<div  class=\"module module-text tb_2coy619\" data-lazy=\"1\">\n        <div  class=\"tb_text_wrap\">\n    <p>Hierarchies are relations of domination in which higher-ranking beings rule over lower-ranking beings, usually on the basis of a certain constructed social order. For example, a man who goes to work to earn money and cares little for his own children is already economically superior to the woman who is mainly busy all day with the care of these children and the household without earning even a cent for it. At the same time, the man's boss is at least in a higher position than the man in terms of decision-making power about the work to be done and is thus also in a more privileged position than the woman, whose decision-making power is very limited for economic reasons alone. The school-age, 10-year-old sibling, in turn, is not allowed to choose where he or she would like to live. And the slaughtered pig that this heteronormative family sometimes eats for dinner has not even been asked if it wants to die in order to be eaten by humans. These are just a few examples of forms of hierarchy.<\/p>\n<p>&nbsp;<\/p>\n<p class=\"translation-block\">Hierarchy critical means to be at least critical of hierarchies. Many here have the aim to dissolve hierarchies as far as possible and practicable in order to achieve a good life for all. People should be and become empowered to lead a self-determined life. People should be able to overcome in their personal everyday life and on a structural level e.g. dependence on wage labor and tenancy. In the sense of a critique of hierarchy\/domination, hierarchies between human and non-human living beings should also be regarded as critical and action should be taken accordingly against these hierarchies. It should be clear that this is not always so easy to do and that not everyone can meet their own demands at all times. It is important for ways towards hierarchy-free utopias to have an active-lived claim to want to dissolve hierarchies and at the same time to be critical towards what we believe to recognize as hierarchy. Because: With questioning ourselfs and everything around us, we move forward!<\/p>    <\/div>\n<\/div>\n<!-- \/module text -->\t        <\/div>\n\t    \t<\/div>\n\t\t    <\/div>\n\t<\/div><!-- \/themify_builder_sub_row -->\n\t\t        <\/div>\n\t    \t<\/div>\n\t\t    <\/div>\n\t    <!-- \/row_inner -->\n\t<\/div>\n\t<!-- \/module_row -->\n\t<\/div>\n<!--\/themify_builder_content-->","protected":false},"excerpt":{"rendered":"<p>hierarchiekritisch Hierarchien sind Herrschaftsverh\u00e4ltnisse, in denen h\u00f6hergestellte Lebewesen \u00fcber niedriggestelltere Lebewesen meist aufgrund einer strukturellen Gesellschaftsordnung herrschen. Beispielsweise ist ein Mann, der Arbeiten geht, um Geld zu verdienen und sich wenig um die eigenen Kinder k\u00fcmmert allein schon in \u00f6konomischer Hinsicht gegen\u00fcber der Frau h\u00f6hergestellt, die haupts\u00e4chlich den ganzen Tag mit der Betreuung der Kinder [&hellip;]<\/p>","protected":false},"author":3,"featured_media":0,"parent":0,"menu_order":0,"comment_status":"closed","ping_status":"closed","template":"","meta":{"footnotes":""},"class_list":["post-2395","page","type-page","status-publish","hentry","has-post-title","has-post-date","has-post-category","has-post-tag","has-post-comment","has-post-author",""],"yoast_head":"<!-- This site is optimized with the Yoast SEO plugin v24.2 - https:\/\/yoast.com\/wordpress\/plugins\/seo\/ -->\n<title>Hierarchiekritisch - Utopisches Salzderhelden<\/title>\n<meta name=\"robots\" content=\"index, follow, max-snippet:-1, max-image-preview:large, max-video-preview:-1\" \/>\n<link rel=\"canonical\" href=\"https:\/\/utopisches-salzderhelden.de\/en\/hierarchiekritisch\/\" \/>\n<meta property=\"og:locale\" content=\"en_US\" \/>\n<meta property=\"og:type\" content=\"article\" \/>\n<meta property=\"og:title\" content=\"Hierarchiekritisch - Utopisches Salzderhelden\" \/>\n<meta property=\"og:description\" content=\"hierarchiekritisch Hierarchien sind Herrschaftsverh\u00e4ltnisse, in denen h\u00f6hergestellte Lebewesen \u00fcber niedriggestelltere Lebewesen meist aufgrund einer strukturellen Gesellschaftsordnung herrschen. Beispielsweise ist ein Mann, der Arbeiten geht, um Geld zu verdienen und sich wenig um die eigenen Kinder k\u00fcmmert allein schon in \u00f6konomischer Hinsicht gegen\u00fcber der Frau h\u00f6hergestellt, die haupts\u00e4chlich den ganzen Tag mit der Betreuung der Kinder [&hellip;]\" \/>\n<meta property=\"og:url\" content=\"https:\/\/utopisches-salzderhelden.de\/en\/hierarchiekritisch\/\" \/>\n<meta property=\"og:site_name\" content=\"Utopisches Salzderhelden\" \/>\n<meta property=\"article:modified_time\" content=\"2022-04-28T21:35:51+00:00\" \/>\n<meta name=\"twitter:card\" content=\"summary_large_image\" \/>\n<script type=\"application\/ld+json\" class=\"yoast-schema-graph\">{\"@context\":\"https:\/\/schema.org\",\"@graph\":[{\"@type\":\"WebPage\",\"@id\":\"https:\/\/utopisches-salzderhelden.de\/hierarchiekritisch\/\",\"url\":\"https:\/\/utopisches-salzderhelden.de\/hierarchiekritisch\/\",\"name\":\"Hierarchiekritisch - Utopisches Salzderhelden\",\"isPartOf\":{\"@id\":\"https:\/\/utopisches-salzderhelden.de\/#website\"},\"datePublished\":\"2022-04-28T18:32:57+00:00\",\"dateModified\":\"2022-04-28T21:35:51+00:00\",\"breadcrumb\":{\"@id\":\"https:\/\/utopisches-salzderhelden.de\/hierarchiekritisch\/#breadcrumb\"},\"inLanguage\":\"en-US\",\"potentialAction\":[{\"@type\":\"ReadAction\",\"target\":[\"https:\/\/utopisches-salzderhelden.de\/hierarchiekritisch\/\"]}]},{\"@type\":\"BreadcrumbList\",\"@id\":\"https:\/\/utopisches-salzderhelden.de\/hierarchiekritisch\/#breadcrumb\",\"itemListElement\":[{\"@type\":\"ListItem\",\"position\":1,\"name\":\"Startseite\",\"item\":\"https:\/\/utopisches-salzderhelden.de\/\"},{\"@type\":\"ListItem\",\"position\":2,\"name\":\"Hierarchiekritisch\"}]},{\"@type\":\"WebSite\",\"@id\":\"https:\/\/utopisches-salzderhelden.de\/#website\",\"url\":\"https:\/\/utopisches-salzderhelden.de\/\",\"name\":\"Utopisches Salzderhelden\",\"description\":\"Tauschlogikfrei, hierarchiekritisch und solidarisch\",\"publisher\":{\"@id\":\"https:\/\/utopisches-salzderhelden.de\/#organization\"},\"potentialAction\":[{\"@type\":\"SearchAction\",\"target\":{\"@type\":\"EntryPoint\",\"urlTemplate\":\"https:\/\/utopisches-salzderhelden.de\/?s={search_term_string}\"},\"query-input\":{\"@type\":\"PropertyValueSpecification\",\"valueRequired\":true,\"valueName\":\"search_term_string\"}}],\"inLanguage\":\"en-US\"},{\"@type\":\"Organization\",\"@id\":\"https:\/\/utopisches-salzderhelden.de\/#organization\",\"name\":\"Utopisches Salzderhelden\",\"url\":\"https:\/\/utopisches-salzderhelden.de\/\",\"logo\":{\"@type\":\"ImageObject\",\"inLanguage\":\"en-US\",\"@id\":\"https:\/\/utopisches-salzderhelden.de\/#\/schema\/logo\/image\/\",\"url\":\"https:\/\/utopisches-salzderhelden.de\/wp-content\/uploads\/2022\/04\/WI_SDH.png\",\"contentUrl\":\"https:\/\/utopisches-salzderhelden.de\/wp-content\/uploads\/2022\/04\/WI_SDH.png\",\"width\":9182,\"height\":1757,\"caption\":\"Utopisches Salzderhelden\"},\"image\":{\"@id\":\"https:\/\/utopisches-salzderhelden.de\/#\/schema\/logo\/image\/\"}}]}<\/script>\n<!-- \/ Yoast SEO plugin. -->","yoast_head_json":{"title":"Hierarchiekritisch - Utopisches Salzderhelden","robots":{"index":"index","follow":"follow","max-snippet":"max-snippet:-1","max-image-preview":"max-image-preview:large","max-video-preview":"max-video-preview:-1"},"canonical":"https:\/\/utopisches-salzderhelden.de\/en\/hierarchiekritisch\/","og_locale":"en_US","og_type":"article","og_title":"Hierarchiekritisch - Utopisches Salzderhelden","og_description":"hierarchiekritisch Hierarchien sind Herrschaftsverh\u00e4ltnisse, in denen h\u00f6hergestellte Lebewesen \u00fcber niedriggestelltere Lebewesen meist aufgrund einer strukturellen Gesellschaftsordnung herrschen. Beispielsweise ist ein Mann, der Arbeiten geht, um Geld zu verdienen und sich wenig um die eigenen Kinder k\u00fcmmert allein schon in \u00f6konomischer Hinsicht gegen\u00fcber der Frau h\u00f6hergestellt, die haupts\u00e4chlich den ganzen Tag mit der Betreuung der Kinder [&hellip;]","og_url":"https:\/\/utopisches-salzderhelden.de\/en\/hierarchiekritisch\/","og_site_name":"Utopisches Salzderhelden","article_modified_time":"2022-04-28T21:35:51+00:00","twitter_card":"summary_large_image","schema":{"@context":"https:\/\/schema.org","@graph":[{"@type":"WebPage","@id":"https:\/\/utopisches-salzderhelden.de\/hierarchiekritisch\/","url":"https:\/\/utopisches-salzderhelden.de\/hierarchiekritisch\/","name":"Hierarchiekritisch - Utopisches Salzderhelden","isPartOf":{"@id":"https:\/\/utopisches-salzderhelden.de\/#website"},"datePublished":"2022-04-28T18:32:57+00:00","dateModified":"2022-04-28T21:35:51+00:00","breadcrumb":{"@id":"https:\/\/utopisches-salzderhelden.de\/hierarchiekritisch\/#breadcrumb"},"inLanguage":"en-US","potentialAction":[{"@type":"ReadAction","target":["https:\/\/utopisches-salzderhelden.de\/hierarchiekritisch\/"]}]},{"@type":"BreadcrumbList","@id":"https:\/\/utopisches-salzderhelden.de\/hierarchiekritisch\/#breadcrumb","itemListElement":[{"@type":"ListItem","position":1,"name":"Startseite","item":"https:\/\/utopisches-salzderhelden.de\/"},{"@type":"ListItem","position":2,"name":"Hierarchiekritisch"}]},{"@type":"WebSite","@id":"https:\/\/utopisches-salzderhelden.de\/#website","url":"https:\/\/utopisches-salzderhelden.de\/","name":"Utopisches Salzderhelden","description":"Tauschlogikfrei, hierarchiekritisch und solidarisch","publisher":{"@id":"https:\/\/utopisches-salzderhelden.de\/#organization"},"potentialAction":[{"@type":"SearchAction","target":{"@type":"EntryPoint","urlTemplate":"https:\/\/utopisches-salzderhelden.de\/?s={search_term_string}"},"query-input":{"@type":"PropertyValueSpecification","valueRequired":true,"valueName":"search_term_string"}}],"inLanguage":"en-US"},{"@type":"Organization","@id":"https:\/\/utopisches-salzderhelden.de\/#organization","name":"Utopisches Salzderhelden","url":"https:\/\/utopisches-salzderhelden.de\/","logo":{"@type":"ImageObject","inLanguage":"en-US","@id":"https:\/\/utopisches-salzderhelden.de\/#\/schema\/logo\/image\/","url":"https:\/\/utopisches-salzderhelden.de\/wp-content\/uploads\/2022\/04\/WI_SDH.png","contentUrl":"https:\/\/utopisches-salzderhelden.de\/wp-content\/uploads\/2022\/04\/WI_SDH.png","width":9182,"height":1757,"caption":"Utopisches Salzderhelden"},"image":{"@id":"https:\/\/utopisches-salzderhelden.de\/#\/schema\/logo\/image\/"}}]}},"builder_content":"<a href=\"https:\/\/utopisches-salzderhelden.de\/\" > <em><svg aria-hidden=\"true\"><use href=\"#tf-ti-arrow-left\"><\/use><\/svg><\/em> <\/a>\n<h3>hierarchiekritisch<\/h3>\n<p>Hierarchien sind Herrschaftsverh\u00e4ltnisse, in denen h\u00f6hergestellte Lebewesen \u00fcber niedriggestelltere Lebewesen meist aufgrund einer strukturellen Gesellschaftsordnung herrschen. Beispielsweise ist ein Mann, der Arbeiten geht, um Geld zu verdienen und sich wenig um die eigenen Kinder k\u00fcmmert allein schon in \u00f6konomischer Hinsicht gegen\u00fcber der Frau h\u00f6hergestellt, die haupts\u00e4chlich den ganzen Tag mit der Betreuung der Kinder und dem Haushalt besch\u00e4ftigt ist, ohne auch nur einen Cent daf\u00fcr zu verdienen. Gleichzeitig ist die Chef*in des Mannes zumindest in der Entscheidungsmacht \u00fcber die zu erledigende Arbeit h\u00f6hergestellt als der Mann und befindet sich somit auch in einer privilegierteren Position als die Frau, deren Entscheidungsmacht allein aus \u00f6konomischen Gr\u00fcnden sehr eingeschr\u00e4nkt wird. Das schulpflichtige, 10-j\u00e4hrige Geschwisterkind darf wiederum nicht w\u00e4hlen, wo es gerne wohnen w\u00fcrde. Und das geschlachtete Schwein, das diese heteronormative Familie teilweise zum Abend isst, wurde nicht einmal gefragt, ob es sterben will, um von Menschen gegessen zu werden. Dies sind nur ein paar Beispiele f\u00fcr Formen von Hierarchien.<\/p> <p>&nbsp;<\/p> <p>Hierarchiekritisch bedeutet, zumindest kritisch gegen\u00fcber Hierarchien eingestellt zu sein. Viele hier haben den Anspruch,&nbsp;Hierarchien so weit wie m\u00f6glich und durchf\u00fchrbar aufzul\u00f6sen, um zu einen guten Leben f\u00fcr Alle zu kommen.&nbsp;Menschen sollen hier erm\u00e4chtigt sein und werden, um ein selbstbestimmtes Leben f\u00fchren zu k\u00f6nnen. Menschen sollen in der Lage sein, in ihrem pers\u00f6nlichen Alltag und auf struktureller Ebene z.B. Abh\u00e4ngigkeit von Lohnarbeit und Mietverh\u00e4ltnissen zu \u00fcberwinden. Im Sinne einer Hierarchie-\/Herrschaftskritik sollen auch Hierarchien zwischen menschlichen und nicht-menschlichen Lebewesen als kritisch betrachtet und entsprechend entgegen dieser Hierarchien gehandelt werden.&nbsp;Dass dies nicht immer so leicht m\u00f6glich ist und nicht alle ihren eigene Anspr\u00fcchen zu jeder Zeit gerecht werden, sollte klar sein. Wichtig ist es f\u00fcr Wege Richtung hierarchiefreier Utopien, einen aktiv-gelebten Anspruch zu haben, Hierarchien aufl\u00f6sen zu wollen und gleichzeitig kritisch gegen\u00fcber dem zu sein, was wir als Hierarchie zu erkennen glauben. Denn: Fragend schreiten wir voran!<\/p>","_links":{"self":[{"href":"https:\/\/utopisches-salzderhelden.de\/en\/wp-json\/wp\/v2\/pages\/2395","targetHints":{"allow":["GET"]}}],"collection":[{"href":"https:\/\/utopisches-salzderhelden.de\/en\/wp-json\/wp\/v2\/pages"}],"about":[{"href":"https:\/\/utopisches-salzderhelden.de\/en\/wp-json\/wp\/v2\/types\/page"}],"author":[{"embeddable":true,"href":"https:\/\/utopisches-salzderhelden.de\/en\/wp-json\/wp\/v2\/users\/3"}],"replies":[{"embeddable":true,"href":"https:\/\/utopisches-salzderhelden.de\/en\/wp-json\/wp\/v2\/comments?post=2395"}],"version-history":[{"count":14,"href":"https:\/\/utopisches-salzderhelden.de\/en\/wp-json\/wp\/v2\/pages\/2395\/revisions"}],"predecessor-version":[{"id":2429,"href":"https:\/\/utopisches-salzderhelden.de\/en\/wp-json\/wp\/v2\/pages\/2395\/revisions\/2429"}],"wp:attachment":[{"href":"https:\/\/utopisches-salzderhelden.de\/en\/wp-json\/wp\/v2\/media?parent=2395"}],"curies":[{"name":"wp","href":"https:\/\/api.w.org\/{rel}","templated":true}]}}