{"id":2174,"date":"2022-04-26T13:41:25","date_gmt":"2022-04-26T11:41:25","guid":{"rendered":"https:\/\/utopisches-salzderhelden.de\/?page_id=2174"},"modified":"2022-04-28T17:11:22","modified_gmt":"2022-04-28T15:11:22","slug":"kuefa","status":"publish","type":"page","link":"https:\/\/utopisches-salzderhelden.de\/en\/kuefa\/","title":{"rendered":"Karteikarte K\u00fcfA"},"content":{"rendered":"<!--themify_builder_content-->\n<div id=\"themify_builder_content-2174\" data-postid=\"2174\" class=\"themify_builder_content themify_builder_content-2174 themify_builder tf_clear\">\n    \t<!-- module_row -->\n\t<div  data-lazy=\"1\" class=\"module_row themify_builder_row tb_47fh381 tb_first tf_clearfix\">\n\t    \t\t<div class=\"row_inner col_align_top col-count-1 tf_box tf_w tf_rel\">\n\t\t\t<div  data-lazy=\"1\" class=\"module_column tb-column col-full first tb_yqr9382 tf_box\">\n\t\t\t    \t        <div class=\"tb-column-inner tf_box tf_w\">\n\t\t    <!-- module text -->\n<div  class=\"module module-text tb_cf1k382\" data-lazy=\"1\">\n        <div  class=\"tb_text_wrap\">\n    <h1>K\u00fcche f\u00fcr Alle (K\u00fcfA)<\/h1>    <\/div>\n<\/div>\n<!-- \/module text -->\t        <\/div>\n\t    \t<\/div>\n\t\t    <\/div>\n\t    <!-- \/row_inner -->\n\t<\/div>\n\t<!-- \/module_row -->\n\t\t<!-- module_row -->\n\t<div  data-lazy=\"1\" class=\"module_row themify_builder_row tb_h77v641 tf_clearfix\">\n\t    \t\t<div class=\"row_inner col_align_top col-count-2 tf_box tf_w tf_rel\">\n\t\t\t<div  data-lazy=\"1\" style=\"width: 56.8%\" class=\"module_column tb-column col4-2 first tb_ca07641 tf_box\">\n\t\t\t    \t        <div class=\"tb-column-inner tf_box tf_w\">\n\t\t    \t<div  data-lazy=\"1\" class=\"module_subrow themify_builder_sub_row tb_twyz642 tf_w tf_clearfix\">\n\t    \t\t<div class=\"subrow_inner col_align_top col_auto_height col-count-2 tf_box tf_w\">\n\t\t\t<div  style=\"width: 26.8%\" data-lazy=\"1\" class=\"sub_column module_column tf_box col4-2 first tb_5m7b643\"> \n\t    \t    \t        <div class=\"tb-column-inner tf_box tf_w\">\n\t\t    <!-- module text -->\n<div  class=\"module module-text tb_u7a7644\" data-lazy=\"1\">\n        <div  class=\"tb_text_wrap\">\n    <h3>What?<\/h3>    <\/div>\n<\/div>\n<!-- \/module text -->\t        <\/div>\n\t    \t<\/div>\n\t\t<div  style=\"width: 70%\" data-lazy=\"1\" class=\"sub_column module_column tf_box col4-2 last tb_a9cg644\"> \n\t    \t    \t        <div class=\"tb-column-inner tf_box tf_w\">\n\t\t    <!-- module text -->\n<div  class=\"module module-text tb_x1r8644\" data-lazy=\"1\">\n        <div  class=\"tb_text_wrap\">\n    <p>Aktions-K\u00fcche&nbsp;<span style=\"background-color: initial; font-size: 1em;\">zum Mitmachen und Mitorganisieren<\/span><\/p>    <\/div>\n<\/div>\n<!-- \/module text -->\t        <\/div>\n\t    \t<\/div>\n\t\t    <\/div>\n\t<\/div><!-- \/themify_builder_sub_row -->\n\t\t<div  data-lazy=\"1\" class=\"module_subrow themify_builder_sub_row tb_e3if644 tf_w tf_clearfix\">\n\t    \t\t<div class=\"subrow_inner col_align_top col_auto_height col-count-2 tf_box tf_w\">\n\t\t\t<div  style=\"width: 26.8%\" data-lazy=\"1\" class=\"sub_column module_column tf_box col4-2 first tb_6vkb645\"> \n\t    \t    \t        <div class=\"tb-column-inner tf_box tf_w\">\n\t\t    <!-- module text -->\n<div  class=\"module module-text tb_vb4v645\" data-lazy=\"1\">\n        <div  class=\"tb_text_wrap\">\n    <h3>Where?<\/h3>    <\/div>\n<\/div>\n<!-- \/module text -->\t        <\/div>\n\t    \t<\/div>\n\t\t<div  style=\"width: 70%\" data-lazy=\"1\" class=\"sub_column module_column tf_box col4-2 last tb_3d0c645\" > \n\t    \t    \t        <div class=\"tb-column-inner tf_box tf_w\">\n\t\t    <!-- module text -->\n<div  class=\"module module-text tb_vv1o645\" data-lazy=\"1\">\n        <div  class=\"tb_text_wrap\">\n    <p>Kochmaterial (gro\u00dfer Gaskocher mit gro\u00dfen Pfannen) auf Anfrage zum Ausleihen im K20-Projekthaus<\/p><p><br><\/p>    <\/div>\n<\/div>\n<!-- \/module text -->\t        <\/div>\n\t    \t<\/div>\n\t\t    <\/div>\n\t<\/div><!-- \/themify_builder_sub_row -->\n\t\t<div  data-lazy=\"1\" class=\"module_subrow themify_builder_sub_row tb_t3sx645 tf_w tf_clearfix\">\n\t    \t\t<div class=\"subrow_inner col_align_top col_auto_height col-count-2 tf_box tf_w\">\n\t\t\t<div  style=\"width: 26.8%\" data-lazy=\"1\" class=\"sub_column module_column tf_box col4-2 first tb_tx8f646\"> \n\t    \t    \t        <div class=\"tb-column-inner tf_box tf_w\">\n\t\t    <!-- module text -->\n<div  class=\"module module-text tb_urbe646\" data-lazy=\"1\">\n        <div  class=\"tb_text_wrap\">\n    <h3>For whom?<\/h3>    <\/div>\n<\/div>\n<!-- \/module text -->\t        <\/div>\n\t    \t<\/div>\n\t\t<div  style=\"width: 70%\" data-lazy=\"1\" class=\"sub_column module_column tf_box col4-2 last tb_2tye646\"> \n\t    \t    \t        <div class=\"tb-column-inner tf_box tf_w\">\n\t\t    <!-- module text -->\n<div  class=\"module module-text tb_rfm0646\" data-lazy=\"1\">\n        <div  class=\"tb_text_wrap\">\n    <p>offen f\u00fcr alle, Projektgruppen und Einzelpersonen, aus dem Dorf oder dem Rest der Welt<\/p>    <\/div>\n<\/div>\n<!-- \/module text -->\t        <\/div>\n\t    \t<\/div>\n\t\t    <\/div>\n\t<\/div><!-- \/themify_builder_sub_row -->\n\t\t<div  data-lazy=\"1\" class=\"module_subrow themify_builder_sub_row tb_j3hd646 tf_w tf_clearfix\">\n\t    \t\t<div class=\"subrow_inner col_align_top col_auto_height col-count-2 tf_box tf_w\">\n\t\t\t<div  style=\"width: 26.8%\" data-lazy=\"1\" class=\"sub_column module_column tf_box col4-2 first tb_5yg9647\"> \n\t    \t    \t        <div class=\"tb-column-inner tf_box tf_w\">\n\t\t    <!-- module text -->\n<div  class=\"module module-text tb_cz51647\" data-lazy=\"1\">\n        <div  class=\"tb_text_wrap\">\n    <h3>Agreements<\/h3>    <\/div>\n<\/div>\n<!-- \/module text -->\t        <\/div>\n\t    \t<\/div>\n\t\t<div  style=\"width: 70%\" data-lazy=\"1\" class=\"sub_column module_column tf_box col4-2 last tb_7gko647\"> \n\t    \t    \t        <div class=\"tb-column-inner tf_box tf_w\">\n\t\t    <!-- module text -->\n<div  class=\"module module-text tb_2yay647\" data-lazy=\"1\">\n        <div  class=\"tb_text_wrap\">\n    <p>Koordination l\u00e4uft \u00fcber das K20 Projekthaus. F\u00fcr den Aufbau eines K\u00fcfA-Kollektivs werden noch Menschen gesucht.<\/p>    <\/div>\n<\/div>\n<!-- \/module text -->\t        <\/div>\n\t    \t<\/div>\n\t\t    <\/div>\n\t<\/div><!-- \/themify_builder_sub_row -->\n\t\t        <\/div>\n\t    \t<\/div>\n\t\t<div  data-lazy=\"1\" style=\"width: 40%\" class=\"module_column tb-column col4-2 last tb_4mri647 tf_box\">\n\t\t\t    \t        <div class=\"tb-column-inner tf_box tf_w\">\n\t\t    <!-- module image -->\n<div  class=\"module module-image tb_nrmx648   image-top tf_mw\" data-lazy=\"1\">\n        <div class=\"image-wrap tf_rel tf_mw\">\n\t\t    <img loading=\"lazy\" decoding=\"async\" src=\"https:\/\/utopisches-salzderhelden.de\/wp-content\/uploads\/2022\/04\/photo_2022-02-23_15-07-56-768x1024-348x357.jpg\" width=\"348\" height=\"357\" class=\"wp-post-image wp-image-64\" title=\"photo_2022-02-23_15-07-56\" alt=\"photo_2022-02-23_15-07-56\">\t\n\t\t<\/div>\n\t<!-- \/image-wrap -->\n    \n    \t<\/div>\n<!-- \/module image -->\t        <\/div>\n\t    \t<\/div>\n\t\t    <\/div>\n\t    <!-- \/row_inner -->\n\t<\/div>\n\t<!-- \/module_row -->\n\t<\/div>\n<!--\/themify_builder_content-->","protected":false},"excerpt":{"rendered":"<p>K\u00fcche f\u00fcr Alle (K\u00fcfA)<\/p>","protected":false},"author":3,"featured_media":0,"parent":0,"menu_order":0,"comment_status":"closed","ping_status":"closed","template":"","meta":{"footnotes":""},"class_list":["post-2174","page","type-page","status-publish","hentry","has-post-title","has-post-date","has-post-category","has-post-tag","has-post-comment","has-post-author",""],"yoast_head":"<!-- This site is optimized with the Yoast SEO plugin v24.2 - https:\/\/yoast.com\/wordpress\/plugins\/seo\/ -->\n<title>Karteikarte K\u00fcfA - Utopisches Salzderhelden<\/title>\n<meta name=\"robots\" content=\"index, follow, max-snippet:-1, max-image-preview:large, max-video-preview:-1\" \/>\n<link rel=\"canonical\" href=\"https:\/\/utopisches-salzderhelden.de\/en\/kuefa\/\" \/>\n<meta property=\"og:locale\" content=\"en_US\" \/>\n<meta property=\"og:type\" content=\"article\" \/>\n<meta property=\"og:title\" content=\"Karteikarte K\u00fcfA - Utopisches Salzderhelden\" \/>\n<meta property=\"og:description\" content=\"K\u00fcche f\u00fcr Alle (K\u00fcfA)\" \/>\n<meta property=\"og:url\" content=\"https:\/\/utopisches-salzderhelden.de\/en\/kuefa\/\" \/>\n<meta property=\"og:site_name\" content=\"Utopisches Salzderhelden\" \/>\n<meta property=\"article:modified_time\" content=\"2022-04-28T15:11:22+00:00\" \/>\n<meta name=\"twitter:card\" content=\"summary_large_image\" \/>\n<script type=\"application\/ld+json\" class=\"yoast-schema-graph\">{\"@context\":\"https:\/\/schema.org\",\"@graph\":[{\"@type\":\"WebPage\",\"@id\":\"https:\/\/utopisches-salzderhelden.de\/kuefa\/\",\"url\":\"https:\/\/utopisches-salzderhelden.de\/kuefa\/\",\"name\":\"Karteikarte K\u00fcfA - Utopisches Salzderhelden\",\"isPartOf\":{\"@id\":\"https:\/\/utopisches-salzderhelden.de\/#website\"},\"datePublished\":\"2022-04-26T11:41:25+00:00\",\"dateModified\":\"2022-04-28T15:11:22+00:00\",\"breadcrumb\":{\"@id\":\"https:\/\/utopisches-salzderhelden.de\/kuefa\/#breadcrumb\"},\"inLanguage\":\"en-US\",\"potentialAction\":[{\"@type\":\"ReadAction\",\"target\":[\"https:\/\/utopisches-salzderhelden.de\/kuefa\/\"]}]},{\"@type\":\"BreadcrumbList\",\"@id\":\"https:\/\/utopisches-salzderhelden.de\/kuefa\/#breadcrumb\",\"itemListElement\":[{\"@type\":\"ListItem\",\"position\":1,\"name\":\"Startseite\",\"item\":\"https:\/\/utopisches-salzderhelden.de\/\"},{\"@type\":\"ListItem\",\"position\":2,\"name\":\"Karteikarte K\u00fcfA\"}]},{\"@type\":\"WebSite\",\"@id\":\"https:\/\/utopisches-salzderhelden.de\/#website\",\"url\":\"https:\/\/utopisches-salzderhelden.de\/\",\"name\":\"Utopisches Salzderhelden\",\"description\":\"Tauschlogikfrei, hierarchiekritisch und solidarisch\",\"publisher\":{\"@id\":\"https:\/\/utopisches-salzderhelden.de\/#organization\"},\"potentialAction\":[{\"@type\":\"SearchAction\",\"target\":{\"@type\":\"EntryPoint\",\"urlTemplate\":\"https:\/\/utopisches-salzderhelden.de\/?s={search_term_string}\"},\"query-input\":{\"@type\":\"PropertyValueSpecification\",\"valueRequired\":true,\"valueName\":\"search_term_string\"}}],\"inLanguage\":\"en-US\"},{\"@type\":\"Organization\",\"@id\":\"https:\/\/utopisches-salzderhelden.de\/#organization\",\"name\":\"Utopisches Salzderhelden\",\"url\":\"https:\/\/utopisches-salzderhelden.de\/\",\"logo\":{\"@type\":\"ImageObject\",\"inLanguage\":\"en-US\",\"@id\":\"https:\/\/utopisches-salzderhelden.de\/#\/schema\/logo\/image\/\",\"url\":\"https:\/\/utopisches-salzderhelden.de\/wp-content\/uploads\/2022\/04\/WI_SDH.png\",\"contentUrl\":\"https:\/\/utopisches-salzderhelden.de\/wp-content\/uploads\/2022\/04\/WI_SDH.png\",\"width\":9182,\"height\":1757,\"caption\":\"Utopisches Salzderhelden\"},\"image\":{\"@id\":\"https:\/\/utopisches-salzderhelden.de\/#\/schema\/logo\/image\/\"}}]}<\/script>\n<!-- \/ Yoast SEO plugin. -->","yoast_head_json":{"title":"Karteikarte K\u00fcfA - Utopisches Salzderhelden","robots":{"index":"index","follow":"follow","max-snippet":"max-snippet:-1","max-image-preview":"max-image-preview:large","max-video-preview":"max-video-preview:-1"},"canonical":"https:\/\/utopisches-salzderhelden.de\/en\/kuefa\/","og_locale":"en_US","og_type":"article","og_title":"Karteikarte K\u00fcfA - Utopisches Salzderhelden","og_description":"K\u00fcche f\u00fcr Alle (K\u00fcfA)","og_url":"https:\/\/utopisches-salzderhelden.de\/en\/kuefa\/","og_site_name":"Utopisches Salzderhelden","article_modified_time":"2022-04-28T15:11:22+00:00","twitter_card":"summary_large_image","schema":{"@context":"https:\/\/schema.org","@graph":[{"@type":"WebPage","@id":"https:\/\/utopisches-salzderhelden.de\/kuefa\/","url":"https:\/\/utopisches-salzderhelden.de\/kuefa\/","name":"Karteikarte K\u00fcfA - Utopisches Salzderhelden","isPartOf":{"@id":"https:\/\/utopisches-salzderhelden.de\/#website"},"datePublished":"2022-04-26T11:41:25+00:00","dateModified":"2022-04-28T15:11:22+00:00","breadcrumb":{"@id":"https:\/\/utopisches-salzderhelden.de\/kuefa\/#breadcrumb"},"inLanguage":"en-US","potentialAction":[{"@type":"ReadAction","target":["https:\/\/utopisches-salzderhelden.de\/kuefa\/"]}]},{"@type":"BreadcrumbList","@id":"https:\/\/utopisches-salzderhelden.de\/kuefa\/#breadcrumb","itemListElement":[{"@type":"ListItem","position":1,"name":"Startseite","item":"https:\/\/utopisches-salzderhelden.de\/"},{"@type":"ListItem","position":2,"name":"Karteikarte K\u00fcfA"}]},{"@type":"WebSite","@id":"https:\/\/utopisches-salzderhelden.de\/#website","url":"https:\/\/utopisches-salzderhelden.de\/","name":"Utopisches Salzderhelden","description":"Tauschlogikfrei, hierarchiekritisch und solidarisch","publisher":{"@id":"https:\/\/utopisches-salzderhelden.de\/#organization"},"potentialAction":[{"@type":"SearchAction","target":{"@type":"EntryPoint","urlTemplate":"https:\/\/utopisches-salzderhelden.de\/?s={search_term_string}"},"query-input":{"@type":"PropertyValueSpecification","valueRequired":true,"valueName":"search_term_string"}}],"inLanguage":"en-US"},{"@type":"Organization","@id":"https:\/\/utopisches-salzderhelden.de\/#organization","name":"Utopisches Salzderhelden","url":"https:\/\/utopisches-salzderhelden.de\/","logo":{"@type":"ImageObject","inLanguage":"en-US","@id":"https:\/\/utopisches-salzderhelden.de\/#\/schema\/logo\/image\/","url":"https:\/\/utopisches-salzderhelden.de\/wp-content\/uploads\/2022\/04\/WI_SDH.png","contentUrl":"https:\/\/utopisches-salzderhelden.de\/wp-content\/uploads\/2022\/04\/WI_SDH.png","width":9182,"height":1757,"caption":"Utopisches Salzderhelden"},"image":{"@id":"https:\/\/utopisches-salzderhelden.de\/#\/schema\/logo\/image\/"}}]}},"builder_content":"<h1>K\u00fcche f\u00fcr Alle (K\u00fcfA)<\/h1>\n<h3>Was?<\/h3>\n<p>Aktions-K\u00fcche&nbsp;zum Mitmachen und Mitorganisieren<\/p>\n<h3>Wo?<\/h3>\n<p>Kochmaterial (gro\u00dfer Gaskocher mit gro\u00dfen Pfannen) auf Anfrage zum Ausleihen im K20-Projekthaus<\/p><p><br><\/p>\n<h3>F\u00fcr wen?<\/h3>\n<p>offen f\u00fcr alle, Projektgruppen und Einzelpersonen, aus dem Dorf oder dem Rest der Welt<\/p>\n<h3>Vereinbarungen<\/h3>\n<p>Koordination l\u00e4uft \u00fcber das K20 Projekthaus. F\u00fcr den Aufbau eines K\u00fcfA-Kollektivs werden noch Menschen gesucht.<\/p>\n<img loading=\"lazy\" decoding=\"async\" src=\"https:\/\/utopisches-salzderhelden.de\/wp-content\/uploads\/2022\/04\/photo_2022-02-23_15-07-56-768x1024-348x357.jpg\" width=\"348\" height=\"357\" title=\"photo_2022-02-23_15-07-56\" alt=\"photo_2022-02-23_15-07-56\">","_links":{"self":[{"href":"https:\/\/utopisches-salzderhelden.de\/en\/wp-json\/wp\/v2\/pages\/2174","targetHints":{"allow":["GET"]}}],"collection":[{"href":"https:\/\/utopisches-salzderhelden.de\/en\/wp-json\/wp\/v2\/pages"}],"about":[{"href":"https:\/\/utopisches-salzderhelden.de\/en\/wp-json\/wp\/v2\/types\/page"}],"author":[{"embeddable":true,"href":"https:\/\/utopisches-salzderhelden.de\/en\/wp-json\/wp\/v2\/users\/3"}],"replies":[{"embeddable":true,"href":"https:\/\/utopisches-salzderhelden.de\/en\/wp-json\/wp\/v2\/comments?post=2174"}],"version-history":[{"count":6,"href":"https:\/\/utopisches-salzderhelden.de\/en\/wp-json\/wp\/v2\/pages\/2174\/revisions"}],"predecessor-version":[{"id":2305,"href":"https:\/\/utopisches-salzderhelden.de\/en\/wp-json\/wp\/v2\/pages\/2174\/revisions\/2305"}],"wp:attachment":[{"href":"https:\/\/utopisches-salzderhelden.de\/en\/wp-json\/wp\/v2\/media?parent=2174"}],"curies":[{"name":"wp","href":"https:\/\/api.w.org\/{rel}","templated":true}]}}