{"id":2152,"date":"2022-04-26T12:52:25","date_gmt":"2022-04-26T10:52:25","guid":{"rendered":"https:\/\/utopisches-salzderhelden.de\/?page_id=2152"},"modified":"2023-03-20T03:27:54","modified_gmt":"2023-03-20T02:27:54","slug":"rueckzugsraeume","status":"publish","type":"page","link":"https:\/\/utopisches-salzderhelden.de\/en\/rueckzugsraeume\/","title":{"rendered":"Karteikarte R\u00fcckzugsr\u00e4ume &#038; Wohnprojekte"},"content":{"rendered":"<!--themify_builder_content-->\n<div id=\"themify_builder_content-2152\" data-postid=\"2152\" class=\"themify_builder_content themify_builder_content-2152 themify_builder tf_clear\">\n    \t<!-- module_row -->\n\t<div  data-lazy=\"1\" class=\"module_row themify_builder_row tb_kshh949 tb_first tf_clearfix\">\n\t    \t\t<div class=\"row_inner col_align_top col-count-1 tf_box tf_w tf_rel\">\n\t\t\t<div  data-lazy=\"1\" class=\"module_column tb-column col-full first tb_owdv949 tf_box\">\n\t\t\t    \t        <div class=\"tb-column-inner tf_box tf_w\">\n\t\t    <!-- module text -->\n<div  class=\"module module-text tb_jb38950\" data-lazy=\"1\">\n        <div  class=\"tb_text_wrap\">\n    <h1>R\u00fcckzugsr\u00e4ume &amp; Wohnprojekte<\/h1>    <\/div>\n<\/div>\n<!-- \/module text -->\t        <\/div>\n\t    \t<\/div>\n\t\t    <\/div>\n\t    <!-- \/row_inner -->\n\t<\/div>\n\t<!-- \/module_row -->\n\t\t<!-- module_row -->\n\t<div  data-lazy=\"1\" class=\"module_row themify_builder_row tb_kmpb920 tf_clearfix\">\n\t    \t\t<div class=\"row_inner col_align_top col-count-2 tf_box tf_w tf_rel\">\n\t\t\t<div  data-lazy=\"1\" style=\"width: 56.8%\" class=\"module_column tb-column col4-2 first tb_b5jg921 tf_box\">\n\t\t\t    \t        <div class=\"tb-column-inner tf_box tf_w\">\n\t\t    \t<div  data-lazy=\"1\" class=\"module_subrow themify_builder_sub_row tb_f6xa922 tf_w tf_clearfix\">\n\t    \t\t<div class=\"subrow_inner col_align_top col_auto_height col-count-2 tf_box tf_w\">\n\t\t\t<div  style=\"width: 26.8%\" data-lazy=\"1\" class=\"sub_column module_column tf_box col4-2 first tb_k48h923\"> \n\t    \t    \t        <div class=\"tb-column-inner tf_box tf_w\">\n\t\t    <!-- module text -->\n<div  class=\"module module-text tb_hys5923\" data-lazy=\"1\">\n        <div  class=\"tb_text_wrap\">\n    <h3>What?<\/h3>    <\/div>\n<\/div>\n<!-- \/module text -->\t        <\/div>\n\t    \t<\/div>\n\t\t<div  style=\"width: 70%\" data-lazy=\"1\" class=\"sub_column module_column tf_box col4-2 last tb_lbqh923\"> \n\t    \t    \t        <div class=\"tb-column-inner tf_box tf_w\">\n\t\t    <!-- module text -->\n<div  class=\"module module-text tb_piph924\" data-lazy=\"1\">\n        <div  class=\"tb_text_wrap\">\n    <p>verschiedene R\u00fcckzugs- und Wohnr\u00e4ume von Privatzimmer bis funktionalem Hausprojekt<\/p>    <\/div>\n<\/div>\n<!-- \/module text -->\t        <\/div>\n\t    \t<\/div>\n\t\t    <\/div>\n\t<\/div><!-- \/themify_builder_sub_row -->\n\t\t<div  data-lazy=\"1\" class=\"module_subrow themify_builder_sub_row tb_m5wy924 tf_w tf_clearfix\">\n\t    \t\t<div class=\"subrow_inner col_align_top col_auto_height col-count-2 tf_box tf_w\">\n\t\t\t<div  style=\"width: 26.8%\" data-lazy=\"1\" class=\"sub_column module_column tf_box col4-2 first tb_yvmn924\"> \n\t    \t    \t        <div class=\"tb-column-inner tf_box tf_w\">\n\t\t    <!-- module text -->\n<div  class=\"module module-text tb_pxkm924\" data-lazy=\"1\">\n        <div  class=\"tb_text_wrap\">\n    <h3>Where?<\/h3>    <\/div>\n<\/div>\n<!-- \/module text -->\t        <\/div>\n\t    \t<\/div>\n\t\t<div  style=\"width: 70%\" data-lazy=\"1\" class=\"sub_column module_column tf_box col4-2 last tb_16df924\" > \n\t    \t    \t        <div class=\"tb-column-inner tf_box tf_w\">\n\t\t    <!-- module text -->\n<div  class=\"module module-text tb_bmr3925\" data-lazy=\"1\">\n        <div  class=\"tb_text_wrap\">\n    <p>an verschiedenen Orten in Salzderhelden<\/p>    <\/div>\n<\/div>\n<!-- \/module text -->\t        <\/div>\n\t    \t<\/div>\n\t\t    <\/div>\n\t<\/div><!-- \/themify_builder_sub_row -->\n\t\t<div  data-lazy=\"1\" class=\"module_subrow themify_builder_sub_row tb_jcx4925 tf_w tf_clearfix\">\n\t    \t\t<div class=\"subrow_inner col_align_top col_auto_height col-count-2 tf_box tf_w\">\n\t\t\t<div  style=\"width: 26.8%\" data-lazy=\"1\" class=\"sub_column module_column tf_box col4-2 first tb_w2ch925\"> \n\t    \t    \t        <div class=\"tb-column-inner tf_box tf_w\">\n\t\t    <!-- module text -->\n<div  class=\"module module-text tb_j2oq925\" data-lazy=\"1\">\n        <div  class=\"tb_text_wrap\">\n    <h3>For whom?<\/h3>    <\/div>\n<\/div>\n<!-- \/module text -->\t        <\/div>\n\t    \t<\/div>\n\t\t<div  style=\"width: 70%\" data-lazy=\"1\" class=\"sub_column module_column tf_box col4-2 last tb_x6g3925\"> \n\t    \t    \t        <div class=\"tb-column-inner tf_box tf_w\">\n\t\t    <!-- module text -->\n<div  class=\"module module-text tb_wdhe926\" data-lazy=\"1\">\n        <div  class=\"tb_text_wrap\">\n    <p>offen f\u00fcr alle, die sich l\u00e4ngerfristig auf Salzderhelden beziehen m\u00f6chten und sich in tauschlogikfreie, hierarchiekritische Projekte solidarisch einbringen wollen<\/p>    <\/div>\n<\/div>\n<!-- \/module text -->\t        <\/div>\n\t    \t<\/div>\n\t\t    <\/div>\n\t<\/div><!-- \/themify_builder_sub_row -->\n\t\t<div  data-lazy=\"1\" class=\"module_subrow themify_builder_sub_row tb_r6mg926 tf_w tf_clearfix\">\n\t    \t\t<div class=\"subrow_inner col_align_top col_auto_height col-count-2 tf_box tf_w\">\n\t\t\t<div  style=\"width: 26.8%\" data-lazy=\"1\" class=\"sub_column module_column tf_box col4-2 first tb_e1b4926\"> \n\t    \t    \t        <div class=\"tb-column-inner tf_box tf_w\">\n\t\t    <!-- module text -->\n<div  class=\"module module-text tb_gg82926\" data-lazy=\"1\">\n        <div  class=\"tb_text_wrap\">\n    <h3>Agreements<\/h3>    <\/div>\n<\/div>\n<!-- \/module text -->\t        <\/div>\n\t    \t<\/div>\n\t\t<div  style=\"width: 70%\" data-lazy=\"1\" class=\"sub_column module_column tf_box col4-2 last tb_mkyl927\"> \n\t    \t    \t        <div class=\"tb-column-inner tf_box tf_w\">\n\t\t    <!-- module text -->\n<div  class=\"module module-text tb_oob0927\" data-lazy=\"1\">\n        <div  class=\"tb_text_wrap\">\n    <p>Die Vereinbarungen sind in den R\u00fcckzugsr\u00e4umen und Wohnprojekten sehr unterschiedlich und auch dem eigenen Anspruch an Tauschlogikfreiheit und Hierarchiekritik werden (noch) nicht alle Wohnprojekte vollst\u00e4ndig gerecht.<\/p><p><br><\/p><p>Wenn du l\u00e4ngerfristig in Salzderhelden aktiv werden willst und noch einen Platz zum Wohnen brauchst, dann schreib gerne eine Mail an post@k20-projekthaus.de<br><br>Falls Wohnraum aufgrund vieler Menschen belegt sein sollte, bring gern auch Eigeninitiative mit, um dir einen Wohnort vor Ort selbst zu schaffen und frag gern vor Ort bei Bedarf nach Unterst\u00fctzung (z.B. in der K20 Orgarunde). Wenn du vorhast dich vor Ort l\u00e4ngerfristig zu organisieren, kann ggf. auch die K20 ein guter Anlaufpunkt sein, wo du erstmal sein kannst und um dann in den kommenden Tagen, Wochen oder Monaten bestenfalls einen bed\u00fcrfnisorientierten Wohnort f\u00fcr dich zu finden.<\/p>    <\/div>\n<\/div>\n<!-- \/module text -->\t        <\/div>\n\t    \t<\/div>\n\t\t    <\/div>\n\t<\/div><!-- \/themify_builder_sub_row -->\n\t\t        <\/div>\n\t    \t<\/div>\n\t\t<div  data-lazy=\"1\" style=\"width: 40%\" class=\"module_column tb-column col4-2 last tb_i2k2927 tf_box\">\n\t\t\t    \t        <div class=\"tb-column-inner tf_box tf_w\">\n\t\t    <!-- module image -->\n<div  class=\"module module-image tb_xksj927   image-top tf_mw\" data-lazy=\"1\">\n        <div class=\"image-wrap tf_rel tf_mw\">\n\t\t    <img loading=\"lazy\" decoding=\"async\" src=\"https:\/\/utopisches-salzderhelden.de\/wp-content\/uploads\/2022\/04\/photo_2022-02-11_12-52-33-768x1024-408x506.jpg\" width=\"408\" height=\"506\" class=\"wp-post-image wp-image-59\" title=\"photo_2022-02-11_12-52-33\" alt=\"photo_2022-02-11_12-52-33\">\t\n\t\t<\/div>\n\t<!-- \/image-wrap -->\n    \n    \t<\/div>\n<!-- \/module image -->\t        <\/div>\n\t    \t<\/div>\n\t\t    <\/div>\n\t    <!-- \/row_inner -->\n\t<\/div>\n\t<!-- \/module_row -->\n\t<\/div>\n<!--\/themify_builder_content-->","protected":false},"excerpt":{"rendered":"<p>R\u00fcckzugsr\u00e4ume &amp; Wohnprojekte Was? verschiedene R\u00fcckzugs- und Wohnr\u00e4ume von Privatzimmer bis funktionalem Hausprojekt Wo? an verschiedenen Orten in Salzderhelden F\u00fcr wen? offen f\u00fcr alle, die sich l\u00e4ngerfristig auf Salzderhelden beziehen m\u00f6chten und sich in tauschlogikfreie, hierarchiekritische Projekte solidarisch einbringen wollen Vereinbarungen Die Vereinbarungen sind in den R\u00fcckzugsr\u00e4umen und Wohnprojekten sehr unterschiedlich und auch dem eigenen [&hellip;]<\/p>","protected":false},"author":3,"featured_media":0,"parent":0,"menu_order":0,"comment_status":"closed","ping_status":"closed","template":"","meta":{"footnotes":""},"class_list":["post-2152","page","type-page","status-publish","hentry","has-post-title","has-post-date","has-post-category","has-post-tag","has-post-comment","has-post-author",""],"yoast_head":"<!-- This site is optimized with the Yoast SEO plugin v24.2 - https:\/\/yoast.com\/wordpress\/plugins\/seo\/ -->\n<title>Karteikarte R\u00fcckzugsr\u00e4ume &amp; Wohnprojekte - Utopisches Salzderhelden<\/title>\n<meta name=\"robots\" content=\"index, follow, max-snippet:-1, max-image-preview:large, max-video-preview:-1\" \/>\n<link rel=\"canonical\" href=\"https:\/\/utopisches-salzderhelden.de\/en\/rueckzugsraeume\/\" \/>\n<meta property=\"og:locale\" content=\"en_US\" \/>\n<meta property=\"og:type\" content=\"article\" \/>\n<meta property=\"og:title\" content=\"Karteikarte R\u00fcckzugsr\u00e4ume &amp; Wohnprojekte - Utopisches Salzderhelden\" \/>\n<meta property=\"og:description\" content=\"R\u00fcckzugsr\u00e4ume &amp; Wohnprojekte Was? verschiedene R\u00fcckzugs- und Wohnr\u00e4ume von Privatzimmer bis funktionalem Hausprojekt Wo? an verschiedenen Orten in Salzderhelden F\u00fcr wen? offen f\u00fcr alle, die sich l\u00e4ngerfristig auf Salzderhelden beziehen m\u00f6chten und sich in tauschlogikfreie, hierarchiekritische Projekte solidarisch einbringen wollen Vereinbarungen Die Vereinbarungen sind in den R\u00fcckzugsr\u00e4umen und Wohnprojekten sehr unterschiedlich und auch dem eigenen [&hellip;]\" \/>\n<meta property=\"og:url\" content=\"https:\/\/utopisches-salzderhelden.de\/en\/rueckzugsraeume\/\" \/>\n<meta property=\"og:site_name\" content=\"Utopisches Salzderhelden\" \/>\n<meta property=\"article:modified_time\" content=\"2023-03-20T02:27:54+00:00\" \/>\n<meta name=\"twitter:card\" content=\"summary_large_image\" \/>\n<script type=\"application\/ld+json\" class=\"yoast-schema-graph\">{\"@context\":\"https:\/\/schema.org\",\"@graph\":[{\"@type\":\"WebPage\",\"@id\":\"https:\/\/utopisches-salzderhelden.de\/rueckzugsraeume\/\",\"url\":\"https:\/\/utopisches-salzderhelden.de\/rueckzugsraeume\/\",\"name\":\"Karteikarte R\u00fcckzugsr\u00e4ume & Wohnprojekte - Utopisches Salzderhelden\",\"isPartOf\":{\"@id\":\"https:\/\/utopisches-salzderhelden.de\/#website\"},\"primaryImageOfPage\":{\"@id\":\"https:\/\/utopisches-salzderhelden.de\/rueckzugsraeume\/#primaryimage\"},\"image\":{\"@id\":\"https:\/\/utopisches-salzderhelden.de\/rueckzugsraeume\/#primaryimage\"},\"thumbnailUrl\":\"https:\/\/utopisches-salzderhelden.de\/wp-content\/uploads\/2022\/04\/photo_2022-02-11_12-52-33-768x1024-408x506.jpg\",\"datePublished\":\"2022-04-26T10:52:25+00:00\",\"dateModified\":\"2023-03-20T02:27:54+00:00\",\"breadcrumb\":{\"@id\":\"https:\/\/utopisches-salzderhelden.de\/rueckzugsraeume\/#breadcrumb\"},\"inLanguage\":\"en-US\",\"potentialAction\":[{\"@type\":\"ReadAction\",\"target\":[\"https:\/\/utopisches-salzderhelden.de\/rueckzugsraeume\/\"]}]},{\"@type\":\"ImageObject\",\"inLanguage\":\"en-US\",\"@id\":\"https:\/\/utopisches-salzderhelden.de\/rueckzugsraeume\/#primaryimage\",\"url\":\"https:\/\/utopisches-salzderhelden.de\/wp-content\/uploads\/2022\/04\/photo_2022-02-11_12-52-33-768x1024-408x506.jpg\",\"contentUrl\":\"https:\/\/utopisches-salzderhelden.de\/wp-content\/uploads\/2022\/04\/photo_2022-02-11_12-52-33-768x1024-408x506.jpg\"},{\"@type\":\"BreadcrumbList\",\"@id\":\"https:\/\/utopisches-salzderhelden.de\/rueckzugsraeume\/#breadcrumb\",\"itemListElement\":[{\"@type\":\"ListItem\",\"position\":1,\"name\":\"Startseite\",\"item\":\"https:\/\/utopisches-salzderhelden.de\/\"},{\"@type\":\"ListItem\",\"position\":2,\"name\":\"Karteikarte R\u00fcckzugsr\u00e4ume &#038; Wohnprojekte\"}]},{\"@type\":\"WebSite\",\"@id\":\"https:\/\/utopisches-salzderhelden.de\/#website\",\"url\":\"https:\/\/utopisches-salzderhelden.de\/\",\"name\":\"Utopisches Salzderhelden\",\"description\":\"Tauschlogikfrei, hierarchiekritisch und solidarisch\",\"publisher\":{\"@id\":\"https:\/\/utopisches-salzderhelden.de\/#organization\"},\"potentialAction\":[{\"@type\":\"SearchAction\",\"target\":{\"@type\":\"EntryPoint\",\"urlTemplate\":\"https:\/\/utopisches-salzderhelden.de\/?s={search_term_string}\"},\"query-input\":{\"@type\":\"PropertyValueSpecification\",\"valueRequired\":true,\"valueName\":\"search_term_string\"}}],\"inLanguage\":\"en-US\"},{\"@type\":\"Organization\",\"@id\":\"https:\/\/utopisches-salzderhelden.de\/#organization\",\"name\":\"Utopisches Salzderhelden\",\"url\":\"https:\/\/utopisches-salzderhelden.de\/\",\"logo\":{\"@type\":\"ImageObject\",\"inLanguage\":\"en-US\",\"@id\":\"https:\/\/utopisches-salzderhelden.de\/#\/schema\/logo\/image\/\",\"url\":\"https:\/\/utopisches-salzderhelden.de\/wp-content\/uploads\/2022\/04\/WI_SDH.png\",\"contentUrl\":\"https:\/\/utopisches-salzderhelden.de\/wp-content\/uploads\/2022\/04\/WI_SDH.png\",\"width\":9182,\"height\":1757,\"caption\":\"Utopisches Salzderhelden\"},\"image\":{\"@id\":\"https:\/\/utopisches-salzderhelden.de\/#\/schema\/logo\/image\/\"}}]}<\/script>\n<!-- \/ Yoast SEO plugin. -->","yoast_head_json":{"title":"Karteikarte R\u00fcckzugsr\u00e4ume & Wohnprojekte - Utopisches Salzderhelden","robots":{"index":"index","follow":"follow","max-snippet":"max-snippet:-1","max-image-preview":"max-image-preview:large","max-video-preview":"max-video-preview:-1"},"canonical":"https:\/\/utopisches-salzderhelden.de\/en\/rueckzugsraeume\/","og_locale":"en_US","og_type":"article","og_title":"Karteikarte R\u00fcckzugsr\u00e4ume & Wohnprojekte - Utopisches Salzderhelden","og_description":"R\u00fcckzugsr\u00e4ume &amp; Wohnprojekte Was? verschiedene R\u00fcckzugs- und Wohnr\u00e4ume von Privatzimmer bis funktionalem Hausprojekt Wo? an verschiedenen Orten in Salzderhelden F\u00fcr wen? offen f\u00fcr alle, die sich l\u00e4ngerfristig auf Salzderhelden beziehen m\u00f6chten und sich in tauschlogikfreie, hierarchiekritische Projekte solidarisch einbringen wollen Vereinbarungen Die Vereinbarungen sind in den R\u00fcckzugsr\u00e4umen und Wohnprojekten sehr unterschiedlich und auch dem eigenen [&hellip;]","og_url":"https:\/\/utopisches-salzderhelden.de\/en\/rueckzugsraeume\/","og_site_name":"Utopisches Salzderhelden","article_modified_time":"2023-03-20T02:27:54+00:00","twitter_card":"summary_large_image","schema":{"@context":"https:\/\/schema.org","@graph":[{"@type":"WebPage","@id":"https:\/\/utopisches-salzderhelden.de\/rueckzugsraeume\/","url":"https:\/\/utopisches-salzderhelden.de\/rueckzugsraeume\/","name":"Karteikarte R\u00fcckzugsr\u00e4ume & Wohnprojekte - Utopisches Salzderhelden","isPartOf":{"@id":"https:\/\/utopisches-salzderhelden.de\/#website"},"primaryImageOfPage":{"@id":"https:\/\/utopisches-salzderhelden.de\/rueckzugsraeume\/#primaryimage"},"image":{"@id":"https:\/\/utopisches-salzderhelden.de\/rueckzugsraeume\/#primaryimage"},"thumbnailUrl":"https:\/\/utopisches-salzderhelden.de\/wp-content\/uploads\/2022\/04\/photo_2022-02-11_12-52-33-768x1024-408x506.jpg","datePublished":"2022-04-26T10:52:25+00:00","dateModified":"2023-03-20T02:27:54+00:00","breadcrumb":{"@id":"https:\/\/utopisches-salzderhelden.de\/rueckzugsraeume\/#breadcrumb"},"inLanguage":"en-US","potentialAction":[{"@type":"ReadAction","target":["https:\/\/utopisches-salzderhelden.de\/rueckzugsraeume\/"]}]},{"@type":"ImageObject","inLanguage":"en-US","@id":"https:\/\/utopisches-salzderhelden.de\/rueckzugsraeume\/#primaryimage","url":"https:\/\/utopisches-salzderhelden.de\/wp-content\/uploads\/2022\/04\/photo_2022-02-11_12-52-33-768x1024-408x506.jpg","contentUrl":"https:\/\/utopisches-salzderhelden.de\/wp-content\/uploads\/2022\/04\/photo_2022-02-11_12-52-33-768x1024-408x506.jpg"},{"@type":"BreadcrumbList","@id":"https:\/\/utopisches-salzderhelden.de\/rueckzugsraeume\/#breadcrumb","itemListElement":[{"@type":"ListItem","position":1,"name":"Startseite","item":"https:\/\/utopisches-salzderhelden.de\/"},{"@type":"ListItem","position":2,"name":"Karteikarte R\u00fcckzugsr\u00e4ume &#038; Wohnprojekte"}]},{"@type":"WebSite","@id":"https:\/\/utopisches-salzderhelden.de\/#website","url":"https:\/\/utopisches-salzderhelden.de\/","name":"Utopisches Salzderhelden","description":"Tauschlogikfrei, hierarchiekritisch und solidarisch","publisher":{"@id":"https:\/\/utopisches-salzderhelden.de\/#organization"},"potentialAction":[{"@type":"SearchAction","target":{"@type":"EntryPoint","urlTemplate":"https:\/\/utopisches-salzderhelden.de\/?s={search_term_string}"},"query-input":{"@type":"PropertyValueSpecification","valueRequired":true,"valueName":"search_term_string"}}],"inLanguage":"en-US"},{"@type":"Organization","@id":"https:\/\/utopisches-salzderhelden.de\/#organization","name":"Utopisches Salzderhelden","url":"https:\/\/utopisches-salzderhelden.de\/","logo":{"@type":"ImageObject","inLanguage":"en-US","@id":"https:\/\/utopisches-salzderhelden.de\/#\/schema\/logo\/image\/","url":"https:\/\/utopisches-salzderhelden.de\/wp-content\/uploads\/2022\/04\/WI_SDH.png","contentUrl":"https:\/\/utopisches-salzderhelden.de\/wp-content\/uploads\/2022\/04\/WI_SDH.png","width":9182,"height":1757,"caption":"Utopisches Salzderhelden"},"image":{"@id":"https:\/\/utopisches-salzderhelden.de\/#\/schema\/logo\/image\/"}}]}},"builder_content":"<h1>R\u00fcckzugsr\u00e4ume &amp; Wohnprojekte<\/h1>\n<h3>Was?<\/h3>\n<p>verschiedene R\u00fcckzugs- und Wohnr\u00e4ume von Privatzimmer bis funktionalem Hausprojekt<\/p>\n<h3>Wo?<\/h3>\n<p>an verschiedenen Orten in Salzderhelden<\/p>\n<h3>F\u00fcr wen?<\/h3>\n<p>offen f\u00fcr alle, die sich l\u00e4ngerfristig auf Salzderhelden beziehen m\u00f6chten und sich in tauschlogikfreie, hierarchiekritische Projekte solidarisch einbringen wollen<\/p>\n<h3>Vereinbarungen<\/h3>\n<p>Die Vereinbarungen sind in den R\u00fcckzugsr\u00e4umen und Wohnprojekten sehr unterschiedlich und auch dem eigenen Anspruch an Tauschlogikfreiheit und Hierarchiekritik werden (noch) nicht alle Wohnprojekte vollst\u00e4ndig gerecht.<\/p><p><br><\/p><p>Wenn du l\u00e4ngerfristig in Salzderhelden aktiv werden willst und noch einen Platz zum Wohnen brauchst, dann schreib gerne eine Mail an post@k20-projekthaus.de<br><br>Falls Wohnraum aufgrund vieler Menschen belegt sein sollte, bring gern auch Eigeninitiative mit, um dir einen Wohnort vor Ort selbst zu schaffen und frag gern vor Ort bei Bedarf nach Unterst\u00fctzung (z.B. in der K20 Orgarunde). Wenn du vorhast dich vor Ort l\u00e4ngerfristig zu organisieren, kann ggf. auch die K20 ein guter Anlaufpunkt sein, wo du erstmal sein kannst und um dann in den kommenden Tagen, Wochen oder Monaten bestenfalls einen bed\u00fcrfnisorientierten Wohnort f\u00fcr dich zu finden.<\/p>\n<img loading=\"lazy\" decoding=\"async\" src=\"https:\/\/utopisches-salzderhelden.de\/wp-content\/uploads\/2022\/04\/photo_2022-02-11_12-52-33-768x1024-408x506.jpg\" width=\"408\" height=\"506\" title=\"photo_2022-02-11_12-52-33\" alt=\"photo_2022-02-11_12-52-33\">","_links":{"self":[{"href":"https:\/\/utopisches-salzderhelden.de\/en\/wp-json\/wp\/v2\/pages\/2152","targetHints":{"allow":["GET"]}}],"collection":[{"href":"https:\/\/utopisches-salzderhelden.de\/en\/wp-json\/wp\/v2\/pages"}],"about":[{"href":"https:\/\/utopisches-salzderhelden.de\/en\/wp-json\/wp\/v2\/types\/page"}],"author":[{"embeddable":true,"href":"https:\/\/utopisches-salzderhelden.de\/en\/wp-json\/wp\/v2\/users\/3"}],"replies":[{"embeddable":true,"href":"https:\/\/utopisches-salzderhelden.de\/en\/wp-json\/wp\/v2\/comments?post=2152"}],"version-history":[{"count":10,"href":"https:\/\/utopisches-salzderhelden.de\/en\/wp-json\/wp\/v2\/pages\/2152\/revisions"}],"predecessor-version":[{"id":2584,"href":"https:\/\/utopisches-salzderhelden.de\/en\/wp-json\/wp\/v2\/pages\/2152\/revisions\/2584"}],"wp:attachment":[{"href":"https:\/\/utopisches-salzderhelden.de\/en\/wp-json\/wp\/v2\/media?parent=2152"}],"curies":[{"name":"wp","href":"https:\/\/api.w.org\/{rel}","templated":true}]}}