{"id":2146,"date":"2022-04-26T12:35:30","date_gmt":"2022-04-26T10:35:30","guid":{"rendered":"https:\/\/utopisches-salzderhelden.de\/?page_id=2146"},"modified":"2022-04-26T12:44:25","modified_gmt":"2022-04-26T10:44:25","slug":"primula","status":"publish","type":"page","link":"https:\/\/utopisches-salzderhelden.de\/en\/primula\/","title":{"rendered":"Primula"},"content":{"rendered":"<!--themify_builder_content-->\n<div id=\"themify_builder_content-2146\" data-postid=\"2146\" class=\"themify_builder_content themify_builder_content-2146 themify_builder tf_clear\">\n    \t<!-- module_row -->\n\t<div  data-lazy=\"1\" class=\"module_row themify_builder_row tb_wmps465 tb_first tf_clearfix\">\n\t    \t\t<div class=\"row_inner col_align_top col-count-1 tf_box tf_w tf_rel\">\n\t\t\t<div  data-lazy=\"1\" class=\"module_column tb-column col-full first tb_fkza465 tf_box\">\n\t\t\t    \t        <div class=\"tb-column-inner tf_box tf_w\">\n\t\t    <!-- module text -->\n<div  class=\"module module-text tb_rqbb465\" data-lazy=\"1\">\n        <div  class=\"tb_text_wrap\">\n    <h1>Primula<\/h1>    <\/div>\n<\/div>\n<!-- \/module text -->\t        <\/div>\n\t    \t<\/div>\n\t\t    <\/div>\n\t    <!-- \/row_inner -->\n\t<\/div>\n\t<!-- \/module_row -->\n\t\t<!-- module_row -->\n\t<div  data-lazy=\"1\" class=\"module_row themify_builder_row tb_9x4q958 tf_clearfix\">\n\t    \t\t<div class=\"row_inner col_align_top col-count-2 tf_box tf_w tf_rel\">\n\t\t\t<div  data-lazy=\"1\" style=\"width: 56.8%\" class=\"module_column tb-column col4-2 first tb_a114958 tf_box\">\n\t\t\t    \t        <div class=\"tb-column-inner tf_box tf_w\">\n\t\t    \t<div  data-lazy=\"1\" class=\"module_subrow themify_builder_sub_row tb_zy3m959 tf_w tf_clearfix\">\n\t    \t\t<div class=\"subrow_inner col_align_top col_auto_height col-count-2 tf_box tf_w\">\n\t\t\t<div  style=\"width: 26.8%\" data-lazy=\"1\" class=\"sub_column module_column tf_box col4-2 first tb_uib6961\"> \n\t    \t    \t        <div class=\"tb-column-inner tf_box tf_w\">\n\t\t    <!-- module text -->\n<div  class=\"module module-text tb_fbmy961\" data-lazy=\"1\">\n        <div  class=\"tb_text_wrap\">\n    <h3>What?<\/h3>    <\/div>\n<\/div>\n<!-- \/module text -->\t        <\/div>\n\t    \t<\/div>\n\t\t<div  style=\"width: 70%\" data-lazy=\"1\" class=\"sub_column module_column tf_box col4-2 last tb_ikhp961\"> \n\t    \t    \t        <div class=\"tb-column-inner tf_box tf_w\">\n\t\t    <!-- module text -->\n<div  class=\"module module-text tb_64l2961\" data-lazy=\"1\">\n        <div  class=\"tb_text_wrap\">\n    <p>gro\u00dfer Raum&nbsp;<span style=\"background-color: initial; font-size: 1em;\">f\u00fcr Seminare, Workshops, Sport (z.B. Yoga), etc. und&nbsp;<\/span><span style=\"background-color: initial; font-size: 1em;\">kleiner Nebenraum mit Tischkicker&nbsp;<\/span><\/p>    <\/div>\n<\/div>\n<!-- \/module text -->\t        <\/div>\n\t    \t<\/div>\n\t\t    <\/div>\n\t<\/div><!-- \/themify_builder_sub_row -->\n\t\t<div  data-lazy=\"1\" class=\"module_subrow themify_builder_sub_row tb_6fsl962 tf_w tf_clearfix\">\n\t    \t\t<div class=\"subrow_inner col_align_top col_auto_height col-count-2 tf_box tf_w\">\n\t\t\t<div  style=\"width: 26.8%\" data-lazy=\"1\" class=\"sub_column module_column tf_box col4-2 first tb_zlbl962\"> \n\t    \t    \t        <div class=\"tb-column-inner tf_box tf_w\">\n\t\t    <!-- module text -->\n<div  class=\"module module-text tb_n8wx962\" data-lazy=\"1\">\n        <div  class=\"tb_text_wrap\">\n    <h3>Where?<\/h3>    <\/div>\n<\/div>\n<!-- \/module text -->\t        <\/div>\n\t    \t<\/div>\n\t\t<div  style=\"width: 70%\" data-lazy=\"1\" class=\"sub_column module_column tf_box col4-2 last tb_9n4i962\" > \n\t    \t    \t        <div class=\"tb-column-inner tf_box tf_w\">\n\t\t    <!-- module text -->\n<div  class=\"module module-text tb_bq5f962\" data-lazy=\"1\">\n        <div  class=\"tb_text_wrap\">\n    <p>in der N\u00e4he der Held*innenburg<\/p>    <\/div>\n<\/div>\n<!-- \/module text -->\t        <\/div>\n\t    \t<\/div>\n\t\t    <\/div>\n\t<\/div><!-- \/themify_builder_sub_row -->\n\t\t<div  data-lazy=\"1\" class=\"module_subrow themify_builder_sub_row tb_eum7962 tf_w tf_clearfix\">\n\t    \t\t<div class=\"subrow_inner col_align_top col_auto_height col-count-2 tf_box tf_w\">\n\t\t\t<div  style=\"width: 26.8%\" data-lazy=\"1\" class=\"sub_column module_column tf_box col4-2 first tb_9hqb963\"> \n\t    \t    \t        <div class=\"tb-column-inner tf_box tf_w\">\n\t\t    <!-- module text -->\n<div  class=\"module module-text tb_8chw963\" data-lazy=\"1\">\n        <div  class=\"tb_text_wrap\">\n    <h3>For whom?<\/h3>    <\/div>\n<\/div>\n<!-- \/module text -->\t        <\/div>\n\t    \t<\/div>\n\t\t<div  style=\"width: 70%\" data-lazy=\"1\" class=\"sub_column module_column tf_box col4-2 last tb_lvqd963\"> \n\t    \t    \t        <div class=\"tb-column-inner tf_box tf_w\">\n\t\t    <!-- module text -->\n<div  class=\"module module-text tb_be9t963\" data-lazy=\"1\">\n        <div  class=\"tb_text_wrap\">\n    <p>offen f\u00fcr alle, Projektgruppen und Einzelpersonen, aus dem Dorf oder dem Rest der Welt<\/p>    <\/div>\n<\/div>\n<!-- \/module text -->\t        <\/div>\n\t    \t<\/div>\n\t\t    <\/div>\n\t<\/div><!-- \/themify_builder_sub_row -->\n\t\t<div  data-lazy=\"1\" class=\"module_subrow themify_builder_sub_row tb_5mv4963 tf_w tf_clearfix\">\n\t    \t\t<div class=\"subrow_inner col_align_top col_auto_height col-count-2 tf_box tf_w\">\n\t\t\t<div  style=\"width: 26.8%\" data-lazy=\"1\" class=\"sub_column module_column tf_box col4-2 first tb_pkw1964\"> \n\t    \t    \t        <div class=\"tb-column-inner tf_box tf_w\">\n\t\t    <!-- module text -->\n<div  class=\"module module-text tb_5e2w964\" data-lazy=\"1\">\n        <div  class=\"tb_text_wrap\">\n    <h3>Agreements<\/h3>    <\/div>\n<\/div>\n<!-- \/module text -->\t        <\/div>\n\t    \t<\/div>\n\t\t<div  style=\"width: 70%\" data-lazy=\"1\" class=\"sub_column module_column tf_box col4-2 last tb_o5wz964\"> \n\t    \t    \t        <div class=\"tb-column-inner tf_box tf_w\">\n\t\t    <!-- module text -->\n<div  class=\"module module-text tb_yqg1964\" data-lazy=\"1\">\n        <div  class=\"tb_text_wrap\">\n    <p>Koordination der Raumnutzung l\u00e4uft \u00fcber das K20 Projekthaus. F\u00fcr gr\u00f6\u00dfere Gruppen ist der Raum auch tauschlogikfrei buchbar.&nbsp;<span style=\"background-color: initial; font-size: 1em;\">Wenn du den Raum nutzen magst, frag dort einfach mal nach oder schreib eine Mail an post@k20-projekthaus.de<\/span><\/p>    <\/div>\n<\/div>\n<!-- \/module text -->\t        <\/div>\n\t    \t<\/div>\n\t\t    <\/div>\n\t<\/div><!-- \/themify_builder_sub_row -->\n\t\t        <\/div>\n\t    \t<\/div>\n\t\t<div  data-lazy=\"1\" style=\"width: 40%\" class=\"module_column tb-column col4-2 last tb_jaf7964 tf_box\">\n\t\t\t    \t        <div class=\"tb-column-inner tf_box tf_w\">\n\t\t    <!-- module image -->\n<div  class=\"module module-image tb_rp6a965   image-top tf_mw\" data-lazy=\"1\">\n        <div class=\"image-wrap tf_rel tf_mw\">\n\t\t    <img loading=\"lazy\" decoding=\"async\" src=\"https:\/\/utopisches-salzderhelden.de\/wp-content\/uploads\/2022\/04\/relax-g2de2ba689_1920-1024x683-291x362.jpg\" width=\"291\" height=\"362\" class=\"wp-post-image wp-image-58\" title=\"relax g2de2ba689_1920\" alt=\"relax-g2de2ba689_1920\">\t\n\t\t<\/div>\n\t<!-- \/image-wrap -->\n    \n    \t<\/div>\n<!-- \/module image -->\t        <\/div>\n\t    \t<\/div>\n\t\t    <\/div>\n\t    <!-- \/row_inner -->\n\t<\/div>\n\t<!-- \/module_row -->\n\t<\/div>\n<!--\/themify_builder_content-->","protected":false},"excerpt":{"rendered":"<p>Primula Was? gro\u00dfer Raum&nbsp;f\u00fcr Seminare, Workshops, Sport (z.B. Yoga), etc. und&nbsp;kleiner Nebenraum mit Tischkicker&nbsp; Wo? in der N\u00e4he der Held*innenburg F\u00fcr wen? offen f\u00fcr alle, Projektgruppen und Einzelpersonen, aus dem Dorf oder dem Rest der Welt Vereinbarungen Koordination der Raumnutzung l\u00e4uft \u00fcber das K20 Projekthaus. F\u00fcr gr\u00f6\u00dfere Gruppen ist der Raum auch tauschlogikfrei buchbar.&nbsp;Wenn du [&hellip;]<\/p>","protected":false},"author":3,"featured_media":0,"parent":0,"menu_order":0,"comment_status":"closed","ping_status":"closed","template":"","meta":{"footnotes":""},"class_list":["post-2146","page","type-page","status-publish","hentry","has-post-title","has-post-date","has-post-category","has-post-tag","has-post-comment","has-post-author",""],"yoast_head":"<!-- This site is optimized with the Yoast SEO plugin v24.2 - https:\/\/yoast.com\/wordpress\/plugins\/seo\/ -->\n<title>Primula - Utopisches Salzderhelden<\/title>\n<meta name=\"robots\" content=\"index, follow, max-snippet:-1, max-image-preview:large, max-video-preview:-1\" \/>\n<link rel=\"canonical\" href=\"https:\/\/utopisches-salzderhelden.de\/en\/primula\/\" \/>\n<meta property=\"og:locale\" content=\"en_US\" \/>\n<meta property=\"og:type\" content=\"article\" \/>\n<meta property=\"og:title\" content=\"Primula - Utopisches Salzderhelden\" \/>\n<meta property=\"og:description\" content=\"Primula Was? gro\u00dfer Raum&nbsp;f\u00fcr Seminare, Workshops, Sport (z.B. Yoga), etc. und&nbsp;kleiner Nebenraum mit Tischkicker&nbsp; Wo? in der N\u00e4he der Held*innenburg F\u00fcr wen? offen f\u00fcr alle, Projektgruppen und Einzelpersonen, aus dem Dorf oder dem Rest der Welt Vereinbarungen Koordination der Raumnutzung l\u00e4uft \u00fcber das K20 Projekthaus. F\u00fcr gr\u00f6\u00dfere Gruppen ist der Raum auch tauschlogikfrei buchbar.&nbsp;Wenn du [&hellip;]\" \/>\n<meta property=\"og:url\" content=\"https:\/\/utopisches-salzderhelden.de\/en\/primula\/\" \/>\n<meta property=\"og:site_name\" content=\"Utopisches Salzderhelden\" \/>\n<meta property=\"article:modified_time\" content=\"2022-04-26T10:44:25+00:00\" \/>\n<meta property=\"og:image\" content=\"https:\/\/utopisches-salzderhelden.de\/wp-content\/uploads\/2022\/04\/relax-g2de2ba689_1920-1024x683-291x362.jpg\" \/>\n<meta name=\"twitter:card\" content=\"summary_large_image\" \/>\n<script type=\"application\/ld+json\" class=\"yoast-schema-graph\">{\"@context\":\"https:\/\/schema.org\",\"@graph\":[{\"@type\":\"WebPage\",\"@id\":\"https:\/\/utopisches-salzderhelden.de\/primula\/\",\"url\":\"https:\/\/utopisches-salzderhelden.de\/primula\/\",\"name\":\"Primula - Utopisches Salzderhelden\",\"isPartOf\":{\"@id\":\"https:\/\/utopisches-salzderhelden.de\/#website\"},\"primaryImageOfPage\":{\"@id\":\"https:\/\/utopisches-salzderhelden.de\/primula\/#primaryimage\"},\"image\":{\"@id\":\"https:\/\/utopisches-salzderhelden.de\/primula\/#primaryimage\"},\"thumbnailUrl\":\"https:\/\/utopisches-salzderhelden.de\/wp-content\/uploads\/2022\/04\/relax-g2de2ba689_1920-1024x683-291x362.jpg\",\"datePublished\":\"2022-04-26T10:35:30+00:00\",\"dateModified\":\"2022-04-26T10:44:25+00:00\",\"breadcrumb\":{\"@id\":\"https:\/\/utopisches-salzderhelden.de\/primula\/#breadcrumb\"},\"inLanguage\":\"en-US\",\"potentialAction\":[{\"@type\":\"ReadAction\",\"target\":[\"https:\/\/utopisches-salzderhelden.de\/primula\/\"]}]},{\"@type\":\"ImageObject\",\"inLanguage\":\"en-US\",\"@id\":\"https:\/\/utopisches-salzderhelden.de\/primula\/#primaryimage\",\"url\":\"https:\/\/utopisches-salzderhelden.de\/wp-content\/uploads\/2022\/04\/relax-g2de2ba689_1920-1024x683-291x362.jpg\",\"contentUrl\":\"https:\/\/utopisches-salzderhelden.de\/wp-content\/uploads\/2022\/04\/relax-g2de2ba689_1920-1024x683-291x362.jpg\"},{\"@type\":\"BreadcrumbList\",\"@id\":\"https:\/\/utopisches-salzderhelden.de\/primula\/#breadcrumb\",\"itemListElement\":[{\"@type\":\"ListItem\",\"position\":1,\"name\":\"Startseite\",\"item\":\"https:\/\/utopisches-salzderhelden.de\/\"},{\"@type\":\"ListItem\",\"position\":2,\"name\":\"Primula\"}]},{\"@type\":\"WebSite\",\"@id\":\"https:\/\/utopisches-salzderhelden.de\/#website\",\"url\":\"https:\/\/utopisches-salzderhelden.de\/\",\"name\":\"Utopisches Salzderhelden\",\"description\":\"Tauschlogikfrei, hierarchiekritisch und solidarisch\",\"publisher\":{\"@id\":\"https:\/\/utopisches-salzderhelden.de\/#organization\"},\"potentialAction\":[{\"@type\":\"SearchAction\",\"target\":{\"@type\":\"EntryPoint\",\"urlTemplate\":\"https:\/\/utopisches-salzderhelden.de\/?s={search_term_string}\"},\"query-input\":{\"@type\":\"PropertyValueSpecification\",\"valueRequired\":true,\"valueName\":\"search_term_string\"}}],\"inLanguage\":\"en-US\"},{\"@type\":\"Organization\",\"@id\":\"https:\/\/utopisches-salzderhelden.de\/#organization\",\"name\":\"Utopisches Salzderhelden\",\"url\":\"https:\/\/utopisches-salzderhelden.de\/\",\"logo\":{\"@type\":\"ImageObject\",\"inLanguage\":\"en-US\",\"@id\":\"https:\/\/utopisches-salzderhelden.de\/#\/schema\/logo\/image\/\",\"url\":\"https:\/\/utopisches-salzderhelden.de\/wp-content\/uploads\/2022\/04\/WI_SDH.png\",\"contentUrl\":\"https:\/\/utopisches-salzderhelden.de\/wp-content\/uploads\/2022\/04\/WI_SDH.png\",\"width\":9182,\"height\":1757,\"caption\":\"Utopisches Salzderhelden\"},\"image\":{\"@id\":\"https:\/\/utopisches-salzderhelden.de\/#\/schema\/logo\/image\/\"}}]}<\/script>\n<!-- \/ Yoast SEO plugin. -->","yoast_head_json":{"title":"Primula - Utopisches Salzderhelden","robots":{"index":"index","follow":"follow","max-snippet":"max-snippet:-1","max-image-preview":"max-image-preview:large","max-video-preview":"max-video-preview:-1"},"canonical":"https:\/\/utopisches-salzderhelden.de\/en\/primula\/","og_locale":"en_US","og_type":"article","og_title":"Primula - Utopisches Salzderhelden","og_description":"Primula Was? gro\u00dfer Raum&nbsp;f\u00fcr Seminare, Workshops, Sport (z.B. Yoga), etc. und&nbsp;kleiner Nebenraum mit Tischkicker&nbsp; Wo? in der N\u00e4he der Held*innenburg F\u00fcr wen? offen f\u00fcr alle, Projektgruppen und Einzelpersonen, aus dem Dorf oder dem Rest der Welt Vereinbarungen Koordination der Raumnutzung l\u00e4uft \u00fcber das K20 Projekthaus. F\u00fcr gr\u00f6\u00dfere Gruppen ist der Raum auch tauschlogikfrei buchbar.&nbsp;Wenn du [&hellip;]","og_url":"https:\/\/utopisches-salzderhelden.de\/en\/primula\/","og_site_name":"Utopisches Salzderhelden","article_modified_time":"2022-04-26T10:44:25+00:00","og_image":[{"url":"https:\/\/utopisches-salzderhelden.de\/wp-content\/uploads\/2022\/04\/relax-g2de2ba689_1920-1024x683-291x362.jpg","type":"","width":"","height":""}],"twitter_card":"summary_large_image","schema":{"@context":"https:\/\/schema.org","@graph":[{"@type":"WebPage","@id":"https:\/\/utopisches-salzderhelden.de\/primula\/","url":"https:\/\/utopisches-salzderhelden.de\/primula\/","name":"Primula - Utopisches Salzderhelden","isPartOf":{"@id":"https:\/\/utopisches-salzderhelden.de\/#website"},"primaryImageOfPage":{"@id":"https:\/\/utopisches-salzderhelden.de\/primula\/#primaryimage"},"image":{"@id":"https:\/\/utopisches-salzderhelden.de\/primula\/#primaryimage"},"thumbnailUrl":"https:\/\/utopisches-salzderhelden.de\/wp-content\/uploads\/2022\/04\/relax-g2de2ba689_1920-1024x683-291x362.jpg","datePublished":"2022-04-26T10:35:30+00:00","dateModified":"2022-04-26T10:44:25+00:00","breadcrumb":{"@id":"https:\/\/utopisches-salzderhelden.de\/primula\/#breadcrumb"},"inLanguage":"en-US","potentialAction":[{"@type":"ReadAction","target":["https:\/\/utopisches-salzderhelden.de\/primula\/"]}]},{"@type":"ImageObject","inLanguage":"en-US","@id":"https:\/\/utopisches-salzderhelden.de\/primula\/#primaryimage","url":"https:\/\/utopisches-salzderhelden.de\/wp-content\/uploads\/2022\/04\/relax-g2de2ba689_1920-1024x683-291x362.jpg","contentUrl":"https:\/\/utopisches-salzderhelden.de\/wp-content\/uploads\/2022\/04\/relax-g2de2ba689_1920-1024x683-291x362.jpg"},{"@type":"BreadcrumbList","@id":"https:\/\/utopisches-salzderhelden.de\/primula\/#breadcrumb","itemListElement":[{"@type":"ListItem","position":1,"name":"Startseite","item":"https:\/\/utopisches-salzderhelden.de\/"},{"@type":"ListItem","position":2,"name":"Primula"}]},{"@type":"WebSite","@id":"https:\/\/utopisches-salzderhelden.de\/#website","url":"https:\/\/utopisches-salzderhelden.de\/","name":"Utopisches Salzderhelden","description":"Tauschlogikfrei, hierarchiekritisch und solidarisch","publisher":{"@id":"https:\/\/utopisches-salzderhelden.de\/#organization"},"potentialAction":[{"@type":"SearchAction","target":{"@type":"EntryPoint","urlTemplate":"https:\/\/utopisches-salzderhelden.de\/?s={search_term_string}"},"query-input":{"@type":"PropertyValueSpecification","valueRequired":true,"valueName":"search_term_string"}}],"inLanguage":"en-US"},{"@type":"Organization","@id":"https:\/\/utopisches-salzderhelden.de\/#organization","name":"Utopisches Salzderhelden","url":"https:\/\/utopisches-salzderhelden.de\/","logo":{"@type":"ImageObject","inLanguage":"en-US","@id":"https:\/\/utopisches-salzderhelden.de\/#\/schema\/logo\/image\/","url":"https:\/\/utopisches-salzderhelden.de\/wp-content\/uploads\/2022\/04\/WI_SDH.png","contentUrl":"https:\/\/utopisches-salzderhelden.de\/wp-content\/uploads\/2022\/04\/WI_SDH.png","width":9182,"height":1757,"caption":"Utopisches Salzderhelden"},"image":{"@id":"https:\/\/utopisches-salzderhelden.de\/#\/schema\/logo\/image\/"}}]}},"builder_content":"<h1>Primula<\/h1>\n<h3>Was?<\/h3>\n<p>gro\u00dfer Raum&nbsp;f\u00fcr Seminare, Workshops, Sport (z.B. Yoga), etc. und&nbsp;kleiner Nebenraum mit Tischkicker&nbsp;<\/p>\n<h3>Wo?<\/h3>\n<p>in der N\u00e4he der Held*innenburg<\/p>\n<h3>F\u00fcr wen?<\/h3>\n<p>offen f\u00fcr alle, Projektgruppen und Einzelpersonen, aus dem Dorf oder dem Rest der Welt<\/p>\n<h3>Vereinbarungen<\/h3>\n<p>Koordination der Raumnutzung l\u00e4uft \u00fcber das K20 Projekthaus. F\u00fcr gr\u00f6\u00dfere Gruppen ist der Raum auch tauschlogikfrei buchbar.&nbsp;Wenn du den Raum nutzen magst, frag dort einfach mal nach oder schreib eine Mail an post@k20-projekthaus.de<\/p>\n<img loading=\"lazy\" decoding=\"async\" src=\"https:\/\/utopisches-salzderhelden.de\/wp-content\/uploads\/2022\/04\/relax-g2de2ba689_1920-1024x683-291x362.jpg\" width=\"291\" height=\"362\" title=\"relax-g2de2ba689_1920\" alt=\"relax-g2de2ba689_1920\">","_links":{"self":[{"href":"https:\/\/utopisches-salzderhelden.de\/en\/wp-json\/wp\/v2\/pages\/2146","targetHints":{"allow":["GET"]}}],"collection":[{"href":"https:\/\/utopisches-salzderhelden.de\/en\/wp-json\/wp\/v2\/pages"}],"about":[{"href":"https:\/\/utopisches-salzderhelden.de\/en\/wp-json\/wp\/v2\/types\/page"}],"author":[{"embeddable":true,"href":"https:\/\/utopisches-salzderhelden.de\/en\/wp-json\/wp\/v2\/users\/3"}],"replies":[{"embeddable":true,"href":"https:\/\/utopisches-salzderhelden.de\/en\/wp-json\/wp\/v2\/comments?post=2146"}],"version-history":[{"count":4,"href":"https:\/\/utopisches-salzderhelden.de\/en\/wp-json\/wp\/v2\/pages\/2146\/revisions"}],"predecessor-version":[{"id":2150,"href":"https:\/\/utopisches-salzderhelden.de\/en\/wp-json\/wp\/v2\/pages\/2146\/revisions\/2150"}],"wp:attachment":[{"href":"https:\/\/utopisches-salzderhelden.de\/en\/wp-json\/wp\/v2\/media?parent=2146"}],"curies":[{"name":"wp","href":"https:\/\/api.w.org\/{rel}","templated":true}]}}