{"id":2138,"date":"2022-04-26T12:18:02","date_gmt":"2022-04-26T10:18:02","guid":{"rendered":"https:\/\/utopisches-salzderhelden.de\/?page_id=2138"},"modified":"2023-07-14T12:56:02","modified_gmt":"2023-07-14T10:56:02","slug":"kleingarten","status":"publish","type":"page","link":"https:\/\/utopisches-salzderhelden.de\/en\/kleingarten\/","title":{"rendered":"Karteikarte Kleing\u00e4rten"},"content":{"rendered":"<!--themify_builder_content-->\n<div id=\"themify_builder_content-2138\" data-postid=\"2138\" class=\"themify_builder_content themify_builder_content-2138 themify_builder tf_clear\">\n    \t<!-- module_row -->\n\t<div  data-lazy=\"1\" class=\"module_row themify_builder_row tb_zp3b866 tb_first tf_clearfix\">\n\t    \t\t<div class=\"row_inner col_align_top col-count-1 tf_box tf_w tf_rel\">\n\t\t\t<div  data-lazy=\"1\" class=\"module_column tb-column col-full first tb_wdpi867 tf_box\">\n\t\t\t    \t        <div class=\"tb-column-inner tf_box tf_w\">\n\t\t    <!-- module text -->\n<div  class=\"module module-text tb_m2l4867\" data-lazy=\"1\">\n        <div  class=\"tb_text_wrap\">\n    <h1>Small gardens<\/h1>    <\/div>\n<\/div>\n<!-- \/module text -->\t        <\/div>\n\t    \t<\/div>\n\t\t    <\/div>\n\t    <!-- \/row_inner -->\n\t<\/div>\n\t<!-- \/module_row -->\n\t\t<!-- module_row -->\n\t<div  data-lazy=\"1\" class=\"module_row themify_builder_row tb_64so150 tf_clearfix\">\n\t    \t\t<div class=\"row_inner col_align_top col-count-2 tf_box tf_w tf_rel\"  data-basecol=\"2\" data-col_mobile=\"column-full\">\n\t\t\t<div  data-lazy=\"1\" style=\"width: 56.8%\" class=\"module_column tb-column col4-2 first tb_ryu7151 tf_box\">\n\t\t\t    \t        <div class=\"tb-column-inner tf_box tf_w\">\n\t\t    \t<div  data-lazy=\"1\" class=\"module_subrow themify_builder_sub_row tb_lpl2152 tf_w tf_clearfix\">\n\t    \t\t<div class=\"subrow_inner col_align_top col_auto_height col-count-2 tf_box tf_w\">\n\t\t\t<div  style=\"width: 26.8%\" data-lazy=\"1\" class=\"sub_column module_column tf_box col4-2 first tb_omi0153\"> \n\t    \t    \t        <div class=\"tb-column-inner tf_box tf_w\">\n\t\t    <!-- module text -->\n<div  class=\"module module-text tb_i7v4153\" data-lazy=\"1\">\n        <div  class=\"tb_text_wrap\">\n    <h3>What?<\/h3>    <\/div>\n<\/div>\n<!-- \/module text -->\t        <\/div>\n\t    \t<\/div>\n\t\t<div  style=\"width: 70%\" data-lazy=\"1\" class=\"sub_column module_column tf_box col4-2 last tb_4ett153\"> \n\t    \t    \t        <div class=\"tb-column-inner tf_box tf_w\">\n\t\t    <!-- module text -->\n<div  class=\"module module-text tb_ib8d153\" data-lazy=\"1\">\n        <div  class=\"tb_text_wrap\">\n    <p>zwei offene Kleing\u00e4rten zum Anbauen von Gem\u00fcse und Entspannen im Gr\u00fcnen oder am Lagerfeuer<\/p>    <\/div>\n<\/div>\n<!-- \/module text -->\t        <\/div>\n\t    \t<\/div>\n\t\t    <\/div>\n\t<\/div><!-- \/themify_builder_sub_row -->\n\t\t<div  data-lazy=\"1\" class=\"module_subrow themify_builder_sub_row tb_6oxz154 tf_w tf_clearfix\">\n\t    \t\t<div class=\"subrow_inner col_align_top col_auto_height col-count-2 tf_box tf_w\">\n\t\t\t<div  style=\"width: 26.8%\" data-lazy=\"1\" class=\"sub_column module_column tf_box col4-2 first tb_0hi7154\"> \n\t    \t    \t        <div class=\"tb-column-inner tf_box tf_w\">\n\t\t    <!-- module text -->\n<div  class=\"module module-text tb_wcxb157\" data-lazy=\"1\">\n        <div  class=\"tb_text_wrap\">\n    <h3>Where?<\/h3>    <\/div>\n<\/div>\n<!-- \/module text -->\t        <\/div>\n\t    \t<\/div>\n\t\t<div  style=\"width: 70%\" data-lazy=\"1\" class=\"sub_column module_column tf_box col4-2 last tb_ohch157\" > \n\t    \t    \t        <div class=\"tb-column-inner tf_box tf_w\">\n\t\t    <!-- module text -->\n<div  class=\"module module-text tb_dt2m157\" data-lazy=\"1\">\n        <div  class=\"tb_text_wrap\">\n    <p>in der Kleingartenanlage bei der Saline, Parzellen-Nr. 32 und 33, dort wo das gelbe Gew\u00e4chshaus steht<\/p>    <\/div>\n<\/div>\n<!-- \/module text -->\t        <\/div>\n\t    \t<\/div>\n\t\t    <\/div>\n\t<\/div><!-- \/themify_builder_sub_row -->\n\t\t<div  data-lazy=\"1\" class=\"module_subrow themify_builder_sub_row tb_46y4157 tf_w tf_clearfix\">\n\t    \t\t<div class=\"subrow_inner col_align_top col_auto_height col-count-2 tf_box tf_w\">\n\t\t\t<div  style=\"width: 26.8%\" data-lazy=\"1\" class=\"sub_column module_column tf_box col4-2 first tb_8mbg158\"> \n\t    \t    \t        <div class=\"tb-column-inner tf_box tf_w\">\n\t\t    <!-- module text -->\n<div  class=\"module module-text tb_rd97158\" data-lazy=\"1\">\n        <div  class=\"tb_text_wrap\">\n    <h3>For whom?<\/h3>    <\/div>\n<\/div>\n<!-- \/module text -->\t        <\/div>\n\t    \t<\/div>\n\t\t<div  style=\"width: 70%\" data-lazy=\"1\" class=\"sub_column module_column tf_box col4-2 last tb_mxce158\"> \n\t    \t    \t        <div class=\"tb-column-inner tf_box tf_w\">\n\t\t    <!-- module text -->\n<div  class=\"module module-text tb_y8la158\" data-lazy=\"1\">\n        <div  class=\"tb_text_wrap\">\n    <p>offen f\u00fcr alle, Projektgruppen und Einzelpersonen, aus dem Dorf oder dem Rest der Welt<\/p>    <\/div>\n<\/div>\n<!-- \/module text -->\t        <\/div>\n\t    \t<\/div>\n\t\t    <\/div>\n\t<\/div><!-- \/themify_builder_sub_row -->\n\t\t<div  data-lazy=\"1\" class=\"module_subrow themify_builder_sub_row tb_xuat158 tf_w tf_clearfix\">\n\t    \t\t<div class=\"subrow_inner col_align_top col_auto_height col-count-2 tf_box tf_w\">\n\t\t\t<div  style=\"width: 26.8%\" data-lazy=\"1\" class=\"sub_column module_column tf_box col4-2 first tb_dlhf159\"> \n\t    \t    \t        <div class=\"tb-column-inner tf_box tf_w\">\n\t\t    <!-- module text -->\n<div  class=\"module module-text tb_90yy159\" data-lazy=\"1\">\n        <div  class=\"tb_text_wrap\">\n    <h3>Agreements<\/h3>    <\/div>\n<\/div>\n<!-- \/module text -->\t        <\/div>\n\t    \t<\/div>\n\t\t<div  style=\"width: 70%\" data-lazy=\"1\" class=\"sub_column module_column tf_box col4-2 last tb_n0p5159\"> \n\t    \t    \t        <div class=\"tb-column-inner tf_box tf_w\">\n\t\t    <!-- module text -->\n<div  class=\"module module-text tb_dkfq159\" data-lazy=\"1\">\n        <div  class=\"tb_text_wrap\">\n    <p>alle sind herzlich eingeladen hier frei zu g\u00e4rtnern oder zu entspannen, dabei bitte die Pflanzen in den Beeten m\u00f6glichst am Leben lassen &lt;3<\/p>    <\/div>\n<\/div>\n<!-- \/module text -->\t        <\/div>\n\t    \t<\/div>\n\t\t    <\/div>\n\t<\/div><!-- \/themify_builder_sub_row -->\n\t\t        <\/div>\n\t    \t<\/div>\n\t\t<div  data-lazy=\"1\" style=\"width: 40%\" class=\"module_column tb-column col4-2 last tb_6c1c160 tf_box\">\n\t\t\t    \t        <div class=\"tb-column-inner tf_box tf_w\">\n\t\t    <!-- module image -->\n<div  class=\"module module-image tb_bejg160   image-top auto_fullwidth tf_mw\" data-lazy=\"1\">\n        <div class=\"image-wrap tf_rel tf_mw\">\n\t\t    <img loading=\"lazy\" decoding=\"async\" src=\"https:\/\/utopisches-salzderhelden.de\/wp-content\/uploads\/2023\/07\/photo_2023-07-14_12-53-21-1024x768-389x327.jpg\" width=\"389\" height=\"327\" class=\"wp-post-image wp-image-2803\" title=\"photo_2023-07-14_12-53-21\" alt=\"photo_2023-07-14_12-53-21\" srcset=\"https:\/\/utopisches-salzderhelden.de\/wp-content\/uploads\/2023\/07\/photo_2023-07-14_12-53-21-1024x768-389x327.jpg 389w, https:\/\/utopisches-salzderhelden.de\/wp-content\/uploads\/2023\/07\/photo_2023-07-14_12-53-21-16x12.jpg 16w\" sizes=\"auto, (max-width: 389px) 100vw, 389px\" \/>\t\n\t\t<\/div>\n\t<!-- \/image-wrap -->\n    \n    \t<\/div>\n<!-- \/module image -->\t        <\/div>\n\t    \t<\/div>\n\t\t    <\/div>\n\t    <!-- \/row_inner -->\n\t<\/div>\n\t<!-- \/module_row -->\n\t<\/div>\n<!--\/themify_builder_content-->","protected":false},"excerpt":{"rendered":"<p>Kleing\u00e4rten Was? zwei offene Kleing\u00e4rten zum Anbauen von Gem\u00fcse und Entspannen im Gr\u00fcnen oder am Lagerfeuer Wo? in der Kleingartenanlage bei der Saline, Parzellen-Nr. 32 und 33, dort wo das gelbe Gew\u00e4chshaus steht F\u00fcr wen? offen f\u00fcr alle, Projektgruppen und Einzelpersonen, aus dem Dorf oder dem Rest der Welt Vereinbarungen alle sind herzlich eingeladen hier [&hellip;]<\/p>","protected":false},"author":3,"featured_media":0,"parent":0,"menu_order":0,"comment_status":"closed","ping_status":"closed","template":"","meta":{"footnotes":""},"class_list":["post-2138","page","type-page","status-publish","hentry","has-post-title","has-post-date","has-post-category","has-post-tag","has-post-comment","has-post-author",""],"yoast_head":"<!-- This site is optimized with the Yoast SEO plugin v24.2 - https:\/\/yoast.com\/wordpress\/plugins\/seo\/ -->\n<title>Karteikarte Kleing\u00e4rten - Utopisches Salzderhelden<\/title>\n<meta name=\"robots\" content=\"index, follow, max-snippet:-1, max-image-preview:large, max-video-preview:-1\" \/>\n<link rel=\"canonical\" href=\"https:\/\/utopisches-salzderhelden.de\/en\/kleingarten\/\" \/>\n<meta property=\"og:locale\" content=\"en_US\" \/>\n<meta property=\"og:type\" content=\"article\" \/>\n<meta property=\"og:title\" content=\"Karteikarte Kleing\u00e4rten - Utopisches Salzderhelden\" \/>\n<meta property=\"og:description\" content=\"Kleing\u00e4rten Was? zwei offene Kleing\u00e4rten zum Anbauen von Gem\u00fcse und Entspannen im Gr\u00fcnen oder am Lagerfeuer Wo? in der Kleingartenanlage bei der Saline, Parzellen-Nr. 32 und 33, dort wo das gelbe Gew\u00e4chshaus steht F\u00fcr wen? offen f\u00fcr alle, Projektgruppen und Einzelpersonen, aus dem Dorf oder dem Rest der Welt Vereinbarungen alle sind herzlich eingeladen hier [&hellip;]\" \/>\n<meta property=\"og:url\" content=\"https:\/\/utopisches-salzderhelden.de\/en\/kleingarten\/\" \/>\n<meta property=\"og:site_name\" content=\"Utopisches Salzderhelden\" \/>\n<meta property=\"article:modified_time\" content=\"2023-07-14T10:56:02+00:00\" \/>\n<meta property=\"og:image\" content=\"https:\/\/utopisches-salzderhelden.de\/wp-content\/uploads\/2022\/04\/photo_2022-02-11_12-44-52-819x1024-343x427.jpg\" \/>\n<meta name=\"twitter:card\" content=\"summary_large_image\" \/>\n<script type=\"application\/ld+json\" class=\"yoast-schema-graph\">{\"@context\":\"https:\/\/schema.org\",\"@graph\":[{\"@type\":\"WebPage\",\"@id\":\"https:\/\/utopisches-salzderhelden.de\/kleingarten\/\",\"url\":\"https:\/\/utopisches-salzderhelden.de\/kleingarten\/\",\"name\":\"Karteikarte Kleing\u00e4rten - Utopisches Salzderhelden\",\"isPartOf\":{\"@id\":\"https:\/\/utopisches-salzderhelden.de\/#website\"},\"primaryImageOfPage\":{\"@id\":\"https:\/\/utopisches-salzderhelden.de\/kleingarten\/#primaryimage\"},\"image\":{\"@id\":\"https:\/\/utopisches-salzderhelden.de\/kleingarten\/#primaryimage\"},\"thumbnailUrl\":\"https:\/\/utopisches-salzderhelden.de\/wp-content\/uploads\/2023\/07\/photo_2023-07-14_12-53-21-1024x768-389x327.jpg\",\"datePublished\":\"2022-04-26T10:18:02+00:00\",\"dateModified\":\"2023-07-14T10:56:02+00:00\",\"breadcrumb\":{\"@id\":\"https:\/\/utopisches-salzderhelden.de\/kleingarten\/#breadcrumb\"},\"inLanguage\":\"en-US\",\"potentialAction\":[{\"@type\":\"ReadAction\",\"target\":[\"https:\/\/utopisches-salzderhelden.de\/kleingarten\/\"]}]},{\"@type\":\"ImageObject\",\"inLanguage\":\"en-US\",\"@id\":\"https:\/\/utopisches-salzderhelden.de\/kleingarten\/#primaryimage\",\"url\":\"https:\/\/utopisches-salzderhelden.de\/wp-content\/uploads\/2023\/07\/photo_2023-07-14_12-53-21-1024x768-389x327.jpg\",\"contentUrl\":\"https:\/\/utopisches-salzderhelden.de\/wp-content\/uploads\/2023\/07\/photo_2023-07-14_12-53-21-1024x768-389x327.jpg\"},{\"@type\":\"BreadcrumbList\",\"@id\":\"https:\/\/utopisches-salzderhelden.de\/kleingarten\/#breadcrumb\",\"itemListElement\":[{\"@type\":\"ListItem\",\"position\":1,\"name\":\"Startseite\",\"item\":\"https:\/\/utopisches-salzderhelden.de\/\"},{\"@type\":\"ListItem\",\"position\":2,\"name\":\"Karteikarte Kleing\u00e4rten\"}]},{\"@type\":\"WebSite\",\"@id\":\"https:\/\/utopisches-salzderhelden.de\/#website\",\"url\":\"https:\/\/utopisches-salzderhelden.de\/\",\"name\":\"Utopisches Salzderhelden\",\"description\":\"Tauschlogikfrei, hierarchiekritisch und solidarisch\",\"publisher\":{\"@id\":\"https:\/\/utopisches-salzderhelden.de\/#organization\"},\"potentialAction\":[{\"@type\":\"SearchAction\",\"target\":{\"@type\":\"EntryPoint\",\"urlTemplate\":\"https:\/\/utopisches-salzderhelden.de\/?s={search_term_string}\"},\"query-input\":{\"@type\":\"PropertyValueSpecification\",\"valueRequired\":true,\"valueName\":\"search_term_string\"}}],\"inLanguage\":\"en-US\"},{\"@type\":\"Organization\",\"@id\":\"https:\/\/utopisches-salzderhelden.de\/#organization\",\"name\":\"Utopisches Salzderhelden\",\"url\":\"https:\/\/utopisches-salzderhelden.de\/\",\"logo\":{\"@type\":\"ImageObject\",\"inLanguage\":\"en-US\",\"@id\":\"https:\/\/utopisches-salzderhelden.de\/#\/schema\/logo\/image\/\",\"url\":\"https:\/\/utopisches-salzderhelden.de\/wp-content\/uploads\/2022\/04\/WI_SDH.png\",\"contentUrl\":\"https:\/\/utopisches-salzderhelden.de\/wp-content\/uploads\/2022\/04\/WI_SDH.png\",\"width\":9182,\"height\":1757,\"caption\":\"Utopisches Salzderhelden\"},\"image\":{\"@id\":\"https:\/\/utopisches-salzderhelden.de\/#\/schema\/logo\/image\/\"}}]}<\/script>\n<!-- \/ Yoast SEO plugin. -->","yoast_head_json":{"title":"Karteikarte Kleing\u00e4rten - Utopisches Salzderhelden","robots":{"index":"index","follow":"follow","max-snippet":"max-snippet:-1","max-image-preview":"max-image-preview:large","max-video-preview":"max-video-preview:-1"},"canonical":"https:\/\/utopisches-salzderhelden.de\/en\/kleingarten\/","og_locale":"en_US","og_type":"article","og_title":"Karteikarte Kleing\u00e4rten - Utopisches Salzderhelden","og_description":"Kleing\u00e4rten Was? zwei offene Kleing\u00e4rten zum Anbauen von Gem\u00fcse und Entspannen im Gr\u00fcnen oder am Lagerfeuer Wo? in der Kleingartenanlage bei der Saline, Parzellen-Nr. 32 und 33, dort wo das gelbe Gew\u00e4chshaus steht F\u00fcr wen? offen f\u00fcr alle, Projektgruppen und Einzelpersonen, aus dem Dorf oder dem Rest der Welt Vereinbarungen alle sind herzlich eingeladen hier [&hellip;]","og_url":"https:\/\/utopisches-salzderhelden.de\/en\/kleingarten\/","og_site_name":"Utopisches Salzderhelden","article_modified_time":"2023-07-14T10:56:02+00:00","og_image":[{"url":"https:\/\/utopisches-salzderhelden.de\/wp-content\/uploads\/2022\/04\/photo_2022-02-11_12-44-52-819x1024-343x427.jpg","type":"","width":"","height":""}],"twitter_card":"summary_large_image","schema":{"@context":"https:\/\/schema.org","@graph":[{"@type":"WebPage","@id":"https:\/\/utopisches-salzderhelden.de\/kleingarten\/","url":"https:\/\/utopisches-salzderhelden.de\/kleingarten\/","name":"Karteikarte Kleing\u00e4rten - Utopisches Salzderhelden","isPartOf":{"@id":"https:\/\/utopisches-salzderhelden.de\/#website"},"primaryImageOfPage":{"@id":"https:\/\/utopisches-salzderhelden.de\/kleingarten\/#primaryimage"},"image":{"@id":"https:\/\/utopisches-salzderhelden.de\/kleingarten\/#primaryimage"},"thumbnailUrl":"https:\/\/utopisches-salzderhelden.de\/wp-content\/uploads\/2023\/07\/photo_2023-07-14_12-53-21-1024x768-389x327.jpg","datePublished":"2022-04-26T10:18:02+00:00","dateModified":"2023-07-14T10:56:02+00:00","breadcrumb":{"@id":"https:\/\/utopisches-salzderhelden.de\/kleingarten\/#breadcrumb"},"inLanguage":"en-US","potentialAction":[{"@type":"ReadAction","target":["https:\/\/utopisches-salzderhelden.de\/kleingarten\/"]}]},{"@type":"ImageObject","inLanguage":"en-US","@id":"https:\/\/utopisches-salzderhelden.de\/kleingarten\/#primaryimage","url":"https:\/\/utopisches-salzderhelden.de\/wp-content\/uploads\/2023\/07\/photo_2023-07-14_12-53-21-1024x768-389x327.jpg","contentUrl":"https:\/\/utopisches-salzderhelden.de\/wp-content\/uploads\/2023\/07\/photo_2023-07-14_12-53-21-1024x768-389x327.jpg"},{"@type":"BreadcrumbList","@id":"https:\/\/utopisches-salzderhelden.de\/kleingarten\/#breadcrumb","itemListElement":[{"@type":"ListItem","position":1,"name":"Startseite","item":"https:\/\/utopisches-salzderhelden.de\/"},{"@type":"ListItem","position":2,"name":"Karteikarte Kleing\u00e4rten"}]},{"@type":"WebSite","@id":"https:\/\/utopisches-salzderhelden.de\/#website","url":"https:\/\/utopisches-salzderhelden.de\/","name":"Utopisches Salzderhelden","description":"Tauschlogikfrei, hierarchiekritisch und solidarisch","publisher":{"@id":"https:\/\/utopisches-salzderhelden.de\/#organization"},"potentialAction":[{"@type":"SearchAction","target":{"@type":"EntryPoint","urlTemplate":"https:\/\/utopisches-salzderhelden.de\/?s={search_term_string}"},"query-input":{"@type":"PropertyValueSpecification","valueRequired":true,"valueName":"search_term_string"}}],"inLanguage":"en-US"},{"@type":"Organization","@id":"https:\/\/utopisches-salzderhelden.de\/#organization","name":"Utopisches Salzderhelden","url":"https:\/\/utopisches-salzderhelden.de\/","logo":{"@type":"ImageObject","inLanguage":"en-US","@id":"https:\/\/utopisches-salzderhelden.de\/#\/schema\/logo\/image\/","url":"https:\/\/utopisches-salzderhelden.de\/wp-content\/uploads\/2022\/04\/WI_SDH.png","contentUrl":"https:\/\/utopisches-salzderhelden.de\/wp-content\/uploads\/2022\/04\/WI_SDH.png","width":9182,"height":1757,"caption":"Utopisches Salzderhelden"},"image":{"@id":"https:\/\/utopisches-salzderhelden.de\/#\/schema\/logo\/image\/"}}]}},"builder_content":"<h1>Kleing\u00e4rten<\/h1>\n<h3>Was?<\/h3>\n<p>zwei offene Kleing\u00e4rten zum Anbauen von Gem\u00fcse und Entspannen im Gr\u00fcnen oder am Lagerfeuer<\/p>\n<h3>Wo?<\/h3>\n<p>in der Kleingartenanlage bei der Saline, Parzellen-Nr. 32 und 33, dort wo das gelbe Gew\u00e4chshaus steht<\/p>\n<h3>F\u00fcr wen?<\/h3>\n<p>offen f\u00fcr alle, Projektgruppen und Einzelpersonen, aus dem Dorf oder dem Rest der Welt<\/p>\n<h3>Vereinbarungen<\/h3>\n<p>alle sind herzlich eingeladen hier frei zu g\u00e4rtnern oder zu entspannen, dabei bitte die Pflanzen in den Beeten m\u00f6glichst am Leben lassen &lt;3<\/p>\n<img loading=\"lazy\" decoding=\"async\" src=\"https:\/\/utopisches-salzderhelden.de\/wp-content\/uploads\/2023\/07\/photo_2023-07-14_12-53-21-1024x768-389x327.jpg\" width=\"389\" height=\"327\" title=\"photo_2023-07-14_12-53-21\" alt=\"photo_2023-07-14_12-53-21\" srcset=\"https:\/\/utopisches-salzderhelden.de\/wp-content\/uploads\/2023\/07\/photo_2023-07-14_12-53-21-1024x768-389x327.jpg 389w, https:\/\/utopisches-salzderhelden.de\/wp-content\/uploads\/2023\/07\/photo_2023-07-14_12-53-21-16x12.jpg 16w\" sizes=\"auto, (max-width: 389px) 100vw, 389px\" \/>","_links":{"self":[{"href":"https:\/\/utopisches-salzderhelden.de\/en\/wp-json\/wp\/v2\/pages\/2138","targetHints":{"allow":["GET"]}}],"collection":[{"href":"https:\/\/utopisches-salzderhelden.de\/en\/wp-json\/wp\/v2\/pages"}],"about":[{"href":"https:\/\/utopisches-salzderhelden.de\/en\/wp-json\/wp\/v2\/types\/page"}],"author":[{"embeddable":true,"href":"https:\/\/utopisches-salzderhelden.de\/en\/wp-json\/wp\/v2\/users\/3"}],"replies":[{"embeddable":true,"href":"https:\/\/utopisches-salzderhelden.de\/en\/wp-json\/wp\/v2\/comments?post=2138"}],"version-history":[{"count":10,"href":"https:\/\/utopisches-salzderhelden.de\/en\/wp-json\/wp\/v2\/pages\/2138\/revisions"}],"predecessor-version":[{"id":2806,"href":"https:\/\/utopisches-salzderhelden.de\/en\/wp-json\/wp\/v2\/pages\/2138\/revisions\/2806"}],"wp:attachment":[{"href":"https:\/\/utopisches-salzderhelden.de\/en\/wp-json\/wp\/v2\/media?parent=2138"}],"curies":[{"name":"wp","href":"https:\/\/api.w.org\/{rel}","templated":true}]}}