{"id":2134,"date":"2022-04-26T12:03:39","date_gmt":"2022-04-26T10:03:39","guid":{"rendered":"https:\/\/utopisches-salzderhelden.de\/?page_id=2134"},"modified":"2023-03-20T03:03:43","modified_gmt":"2023-03-20T02:03:43","slug":"bandproberaum","status":"publish","type":"page","link":"https:\/\/utopisches-salzderhelden.de\/en\/bandproberaum\/","title":{"rendered":"Karteikarte Bandproberaum"},"content":{"rendered":"<!--themify_builder_content-->\n<div id=\"themify_builder_content-2134\" data-postid=\"2134\" class=\"themify_builder_content themify_builder_content-2134 themify_builder tf_clear\">\n    \t<!-- module_row -->\n\t<div  data-lazy=\"1\" class=\"module_row themify_builder_row tb_il58626 tb_first tf_clearfix\">\n\t    \t\t<div class=\"row_inner col_align_top col-count-1 tf_box tf_w tf_rel\">\n\t\t\t<div  data-lazy=\"1\" class=\"module_column tb-column col-full first tb_ck2z626 tf_box\">\n\t\t\t    \t        <div class=\"tb-column-inner tf_box tf_w\">\n\t\t    <!-- module text -->\n<div  class=\"module module-text tb_skfz626\" data-lazy=\"1\">\n        <div  class=\"tb_text_wrap\">\n    <h1>Band rehearsal room<\/h1>    <\/div>\n<\/div>\n<!-- \/module text -->\t        <\/div>\n\t    \t<\/div>\n\t\t    <\/div>\n\t    <!-- \/row_inner -->\n\t<\/div>\n\t<!-- \/module_row -->\n\t\t<!-- module_row -->\n\t<div  data-lazy=\"1\" class=\"module_row themify_builder_row tb_pvd6824 tf_clearfix\">\n\t    \t\t<div class=\"row_inner col_align_top col-count-2 tf_box tf_w tf_rel\">\n\t\t\t<div  data-lazy=\"1\" style=\"width: 56.8%\" class=\"module_column tb-column col4-2 first tb_g4o6824 tf_box\">\n\t\t\t    \t        <div class=\"tb-column-inner tf_box tf_w\">\n\t\t    \t<div  data-lazy=\"1\" class=\"module_subrow themify_builder_sub_row tb_cjyj825 tf_w tf_clearfix\">\n\t    \t\t<div class=\"subrow_inner col_align_top col_auto_height col-count-2 tf_box tf_w\">\n\t\t\t<div  style=\"width: 26.8%\" data-lazy=\"1\" class=\"sub_column module_column tf_box col4-2 first tb_rr3u827\"> \n\t    \t    \t        <div class=\"tb-column-inner tf_box tf_w\">\n\t\t    <!-- module text -->\n<div  class=\"module module-text tb_vjss827\" data-lazy=\"1\">\n        <div  class=\"tb_text_wrap\">\n    <h3>What?<\/h3>    <\/div>\n<\/div>\n<!-- \/module text -->\t        <\/div>\n\t    \t<\/div>\n\t\t<div  style=\"width: 70%\" data-lazy=\"1\" class=\"sub_column module_column tf_box col4-2 last tb_cslu827\"> \n\t    \t    \t        <div class=\"tb-column-inner tf_box tf_w\">\n\t\t    <!-- module text -->\n<div  class=\"module module-text tb_9w3n827\" data-lazy=\"1\">\n        <div  class=\"tb_text_wrap\">\n    <p>Bandproberaum f\u00fcr Bands und Einzelmusiker*innen<\/p>    <\/div>\n<\/div>\n<!-- \/module text -->\t        <\/div>\n\t    \t<\/div>\n\t\t    <\/div>\n\t<\/div><!-- \/themify_builder_sub_row -->\n\t\t<div  data-lazy=\"1\" class=\"module_subrow themify_builder_sub_row tb_pjvp828 tf_w tf_clearfix\">\n\t    \t\t<div class=\"subrow_inner col_align_top col_auto_height col-count-2 tf_box tf_w\">\n\t\t\t<div  style=\"width: 26.8%\" data-lazy=\"1\" class=\"sub_column module_column tf_box col4-2 first tb_643d828\"> \n\t    \t    \t        <div class=\"tb-column-inner tf_box tf_w\">\n\t\t    <!-- module text -->\n<div  class=\"module module-text tb_sim2828\" data-lazy=\"1\">\n        <div  class=\"tb_text_wrap\">\n    <h3>Where?<\/h3>    <\/div>\n<\/div>\n<!-- \/module text -->\t        <\/div>\n\t    \t<\/div>\n\t\t<div  style=\"width: 70%\" data-lazy=\"1\" class=\"sub_column module_column tf_box col4-2 last tb_bzyh828\" > \n\t    \t    \t        <div class=\"tb-column-inner tf_box tf_w\">\n\t\t    <!-- module text -->\n<div  class=\"module module-text tb_9pl3829\" data-lazy=\"1\">\n        <div  class=\"tb_text_wrap\">\n    <p><b>derzeit nicht nutzbar! Ein neuer Raum wird f\u00fcr den Bandproberaum gesucht. Melde dich gern, wenn du einen Raum in Salzderhelden kennst, wo der offene Bandproberaum hin kann!<\/b><\/p>    <\/div>\n<\/div>\n<!-- \/module text -->\t        <\/div>\n\t    \t<\/div>\n\t\t    <\/div>\n\t<\/div><!-- \/themify_builder_sub_row -->\n\t\t<div  data-lazy=\"1\" class=\"module_subrow themify_builder_sub_row tb_qa67829 tf_w tf_clearfix\">\n\t    \t\t<div class=\"subrow_inner col_align_top col_auto_height col-count-2 tf_box tf_w\">\n\t\t\t<div  style=\"width: 26.8%\" data-lazy=\"1\" class=\"sub_column module_column tf_box col4-2 first tb_9jh1829\"> \n\t    \t    \t        <div class=\"tb-column-inner tf_box tf_w\">\n\t\t    <!-- module text -->\n<div  class=\"module module-text tb_eybo829\" data-lazy=\"1\">\n        <div  class=\"tb_text_wrap\">\n    <h3>For whom?<\/h3>    <\/div>\n<\/div>\n<!-- \/module text -->\t        <\/div>\n\t    \t<\/div>\n\t\t<div  style=\"width: 70%\" data-lazy=\"1\" class=\"sub_column module_column tf_box col4-2 last tb_s76y829\"> \n\t    \t    \t        <div class=\"tb-column-inner tf_box tf_w\">\n\t\t    <!-- module text -->\n<div  class=\"module module-text tb_s1zg830\" data-lazy=\"1\">\n        <div  class=\"tb_text_wrap\">\n    <p>offen f\u00fcr alle, Projektgruppen und Einzelpersonen, aus dem Dorf oder dem Rest der Welt<\/p>    <\/div>\n<\/div>\n<!-- \/module text -->\t        <\/div>\n\t    \t<\/div>\n\t\t    <\/div>\n\t<\/div><!-- \/themify_builder_sub_row -->\n\t\t<div  data-lazy=\"1\" class=\"module_subrow themify_builder_sub_row tb_mr7p830 tf_w tf_clearfix\">\n\t    \t\t<div class=\"subrow_inner col_align_top col_auto_height col-count-2 tf_box tf_w\">\n\t\t\t<div  style=\"width: 26.8%\" data-lazy=\"1\" class=\"sub_column module_column tf_box col4-2 first tb_fj21830\"> \n\t    \t    \t        <div class=\"tb-column-inner tf_box tf_w\">\n\t\t    <!-- module text -->\n<div  class=\"module module-text tb_jyvn830\" data-lazy=\"1\">\n        <div  class=\"tb_text_wrap\">\n    <h3>Agreements<\/h3>    <\/div>\n<\/div>\n<!-- \/module text -->\t        <\/div>\n\t    \t<\/div>\n\t\t<div  style=\"width: 70%\" data-lazy=\"1\" class=\"sub_column module_column tf_box col4-2 last tb_ly97830\"> \n\t    \t    \t        <div class=\"tb-column-inner tf_box tf_w\">\n\t\t    <!-- module text -->\n<div  class=\"module module-text tb_edq7831\" data-lazy=\"1\">\n        <div  class=\"tb_text_wrap\">\n    <p>Alle Nutzenden sind f\u00fcr die Wartung kollektiver Instrumente und Ger\u00e4te verantwortlich. Entsprechend markierte Instrumente oder Ger\u00e4te sind Dauerleihgaben von Einzelpersonen. Bei der Nutzung von z.B. Amps oder Soundanlage sollten unbedingt die Nutzungshinweise beachtet werden oder sich eine Einf\u00fchrung in die richtige Handhabe abgeholt werden. Alle nicht-beschrifteten Instrumente und Ger\u00e4te sind kollektiviert und kein Privateigentum einer Person.<\/p>    <\/div>\n<\/div>\n<!-- \/module text -->\t        <\/div>\n\t    \t<\/div>\n\t\t    <\/div>\n\t<\/div><!-- \/themify_builder_sub_row -->\n\t\t        <\/div>\n\t    \t<\/div>\n\t\t<div  data-lazy=\"1\" style=\"width: 40%\" class=\"module_column tb-column col4-2 last tb_nbn8831 tf_box\">\n\t\t\t    \t        <div class=\"tb-column-inner tf_box tf_w\">\n\t\t    <!-- module image -->\n<div  class=\"module module-image tb_a9p3831   image-top tf_mw\" data-lazy=\"1\">\n        <div class=\"image-wrap tf_rel tf_mw\">\n\t\t    <img loading=\"lazy\" decoding=\"async\" width=\"1920\" height=\"1280\" src=\"https:\/\/utopisches-salzderhelden.de\/wp-content\/uploads\/2022\/04\/drums-2599508_1920.jpg\" class=\"wp-post-image wp-image-53\" title=\"drums-2599508_1920\" alt=\"drums-2599508_1920\" srcset=\"https:\/\/utopisches-salzderhelden.de\/wp-content\/uploads\/2022\/04\/drums-2599508_1920.jpg 1920w, https:\/\/utopisches-salzderhelden.de\/wp-content\/uploads\/2022\/04\/drums-2599508_1920-1024x683-300x200.jpg 300w, https:\/\/utopisches-salzderhelden.de\/wp-content\/uploads\/2022\/04\/drums-2599508_1920-1024x683.jpg 1024w, https:\/\/utopisches-salzderhelden.de\/wp-content\/uploads\/2022\/04\/drums-2599508_1920-768x512.jpg 768w, https:\/\/utopisches-salzderhelden.de\/wp-content\/uploads\/2022\/04\/drums-2599508_1920-1536x1024.jpg 1536w\" sizes=\"auto, (max-width: 1920px) 100vw, 1920px\" \/>\t\n\t\t<\/div>\n\t<!-- \/image-wrap -->\n    \n    \t<\/div>\n<!-- \/module image -->\t        <\/div>\n\t    \t<\/div>\n\t\t    <\/div>\n\t    <!-- \/row_inner -->\n\t<\/div>\n\t<!-- \/module_row -->\n\t<\/div>\n<!--\/themify_builder_content-->","protected":false},"excerpt":{"rendered":"<p>Bandproberaum Was? Bandproberaum f\u00fcr Bands und Einzelmusiker*innen Wo? derzeit nicht nutzbar! Ein neuer Raum wird f\u00fcr den Bandproberaum gesucht. Melde dich gern, wenn du einen Raum in Salzderhelden kennst, wo der offene Bandproberaum hin kann! F\u00fcr wen? offen f\u00fcr alle, Projektgruppen und Einzelpersonen, aus dem Dorf oder dem Rest der Welt Vereinbarungen Alle Nutzenden sind [&hellip;]<\/p>","protected":false},"author":3,"featured_media":0,"parent":0,"menu_order":0,"comment_status":"closed","ping_status":"closed","template":"","meta":{"footnotes":""},"class_list":["post-2134","page","type-page","status-publish","hentry","has-post-title","has-post-date","has-post-category","has-post-tag","has-post-comment","has-post-author",""],"yoast_head":"<!-- This site is optimized with the Yoast SEO plugin v24.2 - https:\/\/yoast.com\/wordpress\/plugins\/seo\/ -->\n<title>Karteikarte Bandproberaum - Utopisches Salzderhelden<\/title>\n<meta name=\"robots\" content=\"index, follow, max-snippet:-1, max-image-preview:large, max-video-preview:-1\" \/>\n<link rel=\"canonical\" href=\"https:\/\/utopisches-salzderhelden.de\/en\/bandproberaum\/\" \/>\n<meta property=\"og:locale\" content=\"en_US\" \/>\n<meta property=\"og:type\" content=\"article\" \/>\n<meta property=\"og:title\" content=\"Karteikarte Bandproberaum - Utopisches Salzderhelden\" \/>\n<meta property=\"og:description\" content=\"Bandproberaum Was? Bandproberaum f\u00fcr Bands und Einzelmusiker*innen Wo? derzeit nicht nutzbar! Ein neuer Raum wird f\u00fcr den Bandproberaum gesucht. Melde dich gern, wenn du einen Raum in Salzderhelden kennst, wo der offene Bandproberaum hin kann! F\u00fcr wen? offen f\u00fcr alle, Projektgruppen und Einzelpersonen, aus dem Dorf oder dem Rest der Welt Vereinbarungen Alle Nutzenden sind [&hellip;]\" \/>\n<meta property=\"og:url\" content=\"https:\/\/utopisches-salzderhelden.de\/en\/bandproberaum\/\" \/>\n<meta property=\"og:site_name\" content=\"Utopisches Salzderhelden\" \/>\n<meta property=\"article:modified_time\" content=\"2023-03-20T02:03:43+00:00\" \/>\n<meta property=\"og:image\" content=\"https:\/\/utopisches-salzderhelden.de\/wp-content\/uploads\/2022\/04\/drums-2599508_1920.jpg\" \/>\n<meta name=\"twitter:card\" content=\"summary_large_image\" \/>\n<script type=\"application\/ld+json\" class=\"yoast-schema-graph\">{\"@context\":\"https:\/\/schema.org\",\"@graph\":[{\"@type\":\"WebPage\",\"@id\":\"https:\/\/utopisches-salzderhelden.de\/bandproberaum\/\",\"url\":\"https:\/\/utopisches-salzderhelden.de\/bandproberaum\/\",\"name\":\"Karteikarte Bandproberaum - Utopisches Salzderhelden\",\"isPartOf\":{\"@id\":\"https:\/\/utopisches-salzderhelden.de\/#website\"},\"primaryImageOfPage\":{\"@id\":\"https:\/\/utopisches-salzderhelden.de\/bandproberaum\/#primaryimage\"},\"image\":{\"@id\":\"https:\/\/utopisches-salzderhelden.de\/bandproberaum\/#primaryimage\"},\"thumbnailUrl\":\"https:\/\/utopisches-salzderhelden.de\/wp-content\/uploads\/2022\/04\/drums-2599508_1920.jpg\",\"datePublished\":\"2022-04-26T10:03:39+00:00\",\"dateModified\":\"2023-03-20T02:03:43+00:00\",\"breadcrumb\":{\"@id\":\"https:\/\/utopisches-salzderhelden.de\/bandproberaum\/#breadcrumb\"},\"inLanguage\":\"en-US\",\"potentialAction\":[{\"@type\":\"ReadAction\",\"target\":[\"https:\/\/utopisches-salzderhelden.de\/bandproberaum\/\"]}]},{\"@type\":\"ImageObject\",\"inLanguage\":\"en-US\",\"@id\":\"https:\/\/utopisches-salzderhelden.de\/bandproberaum\/#primaryimage\",\"url\":\"https:\/\/utopisches-salzderhelden.de\/wp-content\/uploads\/2022\/04\/drums-2599508_1920.jpg\",\"contentUrl\":\"https:\/\/utopisches-salzderhelden.de\/wp-content\/uploads\/2022\/04\/drums-2599508_1920.jpg\"},{\"@type\":\"BreadcrumbList\",\"@id\":\"https:\/\/utopisches-salzderhelden.de\/bandproberaum\/#breadcrumb\",\"itemListElement\":[{\"@type\":\"ListItem\",\"position\":1,\"name\":\"Startseite\",\"item\":\"https:\/\/utopisches-salzderhelden.de\/\"},{\"@type\":\"ListItem\",\"position\":2,\"name\":\"Karteikarte Bandproberaum\"}]},{\"@type\":\"WebSite\",\"@id\":\"https:\/\/utopisches-salzderhelden.de\/#website\",\"url\":\"https:\/\/utopisches-salzderhelden.de\/\",\"name\":\"Utopisches Salzderhelden\",\"description\":\"Tauschlogikfrei, hierarchiekritisch und solidarisch\",\"publisher\":{\"@id\":\"https:\/\/utopisches-salzderhelden.de\/#organization\"},\"potentialAction\":[{\"@type\":\"SearchAction\",\"target\":{\"@type\":\"EntryPoint\",\"urlTemplate\":\"https:\/\/utopisches-salzderhelden.de\/?s={search_term_string}\"},\"query-input\":{\"@type\":\"PropertyValueSpecification\",\"valueRequired\":true,\"valueName\":\"search_term_string\"}}],\"inLanguage\":\"en-US\"},{\"@type\":\"Organization\",\"@id\":\"https:\/\/utopisches-salzderhelden.de\/#organization\",\"name\":\"Utopisches Salzderhelden\",\"url\":\"https:\/\/utopisches-salzderhelden.de\/\",\"logo\":{\"@type\":\"ImageObject\",\"inLanguage\":\"en-US\",\"@id\":\"https:\/\/utopisches-salzderhelden.de\/#\/schema\/logo\/image\/\",\"url\":\"https:\/\/utopisches-salzderhelden.de\/wp-content\/uploads\/2022\/04\/WI_SDH.png\",\"contentUrl\":\"https:\/\/utopisches-salzderhelden.de\/wp-content\/uploads\/2022\/04\/WI_SDH.png\",\"width\":9182,\"height\":1757,\"caption\":\"Utopisches Salzderhelden\"},\"image\":{\"@id\":\"https:\/\/utopisches-salzderhelden.de\/#\/schema\/logo\/image\/\"}}]}<\/script>\n<!-- \/ Yoast SEO plugin. -->","yoast_head_json":{"title":"Karteikarte Bandproberaum - Utopisches Salzderhelden","robots":{"index":"index","follow":"follow","max-snippet":"max-snippet:-1","max-image-preview":"max-image-preview:large","max-video-preview":"max-video-preview:-1"},"canonical":"https:\/\/utopisches-salzderhelden.de\/en\/bandproberaum\/","og_locale":"en_US","og_type":"article","og_title":"Karteikarte Bandproberaum - Utopisches Salzderhelden","og_description":"Bandproberaum Was? Bandproberaum f\u00fcr Bands und Einzelmusiker*innen Wo? derzeit nicht nutzbar! Ein neuer Raum wird f\u00fcr den Bandproberaum gesucht. Melde dich gern, wenn du einen Raum in Salzderhelden kennst, wo der offene Bandproberaum hin kann! F\u00fcr wen? offen f\u00fcr alle, Projektgruppen und Einzelpersonen, aus dem Dorf oder dem Rest der Welt Vereinbarungen Alle Nutzenden sind [&hellip;]","og_url":"https:\/\/utopisches-salzderhelden.de\/en\/bandproberaum\/","og_site_name":"Utopisches Salzderhelden","article_modified_time":"2023-03-20T02:03:43+00:00","og_image":[{"url":"https:\/\/utopisches-salzderhelden.de\/wp-content\/uploads\/2022\/04\/drums-2599508_1920.jpg","type":"","width":"","height":""}],"twitter_card":"summary_large_image","schema":{"@context":"https:\/\/schema.org","@graph":[{"@type":"WebPage","@id":"https:\/\/utopisches-salzderhelden.de\/bandproberaum\/","url":"https:\/\/utopisches-salzderhelden.de\/bandproberaum\/","name":"Karteikarte Bandproberaum - Utopisches Salzderhelden","isPartOf":{"@id":"https:\/\/utopisches-salzderhelden.de\/#website"},"primaryImageOfPage":{"@id":"https:\/\/utopisches-salzderhelden.de\/bandproberaum\/#primaryimage"},"image":{"@id":"https:\/\/utopisches-salzderhelden.de\/bandproberaum\/#primaryimage"},"thumbnailUrl":"https:\/\/utopisches-salzderhelden.de\/wp-content\/uploads\/2022\/04\/drums-2599508_1920.jpg","datePublished":"2022-04-26T10:03:39+00:00","dateModified":"2023-03-20T02:03:43+00:00","breadcrumb":{"@id":"https:\/\/utopisches-salzderhelden.de\/bandproberaum\/#breadcrumb"},"inLanguage":"en-US","potentialAction":[{"@type":"ReadAction","target":["https:\/\/utopisches-salzderhelden.de\/bandproberaum\/"]}]},{"@type":"ImageObject","inLanguage":"en-US","@id":"https:\/\/utopisches-salzderhelden.de\/bandproberaum\/#primaryimage","url":"https:\/\/utopisches-salzderhelden.de\/wp-content\/uploads\/2022\/04\/drums-2599508_1920.jpg","contentUrl":"https:\/\/utopisches-salzderhelden.de\/wp-content\/uploads\/2022\/04\/drums-2599508_1920.jpg"},{"@type":"BreadcrumbList","@id":"https:\/\/utopisches-salzderhelden.de\/bandproberaum\/#breadcrumb","itemListElement":[{"@type":"ListItem","position":1,"name":"Startseite","item":"https:\/\/utopisches-salzderhelden.de\/"},{"@type":"ListItem","position":2,"name":"Karteikarte Bandproberaum"}]},{"@type":"WebSite","@id":"https:\/\/utopisches-salzderhelden.de\/#website","url":"https:\/\/utopisches-salzderhelden.de\/","name":"Utopisches Salzderhelden","description":"Tauschlogikfrei, hierarchiekritisch und solidarisch","publisher":{"@id":"https:\/\/utopisches-salzderhelden.de\/#organization"},"potentialAction":[{"@type":"SearchAction","target":{"@type":"EntryPoint","urlTemplate":"https:\/\/utopisches-salzderhelden.de\/?s={search_term_string}"},"query-input":{"@type":"PropertyValueSpecification","valueRequired":true,"valueName":"search_term_string"}}],"inLanguage":"en-US"},{"@type":"Organization","@id":"https:\/\/utopisches-salzderhelden.de\/#organization","name":"Utopisches Salzderhelden","url":"https:\/\/utopisches-salzderhelden.de\/","logo":{"@type":"ImageObject","inLanguage":"en-US","@id":"https:\/\/utopisches-salzderhelden.de\/#\/schema\/logo\/image\/","url":"https:\/\/utopisches-salzderhelden.de\/wp-content\/uploads\/2022\/04\/WI_SDH.png","contentUrl":"https:\/\/utopisches-salzderhelden.de\/wp-content\/uploads\/2022\/04\/WI_SDH.png","width":9182,"height":1757,"caption":"Utopisches Salzderhelden"},"image":{"@id":"https:\/\/utopisches-salzderhelden.de\/#\/schema\/logo\/image\/"}}]}},"builder_content":"<h1>Bandproberaum<\/h1>\n<h3>Was?<\/h3>\n<p>Bandproberaum f\u00fcr Bands und Einzelmusiker*innen<\/p>\n<h3>Wo?<\/h3>\n<p><b>derzeit nicht nutzbar! Ein neuer Raum wird f\u00fcr den Bandproberaum gesucht. Melde dich gern, wenn du einen Raum in Salzderhelden kennst, wo der offene Bandproberaum hin kann!<\/b><\/p>\n<h3>F\u00fcr wen?<\/h3>\n<p>offen f\u00fcr alle, Projektgruppen und Einzelpersonen, aus dem Dorf oder dem Rest der Welt<\/p>\n<h3>Vereinbarungen<\/h3>\n<p>Alle Nutzenden sind f\u00fcr die Wartung kollektiver Instrumente und Ger\u00e4te verantwortlich. Entsprechend markierte Instrumente oder Ger\u00e4te sind Dauerleihgaben von Einzelpersonen. Bei der Nutzung von z.B. Amps oder Soundanlage sollten unbedingt die Nutzungshinweise beachtet werden oder sich eine Einf\u00fchrung in die richtige Handhabe abgeholt werden. Alle nicht-beschrifteten Instrumente und Ger\u00e4te sind kollektiviert und kein Privateigentum einer Person.<\/p>\n<img loading=\"lazy\" decoding=\"async\" width=\"1920\" height=\"1280\" src=\"https:\/\/utopisches-salzderhelden.de\/wp-content\/uploads\/2022\/04\/drums-2599508_1920.jpg\" title=\"drums-2599508_1920\" alt=\"drums-2599508_1920\" srcset=\"https:\/\/utopisches-salzderhelden.de\/wp-content\/uploads\/2022\/04\/drums-2599508_1920.jpg 1920w, https:\/\/utopisches-salzderhelden.de\/wp-content\/uploads\/2022\/04\/drums-2599508_1920-1024x683-300x200.jpg 300w, https:\/\/utopisches-salzderhelden.de\/wp-content\/uploads\/2022\/04\/drums-2599508_1920-1024x683.jpg 1024w, https:\/\/utopisches-salzderhelden.de\/wp-content\/uploads\/2022\/04\/drums-2599508_1920-768x512.jpg 768w, https:\/\/utopisches-salzderhelden.de\/wp-content\/uploads\/2022\/04\/drums-2599508_1920-1536x1024.jpg 1536w\" sizes=\"auto, (max-width: 1920px) 100vw, 1920px\" \/>","_links":{"self":[{"href":"https:\/\/utopisches-salzderhelden.de\/en\/wp-json\/wp\/v2\/pages\/2134","targetHints":{"allow":["GET"]}}],"collection":[{"href":"https:\/\/utopisches-salzderhelden.de\/en\/wp-json\/wp\/v2\/pages"}],"about":[{"href":"https:\/\/utopisches-salzderhelden.de\/en\/wp-json\/wp\/v2\/types\/page"}],"author":[{"embeddable":true,"href":"https:\/\/utopisches-salzderhelden.de\/en\/wp-json\/wp\/v2\/users\/3"}],"replies":[{"embeddable":true,"href":"https:\/\/utopisches-salzderhelden.de\/en\/wp-json\/wp\/v2\/comments?post=2134"}],"version-history":[{"count":3,"href":"https:\/\/utopisches-salzderhelden.de\/en\/wp-json\/wp\/v2\/pages\/2134\/revisions"}],"predecessor-version":[{"id":2577,"href":"https:\/\/utopisches-salzderhelden.de\/en\/wp-json\/wp\/v2\/pages\/2134\/revisions\/2577"}],"wp:attachment":[{"href":"https:\/\/utopisches-salzderhelden.de\/en\/wp-json\/wp\/v2\/media?parent=2134"}],"curies":[{"name":"wp","href":"https:\/\/api.w.org\/{rel}","templated":true}]}}