{"id":2109,"date":"2022-04-25T21:00:15","date_gmt":"2022-04-25T19:00:15","guid":{"rendered":"https:\/\/utopisches-salzderhelden.de\/?page_id=2109"},"modified":"2024-10-30T13:40:46","modified_gmt":"2024-10-30T12:40:46","slug":"ffj","status":"publish","type":"page","link":"https:\/\/utopisches-salzderhelden.de\/en\/ffj\/","title":{"rendered":"FFJ"},"content":{"rendered":"<!--themify_builder_content-->\n<div id=\"themify_builder_content-2109\" data-postid=\"2109\" class=\"themify_builder_content themify_builder_content-2109 themify_builder tf_clear\">\n    \t<!-- module_row -->\n\t<div  data-lazy=\"1\" class=\"module_row themify_builder_row tb_enke802 tb_first tf_clearfix\">\n\t    \t\t<div class=\"row_inner col_align_top col-count-1 tf_box tf_w tf_rel\">\n\t\t\t<div  data-lazy=\"1\" class=\"module_column tb-column col-full first tb_kdcp802 tf_box\">\n\t\t\t    \t        <div class=\"tb-column-inner tf_box tf_w\">\n\t\t    <!-- module text -->\n<div  class=\"module module-text tb_xm6r802\" data-lazy=\"1\">\n        <div  class=\"tb_text_wrap\">\n    <h1>Freiwilliges Freies Jahr (FFJ<\/h1>    <\/div>\n<\/div>\n<!-- \/module text -->\t        <\/div>\n\t    \t<\/div>\n\t\t    <\/div>\n\t    <!-- \/row_inner -->\n\t<\/div>\n\t<!-- \/module_row -->\n\t\t<!-- module_row -->\n\t<div  data-lazy=\"1\" class=\"module_row themify_builder_row tb_4gry254 tf_clearfix\">\n\t    \t\t<div class=\"row_inner col_align_top col-count-2 tf_box tf_w tf_rel\">\n\t\t\t<div  data-lazy=\"1\" style=\"width: 56.8%\" class=\"module_column tb-column col4-2 first tb_m6e4255 tf_box\">\n\t\t\t    \t        <div class=\"tb-column-inner tf_box tf_w\">\n\t\t    \t<div  data-lazy=\"1\" class=\"module_subrow themify_builder_sub_row tb_golm256 tf_w tf_clearfix\">\n\t    \t\t<div class=\"subrow_inner col_align_top col_auto_height col-count-2 tf_box tf_w\">\n\t\t\t<div  style=\"width: 26.8%\" data-lazy=\"1\" class=\"sub_column module_column tf_box col4-2 first tb_azpe257\"> \n\t    \t    \t        <div class=\"tb-column-inner tf_box tf_w\">\n\t\t    <!-- module text -->\n<div  class=\"module module-text tb_cn4x257\" data-lazy=\"1\">\n        <div  class=\"tb_text_wrap\">\n    <h3>What?<\/h3>    <\/div>\n<\/div>\n<!-- \/module text -->\t        <\/div>\n\t    \t<\/div>\n\t\t<div  style=\"width: 70%\" data-lazy=\"1\" class=\"sub_column module_column tf_box col4-2 last tb_h8o9257\"> \n\t    \t    \t        <div class=\"tb-column-inner tf_box tf_w\">\n\t\t    <!-- module text -->\n<div  class=\"module module-text tb_gfvo257\" data-lazy=\"1\">\n        <div  class=\"tb_text_wrap\">\n    <p>bed\u00fcrfnisorientiertes mehrmonatiges Vollzeit-Bildungsprogramm, um sich in sozialen, politischen und \u00f6kologischen Themen weiterzubilden und selbstorganisierte Projekte mit anderen zu starten<\/p>\n<p>&nbsp;<\/p>    <\/div>\n<\/div>\n<!-- \/module text -->\t        <\/div>\n\t    \t<\/div>\n\t\t    <\/div>\n\t<\/div><!-- \/themify_builder_sub_row -->\n\t\t<div  data-lazy=\"1\" class=\"module_subrow themify_builder_sub_row tb_ds3p258 tf_w tf_clearfix\">\n\t    \t\t<div class=\"subrow_inner col_align_top col_auto_height col-count-2 tf_box tf_w\">\n\t\t\t<div  style=\"width: 26.8%\" data-lazy=\"1\" class=\"sub_column module_column tf_box col4-2 first tb_igur258\"> \n\t    \t    \t        <div class=\"tb-column-inner tf_box tf_w\">\n\t\t    <!-- module text -->\n<div  class=\"module module-text tb_kxtd258\" data-lazy=\"1\">\n        <div  class=\"tb_text_wrap\">\n    <h3>Where?<\/h3>    <\/div>\n<\/div>\n<!-- \/module text -->\t        <\/div>\n\t    \t<\/div>\n\t\t<div  style=\"width: 70%\" data-lazy=\"1\" class=\"sub_column module_column tf_box col4-2 last tb_8cc2258\" > \n\t    \t    \t        <div class=\"tb-column-inner tf_box tf_w\">\n\t\t    <!-- module text -->\n<div  class=\"module module-text tb_toh6259\" data-lazy=\"1\">\n        <div  class=\"tb_text_wrap\">\n    <p>in Salzderhelden (K20 Projekthaus als Wohnbase)<br>au\u00dferdem ein anderes FFJ: im Kanthaus in Wurzen (bei Leipzig)<\/p>    <\/div>\n<\/div>\n<!-- \/module text -->\t        <\/div>\n\t    \t<\/div>\n\t\t    <\/div>\n\t<\/div><!-- \/themify_builder_sub_row -->\n\t\t<div  data-lazy=\"1\" class=\"module_subrow themify_builder_sub_row tb_bqpe259 tf_w tf_clearfix\">\n\t    \t\t<div class=\"subrow_inner col_align_top col_auto_height col-count-2 tf_box tf_w\">\n\t\t\t<div  style=\"width: 26.8%\" data-lazy=\"1\" class=\"sub_column module_column tf_box col4-2 first tb_1fp7259\"> \n\t    \t    \t        <div class=\"tb-column-inner tf_box tf_w\">\n\t\t    <!-- module text -->\n<div  class=\"module module-text tb_6l9v259\" data-lazy=\"1\">\n        <div  class=\"tb_text_wrap\">\n    <h3>For whom?<\/h3>    <\/div>\n<\/div>\n<!-- \/module text -->\t        <\/div>\n\t    \t<\/div>\n\t\t<div  style=\"width: 70%\" data-lazy=\"1\" class=\"sub_column module_column tf_box col4-2 last tb_im27259\"> \n\t    \t    \t        <div class=\"tb-column-inner tf_box tf_w\">\n\t\t    <!-- module text -->\n<div  class=\"module module-text tb_hx91259\" data-lazy=\"1\">\n        <div  class=\"tb_text_wrap\">\n    <p><strong>als Teilnehmende:<\/strong>&nbsp;<span style=\"background-color: initial; font-size: 1em;\">abh\u00e4ngig von Planung der Initiierenden (meist&nbsp;<\/span><span style=\"background-color: initial; font-size: 1em;\">offen f\u00fcr alle Menschen ab ca. 18 Jahren)<\/span><\/p>\n<p><strong>als Initiator*innen:<\/strong> offen f\u00fcr alle Menschen, die ein FFJ selbst organisieren wollen<\/p>    <\/div>\n<\/div>\n<!-- \/module text -->\t        <\/div>\n\t    \t<\/div>\n\t\t    <\/div>\n\t<\/div><!-- \/themify_builder_sub_row -->\n\t\t<div  data-lazy=\"1\" class=\"module_subrow themify_builder_sub_row tb_roll260 tf_w tf_clearfix\">\n\t    \t\t<div class=\"subrow_inner col_align_top col_auto_height col-count-2 tf_box tf_w\">\n\t\t\t<div  style=\"width: 26.8%\" data-lazy=\"1\" class=\"sub_column module_column tf_box col4-2 first tb_pjj3260\"> \n\t    \t    \t        <div class=\"tb-column-inner tf_box tf_w\">\n\t\t    <!-- module text -->\n<div  class=\"module module-text tb_2tgv260\" data-lazy=\"1\">\n        <div  class=\"tb_text_wrap\">\n    <h3>Agreements<\/h3>    <\/div>\n<\/div>\n<!-- \/module text -->\t        <\/div>\n\t    \t<\/div>\n\t\t<div  style=\"width: 70%\" data-lazy=\"1\" class=\"sub_column module_column tf_box col4-2 last tb_ec8z260\"> \n\t    \t    \t        <div class=\"tb-column-inner tf_box tf_w\">\n\t\t    <!-- module text -->\n<div  class=\"module module-text tb_js5x260\" data-lazy=\"1\">\n        <div  class=\"tb_text_wrap\">\n    <p><b>Teilnehmen:<\/b><\/p><p>derzeit ist kein FFJ fest geplant, das letzte ist im April 2024 zu Ende gegangen<\/p><p><br><b>Initiieren &amp; Mitorganisieren:<\/b><\/p><p>Es gibt derzeit kein festes Planungsteam. Wenn du ein FFJ&nbsp; initiieren und mitorganisieren m\u00f6chtest, ob in Salzderhelden oder anderen Orten, meld dich gern unter kontakt@freiwilliges-freies-jahr.de. Es wird vermutlich 2025 ein Kick-Off Planungstreffen geben, um Menschen zusammenzubringen, die ein oder mehr FFJ organisieren wollen.<\/p>    <\/div>\n<\/div>\n<!-- \/module text -->\t        <\/div>\n\t    \t<\/div>\n\t\t    <\/div>\n\t<\/div><!-- \/themify_builder_sub_row -->\n\t\t<div  data-lazy=\"1\" class=\"module_subrow themify_builder_sub_row tb_keo8261 tf_w tf_clearfix\">\n\t    \t\t<div class=\"subrow_inner col_align_top col_auto_height col-count-2 tf_box tf_w\">\n\t\t\t<div  style=\"width: 26.8%\" data-lazy=\"1\" class=\"sub_column module_column tf_box col4-2 first tb_5rzs261\"> \n\t    \t    \t<\/div>\n\t\t<div  style=\"width: 70%\" data-lazy=\"1\" class=\"sub_column module_column tf_box col4-2 last tb_ha24261\"> \n\t    \t    \t        <div class=\"tb-column-inner tf_box tf_w\">\n\t\t    <!-- module buttons -->\n<div  class=\"module module-buttons tb_6wu2261 buttons-horizontal solid\" data-lazy=\"1\">\n    \t<div class=\"module-buttons-item tf_inline_b\">\n\t\t\t\t\t\t\t<a href=\"https:\/\/freiwilliges-freies-jahr.de\/\" class=\"ui builder_button tb_default_color\" target=\"_blank\" rel=\"noopener\">\n\t\t\t\t\t\t\t\t\t\t\t<span class=\"tf_inline_b tf_vmiddle\">Go to website<\/span>\n\t\t\t\t\t\t\t\t\t\t\t<\/a>\n\t\t\t    \t<\/div>\n\t<\/div>\n<!-- \/module buttons -->\n\t        <\/div>\n\t    \t<\/div>\n\t\t    <\/div>\n\t<\/div><!-- \/themify_builder_sub_row -->\n\t\t        <\/div>\n\t    \t<\/div>\n\t\t<div  data-lazy=\"1\" style=\"width: 40%\" class=\"module_column tb-column col4-2 last tb_wvww261 tf_box\">\n\t\t\t    \t        <div class=\"tb-column-inner tf_box tf_w\">\n\t\t    <!-- module image -->\n<div  class=\"module module-image tb_ypcm262   image-top tf_mw\" data-lazy=\"1\">\n        <div class=\"image-wrap tf_rel tf_mw\">\n\t\t    <img loading=\"lazy\" decoding=\"async\" src=\"https:\/\/utopisches-salzderhelden.de\/wp-content\/uploads\/2022\/04\/FFJ-Logo-393x388.png\" width=\"393\" height=\"388\" class=\"wp-post-image wp-image-2113\" title=\"FFJ in Salzderhelden\" alt=\"FFJ in Salzderhelden\" srcset=\"https:\/\/utopisches-salzderhelden.de\/wp-content\/uploads\/2022\/04\/FFJ-Logo-393x388.png 393w, https:\/\/utopisches-salzderhelden.de\/wp-content\/uploads\/2022\/04\/FFJ-Logo-331x328.png 331w, https:\/\/utopisches-salzderhelden.de\/wp-content\/uploads\/2022\/04\/FFJ-Logo-250x248.png 250w\" sizes=\"auto, (max-width: 393px) 100vw, 393px\" \/>\t\n\t\t<\/div>\n\t<!-- \/image-wrap -->\n    \n    \t<\/div>\n<!-- \/module image -->\t        <\/div>\n\t    \t<\/div>\n\t\t    <\/div>\n\t    <!-- \/row_inner -->\n\t<\/div>\n\t<!-- \/module_row -->\n\t<\/div>\n<!--\/themify_builder_content-->","protected":false},"excerpt":{"rendered":"<p>Freiwilliges Freies Jahr Was? bed\u00fcrfnisorientiertes mehrmonatiges Vollzeit-Bildungsprogramm, um sich in sozialen, politischen und \u00f6kologischen Themen weiterzubilden und selbstorganisierte Projekte mit anderen zu starten &nbsp; Wo? in Salzderhelden (K20 Projekthaus als Wohnbase)au\u00dferdem ein anderes FFJ: im Kanthaus in Wurzen (bei Leipzig) F\u00fcr wen? als Teilnehmende:&nbsp;abh\u00e4ngig von Planung der Initiierenden (meist&nbsp;offen f\u00fcr alle Menschen ab ca. 18 [&hellip;]<\/p>","protected":false},"author":3,"featured_media":0,"parent":0,"menu_order":0,"comment_status":"closed","ping_status":"closed","template":"","meta":{"footnotes":""},"class_list":["post-2109","page","type-page","status-publish","hentry","has-post-title","has-post-date","has-post-category","has-post-tag","has-post-comment","has-post-author",""],"yoast_head":"<!-- This site is optimized with the Yoast SEO plugin v24.2 - https:\/\/yoast.com\/wordpress\/plugins\/seo\/ -->\n<title>FFJ - Utopisches Salzderhelden<\/title>\n<meta name=\"robots\" content=\"index, follow, max-snippet:-1, max-image-preview:large, max-video-preview:-1\" \/>\n<link rel=\"canonical\" href=\"https:\/\/utopisches-salzderhelden.de\/en\/ffj\/\" \/>\n<meta property=\"og:locale\" content=\"en_US\" \/>\n<meta property=\"og:type\" content=\"article\" \/>\n<meta property=\"og:title\" content=\"FFJ - Utopisches Salzderhelden\" \/>\n<meta property=\"og:description\" content=\"Freiwilliges Freies Jahr Was? bed\u00fcrfnisorientiertes mehrmonatiges Vollzeit-Bildungsprogramm, um sich in sozialen, politischen und \u00f6kologischen Themen weiterzubilden und selbstorganisierte Projekte mit anderen zu starten &nbsp; Wo? in Salzderhelden (K20 Projekthaus als Wohnbase)au\u00dferdem ein anderes FFJ: im Kanthaus in Wurzen (bei Leipzig) F\u00fcr wen? als Teilnehmende:&nbsp;abh\u00e4ngig von Planung der Initiierenden (meist&nbsp;offen f\u00fcr alle Menschen ab ca. 18 [&hellip;]\" \/>\n<meta property=\"og:url\" content=\"https:\/\/utopisches-salzderhelden.de\/en\/ffj\/\" \/>\n<meta property=\"og:site_name\" content=\"Utopisches Salzderhelden\" \/>\n<meta property=\"article:modified_time\" content=\"2024-10-30T12:40:46+00:00\" \/>\n<meta property=\"og:image\" content=\"https:\/\/utopisches-salzderhelden.de\/wp-content\/uploads\/2022\/04\/FFJ-Logo-393x388.png\" \/>\n<meta name=\"twitter:card\" content=\"summary_large_image\" \/>\n<script type=\"application\/ld+json\" class=\"yoast-schema-graph\">{\"@context\":\"https:\/\/schema.org\",\"@graph\":[{\"@type\":\"WebPage\",\"@id\":\"https:\/\/utopisches-salzderhelden.de\/ffj\/\",\"url\":\"https:\/\/utopisches-salzderhelden.de\/ffj\/\",\"name\":\"FFJ - Utopisches Salzderhelden\",\"isPartOf\":{\"@id\":\"https:\/\/utopisches-salzderhelden.de\/#website\"},\"primaryImageOfPage\":{\"@id\":\"https:\/\/utopisches-salzderhelden.de\/ffj\/#primaryimage\"},\"image\":{\"@id\":\"https:\/\/utopisches-salzderhelden.de\/ffj\/#primaryimage\"},\"thumbnailUrl\":\"https:\/\/utopisches-salzderhelden.de\/wp-content\/uploads\/2022\/04\/FFJ-Logo-393x388.png\",\"datePublished\":\"2022-04-25T19:00:15+00:00\",\"dateModified\":\"2024-10-30T12:40:46+00:00\",\"breadcrumb\":{\"@id\":\"https:\/\/utopisches-salzderhelden.de\/ffj\/#breadcrumb\"},\"inLanguage\":\"en-US\",\"potentialAction\":[{\"@type\":\"ReadAction\",\"target\":[\"https:\/\/utopisches-salzderhelden.de\/ffj\/\"]}]},{\"@type\":\"ImageObject\",\"inLanguage\":\"en-US\",\"@id\":\"https:\/\/utopisches-salzderhelden.de\/ffj\/#primaryimage\",\"url\":\"https:\/\/utopisches-salzderhelden.de\/wp-content\/uploads\/2022\/04\/FFJ-Logo-393x388.png\",\"contentUrl\":\"https:\/\/utopisches-salzderhelden.de\/wp-content\/uploads\/2022\/04\/FFJ-Logo-393x388.png\"},{\"@type\":\"BreadcrumbList\",\"@id\":\"https:\/\/utopisches-salzderhelden.de\/ffj\/#breadcrumb\",\"itemListElement\":[{\"@type\":\"ListItem\",\"position\":1,\"name\":\"Startseite\",\"item\":\"https:\/\/utopisches-salzderhelden.de\/\"},{\"@type\":\"ListItem\",\"position\":2,\"name\":\"FFJ\"}]},{\"@type\":\"WebSite\",\"@id\":\"https:\/\/utopisches-salzderhelden.de\/#website\",\"url\":\"https:\/\/utopisches-salzderhelden.de\/\",\"name\":\"Utopisches Salzderhelden\",\"description\":\"Tauschlogikfrei, hierarchiekritisch und solidarisch\",\"publisher\":{\"@id\":\"https:\/\/utopisches-salzderhelden.de\/#organization\"},\"potentialAction\":[{\"@type\":\"SearchAction\",\"target\":{\"@type\":\"EntryPoint\",\"urlTemplate\":\"https:\/\/utopisches-salzderhelden.de\/?s={search_term_string}\"},\"query-input\":{\"@type\":\"PropertyValueSpecification\",\"valueRequired\":true,\"valueName\":\"search_term_string\"}}],\"inLanguage\":\"en-US\"},{\"@type\":\"Organization\",\"@id\":\"https:\/\/utopisches-salzderhelden.de\/#organization\",\"name\":\"Utopisches Salzderhelden\",\"url\":\"https:\/\/utopisches-salzderhelden.de\/\",\"logo\":{\"@type\":\"ImageObject\",\"inLanguage\":\"en-US\",\"@id\":\"https:\/\/utopisches-salzderhelden.de\/#\/schema\/logo\/image\/\",\"url\":\"https:\/\/utopisches-salzderhelden.de\/wp-content\/uploads\/2022\/04\/WI_SDH.png\",\"contentUrl\":\"https:\/\/utopisches-salzderhelden.de\/wp-content\/uploads\/2022\/04\/WI_SDH.png\",\"width\":9182,\"height\":1757,\"caption\":\"Utopisches Salzderhelden\"},\"image\":{\"@id\":\"https:\/\/utopisches-salzderhelden.de\/#\/schema\/logo\/image\/\"}}]}<\/script>\n<!-- \/ Yoast SEO plugin. -->","yoast_head_json":{"title":"FFJ - Utopisches Salzderhelden","robots":{"index":"index","follow":"follow","max-snippet":"max-snippet:-1","max-image-preview":"max-image-preview:large","max-video-preview":"max-video-preview:-1"},"canonical":"https:\/\/utopisches-salzderhelden.de\/en\/ffj\/","og_locale":"en_US","og_type":"article","og_title":"FFJ - Utopisches Salzderhelden","og_description":"Freiwilliges Freies Jahr Was? bed\u00fcrfnisorientiertes mehrmonatiges Vollzeit-Bildungsprogramm, um sich in sozialen, politischen und \u00f6kologischen Themen weiterzubilden und selbstorganisierte Projekte mit anderen zu starten &nbsp; Wo? in Salzderhelden (K20 Projekthaus als Wohnbase)au\u00dferdem ein anderes FFJ: im Kanthaus in Wurzen (bei Leipzig) F\u00fcr wen? als Teilnehmende:&nbsp;abh\u00e4ngig von Planung der Initiierenden (meist&nbsp;offen f\u00fcr alle Menschen ab ca. 18 [&hellip;]","og_url":"https:\/\/utopisches-salzderhelden.de\/en\/ffj\/","og_site_name":"Utopisches Salzderhelden","article_modified_time":"2024-10-30T12:40:46+00:00","og_image":[{"url":"https:\/\/utopisches-salzderhelden.de\/wp-content\/uploads\/2022\/04\/FFJ-Logo-393x388.png","type":"","width":"","height":""}],"twitter_card":"summary_large_image","schema":{"@context":"https:\/\/schema.org","@graph":[{"@type":"WebPage","@id":"https:\/\/utopisches-salzderhelden.de\/ffj\/","url":"https:\/\/utopisches-salzderhelden.de\/ffj\/","name":"FFJ - Utopisches Salzderhelden","isPartOf":{"@id":"https:\/\/utopisches-salzderhelden.de\/#website"},"primaryImageOfPage":{"@id":"https:\/\/utopisches-salzderhelden.de\/ffj\/#primaryimage"},"image":{"@id":"https:\/\/utopisches-salzderhelden.de\/ffj\/#primaryimage"},"thumbnailUrl":"https:\/\/utopisches-salzderhelden.de\/wp-content\/uploads\/2022\/04\/FFJ-Logo-393x388.png","datePublished":"2022-04-25T19:00:15+00:00","dateModified":"2024-10-30T12:40:46+00:00","breadcrumb":{"@id":"https:\/\/utopisches-salzderhelden.de\/ffj\/#breadcrumb"},"inLanguage":"en-US","potentialAction":[{"@type":"ReadAction","target":["https:\/\/utopisches-salzderhelden.de\/ffj\/"]}]},{"@type":"ImageObject","inLanguage":"en-US","@id":"https:\/\/utopisches-salzderhelden.de\/ffj\/#primaryimage","url":"https:\/\/utopisches-salzderhelden.de\/wp-content\/uploads\/2022\/04\/FFJ-Logo-393x388.png","contentUrl":"https:\/\/utopisches-salzderhelden.de\/wp-content\/uploads\/2022\/04\/FFJ-Logo-393x388.png"},{"@type":"BreadcrumbList","@id":"https:\/\/utopisches-salzderhelden.de\/ffj\/#breadcrumb","itemListElement":[{"@type":"ListItem","position":1,"name":"Startseite","item":"https:\/\/utopisches-salzderhelden.de\/"},{"@type":"ListItem","position":2,"name":"FFJ"}]},{"@type":"WebSite","@id":"https:\/\/utopisches-salzderhelden.de\/#website","url":"https:\/\/utopisches-salzderhelden.de\/","name":"Utopisches Salzderhelden","description":"Tauschlogikfrei, hierarchiekritisch und solidarisch","publisher":{"@id":"https:\/\/utopisches-salzderhelden.de\/#organization"},"potentialAction":[{"@type":"SearchAction","target":{"@type":"EntryPoint","urlTemplate":"https:\/\/utopisches-salzderhelden.de\/?s={search_term_string}"},"query-input":{"@type":"PropertyValueSpecification","valueRequired":true,"valueName":"search_term_string"}}],"inLanguage":"en-US"},{"@type":"Organization","@id":"https:\/\/utopisches-salzderhelden.de\/#organization","name":"Utopisches Salzderhelden","url":"https:\/\/utopisches-salzderhelden.de\/","logo":{"@type":"ImageObject","inLanguage":"en-US","@id":"https:\/\/utopisches-salzderhelden.de\/#\/schema\/logo\/image\/","url":"https:\/\/utopisches-salzderhelden.de\/wp-content\/uploads\/2022\/04\/WI_SDH.png","contentUrl":"https:\/\/utopisches-salzderhelden.de\/wp-content\/uploads\/2022\/04\/WI_SDH.png","width":9182,"height":1757,"caption":"Utopisches Salzderhelden"},"image":{"@id":"https:\/\/utopisches-salzderhelden.de\/#\/schema\/logo\/image\/"}}]}},"builder_content":"<h1>Freiwilliges Freies Jahr<\/h1>\n<h3>Was?<\/h3>\n<p>bed\u00fcrfnisorientiertes mehrmonatiges Vollzeit-Bildungsprogramm, um sich in sozialen, politischen und \u00f6kologischen Themen weiterzubilden und selbstorganisierte Projekte mit anderen zu starten<\/p> <p>&nbsp;<\/p>\n<h3>Wo?<\/h3>\n<p>in Salzderhelden (K20 Projekthaus als Wohnbase)<br>au\u00dferdem ein anderes FFJ: im Kanthaus in Wurzen (bei Leipzig)<\/p>\n<h3>F\u00fcr wen?<\/h3>\n<p><strong>als Teilnehmende:<\/strong>&nbsp;abh\u00e4ngig von Planung der Initiierenden (meist&nbsp;offen f\u00fcr alle Menschen ab ca. 18 Jahren)<\/p> <p><strong>als Initiator*innen:<\/strong> offen f\u00fcr alle Menschen, die ein FFJ selbst organisieren wollen<\/p>\n<h3>Vereinbarungen<\/h3>\n<p><b>Teilnehmen:<\/b><\/p><p>derzeit ist kein FFJ fest geplant, das letzte ist im April 2024 zu Ende gegangen<\/p><p><br><b>Initiieren &amp; Mitorganisieren:<\/b><\/p><p>Es gibt derzeit kein festes Planungsteam. Wenn du ein FFJ&nbsp; initiieren und mitorganisieren m\u00f6chtest, ob in Salzderhelden oder anderen Orten, meld dich gern unter kontakt@freiwilliges-freies-jahr.de. Es wird vermutlich 2025 ein Kick-Off Planungstreffen geben, um Menschen zusammenzubringen, die ein oder mehr FFJ organisieren wollen.<\/p>\n<a href=\"https:\/\/freiwilliges-freies-jahr.de\/\" target=\"_blank\" rel=\"noopener\"> zur Webseite <\/a>\n<img loading=\"lazy\" decoding=\"async\" src=\"https:\/\/utopisches-salzderhelden.de\/wp-content\/uploads\/2022\/04\/FFJ-Logo-393x388.png\" width=\"393\" height=\"388\" title=\"FFJ in Salzderhelden\" alt=\"FFJ in Salzderhelden\" srcset=\"https:\/\/utopisches-salzderhelden.de\/wp-content\/uploads\/2022\/04\/FFJ-Logo-393x388.png 393w, https:\/\/utopisches-salzderhelden.de\/wp-content\/uploads\/2022\/04\/FFJ-Logo-331x328.png 331w, https:\/\/utopisches-salzderhelden.de\/wp-content\/uploads\/2022\/04\/FFJ-Logo-250x248.png 250w\" sizes=\"auto, (max-width: 393px) 100vw, 393px\" \/>","_links":{"self":[{"href":"https:\/\/utopisches-salzderhelden.de\/en\/wp-json\/wp\/v2\/pages\/2109","targetHints":{"allow":["GET"]}}],"collection":[{"href":"https:\/\/utopisches-salzderhelden.de\/en\/wp-json\/wp\/v2\/pages"}],"about":[{"href":"https:\/\/utopisches-salzderhelden.de\/en\/wp-json\/wp\/v2\/types\/page"}],"author":[{"embeddable":true,"href":"https:\/\/utopisches-salzderhelden.de\/en\/wp-json\/wp\/v2\/users\/3"}],"replies":[{"embeddable":true,"href":"https:\/\/utopisches-salzderhelden.de\/en\/wp-json\/wp\/v2\/comments?post=2109"}],"version-history":[{"count":14,"href":"https:\/\/utopisches-salzderhelden.de\/en\/wp-json\/wp\/v2\/pages\/2109\/revisions"}],"predecessor-version":[{"id":3311,"href":"https:\/\/utopisches-salzderhelden.de\/en\/wp-json\/wp\/v2\/pages\/2109\/revisions\/3311"}],"wp:attachment":[{"href":"https:\/\/utopisches-salzderhelden.de\/en\/wp-json\/wp\/v2\/media?parent=2109"}],"curies":[{"name":"wp","href":"https:\/\/api.w.org\/{rel}","templated":true}]}}