{"id":2084,"date":"2022-04-25T20:09:54","date_gmt":"2022-04-25T18:09:54","guid":{"rendered":"https:\/\/utopisches-salzderhelden.de\/?page_id=2084"},"modified":"2023-11-06T17:20:06","modified_gmt":"2023-11-06T16:20:06","slug":"offene-werkstatt","status":"publish","type":"page","link":"https:\/\/utopisches-salzderhelden.de\/en\/offene-werkstatt\/","title":{"rendered":"Karteikarte Offene Werkstatt"},"content":{"rendered":"<!--themify_builder_content-->\n<div id=\"themify_builder_content-2084\" data-postid=\"2084\" class=\"themify_builder_content themify_builder_content-2084 themify_builder tf_clear\">\n    \t<!-- module_row -->\n\t<div  data-lazy=\"1\" class=\"module_row themify_builder_row tb_ehfm217 tb_first tf_clearfix\">\n\t    \t\t<div class=\"row_inner col_align_top col-count-1 tf_box tf_w tf_rel\">\n\t\t\t<div  data-lazy=\"1\" class=\"module_column tb-column col-full first tb_2p3h218 tf_box\">\n\t\t\t    \t        <div class=\"tb-column-inner tf_box tf_w\">\n\t\t    <!-- module text -->\n<div  class=\"module module-text tb_2y93218\" data-lazy=\"1\">\n        <div  class=\"tb_text_wrap\">\n    <h1>Open Workshop<\/h1>    <\/div>\n<\/div>\n<!-- \/module text -->\t        <\/div>\n\t    \t<\/div>\n\t\t    <\/div>\n\t    <!-- \/row_inner -->\n\t<\/div>\n\t<!-- \/module_row -->\n\t\t<!-- module_row -->\n\t<div  data-lazy=\"1\" class=\"module_row themify_builder_row tb_k5gx167 tf_clearfix\">\n\t    \t\t<div class=\"row_inner col_align_top col-count-2 tf_box tf_w tf_rel\">\n\t\t\t<div  data-lazy=\"1\" style=\"width: 56.8%\" class=\"module_column tb-column col4-2 first tb_61cl167 tf_box\">\n\t\t\t    \t        <div class=\"tb-column-inner tf_box tf_w\">\n\t\t    \t<div  data-lazy=\"1\" class=\"module_subrow themify_builder_sub_row tb_r200168 tf_w tf_clearfix\">\n\t    \t\t<div class=\"subrow_inner col_align_top col_auto_height col-count-2 tf_box tf_w\">\n\t\t\t<div  style=\"width: 26.8%\" data-lazy=\"1\" class=\"sub_column module_column tf_box col4-2 first tb_d3ne169\"> \n\t    \t    \t        <div class=\"tb-column-inner tf_box tf_w\">\n\t\t    <!-- module text -->\n<div  class=\"module module-text tb_87vo170\" data-lazy=\"1\">\n        <div  class=\"tb_text_wrap\">\n    <h3>What?<\/h3>    <\/div>\n<\/div>\n<!-- \/module text -->\t        <\/div>\n\t    \t<\/div>\n\t\t<div  style=\"width: 70%\" data-lazy=\"1\" class=\"sub_column module_column tf_box col4-2 last tb_5r6d170\"> \n\t    \t    \t        <div class=\"tb-column-inner tf_box tf_w\">\n\t\t    <!-- module text -->\n<div  class=\"module module-text tb_8wev170\" data-lazy=\"1\">\n        <div  class=\"tb_text_wrap\">\n    <p>offene Werkstatt f\u00fcr:<\/p>\n<p>Holz<\/p>\n<p>Metall<\/p>\n<p>Fahrrad<\/p>\n<p>Stoff<\/p>\n<p>Elektronikbastelei<\/p>    <\/div>\n<\/div>\n<!-- \/module text -->\t        <\/div>\n\t    \t<\/div>\n\t\t    <\/div>\n\t<\/div><!-- \/themify_builder_sub_row -->\n\t\t<div  data-lazy=\"1\" class=\"module_subrow themify_builder_sub_row tb_c9ht170 tf_w tf_clearfix\">\n\t    \t\t<div class=\"subrow_inner col_align_top col_auto_height col-count-2 tf_box tf_w\">\n\t\t\t<div  style=\"width: 26.8%\" data-lazy=\"1\" class=\"sub_column module_column tf_box col4-2 first tb_0uct171\"> \n\t    \t    \t        <div class=\"tb-column-inner tf_box tf_w\">\n\t\t    <!-- module text -->\n<div  class=\"module module-text tb_7ugz171\" data-lazy=\"1\">\n        <div  class=\"tb_text_wrap\">\n    <h3>Where?<\/h3>    <\/div>\n<\/div>\n<!-- \/module text -->\t        <\/div>\n\t    \t<\/div>\n\t\t<div  style=\"width: 70%\" data-lazy=\"1\" class=\"sub_column module_column tf_box col4-2 last tb_m360171\" > \n\t    \t    \t        <div class=\"tb-column-inner tf_box tf_w\">\n\t\t    <!-- module text -->\n<div  class=\"module module-text tb_8i9n171\" data-lazy=\"1\">\n        <div  class=\"tb_text_wrap\">\n    <p>beim K20 Projekthaus<\/p>    <\/div>\n<\/div>\n<!-- \/module text -->\t        <\/div>\n\t    \t<\/div>\n\t\t    <\/div>\n\t<\/div><!-- \/themify_builder_sub_row -->\n\t\t<div  data-lazy=\"1\" class=\"module_subrow themify_builder_sub_row tb_b1p8171 tf_w tf_clearfix\">\n\t    \t\t<div class=\"subrow_inner col_align_top col_auto_height col-count-2 tf_box tf_w\">\n\t\t\t<div  style=\"width: 26.8%\" data-lazy=\"1\" class=\"sub_column module_column tf_box col4-2 first tb_sxep172\"> \n\t    \t    \t        <div class=\"tb-column-inner tf_box tf_w\">\n\t\t    <!-- module text -->\n<div  class=\"module module-text tb_82am172\" data-lazy=\"1\">\n        <div  class=\"tb_text_wrap\">\n    <h3>For whom?<\/h3>\n<div>\u00a0<\/div>    <\/div>\n<\/div>\n<!-- \/module text --><!-- module text -->\n<div  class=\"module module-text tb_te76549\" data-lazy=\"1\">\n        <div  class=\"tb_text_wrap\">\n    <h3>Wann?<\/h3>    <\/div>\n<\/div>\n<!-- \/module text -->\t        <\/div>\n\t    \t<\/div>\n\t\t<div  style=\"width: 70%\" data-lazy=\"1\" class=\"sub_column module_column tf_box col4-2 last tb_kvtb172\"> \n\t    \t    \t        <div class=\"tb-column-inner tf_box tf_w\">\n\t\t    <!-- module text -->\n<div  class=\"module module-text tb_z7bp172\" data-lazy=\"1\">\n        <div  class=\"tb_text_wrap\">\n    <p>Project groups and individuals, from the village or the rest of the world<\/p>\n<p>\u00a0<\/p>    <\/div>\n<\/div>\n<!-- \/module text --><!-- module text -->\n<div  class=\"module module-text tb_4noo662\" data-lazy=\"1\">\n        <div  class=\"tb_text_wrap\">\n    <p>Montag: Werkstatt benutzbar, aber niemensch da<\/p>\n<p>DIenstag: Fahrradwerkstatt 15:00-19:00<\/p>\n<p>Mittwoch: Werkstatt benutzbar, aber niemensch da<\/p>\n<p>Donnerstag: Werkstatt benutzbar, aber niemensch da<\/p>\n<p>Freitag: Werkstatt benutzbar aber niemensch da<\/p>\n<p>Samstag: Werkstatt benutzbar aber niemensch da<\/p>\n<p>Sonntag: Muss das unbedingt heute sein? (#guteNachbarschaft)<\/p>\n<p>\u00a0<\/p>\n<p>Wenn du kommen magst, aber technische Fragen oder dergleichen hast, schreib vorher einfach eine mail an\u00a0<\/p>\n<p>post@k20-projekthaus.de<\/p>    <\/div>\n<\/div>\n<!-- \/module text -->\t        <\/div>\n\t    \t<\/div>\n\t\t    <\/div>\n\t<\/div><!-- \/themify_builder_sub_row -->\n\t\t<div  data-lazy=\"1\" class=\"module_subrow themify_builder_sub_row tb_rpcq172 tf_w tf_clearfix\">\n\t    \t\t<div class=\"subrow_inner col_align_top col_auto_height col-count-2 tf_box tf_w\">\n\t\t\t<div  style=\"width: 26.8%\" data-lazy=\"1\" class=\"sub_column module_column tf_box col4-2 first tb_rtxn173\"> \n\t    \t    \t        <div class=\"tb-column-inner tf_box tf_w\">\n\t\t    <!-- module text -->\n<div  class=\"module module-text tb_ckfe173\" data-lazy=\"1\">\n        <div  class=\"tb_text_wrap\">\n    <h3>Agreements<\/h3>    <\/div>\n<\/div>\n<!-- \/module text -->\t        <\/div>\n\t    \t<\/div>\n\t\t<div  style=\"width: 70%\" data-lazy=\"1\" class=\"sub_column module_column tf_box col4-2 last tb_ixgh173\"> \n\t    \t    \t        <div class=\"tb-column-inner tf_box tf_w\">\n\t\t    <!-- module text -->\n<div  class=\"module module-text tb_574i173  repeat\" data-lazy=\"1\">\n        <div  class=\"tb_text_wrap\">\n    <p><strong>Skillsharing:<\/strong> Insbesondere bevor technisch anspruchsvolle Ger\u00e4te (z.B. Kreiss\u00e4ge) verwendet werden, solltest du besser nach einer Einweisung fragen. Erfahrene Menschen k\u00f6nnen dir dann gern zeigen, wie du diese Ger\u00e4te bedienen solltest, damit weder das Werkzeug noch du kaputt gehen.<\/p>\n<p><br><strong>Ausleihen:<\/strong> Wenn notwendig, k\u00f6nnen Werkzeuge f\u00fcr einen bestimmten Zeitraum auch regional ausgeliehen werden. Schreib da am besten eine Mail an post@k20-projekthaus.de<\/p>    <\/div>\n<\/div>\n<!-- \/module text -->\t        <\/div>\n\t    \t<\/div>\n\t\t    <\/div>\n\t<\/div><!-- \/themify_builder_sub_row -->\n\t\t        <\/div>\n\t    \t<\/div>\n\t\t<div  data-lazy=\"1\" style=\"width: 40%\" class=\"module_column tb-column col4-2 last tb_9sk5174 tf_box\">\n\t\t\t    \t        <div class=\"tb-column-inner tf_box tf_w\">\n\t\t    <!-- module image -->\n<div  class=\"module module-image tb_1y16175   image-top tf_mw\" data-lazy=\"1\">\n        <div class=\"image-wrap tf_rel tf_mw\">\n\t\t    <img loading=\"lazy\" decoding=\"async\" width=\"1536\" height=\"1024\" src=\"https:\/\/utopisches-salzderhelden.de\/wp-content\/uploads\/2022\/04\/6b.jpg\" class=\"wp-post-image wp-image-48\" title=\"6b\" alt=\"6b\" srcset=\"https:\/\/utopisches-salzderhelden.de\/wp-content\/uploads\/2022\/04\/6b.jpg 1536w, https:\/\/utopisches-salzderhelden.de\/wp-content\/uploads\/2022\/04\/6b-1024x683-300x200.jpg 300w, https:\/\/utopisches-salzderhelden.de\/wp-content\/uploads\/2022\/04\/6b-1024x683.jpg 1024w, https:\/\/utopisches-salzderhelden.de\/wp-content\/uploads\/2022\/04\/6b-768x512.jpg 768w\" sizes=\"auto, (max-width: 1536px) 100vw, 1536px\" \/>\t\n\t\t<\/div>\n\t<!-- \/image-wrap -->\n    \n    \t<\/div>\n<!-- \/module image -->\t        <\/div>\n\t    \t<\/div>\n\t\t    <\/div>\n\t    <!-- \/row_inner -->\n\t<\/div>\n\t<!-- \/module_row -->\n\t\t<!-- module_row -->\n\t<div  data-lazy=\"1\" class=\"module_row themify_builder_row tb_mxgg212 tf_clearfix\" >\n\t    \t\t<div class=\"row_inner col_align_top col-count-2 tf_box tf_w tf_rel\">\n\t\t\t<div  data-lazy=\"1\" class=\"module_column tb-column col2-1 first tb_puqa214 tf_box\">\n\t\t\t    \t        <div class=\"tb-column-inner tf_box tf_w\">\n\t\t    <!-- module text -->\n<div  class=\"module module-text tb_a0f4515\" data-lazy=\"1\">\n        <div  class=\"tb_text_wrap\">\n        <\/div>\n<\/div>\n<!-- \/module text -->\t        <\/div>\n\t    \t<\/div>\n\t\t<div  data-lazy=\"1\" class=\"module_column tb-column col2-1 last tb_2k77216 tf_box\">\n\t\t\t    \t<\/div>\n\t\t    <\/div>\n\t    <!-- \/row_inner -->\n\t<\/div>\n\t<!-- \/module_row -->\n\t\t<!-- module_row -->\n\t<div  data-lazy=\"1\" class=\"module_row themify_builder_row tb_58j686 tf_clearfix\">\n\t    \t\t<div class=\"row_inner col_align_top col-count-2 tf_box tf_w tf_rel\">\n\t\t\t<div  data-lazy=\"1\" class=\"module_column tb-column col2-1 first tb_rqdu94 tf_box\">\n\t\t\t    \t<\/div>\n\t\t<div  data-lazy=\"1\" class=\"module_column tb-column col2-1 last tb_77du98 tf_box\">\n\t\t\t    \t<\/div>\n\t\t    <\/div>\n\t    <!-- \/row_inner -->\n\t<\/div>\n\t<!-- \/module_row -->\n\t\t<!-- module_row -->\n\t<div  data-lazy=\"1\" class=\"module_row themify_builder_row tb_8p03155 tf_clearfix\">\n\t    \t\t<div class=\"row_inner col_align_top col-count-1 tf_box tf_w tf_rel\">\n\t\t\t<div  data-lazy=\"1\" class=\"module_column tb-column col-full first tb_8tg5156 tf_box\">\n\t\t\t    \t        <div class=\"tb-column-inner tf_box tf_w\">\n\t\t    <!-- module text -->\n<div  class=\"module module-text tb_wr5g162\" data-lazy=\"1\">\n        <div  class=\"tb_text_wrap\">\n    <p>Mit Unterst\u00fctzung von Deutsche Postcode Lotterie<\/p>    <\/div>\n<\/div>\n<!-- \/module text -->\t        <\/div>\n\t    \t<\/div>\n\t\t    <\/div>\n\t    <!-- \/row_inner -->\n\t<\/div>\n\t<!-- \/module_row -->\n\t\t<!-- module_row -->\n\t<div  data-lazy=\"1\" class=\"module_row themify_builder_row tb_k0lr225 tf_clearfix\">\n\t    \t\t<div class=\"row_inner col_align_top col-count-1 tf_box tf_w tf_rel\">\n\t\t\t<div  data-lazy=\"1\" class=\"module_column tb-column col-full first tb_jixp227 tf_box\">\n\t\t\t    \t        <div class=\"tb-column-inner tf_box tf_w\">\n\t\t    <!-- module image -->\n<div  class=\"module module-image tb_lr3c251   image-top tf_mw\" data-lazy=\"1\">\n        <div class=\"image-wrap tf_rel tf_mw\">\n\t\t    <img loading=\"lazy\" decoding=\"async\" src=\"https:\/\/utopisches-salzderhelden.de\/wp-content\/uploads\/2023\/08\/DPL-Logo_alle-Medien_Web-149x97.png\" width=\"149\" height=\"97\" class=\"wp-post-image wp-image-2819\" title=\"DPL Logo_alle Medien_Web\" alt=\"DPL Logo_alle Medien_Web\" srcset=\"https:\/\/utopisches-salzderhelden.de\/wp-content\/uploads\/2023\/08\/DPL-Logo_alle-Medien_Web-149x97.png 149w, https:\/\/utopisches-salzderhelden.de\/wp-content\/uploads\/2023\/08\/DPL-Logo_alle-Medien_Web-300x197.png 300w, https:\/\/utopisches-salzderhelden.de\/wp-content\/uploads\/2023\/08\/DPL-Logo_alle-Medien_Web-768x503.png 768w, https:\/\/utopisches-salzderhelden.de\/wp-content\/uploads\/2023\/08\/DPL-Logo_alle-Medien_Web-18x12.png 18w, https:\/\/utopisches-salzderhelden.de\/wp-content\/uploads\/2023\/08\/DPL-Logo_alle-Medien_Web.png 850w\" sizes=\"auto, (max-width: 149px) 100vw, 149px\" \/>\t\n\t\t<\/div>\n\t<!-- \/image-wrap -->\n    \n    \t<\/div>\n<!-- \/module image -->\t        <\/div>\n\t    \t<\/div>\n\t\t    <\/div>\n\t    <!-- \/row_inner -->\n\t<\/div>\n\t<!-- \/module_row -->\n\t<\/div>\n<!--\/themify_builder_content-->","protected":false},"excerpt":{"rendered":"<p>Offene Werkstatt Was? offene Werkstatt f\u00fcr: Holz Metall Fahrrad Stoff Elektronikbastelei Wo? beim K20 Projekthaus F\u00fcr wen? \u00a0 Wann? Projektgruppen und Einzelpersonen, aus dem Dorf oder dem Rest der Welt \u00a0 Montag: Werkstatt benutzbar, aber niemensch da DIenstag: Fahrradwerkstatt 15:00-19:00 Mittwoch: Werkstatt benutzbar, aber niemensch da Donnerstag: Werkstatt benutzbar, aber niemensch da Freitag: Werkstatt benutzbar [&hellip;]<\/p>","protected":false},"author":3,"featured_media":0,"parent":0,"menu_order":0,"comment_status":"closed","ping_status":"closed","template":"","meta":{"footnotes":""},"class_list":["post-2084","page","type-page","status-publish","hentry","has-post-title","has-post-date","has-post-category","has-post-tag","has-post-comment","has-post-author",""],"yoast_head":"<!-- This site is optimized with the Yoast SEO plugin v24.2 - https:\/\/yoast.com\/wordpress\/plugins\/seo\/ -->\n<title>Karteikarte Offene Werkstatt - Utopisches Salzderhelden<\/title>\n<meta name=\"robots\" content=\"index, follow, max-snippet:-1, max-image-preview:large, max-video-preview:-1\" \/>\n<link rel=\"canonical\" href=\"https:\/\/utopisches-salzderhelden.de\/en\/offene-werkstatt\/\" \/>\n<meta property=\"og:locale\" content=\"en_US\" \/>\n<meta property=\"og:type\" content=\"article\" \/>\n<meta property=\"og:title\" content=\"Karteikarte Offene Werkstatt - Utopisches Salzderhelden\" \/>\n<meta property=\"og:description\" content=\"Offene Werkstatt Was? offene Werkstatt f\u00fcr: Holz Metall Fahrrad Stoff Elektronikbastelei Wo? beim K20 Projekthaus F\u00fcr wen? \u00a0 Wann? Projektgruppen und Einzelpersonen, aus dem Dorf oder dem Rest der Welt \u00a0 Montag: Werkstatt benutzbar, aber niemensch da DIenstag: Fahrradwerkstatt 15:00-19:00 Mittwoch: Werkstatt benutzbar, aber niemensch da Donnerstag: Werkstatt benutzbar, aber niemensch da Freitag: Werkstatt benutzbar [&hellip;]\" \/>\n<meta property=\"og:url\" content=\"https:\/\/utopisches-salzderhelden.de\/en\/offene-werkstatt\/\" \/>\n<meta property=\"og:site_name\" content=\"Utopisches Salzderhelden\" \/>\n<meta property=\"article:modified_time\" content=\"2023-11-06T16:20:06+00:00\" \/>\n<meta name=\"twitter:card\" content=\"summary_large_image\" \/>\n<meta name=\"twitter:label1\" content=\"Est. reading time\" \/>\n\t<meta name=\"twitter:data1\" content=\"1 minute\" \/>\n<script type=\"application\/ld+json\" class=\"yoast-schema-graph\">{\"@context\":\"https:\/\/schema.org\",\"@graph\":[{\"@type\":\"WebPage\",\"@id\":\"https:\/\/utopisches-salzderhelden.de\/offene-werkstatt\/\",\"url\":\"https:\/\/utopisches-salzderhelden.de\/offene-werkstatt\/\",\"name\":\"Karteikarte Offene Werkstatt - Utopisches Salzderhelden\",\"isPartOf\":{\"@id\":\"https:\/\/utopisches-salzderhelden.de\/#website\"},\"primaryImageOfPage\":{\"@id\":\"https:\/\/utopisches-salzderhelden.de\/offene-werkstatt\/#primaryimage\"},\"image\":{\"@id\":\"https:\/\/utopisches-salzderhelden.de\/offene-werkstatt\/#primaryimage\"},\"thumbnailUrl\":\"https:\/\/utopisches-salzderhelden.de\/wp-content\/uploads\/2022\/04\/6b.jpg\",\"datePublished\":\"2022-04-25T18:09:54+00:00\",\"dateModified\":\"2023-11-06T16:20:06+00:00\",\"breadcrumb\":{\"@id\":\"https:\/\/utopisches-salzderhelden.de\/offene-werkstatt\/#breadcrumb\"},\"inLanguage\":\"en-US\",\"potentialAction\":[{\"@type\":\"ReadAction\",\"target\":[\"https:\/\/utopisches-salzderhelden.de\/offene-werkstatt\/\"]}]},{\"@type\":\"ImageObject\",\"inLanguage\":\"en-US\",\"@id\":\"https:\/\/utopisches-salzderhelden.de\/offene-werkstatt\/#primaryimage\",\"url\":\"https:\/\/utopisches-salzderhelden.de\/wp-content\/uploads\/2022\/04\/6b.jpg\",\"contentUrl\":\"https:\/\/utopisches-salzderhelden.de\/wp-content\/uploads\/2022\/04\/6b.jpg\"},{\"@type\":\"BreadcrumbList\",\"@id\":\"https:\/\/utopisches-salzderhelden.de\/offene-werkstatt\/#breadcrumb\",\"itemListElement\":[{\"@type\":\"ListItem\",\"position\":1,\"name\":\"Startseite\",\"item\":\"https:\/\/utopisches-salzderhelden.de\/\"},{\"@type\":\"ListItem\",\"position\":2,\"name\":\"Karteikarte Offene Werkstatt\"}]},{\"@type\":\"WebSite\",\"@id\":\"https:\/\/utopisches-salzderhelden.de\/#website\",\"url\":\"https:\/\/utopisches-salzderhelden.de\/\",\"name\":\"Utopisches Salzderhelden\",\"description\":\"Tauschlogikfrei, hierarchiekritisch und solidarisch\",\"publisher\":{\"@id\":\"https:\/\/utopisches-salzderhelden.de\/#organization\"},\"potentialAction\":[{\"@type\":\"SearchAction\",\"target\":{\"@type\":\"EntryPoint\",\"urlTemplate\":\"https:\/\/utopisches-salzderhelden.de\/?s={search_term_string}\"},\"query-input\":{\"@type\":\"PropertyValueSpecification\",\"valueRequired\":true,\"valueName\":\"search_term_string\"}}],\"inLanguage\":\"en-US\"},{\"@type\":\"Organization\",\"@id\":\"https:\/\/utopisches-salzderhelden.de\/#organization\",\"name\":\"Utopisches Salzderhelden\",\"url\":\"https:\/\/utopisches-salzderhelden.de\/\",\"logo\":{\"@type\":\"ImageObject\",\"inLanguage\":\"en-US\",\"@id\":\"https:\/\/utopisches-salzderhelden.de\/#\/schema\/logo\/image\/\",\"url\":\"https:\/\/utopisches-salzderhelden.de\/wp-content\/uploads\/2022\/04\/WI_SDH.png\",\"contentUrl\":\"https:\/\/utopisches-salzderhelden.de\/wp-content\/uploads\/2022\/04\/WI_SDH.png\",\"width\":9182,\"height\":1757,\"caption\":\"Utopisches Salzderhelden\"},\"image\":{\"@id\":\"https:\/\/utopisches-salzderhelden.de\/#\/schema\/logo\/image\/\"}}]}<\/script>\n<!-- \/ Yoast SEO plugin. -->","yoast_head_json":{"title":"Karteikarte Offene Werkstatt - Utopisches Salzderhelden","robots":{"index":"index","follow":"follow","max-snippet":"max-snippet:-1","max-image-preview":"max-image-preview:large","max-video-preview":"max-video-preview:-1"},"canonical":"https:\/\/utopisches-salzderhelden.de\/en\/offene-werkstatt\/","og_locale":"en_US","og_type":"article","og_title":"Karteikarte Offene Werkstatt - Utopisches Salzderhelden","og_description":"Offene Werkstatt Was? offene Werkstatt f\u00fcr: Holz Metall Fahrrad Stoff Elektronikbastelei Wo? beim K20 Projekthaus F\u00fcr wen? \u00a0 Wann? Projektgruppen und Einzelpersonen, aus dem Dorf oder dem Rest der Welt \u00a0 Montag: Werkstatt benutzbar, aber niemensch da DIenstag: Fahrradwerkstatt 15:00-19:00 Mittwoch: Werkstatt benutzbar, aber niemensch da Donnerstag: Werkstatt benutzbar, aber niemensch da Freitag: Werkstatt benutzbar [&hellip;]","og_url":"https:\/\/utopisches-salzderhelden.de\/en\/offene-werkstatt\/","og_site_name":"Utopisches Salzderhelden","article_modified_time":"2023-11-06T16:20:06+00:00","twitter_card":"summary_large_image","twitter_misc":{"Est. reading time":"1 minute"},"schema":{"@context":"https:\/\/schema.org","@graph":[{"@type":"WebPage","@id":"https:\/\/utopisches-salzderhelden.de\/offene-werkstatt\/","url":"https:\/\/utopisches-salzderhelden.de\/offene-werkstatt\/","name":"Karteikarte Offene Werkstatt - Utopisches Salzderhelden","isPartOf":{"@id":"https:\/\/utopisches-salzderhelden.de\/#website"},"primaryImageOfPage":{"@id":"https:\/\/utopisches-salzderhelden.de\/offene-werkstatt\/#primaryimage"},"image":{"@id":"https:\/\/utopisches-salzderhelden.de\/offene-werkstatt\/#primaryimage"},"thumbnailUrl":"https:\/\/utopisches-salzderhelden.de\/wp-content\/uploads\/2022\/04\/6b.jpg","datePublished":"2022-04-25T18:09:54+00:00","dateModified":"2023-11-06T16:20:06+00:00","breadcrumb":{"@id":"https:\/\/utopisches-salzderhelden.de\/offene-werkstatt\/#breadcrumb"},"inLanguage":"en-US","potentialAction":[{"@type":"ReadAction","target":["https:\/\/utopisches-salzderhelden.de\/offene-werkstatt\/"]}]},{"@type":"ImageObject","inLanguage":"en-US","@id":"https:\/\/utopisches-salzderhelden.de\/offene-werkstatt\/#primaryimage","url":"https:\/\/utopisches-salzderhelden.de\/wp-content\/uploads\/2022\/04\/6b.jpg","contentUrl":"https:\/\/utopisches-salzderhelden.de\/wp-content\/uploads\/2022\/04\/6b.jpg"},{"@type":"BreadcrumbList","@id":"https:\/\/utopisches-salzderhelden.de\/offene-werkstatt\/#breadcrumb","itemListElement":[{"@type":"ListItem","position":1,"name":"Startseite","item":"https:\/\/utopisches-salzderhelden.de\/"},{"@type":"ListItem","position":2,"name":"Karteikarte Offene Werkstatt"}]},{"@type":"WebSite","@id":"https:\/\/utopisches-salzderhelden.de\/#website","url":"https:\/\/utopisches-salzderhelden.de\/","name":"Utopisches Salzderhelden","description":"Tauschlogikfrei, hierarchiekritisch und solidarisch","publisher":{"@id":"https:\/\/utopisches-salzderhelden.de\/#organization"},"potentialAction":[{"@type":"SearchAction","target":{"@type":"EntryPoint","urlTemplate":"https:\/\/utopisches-salzderhelden.de\/?s={search_term_string}"},"query-input":{"@type":"PropertyValueSpecification","valueRequired":true,"valueName":"search_term_string"}}],"inLanguage":"en-US"},{"@type":"Organization","@id":"https:\/\/utopisches-salzderhelden.de\/#organization","name":"Utopisches Salzderhelden","url":"https:\/\/utopisches-salzderhelden.de\/","logo":{"@type":"ImageObject","inLanguage":"en-US","@id":"https:\/\/utopisches-salzderhelden.de\/#\/schema\/logo\/image\/","url":"https:\/\/utopisches-salzderhelden.de\/wp-content\/uploads\/2022\/04\/WI_SDH.png","contentUrl":"https:\/\/utopisches-salzderhelden.de\/wp-content\/uploads\/2022\/04\/WI_SDH.png","width":9182,"height":1757,"caption":"Utopisches Salzderhelden"},"image":{"@id":"https:\/\/utopisches-salzderhelden.de\/#\/schema\/logo\/image\/"}}]}},"builder_content":"<h1>Offene Werkstatt<\/h1>\n<h3>Was?<\/h3>\n<p>offene Werkstatt f\u00fcr:<\/p> <p>Holz<\/p> <p>Metall<\/p> <p>Fahrrad<\/p> <p>Stoff<\/p> <p>Elektronikbastelei<\/p>\n<h3>Wo?<\/h3>\n<p>beim K20 Projekthaus<\/p>\n<h3>F\u00fcr wen?<\/h3> \u00a0\n<h3>Wann?<\/h3>\n<p>Projektgruppen und Einzelpersonen, aus dem Dorf oder dem Rest der Welt<\/p> <p>\u00a0<\/p>\n<p>Montag: Werkstatt benutzbar, aber niemensch da<\/p> <p>DIenstag: Fahrradwerkstatt 15:00-19:00<\/p> <p>Mittwoch: Werkstatt benutzbar, aber niemensch da<\/p> <p>Donnerstag: Werkstatt benutzbar, aber niemensch da<\/p> <p>Freitag: Werkstatt benutzbar aber niemensch da<\/p> <p>Samstag: Werkstatt benutzbar aber niemensch da<\/p> <p>Sonntag: Muss das unbedingt heute sein? (#guteNachbarschaft)<\/p> <p>\u00a0<\/p> <p>Wenn du kommen magst, aber technische Fragen oder dergleichen hast, schreib vorher einfach eine mail an\u00a0<\/p> <p>post@k20-projekthaus.de<\/p>\n<h3>Vereinbarungen<\/h3>\n<p><strong>Skillsharing:<\/strong> Insbesondere bevor technisch anspruchsvolle Ger\u00e4te (z.B. Kreiss\u00e4ge) verwendet werden, solltest du besser nach einer Einweisung fragen. Erfahrene Menschen k\u00f6nnen dir dann gern zeigen, wie du diese Ger\u00e4te bedienen solltest, damit weder das Werkzeug noch du kaputt gehen.<\/p> <p><br><strong>Ausleihen:<\/strong> Wenn notwendig, k\u00f6nnen Werkzeuge f\u00fcr einen bestimmten Zeitraum auch regional ausgeliehen werden. Schreib da am besten eine Mail an post@k20-projekthaus.de<\/p>\n<img loading=\"lazy\" decoding=\"async\" width=\"1536\" height=\"1024\" src=\"https:\/\/utopisches-salzderhelden.de\/wp-content\/uploads\/2022\/04\/6b.jpg\" title=\"6b\" alt=\"6b\" srcset=\"https:\/\/utopisches-salzderhelden.de\/wp-content\/uploads\/2022\/04\/6b.jpg 1536w, https:\/\/utopisches-salzderhelden.de\/wp-content\/uploads\/2022\/04\/6b-1024x683-300x200.jpg 300w, https:\/\/utopisches-salzderhelden.de\/wp-content\/uploads\/2022\/04\/6b-1024x683.jpg 1024w, https:\/\/utopisches-salzderhelden.de\/wp-content\/uploads\/2022\/04\/6b-768x512.jpg 768w\" sizes=\"auto, (max-width: 1536px) 100vw, 1536px\" \/>\n\n<p>Mit Unterst\u00fctzung von Deutsche Postcode Lotterie<\/p>\n<img loading=\"lazy\" decoding=\"async\" src=\"https:\/\/utopisches-salzderhelden.de\/wp-content\/uploads\/2023\/08\/DPL-Logo_alle-Medien_Web-149x97.png\" width=\"149\" height=\"97\" title=\"DPL Logo_alle Medien_Web\" alt=\"DPL Logo_alle Medien_Web\" srcset=\"https:\/\/utopisches-salzderhelden.de\/wp-content\/uploads\/2023\/08\/DPL-Logo_alle-Medien_Web-149x97.png 149w, https:\/\/utopisches-salzderhelden.de\/wp-content\/uploads\/2023\/08\/DPL-Logo_alle-Medien_Web-300x197.png 300w, https:\/\/utopisches-salzderhelden.de\/wp-content\/uploads\/2023\/08\/DPL-Logo_alle-Medien_Web-768x503.png 768w, https:\/\/utopisches-salzderhelden.de\/wp-content\/uploads\/2023\/08\/DPL-Logo_alle-Medien_Web-18x12.png 18w, https:\/\/utopisches-salzderhelden.de\/wp-content\/uploads\/2023\/08\/DPL-Logo_alle-Medien_Web.png 850w\" sizes=\"auto, (max-width: 149px) 100vw, 149px\" \/>","_links":{"self":[{"href":"https:\/\/utopisches-salzderhelden.de\/en\/wp-json\/wp\/v2\/pages\/2084","targetHints":{"allow":["GET"]}}],"collection":[{"href":"https:\/\/utopisches-salzderhelden.de\/en\/wp-json\/wp\/v2\/pages"}],"about":[{"href":"https:\/\/utopisches-salzderhelden.de\/en\/wp-json\/wp\/v2\/types\/page"}],"author":[{"embeddable":true,"href":"https:\/\/utopisches-salzderhelden.de\/en\/wp-json\/wp\/v2\/users\/3"}],"replies":[{"embeddable":true,"href":"https:\/\/utopisches-salzderhelden.de\/en\/wp-json\/wp\/v2\/comments?post=2084"}],"version-history":[{"count":10,"href":"https:\/\/utopisches-salzderhelden.de\/en\/wp-json\/wp\/v2\/pages\/2084\/revisions"}],"predecessor-version":[{"id":2845,"href":"https:\/\/utopisches-salzderhelden.de\/en\/wp-json\/wp\/v2\/pages\/2084\/revisions\/2845"}],"wp:attachment":[{"href":"https:\/\/utopisches-salzderhelden.de\/en\/wp-json\/wp\/v2\/media?parent=2084"}],"curies":[{"name":"wp","href":"https:\/\/api.w.org\/{rel}","templated":true}]}}