{"id":1837,"date":"2022-04-25T19:23:51","date_gmt":"2022-04-25T17:23:51","guid":{"rendered":"https:\/\/anarchistischlossi.de\/t5-co-working-space-copy\/"},"modified":"2023-02-24T13:48:31","modified_gmt":"2023-02-24T12:48:31","slug":"verkehrswende-initiative","status":"publish","type":"page","link":"https:\/\/utopisches-salzderhelden.de\/en\/verkehrswende-initiative\/","title":{"rendered":"Karteikarte VWI"},"content":{"rendered":"<!--themify_builder_content-->\n<div id=\"themify_builder_content-1837\" data-postid=\"1837\" class=\"themify_builder_content themify_builder_content-1837 themify_builder tf_clear\">\n    \t<!-- module_row -->\n\t<div  data-lazy=\"1\" class=\"module_row themify_builder_row tb_ktel366 tb_first tf_clearfix\">\n\t    \t\t<div class=\"row_inner col_align_top col-count-1 tf_box tf_w tf_rel\">\n\t\t\t<div  data-lazy=\"1\" class=\"module_column tb-column col-full first tb_fhq6736 tf_box\">\n\t\t\t    \t        <div class=\"tb-column-inner tf_box tf_w\">\n\t\t    <!-- module text -->\n<div  class=\"module module-text tb_to2g969\" data-lazy=\"1\">\n        <div  class=\"tb_text_wrap\">\n    <h1>Transformation of Transportation Initiative Einbeck<\/h1>    <\/div>\n<\/div>\n<!-- \/module text -->\t        <\/div>\n\t    \t<\/div>\n\t\t    <\/div>\n\t    <!-- \/row_inner -->\n\t<\/div>\n\t<!-- \/module_row -->\n\t\t<!-- module_row -->\n\t<div  data-lazy=\"1\" class=\"module_row themify_builder_row tb_by6q044 tf_clearfix\">\n\t    \t\t<div class=\"row_inner col_align_top col-count-2 tf_box tf_w tf_rel\">\n\t\t\t<div  data-lazy=\"1\" style=\"width: 56.8%\" class=\"module_column tb-column col4-2 first tb_9kh3070 tf_box\">\n\t\t\t    \t        <div class=\"tb-column-inner tf_box tf_w\">\n\t\t    \t<div  data-lazy=\"1\" class=\"module_subrow themify_builder_sub_row tb_b323410 tf_w tf_clearfix\">\n\t    \t\t<div class=\"subrow_inner col_align_top col_auto_height col-count-2 tf_box tf_w\">\n\t\t\t<div  style=\"width: 26.8%\" data-lazy=\"1\" class=\"sub_column module_column tf_box col4-2 first tb_mj5o567\"> \n\t    \t    \t        <div class=\"tb-column-inner tf_box tf_w\">\n\t\t    <!-- module text -->\n<div  class=\"module module-text tb_ft2k176\" data-lazy=\"1\">\n        <div  class=\"tb_text_wrap\">\n    <h3>What?<\/h3>    <\/div>\n<\/div>\n<!-- \/module text -->\t        <\/div>\n\t    \t<\/div>\n\t\t<div  style=\"width: 70%\" data-lazy=\"1\" class=\"sub_column module_column tf_box col4-2 last tb_8kvv077\"> \n\t    \t    \t        <div class=\"tb-column-inner tf_box tf_w\">\n\t\t    <!-- module text -->\n<div  class=\"module module-text tb_63z3076\" data-lazy=\"1\">\n        <div  class=\"tb_text_wrap\">\n    <p>Ein offener Zusammenschluss Verkehrswende-bewegter Menschen aus Einbeck und Umgebung<\/p>    <\/div>\n<\/div>\n<!-- \/module text -->\t        <\/div>\n\t    \t<\/div>\n\t\t    <\/div>\n\t<\/div><!-- \/themify_builder_sub_row -->\n\t\t<div  data-lazy=\"1\" class=\"module_subrow themify_builder_sub_row tb_49jk426 tf_w tf_clearfix\">\n\t    \t\t<div class=\"subrow_inner col_align_top col_auto_height col-count-2 tf_box tf_w\">\n\t\t\t<div  style=\"width: 26.8%\" data-lazy=\"1\" class=\"sub_column module_column tf_box col4-2 first tb_iwof696\"> \n\t    \t    \t        <div class=\"tb-column-inner tf_box tf_w\">\n\t\t    <!-- module text -->\n<div  class=\"module module-text tb_5blt460\" data-lazy=\"1\">\n        <div  class=\"tb_text_wrap\">\n    <h3>Where?<\/h3>    <\/div>\n<\/div>\n<!-- \/module text -->\t        <\/div>\n\t    \t<\/div>\n\t\t<div  style=\"width: 70%\" data-lazy=\"1\" class=\"sub_column module_column tf_box col4-2 last tb_i5pw637\" > \n\t    \t    \t        <div class=\"tb-column-inner tf_box tf_w\">\n\t\t    <!-- module text -->\n<div  class=\"module module-text tb_d886676\" data-lazy=\"1\">\n        <div  class=\"tb_text_wrap\">\n    <p>ab April regelm\u00e4\u00dfige Treffen in Einbeck und SDH<\/p>    <\/div>\n<\/div>\n<!-- \/module text -->\t        <\/div>\n\t    \t<\/div>\n\t\t    <\/div>\n\t<\/div><!-- \/themify_builder_sub_row -->\n\t\t<div  data-lazy=\"1\" class=\"module_subrow themify_builder_sub_row tb_nhpu476 tf_w tf_clearfix\">\n\t    \t\t<div class=\"subrow_inner col_align_top col_auto_height col-count-2 tf_box tf_w\">\n\t\t\t<div  style=\"width: 26.8%\" data-lazy=\"1\" class=\"sub_column module_column tf_box col4-2 first tb_sixk606\"> \n\t    \t    \t        <div class=\"tb-column-inner tf_box tf_w\">\n\t\t    <!-- module text -->\n<div  class=\"module module-text tb_9y6x464\" data-lazy=\"1\">\n        <div  class=\"tb_text_wrap\">\n    <h3>For whom?<\/h3>    <\/div>\n<\/div>\n<!-- \/module text -->\t        <\/div>\n\t    \t<\/div>\n\t\t<div  style=\"width: 70%\" data-lazy=\"1\" class=\"sub_column module_column tf_box col4-2 last tb_s1pl604\"> \n\t    \t    \t        <div class=\"tb-column-inner tf_box tf_w\">\n\t\t    <!-- module text -->\n<div  class=\"module module-text tb_7dn2760\" data-lazy=\"1\">\n        <div  class=\"tb_text_wrap\">\n    <p>Alle, die Lust haben sich einzusetzen f\u00fcr ein inklusives zukunftsf\u00e4higes und lebenswertes Einbeck<\/p>    <\/div>\n<\/div>\n<!-- \/module text -->\t        <\/div>\n\t    \t<\/div>\n\t\t    <\/div>\n\t<\/div><!-- \/themify_builder_sub_row -->\n\t\t<div  data-lazy=\"1\" class=\"module_subrow themify_builder_sub_row tb_b56f756 tf_w tf_clearfix\">\n\t    \t\t<div class=\"subrow_inner col_align_top col_auto_height col-count-2 tf_box tf_w\">\n\t\t\t<div  style=\"width: 26.8%\" data-lazy=\"1\" class=\"sub_column module_column tf_box col4-2 first tb_v6y1040\"> \n\t    \t    \t        <div class=\"tb-column-inner tf_box tf_w\">\n\t\t    <!-- module text -->\n<div  class=\"module module-text tb_96it066\" data-lazy=\"1\">\n        <div  class=\"tb_text_wrap\">\n    <h3>Sonstiges<\/h3>    <\/div>\n<\/div>\n<!-- \/module text -->\t        <\/div>\n\t    \t<\/div>\n\t\t<div  style=\"width: 70%\" data-lazy=\"1\" class=\"sub_column module_column tf_box col4-2 last tb_i6lk064\"> \n\t    \t    \t        <div class=\"tb-column-inner tf_box tf_w\">\n\t\t    <!-- module text -->\n<div  class=\"module module-text tb_z6yl660\" data-lazy=\"1\">\n        <div  class=\"tb_text_wrap\">\n    <p>Fahrrad-Demo an jedem letzten Samstag im Monat, Treffpunkt 11 Uhr an der Jungen Linde Einbeck<\/p>    <\/div>\n<\/div>\n<!-- \/module text --><!-- module buttons -->\n<div  class=\"module module-buttons tb_y81n306 buttons-horizontal solid\" data-lazy=\"1\">\n    \t<div class=\"module-buttons-item tf_inline_b\">\n\t\t\t\t\t\t\t<a href=\"https:\/\/einbeck.endlich-verkehrswende.de\/\" class=\"ui builder_button tb_default_color\" target=\"_blank\" rel=\"noopener\">\n\t\t\t\t\t\t\t\t\t\t\t<span class=\"tf_inline_b tf_vmiddle\">Go to website<\/span>\n\t\t\t\t\t\t\t\t\t\t\t<\/a>\n\t\t\t    \t<\/div>\n\t<\/div>\n<!-- \/module buttons -->\n\t        <\/div>\n\t    \t<\/div>\n\t\t    <\/div>\n\t<\/div><!-- \/themify_builder_sub_row -->\n\t\t        <\/div>\n\t    \t<\/div>\n\t\t<div  data-lazy=\"1\" style=\"width: 40%\" class=\"module_column tb-column col4-2 last tb_xxre660 tf_box\">\n\t\t\t    \t        <div class=\"tb-column-inner tf_box tf_w\">\n\t\t    <!-- module image -->\n<div  class=\"module module-image tb_rxac647   image-top tf_mw\" data-lazy=\"1\">\n        <div class=\"image-wrap tf_rel tf_mw\">\n\t\t    <img loading=\"lazy\" decoding=\"async\" width=\"2560\" height=\"1707\" src=\"https:\/\/utopisches-salzderhelden.de\/wp-content\/uploads\/2022\/04\/Verkehrswende_Ini_Einbeck_28052021_90-scaled-1.jpg\" class=\"wp-post-image wp-image-51\" title=\"Verkehrswende_Ini_Einbeck_28052021_90-scaled\" alt=\"Verkehrswende_Ini_Einbeck_28052021_90-scaled\" srcset=\"https:\/\/utopisches-salzderhelden.de\/wp-content\/uploads\/2022\/04\/Verkehrswende_Ini_Einbeck_28052021_90-scaled-1.jpg 2560w, https:\/\/utopisches-salzderhelden.de\/wp-content\/uploads\/2022\/04\/Verkehrswende_Ini_Einbeck_28052021_90-scaled-1-1024x683-300x200.jpg 300w, https:\/\/utopisches-salzderhelden.de\/wp-content\/uploads\/2022\/04\/Verkehrswende_Ini_Einbeck_28052021_90-scaled-1-1024x683.jpg 1024w, https:\/\/utopisches-salzderhelden.de\/wp-content\/uploads\/2022\/04\/Verkehrswende_Ini_Einbeck_28052021_90-scaled-1-768x512.jpg 768w, https:\/\/utopisches-salzderhelden.de\/wp-content\/uploads\/2022\/04\/Verkehrswende_Ini_Einbeck_28052021_90-scaled-1-1536x1024.jpg 1536w, https:\/\/utopisches-salzderhelden.de\/wp-content\/uploads\/2022\/04\/Verkehrswende_Ini_Einbeck_28052021_90-scaled-1-2048x1366.jpg 2048w\" sizes=\"auto, (max-width: 2560px) 100vw, 2560px\" \/>\t\n\t\t<\/div>\n\t<!-- \/image-wrap -->\n    \n    \t<\/div>\n<!-- \/module image -->\t        <\/div>\n\t    \t<\/div>\n\t\t    <\/div>\n\t    <!-- \/row_inner -->\n\t<\/div>\n\t<!-- \/module_row -->\n\t<\/div>\n<!--\/themify_builder_content-->","protected":false},"excerpt":{"rendered":"<p>Verkehrswende-Initiative Einbeck Was? Ein offener Zusammenschluss Verkehrswende-bewegter Menschen aus Einbeck und Umgebung Wo? ab April regelm\u00e4\u00dfige Treffen in Einbeck und SDH F\u00fcr wen? Alle, die Lust haben sich einzusetzen f\u00fcr ein inklusives zukunftsf\u00e4higes und lebenswertes Einbeck Sonstiges Fahrrad-Demo an jedem letzten Samstag im Monat, Treffpunkt 11 Uhr an der Jungen Linde Einbeck zur Webseite<\/p>","protected":false},"author":3,"featured_media":0,"parent":0,"menu_order":0,"comment_status":"closed","ping_status":"closed","template":"","meta":{"footnotes":""},"class_list":["post-1837","page","type-page","status-publish","hentry","has-post-title","has-post-date","has-post-category","has-post-tag","has-post-comment","has-post-author",""],"yoast_head":"<!-- This site is optimized with the Yoast SEO plugin v24.2 - https:\/\/yoast.com\/wordpress\/plugins\/seo\/ -->\n<title>Karteikarte VWI - Utopisches Salzderhelden<\/title>\n<meta name=\"robots\" content=\"index, follow, max-snippet:-1, max-image-preview:large, max-video-preview:-1\" \/>\n<link rel=\"canonical\" href=\"https:\/\/utopisches-salzderhelden.de\/en\/verkehrswende-initiative\/\" \/>\n<meta property=\"og:locale\" content=\"en_US\" \/>\n<meta property=\"og:type\" content=\"article\" \/>\n<meta property=\"og:title\" content=\"Karteikarte VWI - Utopisches Salzderhelden\" \/>\n<meta property=\"og:description\" content=\"Verkehrswende-Initiative Einbeck Was? Ein offener Zusammenschluss Verkehrswende-bewegter Menschen aus Einbeck und Umgebung Wo? ab April regelm\u00e4\u00dfige Treffen in Einbeck und SDH F\u00fcr wen? Alle, die Lust haben sich einzusetzen f\u00fcr ein inklusives zukunftsf\u00e4higes und lebenswertes Einbeck Sonstiges Fahrrad-Demo an jedem letzten Samstag im Monat, Treffpunkt 11 Uhr an der Jungen Linde Einbeck zur Webseite\" \/>\n<meta property=\"og:url\" content=\"https:\/\/utopisches-salzderhelden.de\/en\/verkehrswende-initiative\/\" \/>\n<meta property=\"og:site_name\" content=\"Utopisches Salzderhelden\" \/>\n<meta property=\"article:modified_time\" content=\"2023-02-24T12:48:31+00:00\" \/>\n<meta property=\"og:image\" content=\"https:\/\/utopisches-salzderhelden.de\/wp-content\/uploads\/2022\/04\/Verkehrswende_Ini_Einbeck_28052021_90-scaled-1.jpg\" \/>\n<meta name=\"twitter:card\" content=\"summary_large_image\" \/>\n<script type=\"application\/ld+json\" class=\"yoast-schema-graph\">{\"@context\":\"https:\/\/schema.org\",\"@graph\":[{\"@type\":\"WebPage\",\"@id\":\"https:\/\/utopisches-salzderhelden.de\/verkehrswende-initiative\/\",\"url\":\"https:\/\/utopisches-salzderhelden.de\/verkehrswende-initiative\/\",\"name\":\"Karteikarte VWI - Utopisches Salzderhelden\",\"isPartOf\":{\"@id\":\"https:\/\/utopisches-salzderhelden.de\/#website\"},\"primaryImageOfPage\":{\"@id\":\"https:\/\/utopisches-salzderhelden.de\/verkehrswende-initiative\/#primaryimage\"},\"image\":{\"@id\":\"https:\/\/utopisches-salzderhelden.de\/verkehrswende-initiative\/#primaryimage\"},\"thumbnailUrl\":\"https:\/\/utopisches-salzderhelden.de\/wp-content\/uploads\/2022\/04\/Verkehrswende_Ini_Einbeck_28052021_90-scaled-1.jpg\",\"datePublished\":\"2022-04-25T17:23:51+00:00\",\"dateModified\":\"2023-02-24T12:48:31+00:00\",\"breadcrumb\":{\"@id\":\"https:\/\/utopisches-salzderhelden.de\/verkehrswende-initiative\/#breadcrumb\"},\"inLanguage\":\"en-US\",\"potentialAction\":[{\"@type\":\"ReadAction\",\"target\":[\"https:\/\/utopisches-salzderhelden.de\/verkehrswende-initiative\/\"]}]},{\"@type\":\"ImageObject\",\"inLanguage\":\"en-US\",\"@id\":\"https:\/\/utopisches-salzderhelden.de\/verkehrswende-initiative\/#primaryimage\",\"url\":\"https:\/\/utopisches-salzderhelden.de\/wp-content\/uploads\/2022\/04\/Verkehrswende_Ini_Einbeck_28052021_90-scaled-1.jpg\",\"contentUrl\":\"https:\/\/utopisches-salzderhelden.de\/wp-content\/uploads\/2022\/04\/Verkehrswende_Ini_Einbeck_28052021_90-scaled-1.jpg\"},{\"@type\":\"BreadcrumbList\",\"@id\":\"https:\/\/utopisches-salzderhelden.de\/verkehrswende-initiative\/#breadcrumb\",\"itemListElement\":[{\"@type\":\"ListItem\",\"position\":1,\"name\":\"Startseite\",\"item\":\"https:\/\/utopisches-salzderhelden.de\/\"},{\"@type\":\"ListItem\",\"position\":2,\"name\":\"Karteikarte VWI\"}]},{\"@type\":\"WebSite\",\"@id\":\"https:\/\/utopisches-salzderhelden.de\/#website\",\"url\":\"https:\/\/utopisches-salzderhelden.de\/\",\"name\":\"Utopisches Salzderhelden\",\"description\":\"Tauschlogikfrei, hierarchiekritisch und solidarisch\",\"publisher\":{\"@id\":\"https:\/\/utopisches-salzderhelden.de\/#organization\"},\"potentialAction\":[{\"@type\":\"SearchAction\",\"target\":{\"@type\":\"EntryPoint\",\"urlTemplate\":\"https:\/\/utopisches-salzderhelden.de\/?s={search_term_string}\"},\"query-input\":{\"@type\":\"PropertyValueSpecification\",\"valueRequired\":true,\"valueName\":\"search_term_string\"}}],\"inLanguage\":\"en-US\"},{\"@type\":\"Organization\",\"@id\":\"https:\/\/utopisches-salzderhelden.de\/#organization\",\"name\":\"Utopisches Salzderhelden\",\"url\":\"https:\/\/utopisches-salzderhelden.de\/\",\"logo\":{\"@type\":\"ImageObject\",\"inLanguage\":\"en-US\",\"@id\":\"https:\/\/utopisches-salzderhelden.de\/#\/schema\/logo\/image\/\",\"url\":\"https:\/\/utopisches-salzderhelden.de\/wp-content\/uploads\/2022\/04\/WI_SDH.png\",\"contentUrl\":\"https:\/\/utopisches-salzderhelden.de\/wp-content\/uploads\/2022\/04\/WI_SDH.png\",\"width\":9182,\"height\":1757,\"caption\":\"Utopisches Salzderhelden\"},\"image\":{\"@id\":\"https:\/\/utopisches-salzderhelden.de\/#\/schema\/logo\/image\/\"}}]}<\/script>\n<!-- \/ Yoast SEO plugin. -->","yoast_head_json":{"title":"Karteikarte VWI - Utopisches Salzderhelden","robots":{"index":"index","follow":"follow","max-snippet":"max-snippet:-1","max-image-preview":"max-image-preview:large","max-video-preview":"max-video-preview:-1"},"canonical":"https:\/\/utopisches-salzderhelden.de\/en\/verkehrswende-initiative\/","og_locale":"en_US","og_type":"article","og_title":"Karteikarte VWI - Utopisches Salzderhelden","og_description":"Verkehrswende-Initiative Einbeck Was? Ein offener Zusammenschluss Verkehrswende-bewegter Menschen aus Einbeck und Umgebung Wo? ab April regelm\u00e4\u00dfige Treffen in Einbeck und SDH F\u00fcr wen? Alle, die Lust haben sich einzusetzen f\u00fcr ein inklusives zukunftsf\u00e4higes und lebenswertes Einbeck Sonstiges Fahrrad-Demo an jedem letzten Samstag im Monat, Treffpunkt 11 Uhr an der Jungen Linde Einbeck zur Webseite","og_url":"https:\/\/utopisches-salzderhelden.de\/en\/verkehrswende-initiative\/","og_site_name":"Utopisches Salzderhelden","article_modified_time":"2023-02-24T12:48:31+00:00","og_image":[{"url":"https:\/\/utopisches-salzderhelden.de\/wp-content\/uploads\/2022\/04\/Verkehrswende_Ini_Einbeck_28052021_90-scaled-1.jpg","type":"","width":"","height":""}],"twitter_card":"summary_large_image","schema":{"@context":"https:\/\/schema.org","@graph":[{"@type":"WebPage","@id":"https:\/\/utopisches-salzderhelden.de\/verkehrswende-initiative\/","url":"https:\/\/utopisches-salzderhelden.de\/verkehrswende-initiative\/","name":"Karteikarte VWI - Utopisches Salzderhelden","isPartOf":{"@id":"https:\/\/utopisches-salzderhelden.de\/#website"},"primaryImageOfPage":{"@id":"https:\/\/utopisches-salzderhelden.de\/verkehrswende-initiative\/#primaryimage"},"image":{"@id":"https:\/\/utopisches-salzderhelden.de\/verkehrswende-initiative\/#primaryimage"},"thumbnailUrl":"https:\/\/utopisches-salzderhelden.de\/wp-content\/uploads\/2022\/04\/Verkehrswende_Ini_Einbeck_28052021_90-scaled-1.jpg","datePublished":"2022-04-25T17:23:51+00:00","dateModified":"2023-02-24T12:48:31+00:00","breadcrumb":{"@id":"https:\/\/utopisches-salzderhelden.de\/verkehrswende-initiative\/#breadcrumb"},"inLanguage":"en-US","potentialAction":[{"@type":"ReadAction","target":["https:\/\/utopisches-salzderhelden.de\/verkehrswende-initiative\/"]}]},{"@type":"ImageObject","inLanguage":"en-US","@id":"https:\/\/utopisches-salzderhelden.de\/verkehrswende-initiative\/#primaryimage","url":"https:\/\/utopisches-salzderhelden.de\/wp-content\/uploads\/2022\/04\/Verkehrswende_Ini_Einbeck_28052021_90-scaled-1.jpg","contentUrl":"https:\/\/utopisches-salzderhelden.de\/wp-content\/uploads\/2022\/04\/Verkehrswende_Ini_Einbeck_28052021_90-scaled-1.jpg"},{"@type":"BreadcrumbList","@id":"https:\/\/utopisches-salzderhelden.de\/verkehrswende-initiative\/#breadcrumb","itemListElement":[{"@type":"ListItem","position":1,"name":"Startseite","item":"https:\/\/utopisches-salzderhelden.de\/"},{"@type":"ListItem","position":2,"name":"Karteikarte VWI"}]},{"@type":"WebSite","@id":"https:\/\/utopisches-salzderhelden.de\/#website","url":"https:\/\/utopisches-salzderhelden.de\/","name":"Utopisches Salzderhelden","description":"Tauschlogikfrei, hierarchiekritisch und solidarisch","publisher":{"@id":"https:\/\/utopisches-salzderhelden.de\/#organization"},"potentialAction":[{"@type":"SearchAction","target":{"@type":"EntryPoint","urlTemplate":"https:\/\/utopisches-salzderhelden.de\/?s={search_term_string}"},"query-input":{"@type":"PropertyValueSpecification","valueRequired":true,"valueName":"search_term_string"}}],"inLanguage":"en-US"},{"@type":"Organization","@id":"https:\/\/utopisches-salzderhelden.de\/#organization","name":"Utopisches Salzderhelden","url":"https:\/\/utopisches-salzderhelden.de\/","logo":{"@type":"ImageObject","inLanguage":"en-US","@id":"https:\/\/utopisches-salzderhelden.de\/#\/schema\/logo\/image\/","url":"https:\/\/utopisches-salzderhelden.de\/wp-content\/uploads\/2022\/04\/WI_SDH.png","contentUrl":"https:\/\/utopisches-salzderhelden.de\/wp-content\/uploads\/2022\/04\/WI_SDH.png","width":9182,"height":1757,"caption":"Utopisches Salzderhelden"},"image":{"@id":"https:\/\/utopisches-salzderhelden.de\/#\/schema\/logo\/image\/"}}]}},"builder_content":"<h1>Verkehrswende-Initiative Einbeck<\/h1>\n<h3>Was?<\/h3>\n<p>Ein offener Zusammenschluss Verkehrswende-bewegter Menschen aus Einbeck und Umgebung<\/p>\n<h3>Wo?<\/h3>\n<p>ab April regelm\u00e4\u00dfige Treffen in Einbeck und SDH<\/p>\n<h3>F\u00fcr wen?<\/h3>\n<p>Alle, die Lust haben sich einzusetzen f\u00fcr ein inklusives zukunftsf\u00e4higes und lebenswertes Einbeck<\/p>\n<h3>Sonstiges<\/h3>\n<p>Fahrrad-Demo an jedem letzten Samstag im Monat, Treffpunkt 11 Uhr an der Jungen Linde Einbeck<\/p>\n<a href=\"https:\/\/einbeck.endlich-verkehrswende.de\/\" target=\"_blank\" rel=\"noopener\"> zur Webseite <\/a>\n<img loading=\"lazy\" decoding=\"async\" width=\"2560\" height=\"1707\" src=\"https:\/\/utopisches-salzderhelden.de\/wp-content\/uploads\/2022\/04\/Verkehrswende_Ini_Einbeck_28052021_90-scaled-1.jpg\" title=\"Verkehrswende_Ini_Einbeck_28052021_90-scaled\" alt=\"Verkehrswende_Ini_Einbeck_28052021_90-scaled\" srcset=\"https:\/\/utopisches-salzderhelden.de\/wp-content\/uploads\/2022\/04\/Verkehrswende_Ini_Einbeck_28052021_90-scaled-1.jpg 2560w, https:\/\/utopisches-salzderhelden.de\/wp-content\/uploads\/2022\/04\/Verkehrswende_Ini_Einbeck_28052021_90-scaled-1-1024x683-300x200.jpg 300w, https:\/\/utopisches-salzderhelden.de\/wp-content\/uploads\/2022\/04\/Verkehrswende_Ini_Einbeck_28052021_90-scaled-1-1024x683.jpg 1024w, https:\/\/utopisches-salzderhelden.de\/wp-content\/uploads\/2022\/04\/Verkehrswende_Ini_Einbeck_28052021_90-scaled-1-768x512.jpg 768w, https:\/\/utopisches-salzderhelden.de\/wp-content\/uploads\/2022\/04\/Verkehrswende_Ini_Einbeck_28052021_90-scaled-1-1536x1024.jpg 1536w, https:\/\/utopisches-salzderhelden.de\/wp-content\/uploads\/2022\/04\/Verkehrswende_Ini_Einbeck_28052021_90-scaled-1-2048x1366.jpg 2048w\" sizes=\"auto, (max-width: 2560px) 100vw, 2560px\" \/>","_links":{"self":[{"href":"https:\/\/utopisches-salzderhelden.de\/en\/wp-json\/wp\/v2\/pages\/1837","targetHints":{"allow":["GET"]}}],"collection":[{"href":"https:\/\/utopisches-salzderhelden.de\/en\/wp-json\/wp\/v2\/pages"}],"about":[{"href":"https:\/\/utopisches-salzderhelden.de\/en\/wp-json\/wp\/v2\/types\/page"}],"author":[{"embeddable":true,"href":"https:\/\/utopisches-salzderhelden.de\/en\/wp-json\/wp\/v2\/users\/3"}],"replies":[{"embeddable":true,"href":"https:\/\/utopisches-salzderhelden.de\/en\/wp-json\/wp\/v2\/comments?post=1837"}],"version-history":[{"count":3,"href":"https:\/\/utopisches-salzderhelden.de\/en\/wp-json\/wp\/v2\/pages\/1837\/revisions"}],"predecessor-version":[{"id":2535,"href":"https:\/\/utopisches-salzderhelden.de\/en\/wp-json\/wp\/v2\/pages\/1837\/revisions\/2535"}],"wp:attachment":[{"href":"https:\/\/utopisches-salzderhelden.de\/en\/wp-json\/wp\/v2\/media?parent=1837"}],"curies":[{"name":"wp","href":"https:\/\/api.w.org\/{rel}","templated":true}]}}