{"id":1733,"date":"2022-04-25T18:34:31","date_gmt":"2022-04-25T16:34:31","guid":{"rendered":"https:\/\/anarchistischlossi.de\/?page_id=1733"},"modified":"2023-06-07T13:34:30","modified_gmt":"2023-06-07T11:34:30","slug":"kontakt","status":"publish","type":"page","link":"https:\/\/utopisches-salzderhelden.de\/en\/kontakt\/","title":{"rendered":"Contact"},"content":{"rendered":"<!--themify_builder_content-->\n<div id=\"themify_builder_content-1733\" data-postid=\"1733\" class=\"themify_builder_content themify_builder_content-1733 themify_builder tf_clear\">\n    \t<!-- module_row -->\n\t<div  data-css_id=\"pxgo468\" data-lazy=\"1\" class=\"module_row themify_builder_row repeat fullwidth tb_pxgo468 tb_first tf_clearfix\" >\n\t    \t\t<div class=\"row_inner col_align_top gutter-none col-count-2 tf_box tf_w tf_rel\">\n\t\t\t<div  data-lazy=\"1\" style=\"width: 6%\" class=\"module_column tb-column col4-1 first tb_fueu469 tf_box\">\n\t\t\t    \t        <div class=\"tb-column-inner tf_box tf_w\">\n\t\t    <!-- module buttons -->\n<div  class=\"module module-buttons tb_wcwf470 buttons-horizontal solid  rounded tf_textc\" data-lazy=\"1\">\n    \t<div class=\"module-buttons-item tf_inline_b\">\n\t\t\t\t\t\t\t<a href=\"https:\/\/utopisches-salzderhelden.de\/en\/\" class=\"ui builder_button transparent\" >\n\t\t\t\t\t\t\t\t\t\t\t\t<em class=\"tf_inline_b tf_vmiddle\"><svg  aria-hidden=\"true\" class=\"tf_fa tf-ti-arrow-left\"><use href=\"#tf-ti-arrow-left\"><\/use><\/svg><\/em>\t\t\t\t\t\t\t\t<span class=\"tf_inline_b tf_vmiddle\"><\/span>\n\t\t\t\t\t\t\t\t\t\t\t<\/a>\n\t\t\t    \t<\/div>\n\t<\/div>\n<!-- \/module buttons -->\n\t        <\/div>\n\t    \t<\/div>\n\t\t<div  data-lazy=\"1\" style=\"width: 94%\" class=\"module_column tb-column col4-3 last tb_zmim470 tf_box\">\n\t\t\t    \t        <div class=\"tb-column-inner tf_box tf_w\">\n\t\t    <!-- module text -->\n<div  class=\"module module-text tb_8dje470  repeat\" data-lazy=\"1\">\n        <div  class=\"tb_text_wrap\">\n    <h1>Contact<\/h1>    <\/div>\n<\/div>\n<!-- \/module text -->\t        <\/div>\n\t    \t<\/div>\n\t\t    <\/div>\n\t    <!-- \/row_inner -->\n\t<\/div>\n\t<!-- \/module_row -->\n\t\t<!-- module_row -->\n\t<div  data-css_id=\"y841951\" data-lazy=\"1\" class=\"module_row themify_builder_row fullwidth tb_y841951 tf_clearfix\" >\n\t    \t\t<div class=\"row_inner col_align_top col-count-1 tf_box tf_w tf_rel\">\n\t\t\t<div  data-lazy=\"1\" class=\"module_column tb-column col-full first tb_7vwn952 tf_box\">\n\t\t\t    \t        <div class=\"tb-column-inner tf_box tf_w\">\n\t\t    <!-- module text -->\n<div  class=\"module module-text tb_5tkn547  repeat\" data-lazy=\"1\">\n        <div  class=\"tb_text_wrap\">\n    <p style=\"text-align: left;\">We would be happy if you contact us. Preferably via our contact form. Alternatively, you can also find contact addresses for individual projects.<\/p>\n<p>Please contact us before you come over, so that we can clarify together what is possible and reasonable on site.<br><br><span style=\"background-color: rgba(255, 255, 255, 0.1);\">Nach oder schon vor deinem Besuch kannst du auch gern per Telegram-Gruppe der K20 mit Menschen vor Ort<\/span><b style=\"background-color: rgba(255, 255, 255, 0.1);\">&nbsp;in Kontakt bleiben<\/b><span style=\"background-color: rgba(255, 255, 255, 0.1);\">&nbsp;und dar\u00fcber Infos z.B. zu anstehenden Events bekommen. <b>Besuchsanfragen bitte nur per Mail!<\/b><\/span><br><\/p>    <\/div>\n<\/div>\n<!-- \/module text -->\t        <\/div>\n\t    \t<\/div>\n\t\t    <\/div>\n\t    <!-- \/row_inner -->\n\t<\/div>\n\t<!-- \/module_row -->\n\t\t<!-- module_row -->\n\t<div  data-css_id=\"59uc925\" data-lazy=\"1\" class=\"module_row themify_builder_row fullwidth tb_59uc925 tf_clearfix\" >\n\t    \t\t<div class=\"row_inner col_align_top col-count-1 tf_box tf_w tf_rel\">\n\t\t\t<div  data-lazy=\"1\" class=\"module_column tb-column col-full first tb_bm3o926 tf_box\">\n\t\t\t    \t        <div class=\"tb-column-inner tf_box tf_w\">\n\t\t    <!-- module text -->\n<div  class=\"module module-text tb_cf55935\" data-lazy=\"1\">\n        <div  class=\"tb_text_wrap\">\n    <h2>Contact form<\/h2>    <\/div>\n<\/div>\n<!-- \/module text -->\t        <\/div>\n\t    \t<\/div>\n\t\t    <\/div>\n\t    <!-- \/row_inner -->\n\t<\/div>\n\t<!-- \/module_row -->\n\t\t<!-- module_row -->\n\t<div  data-css_id=\"ua4l932\" data-lazy=\"1\" class=\"module_row themify_builder_row fullwidth tb_ua4l932 tf_clearfix\" >\n\t    \t\t<div class=\"row_inner col_align_top col-count-3 tf_box tf_w tf_rel\">\n\t\t\t<div  data-lazy=\"1\" style=\"width: 47.2%\" class=\"module_column tb-column col3-1 first tb_nwaw933 tf_box\">\n\t\t\t    \t        <div class=\"tb-column-inner tf_box tf_w\">\n\t\t    <!-- module text -->\n<div  class=\"module module-text tb_gwye242  repeat\" data-lazy=\"1\">\n        <div  class=\"tb_text_wrap\">\n    <p>Oops, something is not working right now. Please look for the right mail if you want to request a project directly. If none of this fits, feel free to write to post@k20-projekthaus.de.<\/p>    <\/div>\n<\/div>\n<!-- \/module text -->\t        <\/div>\n\t    \t<\/div>\n\t\t<div  data-lazy=\"1\" style=\"width: 6%\" class=\"module_column tb-column col3-1 middle tb_67q7934 tf_box\">\n\t\t\t    \t<\/div>\n\t\t<div  data-lazy=\"1\" style=\"width: 40.4%\" class=\"module_column tb-column col3-1 last tb_aqq5127 tf_box\">\n\t\t\t    \t        <div class=\"tb-column-inner tf_box tf_w\">\n\t\t    <!-- module text -->\n<div  class=\"module module-text tb_x5qp646  repeat\" data-lazy=\"1\">\n        <div  class=\"tb_text_wrap\">\n    <p><strong>E-mail addresses to individual projects:<\/strong><\/p>    <\/div>\n<\/div>\n<!-- \/module text --><!-- module text -->\n<div  class=\"module module-text tb_aj8s897  repeat\" data-lazy=\"1\">\n        <div  class=\"tb_text_wrap\">\n    <p style=\"text-align: left;\">K20 Projekthaus: <a href=\"mailto:post@k20-projekthaus.de\">post@k20-projekthaus.de<\/a><\/p>\n<p style=\"text-align: left;\">urtica: <a href=\"mailto:urtica@k20-projekthaus.de\">urtica@k20-projekthaus.de<\/a><br>zur molli: <a href=\"mailto:post@zurmolli.uber.space\">post@zur-molli.de<\/a><br>Freiwilliges Freies Jahr: <a href=\"mailto:kontakt@freiwilliges-freies-jahr.de\"><span class=\"tf_vmiddle\">kontakt@freiwilliges-freies-jahr.de<\/span><\/a><br>Verkehrswendeinitiative: <a href=\"mailto:anfrage@endlich-verkehrswende.de\">anfrage@endlich-verkehrswende.de<\/a><br><\/p>    <\/div>\n<\/div>\n<!-- \/module text --><!-- module buttons -->\n<div  class=\"module module-buttons tb_gtb8388 buttons-horizontal solid  rounded\" data-lazy=\"1\">\n    \t<div class=\"module-buttons-item tf_inline_b\">\n\t\t\t\t\t\t\t<a href=\"https:\/\/t.me\/+nXm7oHt8eJA3YjRi\" class=\"ui builder_button tb_default_color\" target=\"_blank\" rel=\"noopener\">\n\t\t\t\t\t\t\t\t\t\t\t\t<em class=\"tf_inline_b tf_vmiddle\"><svg  aria-hidden=\"true\" class=\"tf_fa tf-fab-telegram-plane\"><use href=\"#tf-fab-telegram-plane\"><\/use><\/svg><\/em>\t\t\t\t\t\t\t\t<span class=\"tf_inline_b tf_vmiddle\">Join the K20 Telegram group<\/span>\n\t\t\t\t\t\t\t\t\t\t\t<\/a>\n\t\t\t    \t<\/div>\n\t<\/div>\n<!-- \/module buttons -->\n<!-- module text -->\n<div  class=\"module module-text tb_37uf55  repeat\" data-lazy=\"1\">\n        <div  class=\"tb_text_wrap\">\n    <p>Our central contact point is the K20 Projekthaus:<\/p>\n<div><a href=\"https:\/\/k20-projekthaus.de\"><b>K20 Projekthaus<\/b><\/a> | Knickstra\u00dfe 20\u00a0 | 37574 Einbeck<\/div>\n<div>05561 92 59 515<\/div>    <\/div>\n<\/div>\n<!-- \/module text -->\t        <\/div>\n\t    \t<\/div>\n\t\t    <\/div>\n\t    <!-- \/row_inner -->\n\t<\/div>\n\t<!-- \/module_row -->\n\t<\/div>\n<!--\/themify_builder_content-->","protected":false},"excerpt":{"rendered":"<p>Kontakt Wir freuen uns, wenn du Kontakt zu uns aufnimmst. Am liebsten \u00fcber unser Kontaktformular. Alternativ findest du aber auch noch Kontaktadressen zu einzelnen Projekten. Bitte melde Dich bevor Du vorbei kommen magst, damit wir gemeinsam kl\u00e4ren k\u00f6nnen, was gerade vor Ort m\u00f6glich und sinnvoll ist. Nach oder schon vor deinem Besuch kannst du auch [&hellip;]<\/p>","protected":false},"author":3,"featured_media":0,"parent":0,"menu_order":0,"comment_status":"closed","ping_status":"closed","template":"","meta":{"footnotes":""},"class_list":["post-1733","page","type-page","status-publish","hentry","has-post-title","has-post-date","has-post-category","has-post-tag","has-post-comment","has-post-author",""],"yoast_head":"<!-- This site is optimized with the Yoast SEO plugin v24.2 - https:\/\/yoast.com\/wordpress\/plugins\/seo\/ -->\n<title>Kontakt - Utopisches Salzderhelden<\/title>\n<meta name=\"robots\" content=\"index, follow, max-snippet:-1, max-image-preview:large, max-video-preview:-1\" \/>\n<link rel=\"canonical\" href=\"https:\/\/utopisches-salzderhelden.de\/en\/kontakt\/\" \/>\n<meta property=\"og:locale\" content=\"en_US\" \/>\n<meta property=\"og:type\" content=\"article\" \/>\n<meta property=\"og:title\" content=\"Kontakt - Utopisches Salzderhelden\" \/>\n<meta property=\"og:description\" content=\"Kontakt Wir freuen uns, wenn du Kontakt zu uns aufnimmst. Am liebsten \u00fcber unser Kontaktformular. Alternativ findest du aber auch noch Kontaktadressen zu einzelnen Projekten. Bitte melde Dich bevor Du vorbei kommen magst, damit wir gemeinsam kl\u00e4ren k\u00f6nnen, was gerade vor Ort m\u00f6glich und sinnvoll ist. Nach oder schon vor deinem Besuch kannst du auch [&hellip;]\" \/>\n<meta property=\"og:url\" content=\"https:\/\/utopisches-salzderhelden.de\/en\/kontakt\/\" \/>\n<meta property=\"og:site_name\" content=\"Utopisches Salzderhelden\" \/>\n<meta property=\"article:modified_time\" content=\"2023-06-07T11:34:30+00:00\" \/>\n<meta name=\"twitter:card\" content=\"summary_large_image\" \/>\n<script type=\"application\/ld+json\" class=\"yoast-schema-graph\">{\"@context\":\"https:\/\/schema.org\",\"@graph\":[{\"@type\":\"WebPage\",\"@id\":\"https:\/\/utopisches-salzderhelden.de\/kontakt\/\",\"url\":\"https:\/\/utopisches-salzderhelden.de\/kontakt\/\",\"name\":\"Kontakt - Utopisches Salzderhelden\",\"isPartOf\":{\"@id\":\"https:\/\/utopisches-salzderhelden.de\/#website\"},\"datePublished\":\"2022-04-25T16:34:31+00:00\",\"dateModified\":\"2023-06-07T11:34:30+00:00\",\"breadcrumb\":{\"@id\":\"https:\/\/utopisches-salzderhelden.de\/kontakt\/#breadcrumb\"},\"inLanguage\":\"en-US\",\"potentialAction\":[{\"@type\":\"ReadAction\",\"target\":[\"https:\/\/utopisches-salzderhelden.de\/kontakt\/\"]}]},{\"@type\":\"BreadcrumbList\",\"@id\":\"https:\/\/utopisches-salzderhelden.de\/kontakt\/#breadcrumb\",\"itemListElement\":[{\"@type\":\"ListItem\",\"position\":1,\"name\":\"Startseite\",\"item\":\"https:\/\/utopisches-salzderhelden.de\/\"},{\"@type\":\"ListItem\",\"position\":2,\"name\":\"Kontakt\"}]},{\"@type\":\"WebSite\",\"@id\":\"https:\/\/utopisches-salzderhelden.de\/#website\",\"url\":\"https:\/\/utopisches-salzderhelden.de\/\",\"name\":\"Utopisches Salzderhelden\",\"description\":\"Tauschlogikfrei, hierarchiekritisch und solidarisch\",\"publisher\":{\"@id\":\"https:\/\/utopisches-salzderhelden.de\/#organization\"},\"potentialAction\":[{\"@type\":\"SearchAction\",\"target\":{\"@type\":\"EntryPoint\",\"urlTemplate\":\"https:\/\/utopisches-salzderhelden.de\/?s={search_term_string}\"},\"query-input\":{\"@type\":\"PropertyValueSpecification\",\"valueRequired\":true,\"valueName\":\"search_term_string\"}}],\"inLanguage\":\"en-US\"},{\"@type\":\"Organization\",\"@id\":\"https:\/\/utopisches-salzderhelden.de\/#organization\",\"name\":\"Utopisches Salzderhelden\",\"url\":\"https:\/\/utopisches-salzderhelden.de\/\",\"logo\":{\"@type\":\"ImageObject\",\"inLanguage\":\"en-US\",\"@id\":\"https:\/\/utopisches-salzderhelden.de\/#\/schema\/logo\/image\/\",\"url\":\"https:\/\/utopisches-salzderhelden.de\/wp-content\/uploads\/2022\/04\/WI_SDH.png\",\"contentUrl\":\"https:\/\/utopisches-salzderhelden.de\/wp-content\/uploads\/2022\/04\/WI_SDH.png\",\"width\":9182,\"height\":1757,\"caption\":\"Utopisches Salzderhelden\"},\"image\":{\"@id\":\"https:\/\/utopisches-salzderhelden.de\/#\/schema\/logo\/image\/\"}}]}<\/script>\n<!-- \/ Yoast SEO plugin. -->","yoast_head_json":{"title":"Kontakt - Utopisches Salzderhelden","robots":{"index":"index","follow":"follow","max-snippet":"max-snippet:-1","max-image-preview":"max-image-preview:large","max-video-preview":"max-video-preview:-1"},"canonical":"https:\/\/utopisches-salzderhelden.de\/en\/kontakt\/","og_locale":"en_US","og_type":"article","og_title":"Kontakt - Utopisches Salzderhelden","og_description":"Kontakt Wir freuen uns, wenn du Kontakt zu uns aufnimmst. Am liebsten \u00fcber unser Kontaktformular. Alternativ findest du aber auch noch Kontaktadressen zu einzelnen Projekten. Bitte melde Dich bevor Du vorbei kommen magst, damit wir gemeinsam kl\u00e4ren k\u00f6nnen, was gerade vor Ort m\u00f6glich und sinnvoll ist. Nach oder schon vor deinem Besuch kannst du auch [&hellip;]","og_url":"https:\/\/utopisches-salzderhelden.de\/en\/kontakt\/","og_site_name":"Utopisches Salzderhelden","article_modified_time":"2023-06-07T11:34:30+00:00","twitter_card":"summary_large_image","schema":{"@context":"https:\/\/schema.org","@graph":[{"@type":"WebPage","@id":"https:\/\/utopisches-salzderhelden.de\/kontakt\/","url":"https:\/\/utopisches-salzderhelden.de\/kontakt\/","name":"Kontakt - Utopisches Salzderhelden","isPartOf":{"@id":"https:\/\/utopisches-salzderhelden.de\/#website"},"datePublished":"2022-04-25T16:34:31+00:00","dateModified":"2023-06-07T11:34:30+00:00","breadcrumb":{"@id":"https:\/\/utopisches-salzderhelden.de\/kontakt\/#breadcrumb"},"inLanguage":"en-US","potentialAction":[{"@type":"ReadAction","target":["https:\/\/utopisches-salzderhelden.de\/kontakt\/"]}]},{"@type":"BreadcrumbList","@id":"https:\/\/utopisches-salzderhelden.de\/kontakt\/#breadcrumb","itemListElement":[{"@type":"ListItem","position":1,"name":"Startseite","item":"https:\/\/utopisches-salzderhelden.de\/"},{"@type":"ListItem","position":2,"name":"Kontakt"}]},{"@type":"WebSite","@id":"https:\/\/utopisches-salzderhelden.de\/#website","url":"https:\/\/utopisches-salzderhelden.de\/","name":"Utopisches Salzderhelden","description":"Tauschlogikfrei, hierarchiekritisch und solidarisch","publisher":{"@id":"https:\/\/utopisches-salzderhelden.de\/#organization"},"potentialAction":[{"@type":"SearchAction","target":{"@type":"EntryPoint","urlTemplate":"https:\/\/utopisches-salzderhelden.de\/?s={search_term_string}"},"query-input":{"@type":"PropertyValueSpecification","valueRequired":true,"valueName":"search_term_string"}}],"inLanguage":"en-US"},{"@type":"Organization","@id":"https:\/\/utopisches-salzderhelden.de\/#organization","name":"Utopisches Salzderhelden","url":"https:\/\/utopisches-salzderhelden.de\/","logo":{"@type":"ImageObject","inLanguage":"en-US","@id":"https:\/\/utopisches-salzderhelden.de\/#\/schema\/logo\/image\/","url":"https:\/\/utopisches-salzderhelden.de\/wp-content\/uploads\/2022\/04\/WI_SDH.png","contentUrl":"https:\/\/utopisches-salzderhelden.de\/wp-content\/uploads\/2022\/04\/WI_SDH.png","width":9182,"height":1757,"caption":"Utopisches Salzderhelden"},"image":{"@id":"https:\/\/utopisches-salzderhelden.de\/#\/schema\/logo\/image\/"}}]}},"builder_content":"<a href=\"https:\/\/utopisches-salzderhelden.de\/\" > <em><svg aria-hidden=\"true\"><use href=\"#tf-ti-arrow-left\"><\/use><\/svg><\/em> <\/a>\n<h1>Kontakt<\/h1>\n<p style=\"text-align: left;\">Wir freuen uns, wenn du Kontakt zu uns aufnimmst. Am liebsten \u00fcber unser Kontaktformular. Alternativ findest du aber auch noch Kontaktadressen zu einzelnen Projekten.<\/p> <p>Bitte melde Dich bevor Du vorbei kommen magst, damit wir gemeinsam kl\u00e4ren k\u00f6nnen, was gerade vor Ort m\u00f6glich und sinnvoll ist.<br><br>Nach oder schon vor deinem Besuch kannst du auch gern per Telegram-Gruppe der K20 mit Menschen vor Ort<b style=\"background-color: rgba(255, 255, 255, 0.1);\">&nbsp;in Kontakt bleiben<\/b>&nbsp;und dar\u00fcber Infos z.B. zu anstehenden Events bekommen. <b>Besuchsanfragen bitte nur per Mail!<\/b><br><\/p>\n<h2>Kontaktformular<\/h2>\n<p>Oops, da funktioniert wohl gerade was nicht. Bitte such dir die passende Mail raus, wenn du ein Projekt direkt anfragen magst. Wenn nix davon passt, schreib gern an post@k20-projekthaus.de.<\/p>\n<p><strong>E-Mail Adressen zu einzelnen Projekten:<\/strong><\/p>\n<p style=\"text-align: left;\">K20 Projekthaus: <a href=\"mailto:post@k20-projekthaus.de\">post@k20-projekthaus.de<\/a><\/p> <p style=\"text-align: left;\">urtica: <a href=\"mailto:urtica@k20-projekthaus.de\">urtica@k20-projekthaus.de<\/a><br>zur molli: <a href=\"mailto:post@zurmolli.uber.space\">post@zur-molli.de<\/a><br>Freiwilliges Freies Jahr: <a href=\"mailto:kontakt@freiwilliges-freies-jahr.de\">kontakt@freiwilliges-freies-jahr.de<\/a><br>Verkehrswendeinitiative: <a href=\"mailto:anfrage@endlich-verkehrswende.de\">anfrage@endlich-verkehrswende.de<\/a><br><\/p>\n<a href=\"https:\/\/t.me\/+nXm7oHt8eJA3YjRi\" target=\"_blank\" rel=\"noopener\"> <em><svg aria-hidden=\"true\"><use href=\"#tf-fab-telegram-plane\"><\/use><\/svg><\/em> K20-Telegram-Gruppe beitreten <\/a>\n<p>Unsere zentrale Anlaufstelle ist das K20 Projekthaus:<\/p> <a href=\"https:\/\/k20-projekthaus.de\"><b>K20 Projekthaus<\/b><\/a> | Knickstra\u00dfe 20\u00a0 | 37574 Einbeck 05561 92 59 515","_links":{"self":[{"href":"https:\/\/utopisches-salzderhelden.de\/en\/wp-json\/wp\/v2\/pages\/1733","targetHints":{"allow":["GET"]}}],"collection":[{"href":"https:\/\/utopisches-salzderhelden.de\/en\/wp-json\/wp\/v2\/pages"}],"about":[{"href":"https:\/\/utopisches-salzderhelden.de\/en\/wp-json\/wp\/v2\/types\/page"}],"author":[{"embeddable":true,"href":"https:\/\/utopisches-salzderhelden.de\/en\/wp-json\/wp\/v2\/users\/3"}],"replies":[{"embeddable":true,"href":"https:\/\/utopisches-salzderhelden.de\/en\/wp-json\/wp\/v2\/comments?post=1733"}],"version-history":[{"count":14,"href":"https:\/\/utopisches-salzderhelden.de\/en\/wp-json\/wp\/v2\/pages\/1733\/revisions"}],"predecessor-version":[{"id":2767,"href":"https:\/\/utopisches-salzderhelden.de\/en\/wp-json\/wp\/v2\/pages\/1733\/revisions\/2767"}],"wp:attachment":[{"href":"https:\/\/utopisches-salzderhelden.de\/en\/wp-json\/wp\/v2\/media?parent=1733"}],"curies":[{"name":"wp","href":"https:\/\/api.w.org\/{rel}","templated":true}]}}