{"id":1638,"date":"2022-02-18T12:15:45","date_gmt":"2022-02-18T11:15:45","guid":{"rendered":"https:\/\/anarchistischlossi.de\/?page_id=1638"},"modified":"2022-04-28T23:42:04","modified_gmt":"2022-04-28T21:42:04","slug":"tauschlogikfrei","status":"publish","type":"page","link":"https:\/\/utopisches-salzderhelden.de\/en\/tauschlogikfrei\/","title":{"rendered":"exchange logic free"},"content":{"rendered":"<!--themify_builder_content-->\n<div id=\"themify_builder_content-1638\" data-postid=\"1638\" class=\"themify_builder_content themify_builder_content-1638 themify_builder tf_clear\">\n    \t<!-- module_row -->\n\t<div  data-css_id=\"b5yy145\" data-lazy=\"1\" class=\"module_row themify_builder_row fullwidth tb_b5yy145 tb_first tf_clearfix\" >\n\t    \t\t<div class=\"row_inner col_align_top col-count-1 tf_box tf_w tf_rel\">\n\t\t\t<div  data-lazy=\"1\" class=\"module_column tb-column col-full first tb_uozu148 tf_box\">\n\t\t\t    \t        <div class=\"tb-column-inner tf_box tf_w\">\n\t\t    \t<div  data-lazy=\"1\" class=\"module_subrow themify_builder_sub_row tb_yedc391 tf_w tf_clearfix\">\n\t    \t\t<div class=\"subrow_inner col_align_top col-count-1 tf_box tf_w\">\n\t\t\t<div  data-lazy=\"1\" class=\"sub_column module_column tf_box col-full first tb_goic395\"> \n\t    \t    \t        <div class=\"tb-column-inner tf_box tf_w\">\n\t\t    <!-- module buttons -->\n<div  class=\"module module-buttons tb_3teh658 buttons-horizontal solid  rounded tf_textl\" data-lazy=\"1\">\n    \t<div class=\"module-buttons-item tf_inline_b\">\n\t\t\t\t\t\t\t<a href=\"https:\/\/utopisches-salzderhelden.de\/en\/\" class=\"ui builder_button transparent\" >\n\t\t\t\t\t\t\t\t\t\t\t\t<em class=\"tf_inline_b tf_vmiddle\"><svg  aria-hidden=\"true\" class=\"tf_fa tf-ti-arrow-left\"><use href=\"#tf-ti-arrow-left\"><\/use><\/svg><\/em>\t\t\t\t\t\t\t\t<span class=\"tf_inline_b tf_vmiddle\"><\/span>\n\t\t\t\t\t\t\t\t\t\t\t<\/a>\n\t\t\t    \t<\/div>\n\t<\/div>\n<!-- \/module buttons -->\n<!-- module text -->\n<div  class=\"module module-text tb_rrv8947\" data-lazy=\"1\">\n        <div  class=\"tb_text_wrap\">\n    <h3>exchange logic free<\/h3>    <\/div>\n<\/div>\n<!-- \/module text -->\t        <\/div>\n\t    \t<\/div>\n\t\t    <\/div>\n\t<\/div><!-- \/themify_builder_sub_row -->\n\t\t        <\/div>\n\t    \t<\/div>\n\t\t    <\/div>\n\t    <!-- \/row_inner -->\n\t<\/div>\n\t<!-- \/module_row -->\n\t\t<!-- module_row -->\n\t<div  data-css_id=\"4z7h707\" data-lazy=\"1\" class=\"module_row themify_builder_row fullwidth tb_4z7h707 tf_clearfix\" >\n\t    \t\t<div class=\"row_inner col_align_top col-count-1 tf_box tf_w tf_rel\">\n\t\t\t<div  data-lazy=\"1\" class=\"module_column tb-column col-full first tb_gmji708 tf_box\">\n\t\t\t    \t        <div class=\"tb-column-inner tf_box tf_w\">\n\t\t    <!-- module text -->\n<div  class=\"module module-text tb_zkf2338\" data-lazy=\"1\">\n        <div  class=\"tb_text_wrap\">\n    <p>In view of a solidarity-based transformation, money should not represent a separating means and should not divide people into owner and dispossessed. Here, freedom from the logic of exchange means that giving and taking should be decoupled from each other and that people should contribute voluntarily instead of bartering or exchanging money. No person should be required to give something in return in order to be allowed to be here. In view of a solidary and hierarchy-critical togetherness, a participation of as many people as possible on site is desired and necessary, however, in order, for example, not to permanently shift repro work such as cooking and structural maintenance of the building to a few people. So that the possibility is open for all to participate in projects, seminars and actions, they are arranged here by different people free of exchange logic. Certainly, in a capitalist-dominated world, money is still needed to obtain necessary resources such as electricity and water. The more exchange logic-free and solidary places and access possibilities there are, which can cover the needs for a good life for all, the less people will probably still need to use something like money. Step by step, lived utopias unfold in this way, in which people can contribute voluntarily in free agreements.<\/p>    <\/div>\n<\/div>\n<!-- \/module text -->\t        <\/div>\n\t    \t<\/div>\n\t\t    <\/div>\n\t    <!-- \/row_inner -->\n\t<\/div>\n\t<!-- \/module_row -->\n\t<\/div>\n<!--\/themify_builder_content-->","protected":false},"excerpt":{"rendered":"<p>tauschlogikfrei Mit Blick auf einen solidarischen Wandel soll Geld kein trennendes Mittel darstellen und Menschen nicht in Eigent\u00fcmer*in und Besitzlose*r einteilen . Tauschlogikfreiheit bedeutet hier, dass das Geben und Nehmen voneinander entkoppelt werden soll und Menschen freiwillig beitragen anstatt zu tauschen. Von keiner Person soll hier eine Gegenleistung gefordert werden, um hier sein zu d\u00fcrfen. [&hellip;]<\/p>","protected":false},"author":3,"featured_media":0,"parent":0,"menu_order":0,"comment_status":"closed","ping_status":"closed","template":"","meta":{"footnotes":""},"class_list":["post-1638","page","type-page","status-publish","hentry","has-post-title","has-post-date","has-post-category","has-post-tag","has-post-comment","has-post-author",""],"yoast_head":"<!-- This site is optimized with the Yoast SEO plugin v24.2 - https:\/\/yoast.com\/wordpress\/plugins\/seo\/ -->\n<title>tauschlogikfrei - Utopisches Salzderhelden<\/title>\n<meta name=\"robots\" content=\"index, follow, max-snippet:-1, max-image-preview:large, max-video-preview:-1\" \/>\n<link rel=\"canonical\" href=\"https:\/\/utopisches-salzderhelden.de\/en\/tauschlogikfrei\/\" \/>\n<meta property=\"og:locale\" content=\"en_US\" \/>\n<meta property=\"og:type\" content=\"article\" \/>\n<meta property=\"og:title\" content=\"tauschlogikfrei - Utopisches Salzderhelden\" \/>\n<meta property=\"og:description\" content=\"tauschlogikfrei Mit Blick auf einen solidarischen Wandel soll Geld kein trennendes Mittel darstellen und Menschen nicht in Eigent\u00fcmer*in und Besitzlose*r einteilen . Tauschlogikfreiheit bedeutet hier, dass das Geben und Nehmen voneinander entkoppelt werden soll und Menschen freiwillig beitragen anstatt zu tauschen. Von keiner Person soll hier eine Gegenleistung gefordert werden, um hier sein zu d\u00fcrfen. [&hellip;]\" \/>\n<meta property=\"og:url\" content=\"https:\/\/utopisches-salzderhelden.de\/en\/tauschlogikfrei\/\" \/>\n<meta property=\"og:site_name\" content=\"Utopisches Salzderhelden\" \/>\n<meta property=\"article:modified_time\" content=\"2022-04-28T21:42:04+00:00\" \/>\n<meta name=\"twitter:card\" content=\"summary_large_image\" \/>\n<script type=\"application\/ld+json\" class=\"yoast-schema-graph\">{\"@context\":\"https:\/\/schema.org\",\"@graph\":[{\"@type\":\"WebPage\",\"@id\":\"https:\/\/utopisches-salzderhelden.de\/tauschlogikfrei\/\",\"url\":\"https:\/\/utopisches-salzderhelden.de\/tauschlogikfrei\/\",\"name\":\"tauschlogikfrei - Utopisches Salzderhelden\",\"isPartOf\":{\"@id\":\"https:\/\/utopisches-salzderhelden.de\/#website\"},\"datePublished\":\"2022-02-18T11:15:45+00:00\",\"dateModified\":\"2022-04-28T21:42:04+00:00\",\"breadcrumb\":{\"@id\":\"https:\/\/utopisches-salzderhelden.de\/tauschlogikfrei\/#breadcrumb\"},\"inLanguage\":\"en-US\",\"potentialAction\":[{\"@type\":\"ReadAction\",\"target\":[\"https:\/\/utopisches-salzderhelden.de\/tauschlogikfrei\/\"]}]},{\"@type\":\"BreadcrumbList\",\"@id\":\"https:\/\/utopisches-salzderhelden.de\/tauschlogikfrei\/#breadcrumb\",\"itemListElement\":[{\"@type\":\"ListItem\",\"position\":1,\"name\":\"Startseite\",\"item\":\"https:\/\/utopisches-salzderhelden.de\/\"},{\"@type\":\"ListItem\",\"position\":2,\"name\":\"tauschlogikfrei\"}]},{\"@type\":\"WebSite\",\"@id\":\"https:\/\/utopisches-salzderhelden.de\/#website\",\"url\":\"https:\/\/utopisches-salzderhelden.de\/\",\"name\":\"Utopisches Salzderhelden\",\"description\":\"Tauschlogikfrei, hierarchiekritisch und solidarisch\",\"publisher\":{\"@id\":\"https:\/\/utopisches-salzderhelden.de\/#organization\"},\"potentialAction\":[{\"@type\":\"SearchAction\",\"target\":{\"@type\":\"EntryPoint\",\"urlTemplate\":\"https:\/\/utopisches-salzderhelden.de\/?s={search_term_string}\"},\"query-input\":{\"@type\":\"PropertyValueSpecification\",\"valueRequired\":true,\"valueName\":\"search_term_string\"}}],\"inLanguage\":\"en-US\"},{\"@type\":\"Organization\",\"@id\":\"https:\/\/utopisches-salzderhelden.de\/#organization\",\"name\":\"Utopisches Salzderhelden\",\"url\":\"https:\/\/utopisches-salzderhelden.de\/\",\"logo\":{\"@type\":\"ImageObject\",\"inLanguage\":\"en-US\",\"@id\":\"https:\/\/utopisches-salzderhelden.de\/#\/schema\/logo\/image\/\",\"url\":\"https:\/\/utopisches-salzderhelden.de\/wp-content\/uploads\/2022\/04\/WI_SDH.png\",\"contentUrl\":\"https:\/\/utopisches-salzderhelden.de\/wp-content\/uploads\/2022\/04\/WI_SDH.png\",\"width\":9182,\"height\":1757,\"caption\":\"Utopisches Salzderhelden\"},\"image\":{\"@id\":\"https:\/\/utopisches-salzderhelden.de\/#\/schema\/logo\/image\/\"}}]}<\/script>\n<!-- \/ Yoast SEO plugin. -->","yoast_head_json":{"title":"tauschlogikfrei - Utopisches Salzderhelden","robots":{"index":"index","follow":"follow","max-snippet":"max-snippet:-1","max-image-preview":"max-image-preview:large","max-video-preview":"max-video-preview:-1"},"canonical":"https:\/\/utopisches-salzderhelden.de\/en\/tauschlogikfrei\/","og_locale":"en_US","og_type":"article","og_title":"tauschlogikfrei - Utopisches Salzderhelden","og_description":"tauschlogikfrei Mit Blick auf einen solidarischen Wandel soll Geld kein trennendes Mittel darstellen und Menschen nicht in Eigent\u00fcmer*in und Besitzlose*r einteilen . Tauschlogikfreiheit bedeutet hier, dass das Geben und Nehmen voneinander entkoppelt werden soll und Menschen freiwillig beitragen anstatt zu tauschen. Von keiner Person soll hier eine Gegenleistung gefordert werden, um hier sein zu d\u00fcrfen. [&hellip;]","og_url":"https:\/\/utopisches-salzderhelden.de\/en\/tauschlogikfrei\/","og_site_name":"Utopisches Salzderhelden","article_modified_time":"2022-04-28T21:42:04+00:00","twitter_card":"summary_large_image","schema":{"@context":"https:\/\/schema.org","@graph":[{"@type":"WebPage","@id":"https:\/\/utopisches-salzderhelden.de\/tauschlogikfrei\/","url":"https:\/\/utopisches-salzderhelden.de\/tauschlogikfrei\/","name":"tauschlogikfrei - Utopisches Salzderhelden","isPartOf":{"@id":"https:\/\/utopisches-salzderhelden.de\/#website"},"datePublished":"2022-02-18T11:15:45+00:00","dateModified":"2022-04-28T21:42:04+00:00","breadcrumb":{"@id":"https:\/\/utopisches-salzderhelden.de\/tauschlogikfrei\/#breadcrumb"},"inLanguage":"en-US","potentialAction":[{"@type":"ReadAction","target":["https:\/\/utopisches-salzderhelden.de\/tauschlogikfrei\/"]}]},{"@type":"BreadcrumbList","@id":"https:\/\/utopisches-salzderhelden.de\/tauschlogikfrei\/#breadcrumb","itemListElement":[{"@type":"ListItem","position":1,"name":"Startseite","item":"https:\/\/utopisches-salzderhelden.de\/"},{"@type":"ListItem","position":2,"name":"tauschlogikfrei"}]},{"@type":"WebSite","@id":"https:\/\/utopisches-salzderhelden.de\/#website","url":"https:\/\/utopisches-salzderhelden.de\/","name":"Utopisches Salzderhelden","description":"Tauschlogikfrei, hierarchiekritisch und solidarisch","publisher":{"@id":"https:\/\/utopisches-salzderhelden.de\/#organization"},"potentialAction":[{"@type":"SearchAction","target":{"@type":"EntryPoint","urlTemplate":"https:\/\/utopisches-salzderhelden.de\/?s={search_term_string}"},"query-input":{"@type":"PropertyValueSpecification","valueRequired":true,"valueName":"search_term_string"}}],"inLanguage":"en-US"},{"@type":"Organization","@id":"https:\/\/utopisches-salzderhelden.de\/#organization","name":"Utopisches Salzderhelden","url":"https:\/\/utopisches-salzderhelden.de\/","logo":{"@type":"ImageObject","inLanguage":"en-US","@id":"https:\/\/utopisches-salzderhelden.de\/#\/schema\/logo\/image\/","url":"https:\/\/utopisches-salzderhelden.de\/wp-content\/uploads\/2022\/04\/WI_SDH.png","contentUrl":"https:\/\/utopisches-salzderhelden.de\/wp-content\/uploads\/2022\/04\/WI_SDH.png","width":9182,"height":1757,"caption":"Utopisches Salzderhelden"},"image":{"@id":"https:\/\/utopisches-salzderhelden.de\/#\/schema\/logo\/image\/"}}]}},"builder_content":"<a href=\"https:\/\/utopisches-salzderhelden.de\/\" > <em><svg aria-hidden=\"true\"><use href=\"#tf-ti-arrow-left\"><\/use><\/svg><\/em> <\/a>\n<h3>tauschlogikfrei<\/h3>\n<p>Mit Blick auf einen solidarischen Wandel soll Geld kein trennendes Mittel darstellen und Menschen nicht in Eigent\u00fcmer*in und Besitzlose*r einteilen . Tauschlogikfreiheit bedeutet hier, dass das Geben und Nehmen voneinander entkoppelt werden soll und Menschen freiwillig beitragen anstatt zu tauschen. Von keiner Person soll hier eine Gegenleistung gefordert werden, um hier sein zu d\u00fcrfen. Mit Blick auf ein solidarisches und hierarchiekritisches Miteinander ist eine Partizipation m\u00f6glichst aller Menschen vor Ort jedoch erw\u00fcnscht und notwendig, um z.B. Reproarbeiten wie Kochen und baulicher Instandhaltung des Geb\u00e4udes nicht auf wenige Menschen dauerhaft abzuw\u00e4lzen. Damit die M\u00f6glichkeit f\u00fcr alle offen ist, an Projekten, Seminaren und Aktionen mitzuwirken und teilzunehmen, werden sie hier von verschiedenen Menschen tauschlogikfrei gestaltet. Sicherlich braucht es in einer kapitalistisch-dominierten Welt noch Geld, um an notwendige Ressourcen wie Strom und Wasser heranzukommen. Je mehr tauschlogikfreie und solidarische Orte und Zugangsm\u00f6glichkeiten es gibt, die die Bed\u00fcrfnisse f\u00fcr ein gutes Leben f\u00fcr alle abdecken k\u00f6nnen, umso weniger werden Menschen wohl noch so etwas wie Geld verwenden m\u00fcssen. Schritt f\u00fcr Schritt entfalten sich so gelebte Utopien, in denen Menschen in freien Vereinbarungen freiwillig beitragen k\u00f6nnen.<\/p>","_links":{"self":[{"href":"https:\/\/utopisches-salzderhelden.de\/en\/wp-json\/wp\/v2\/pages\/1638","targetHints":{"allow":["GET"]}}],"collection":[{"href":"https:\/\/utopisches-salzderhelden.de\/en\/wp-json\/wp\/v2\/pages"}],"about":[{"href":"https:\/\/utopisches-salzderhelden.de\/en\/wp-json\/wp\/v2\/types\/page"}],"author":[{"embeddable":true,"href":"https:\/\/utopisches-salzderhelden.de\/en\/wp-json\/wp\/v2\/users\/3"}],"replies":[{"embeddable":true,"href":"https:\/\/utopisches-salzderhelden.de\/en\/wp-json\/wp\/v2\/comments?post=1638"}],"version-history":[{"count":8,"href":"https:\/\/utopisches-salzderhelden.de\/en\/wp-json\/wp\/v2\/pages\/1638\/revisions"}],"predecessor-version":[{"id":2431,"href":"https:\/\/utopisches-salzderhelden.de\/en\/wp-json\/wp\/v2\/pages\/1638\/revisions\/2431"}],"wp:attachment":[{"href":"https:\/\/utopisches-salzderhelden.de\/en\/wp-json\/wp\/v2\/media?parent=1638"}],"curies":[{"name":"wp","href":"https:\/\/api.w.org\/{rel}","templated":true}]}}