{"id":1472,"date":"2022-04-25T18:09:00","date_gmt":"2022-04-25T16:09:00","guid":{"rendered":"https:\/\/anarchistischlossi.de\/?page_id=1472"},"modified":"2023-03-20T02:57:58","modified_gmt":"2023-03-20T01:57:58","slug":"co-creation-space","status":"publish","type":"page","link":"https:\/\/utopisches-salzderhelden.de\/en\/co-creation-space\/","title":{"rendered":"Co-Creation Space"},"content":{"rendered":"<!--themify_builder_content-->\n<div id=\"themify_builder_content-1472\" data-postid=\"1472\" class=\"themify_builder_content themify_builder_content-1472 themify_builder tf_clear\">\n    \t<!-- module_row -->\n\t<div  data-lazy=\"1\" class=\"module_row themify_builder_row tb_su3n281 tb_first tf_clearfix\">\n\t    \t\t<div class=\"row_inner col_align_top col-count-1 tf_box tf_w tf_rel\">\n\t\t\t<div  data-lazy=\"1\" class=\"module_column tb-column col-full first tb_9i22281 tf_box\">\n\t\t\t    \t        <div class=\"tb-column-inner tf_box tf_w\">\n\t\t    <!-- module text -->\n<div  class=\"module module-text tb_a166773\" data-lazy=\"1\">\n        <div  class=\"tb_text_wrap\">\n    <h1>Co-Creation Space<\/h1>    <\/div>\n<\/div>\n<!-- \/module text -->\t        <\/div>\n\t    \t<\/div>\n\t\t    <\/div>\n\t    <!-- \/row_inner -->\n\t<\/div>\n\t<!-- \/module_row -->\n\t\t<!-- module_row -->\n\t<div  data-lazy=\"1\" class=\"module_row themify_builder_row tb_bf41244 tf_clearfix\">\n\t    \t\t<div class=\"row_inner col_align_top col-count-2 tf_box tf_w tf_rel\">\n\t\t\t<div  data-lazy=\"1\" style=\"width: 56.8%\" class=\"module_column tb-column col4-2 first tb_4urz245 tf_box\">\n\t\t\t    \t        <div class=\"tb-column-inner tf_box tf_w\">\n\t\t    \t<div  data-lazy=\"1\" class=\"module_subrow themify_builder_sub_row tb_56oy30 tf_w tf_clearfix\">\n\t    \t\t<div class=\"subrow_inner col_align_top col_auto_height col-count-2 tf_box tf_w\">\n\t\t\t<div  style=\"width: 26.8%\" data-lazy=\"1\" class=\"sub_column module_column tf_box col4-2 first tb_ksco31\"> \n\t    \t    \t        <div class=\"tb-column-inner tf_box tf_w\">\n\t\t    <!-- module text -->\n<div  class=\"module module-text tb_1c1t302\" data-lazy=\"1\">\n        <div  class=\"tb_text_wrap\">\n    <h3>What?<\/h3>    <\/div>\n<\/div>\n<!-- \/module text -->\t        <\/div>\n\t    \t<\/div>\n\t\t<div  style=\"width: 70%\" data-lazy=\"1\" class=\"sub_column module_column tf_box col4-2 last tb_ispr32\"> \n\t    \t    \t        <div class=\"tb-column-inner tf_box tf_w\">\n\t\t    <!-- module text -->\n<div  class=\"module module-text tb_9lz7796\" data-lazy=\"1\">\n        <div  class=\"tb_text_wrap\">\n    <p>B\u00fcroraum mit Musikanlage, Drucker, Scanner, Schreibutensilien, frei nutzbarem PC und Laptops sowie Computerzubeh\u00f6r, etc.<\/p>    <\/div>\n<\/div>\n<!-- \/module text -->\t        <\/div>\n\t    \t<\/div>\n\t\t    <\/div>\n\t<\/div><!-- \/themify_builder_sub_row -->\n\t\t<div  data-lazy=\"1\" class=\"module_subrow themify_builder_sub_row tb_fax413 tf_w tf_clearfix\">\n\t    \t\t<div class=\"subrow_inner col_align_top col_auto_height col-count-2 tf_box tf_w\">\n\t\t\t<div  style=\"width: 26.8%\" data-lazy=\"1\" class=\"sub_column module_column tf_box col4-2 first tb_zj0k14\"> \n\t    \t    \t        <div class=\"tb-column-inner tf_box tf_w\">\n\t\t    <!-- module text -->\n<div  class=\"module module-text tb_ehn715\" data-lazy=\"1\">\n        <div  class=\"tb_text_wrap\">\n    <h3>Where?<\/h3>    <\/div>\n<\/div>\n<!-- \/module text -->\t        <\/div>\n\t    \t<\/div>\n\t\t<div  style=\"width: 70%\" data-lazy=\"1\" class=\"sub_column module_column tf_box col4-2 last tb_gy4i16\" > \n\t    \t    \t        <div class=\"tb-column-inner tf_box tf_w\">\n\t\t    <!-- module text -->\n<div  class=\"module module-text tb_mcag757\" data-lazy=\"1\">\n        <div  class=\"tb_text_wrap\">\n    <p>in der K20<\/p>    <\/div>\n<\/div>\n<!-- \/module text -->\t        <\/div>\n\t    \t<\/div>\n\t\t    <\/div>\n\t<\/div><!-- \/themify_builder_sub_row -->\n\t\t<div  data-lazy=\"1\" class=\"module_subrow themify_builder_sub_row tb_rxh3514 tf_w tf_clearfix\">\n\t    \t\t<div class=\"subrow_inner col_align_top col_auto_height col-count-2 tf_box tf_w\">\n\t\t\t<div  style=\"width: 26.8%\" data-lazy=\"1\" class=\"sub_column module_column tf_box col4-2 first tb_cq5q514\"> \n\t    \t    \t        <div class=\"tb-column-inner tf_box tf_w\">\n\t\t    <!-- module text -->\n<div  class=\"module module-text tb_ghab514\" data-lazy=\"1\">\n        <div  class=\"tb_text_wrap\">\n    <h3>For whom?<\/h3>    <\/div>\n<\/div>\n<!-- \/module text -->\t        <\/div>\n\t    \t<\/div>\n\t\t<div  style=\"width: 70%\" data-lazy=\"1\" class=\"sub_column module_column tf_box col4-2 last tb_ij1h515\"> \n\t    \t    \t        <div class=\"tb-column-inner tf_box tf_w\">\n\t\t    <!-- module text -->\n<div  class=\"module module-text tb_3cl1930\" data-lazy=\"1\">\n        <div  class=\"tb_text_wrap\">\n    <p>offen f\u00fcr alle, Projektgruppen und Einzelpersonen, aus dem Dorf oder dem Rest der Welt<\/p>    <\/div>\n<\/div>\n<!-- \/module text -->\t        <\/div>\n\t    \t<\/div>\n\t\t    <\/div>\n\t<\/div><!-- \/themify_builder_sub_row -->\n\t\t<div  data-lazy=\"1\" class=\"module_subrow themify_builder_sub_row tb_iu5c141 tf_w tf_clearfix\">\n\t    \t\t<div class=\"subrow_inner col_align_top col_auto_height col-count-2 tf_box tf_w\">\n\t\t\t<div  style=\"width: 26.8%\" data-lazy=\"1\" class=\"sub_column module_column tf_box col4-2 first tb_n2xt141\"> \n\t    \t    \t        <div class=\"tb-column-inner tf_box tf_w\">\n\t\t    <!-- module text -->\n<div  class=\"module module-text tb_a6rh141\" data-lazy=\"1\">\n        <div  class=\"tb_text_wrap\">\n    <h3>Agreements<\/h3>    <\/div>\n<\/div>\n<!-- \/module text -->\t        <\/div>\n\t    \t<\/div>\n\t\t<div  style=\"width: 70%\" data-lazy=\"1\" class=\"sub_column module_column tf_box col4-2 last tb_70br141\"> \n\t    \t    \t        <div class=\"tb-column-inner tf_box tf_w\">\n\t\t    <!-- module text -->\n<div  class=\"module module-text tb_e6kt924\" data-lazy=\"1\">\n        <div  class=\"tb_text_wrap\">\n    <p><strong>Clean Table Policy<\/strong>: Wenn du einen Arbeitsplatz verl\u00e4sst, sollte die Tischfl\u00e4che wieder komplett leer sein.<\/p>\n<p><strong>Spendentasse:<\/strong> Lass gerne einen solidarischen Beitrag da, um die Kosten f\u00fcr Strom, Wasser und Instandhaltung gemeinsam zu bezahlen.<\/p>    <\/div>\n<\/div>\n<!-- \/module text -->\t        <\/div>\n\t    \t<\/div>\n\t\t    <\/div>\n\t<\/div><!-- \/themify_builder_sub_row -->\n\t\t        <\/div>\n\t    \t<\/div>\n\t\t<div  data-lazy=\"1\" style=\"width: 40%\" class=\"module_column tb-column col4-2 last tb_uyzb162 tf_box\">\n\t\t\t    \t        <div class=\"tb-column-inner tf_box tf_w\">\n\t\t    <!-- module image -->\n<div  class=\"module module-image tb_iiq1102   image-top tf_mw\" data-lazy=\"1\">\n        <div class=\"image-wrap tf_rel tf_mw\">\n\t\t    <img loading=\"lazy\" decoding=\"async\" src=\"https:\/\/anarchistischlossi.de\/wp-content\/uploads\/2022\/02\/startup_meeting_brainstorming_business_teamwork_team_people_office-764428.jpgd_.jpg\" width=\"1200\" height=\"800\" title=\"Co-Creation Space\" alt=\"Co-Creation Space\">\t\n\t\t<\/div>\n\t<!-- \/image-wrap -->\n    \n    \t<\/div>\n<!-- \/module image -->\t        <\/div>\n\t    \t<\/div>\n\t\t    <\/div>\n\t    <!-- \/row_inner -->\n\t<\/div>\n\t<!-- \/module_row -->\n\t<\/div>\n<!--\/themify_builder_content-->","protected":false},"excerpt":{"rendered":"<p>Co-Creation Space Was? B\u00fcroraum mit Musikanlage, Drucker, Scanner, Schreibutensilien, frei nutzbarem PC und Laptops sowie Computerzubeh\u00f6r, etc. Wo? in der K20 F\u00fcr wen? offen f\u00fcr alle, Projektgruppen und Einzelpersonen, aus dem Dorf oder dem Rest der Welt Vereinbarungen Clean Table Policy: Wenn du einen Arbeitsplatz verl\u00e4sst, sollte die Tischfl\u00e4che wieder komplett leer sein. Spendentasse: Lass [&hellip;]<\/p>","protected":false},"author":3,"featured_media":0,"parent":0,"menu_order":0,"comment_status":"closed","ping_status":"closed","template":"","meta":{"footnotes":""},"class_list":["post-1472","page","type-page","status-publish","hentry","has-post-title","has-post-date","has-post-category","has-post-tag","has-post-comment","has-post-author",""],"yoast_head":"<!-- This site is optimized with the Yoast SEO plugin v24.2 - https:\/\/yoast.com\/wordpress\/plugins\/seo\/ -->\n<title>Co-Creation Space - Utopisches Salzderhelden<\/title>\n<meta name=\"robots\" content=\"index, follow, max-snippet:-1, max-image-preview:large, max-video-preview:-1\" \/>\n<link rel=\"canonical\" href=\"https:\/\/utopisches-salzderhelden.de\/en\/co-creation-space\/\" \/>\n<meta property=\"og:locale\" content=\"en_US\" \/>\n<meta property=\"og:type\" content=\"article\" \/>\n<meta property=\"og:title\" content=\"Co-Creation Space - Utopisches Salzderhelden\" \/>\n<meta property=\"og:description\" content=\"Co-Creation Space Was? B\u00fcroraum mit Musikanlage, Drucker, Scanner, Schreibutensilien, frei nutzbarem PC und Laptops sowie Computerzubeh\u00f6r, etc. Wo? in der K20 F\u00fcr wen? offen f\u00fcr alle, Projektgruppen und Einzelpersonen, aus dem Dorf oder dem Rest der Welt Vereinbarungen Clean Table Policy: Wenn du einen Arbeitsplatz verl\u00e4sst, sollte die Tischfl\u00e4che wieder komplett leer sein. Spendentasse: Lass [&hellip;]\" \/>\n<meta property=\"og:url\" content=\"https:\/\/utopisches-salzderhelden.de\/en\/co-creation-space\/\" \/>\n<meta property=\"og:site_name\" content=\"Utopisches Salzderhelden\" \/>\n<meta property=\"article:modified_time\" content=\"2023-03-20T01:57:58+00:00\" \/>\n<meta name=\"twitter:card\" content=\"summary_large_image\" \/>\n<script type=\"application\/ld+json\" class=\"yoast-schema-graph\">{\"@context\":\"https:\/\/schema.org\",\"@graph\":[{\"@type\":\"WebPage\",\"@id\":\"https:\/\/utopisches-salzderhelden.de\/co-creation-space\/\",\"url\":\"https:\/\/utopisches-salzderhelden.de\/co-creation-space\/\",\"name\":\"Co-Creation Space - Utopisches Salzderhelden\",\"isPartOf\":{\"@id\":\"https:\/\/utopisches-salzderhelden.de\/#website\"},\"primaryImageOfPage\":{\"@id\":\"https:\/\/utopisches-salzderhelden.de\/co-creation-space\/#primaryimage\"},\"image\":{\"@id\":\"https:\/\/utopisches-salzderhelden.de\/co-creation-space\/#primaryimage\"},\"thumbnailUrl\":\"https:\/\/anarchistischlossi.de\/wp-content\/uploads\/2022\/02\/startup_meeting_brainstorming_business_teamwork_team_people_office-764428.jpgd_.jpg\",\"datePublished\":\"2022-04-25T16:09:00+00:00\",\"dateModified\":\"2023-03-20T01:57:58+00:00\",\"breadcrumb\":{\"@id\":\"https:\/\/utopisches-salzderhelden.de\/co-creation-space\/#breadcrumb\"},\"inLanguage\":\"en-US\",\"potentialAction\":[{\"@type\":\"ReadAction\",\"target\":[\"https:\/\/utopisches-salzderhelden.de\/co-creation-space\/\"]}]},{\"@type\":\"ImageObject\",\"inLanguage\":\"en-US\",\"@id\":\"https:\/\/utopisches-salzderhelden.de\/co-creation-space\/#primaryimage\",\"url\":\"https:\/\/anarchistischlossi.de\/wp-content\/uploads\/2022\/02\/startup_meeting_brainstorming_business_teamwork_team_people_office-764428.jpgd_.jpg\",\"contentUrl\":\"https:\/\/anarchistischlossi.de\/wp-content\/uploads\/2022\/02\/startup_meeting_brainstorming_business_teamwork_team_people_office-764428.jpgd_.jpg\"},{\"@type\":\"BreadcrumbList\",\"@id\":\"https:\/\/utopisches-salzderhelden.de\/co-creation-space\/#breadcrumb\",\"itemListElement\":[{\"@type\":\"ListItem\",\"position\":1,\"name\":\"Startseite\",\"item\":\"https:\/\/utopisches-salzderhelden.de\/\"},{\"@type\":\"ListItem\",\"position\":2,\"name\":\"Co-Creation Space\"}]},{\"@type\":\"WebSite\",\"@id\":\"https:\/\/utopisches-salzderhelden.de\/#website\",\"url\":\"https:\/\/utopisches-salzderhelden.de\/\",\"name\":\"Utopisches Salzderhelden\",\"description\":\"Tauschlogikfrei, hierarchiekritisch und solidarisch\",\"publisher\":{\"@id\":\"https:\/\/utopisches-salzderhelden.de\/#organization\"},\"potentialAction\":[{\"@type\":\"SearchAction\",\"target\":{\"@type\":\"EntryPoint\",\"urlTemplate\":\"https:\/\/utopisches-salzderhelden.de\/?s={search_term_string}\"},\"query-input\":{\"@type\":\"PropertyValueSpecification\",\"valueRequired\":true,\"valueName\":\"search_term_string\"}}],\"inLanguage\":\"en-US\"},{\"@type\":\"Organization\",\"@id\":\"https:\/\/utopisches-salzderhelden.de\/#organization\",\"name\":\"Utopisches Salzderhelden\",\"url\":\"https:\/\/utopisches-salzderhelden.de\/\",\"logo\":{\"@type\":\"ImageObject\",\"inLanguage\":\"en-US\",\"@id\":\"https:\/\/utopisches-salzderhelden.de\/#\/schema\/logo\/image\/\",\"url\":\"https:\/\/utopisches-salzderhelden.de\/wp-content\/uploads\/2022\/04\/WI_SDH.png\",\"contentUrl\":\"https:\/\/utopisches-salzderhelden.de\/wp-content\/uploads\/2022\/04\/WI_SDH.png\",\"width\":9182,\"height\":1757,\"caption\":\"Utopisches Salzderhelden\"},\"image\":{\"@id\":\"https:\/\/utopisches-salzderhelden.de\/#\/schema\/logo\/image\/\"}}]}<\/script>\n<!-- \/ Yoast SEO plugin. -->","yoast_head_json":{"title":"Co-Creation Space - Utopisches Salzderhelden","robots":{"index":"index","follow":"follow","max-snippet":"max-snippet:-1","max-image-preview":"max-image-preview:large","max-video-preview":"max-video-preview:-1"},"canonical":"https:\/\/utopisches-salzderhelden.de\/en\/co-creation-space\/","og_locale":"en_US","og_type":"article","og_title":"Co-Creation Space - Utopisches Salzderhelden","og_description":"Co-Creation Space Was? B\u00fcroraum mit Musikanlage, Drucker, Scanner, Schreibutensilien, frei nutzbarem PC und Laptops sowie Computerzubeh\u00f6r, etc. Wo? in der K20 F\u00fcr wen? offen f\u00fcr alle, Projektgruppen und Einzelpersonen, aus dem Dorf oder dem Rest der Welt Vereinbarungen Clean Table Policy: Wenn du einen Arbeitsplatz verl\u00e4sst, sollte die Tischfl\u00e4che wieder komplett leer sein. Spendentasse: Lass [&hellip;]","og_url":"https:\/\/utopisches-salzderhelden.de\/en\/co-creation-space\/","og_site_name":"Utopisches Salzderhelden","article_modified_time":"2023-03-20T01:57:58+00:00","twitter_card":"summary_large_image","schema":{"@context":"https:\/\/schema.org","@graph":[{"@type":"WebPage","@id":"https:\/\/utopisches-salzderhelden.de\/co-creation-space\/","url":"https:\/\/utopisches-salzderhelden.de\/co-creation-space\/","name":"Co-Creation Space - Utopisches Salzderhelden","isPartOf":{"@id":"https:\/\/utopisches-salzderhelden.de\/#website"},"primaryImageOfPage":{"@id":"https:\/\/utopisches-salzderhelden.de\/co-creation-space\/#primaryimage"},"image":{"@id":"https:\/\/utopisches-salzderhelden.de\/co-creation-space\/#primaryimage"},"thumbnailUrl":"https:\/\/anarchistischlossi.de\/wp-content\/uploads\/2022\/02\/startup_meeting_brainstorming_business_teamwork_team_people_office-764428.jpgd_.jpg","datePublished":"2022-04-25T16:09:00+00:00","dateModified":"2023-03-20T01:57:58+00:00","breadcrumb":{"@id":"https:\/\/utopisches-salzderhelden.de\/co-creation-space\/#breadcrumb"},"inLanguage":"en-US","potentialAction":[{"@type":"ReadAction","target":["https:\/\/utopisches-salzderhelden.de\/co-creation-space\/"]}]},{"@type":"ImageObject","inLanguage":"en-US","@id":"https:\/\/utopisches-salzderhelden.de\/co-creation-space\/#primaryimage","url":"https:\/\/anarchistischlossi.de\/wp-content\/uploads\/2022\/02\/startup_meeting_brainstorming_business_teamwork_team_people_office-764428.jpgd_.jpg","contentUrl":"https:\/\/anarchistischlossi.de\/wp-content\/uploads\/2022\/02\/startup_meeting_brainstorming_business_teamwork_team_people_office-764428.jpgd_.jpg"},{"@type":"BreadcrumbList","@id":"https:\/\/utopisches-salzderhelden.de\/co-creation-space\/#breadcrumb","itemListElement":[{"@type":"ListItem","position":1,"name":"Startseite","item":"https:\/\/utopisches-salzderhelden.de\/"},{"@type":"ListItem","position":2,"name":"Co-Creation Space"}]},{"@type":"WebSite","@id":"https:\/\/utopisches-salzderhelden.de\/#website","url":"https:\/\/utopisches-salzderhelden.de\/","name":"Utopisches Salzderhelden","description":"Tauschlogikfrei, hierarchiekritisch und solidarisch","publisher":{"@id":"https:\/\/utopisches-salzderhelden.de\/#organization"},"potentialAction":[{"@type":"SearchAction","target":{"@type":"EntryPoint","urlTemplate":"https:\/\/utopisches-salzderhelden.de\/?s={search_term_string}"},"query-input":{"@type":"PropertyValueSpecification","valueRequired":true,"valueName":"search_term_string"}}],"inLanguage":"en-US"},{"@type":"Organization","@id":"https:\/\/utopisches-salzderhelden.de\/#organization","name":"Utopisches Salzderhelden","url":"https:\/\/utopisches-salzderhelden.de\/","logo":{"@type":"ImageObject","inLanguage":"en-US","@id":"https:\/\/utopisches-salzderhelden.de\/#\/schema\/logo\/image\/","url":"https:\/\/utopisches-salzderhelden.de\/wp-content\/uploads\/2022\/04\/WI_SDH.png","contentUrl":"https:\/\/utopisches-salzderhelden.de\/wp-content\/uploads\/2022\/04\/WI_SDH.png","width":9182,"height":1757,"caption":"Utopisches Salzderhelden"},"image":{"@id":"https:\/\/utopisches-salzderhelden.de\/#\/schema\/logo\/image\/"}}]}},"builder_content":"<h1>Co-Creation Space<\/h1>\n<h3>Was?<\/h3>\n<p>B\u00fcroraum mit Musikanlage, Drucker, Scanner, Schreibutensilien, frei nutzbarem PC und Laptops sowie Computerzubeh\u00f6r, etc.<\/p>\n<h3>Wo?<\/h3>\n<p>in der K20<\/p>\n<h3>F\u00fcr wen?<\/h3>\n<p>offen f\u00fcr alle, Projektgruppen und Einzelpersonen, aus dem Dorf oder dem Rest der Welt<\/p>\n<h3>Vereinbarungen<\/h3>\n<p><strong>Clean Table Policy<\/strong>: Wenn du einen Arbeitsplatz verl\u00e4sst, sollte die Tischfl\u00e4che wieder komplett leer sein.<\/p> <p><strong>Spendentasse:<\/strong> Lass gerne einen solidarischen Beitrag da, um die Kosten f\u00fcr Strom, Wasser und Instandhaltung gemeinsam zu bezahlen.<\/p>\n<img src=\"https:\/\/anarchistischlossi.de\/wp-content\/uploads\/2022\/02\/startup_meeting_brainstorming_business_teamwork_team_people_office-764428.jpgd_.jpg\" width=\"1200\" height=\"800\" title=\"Co-Creation Space\" alt=\"Co-Creation Space\">","_links":{"self":[{"href":"https:\/\/utopisches-salzderhelden.de\/en\/wp-json\/wp\/v2\/pages\/1472","targetHints":{"allow":["GET"]}}],"collection":[{"href":"https:\/\/utopisches-salzderhelden.de\/en\/wp-json\/wp\/v2\/pages"}],"about":[{"href":"https:\/\/utopisches-salzderhelden.de\/en\/wp-json\/wp\/v2\/types\/page"}],"author":[{"embeddable":true,"href":"https:\/\/utopisches-salzderhelden.de\/en\/wp-json\/wp\/v2\/users\/3"}],"replies":[{"embeddable":true,"href":"https:\/\/utopisches-salzderhelden.de\/en\/wp-json\/wp\/v2\/comments?post=1472"}],"version-history":[{"count":12,"href":"https:\/\/utopisches-salzderhelden.de\/en\/wp-json\/wp\/v2\/pages\/1472\/revisions"}],"predecessor-version":[{"id":2574,"href":"https:\/\/utopisches-salzderhelden.de\/en\/wp-json\/wp\/v2\/pages\/1472\/revisions\/2574"}],"wp:attachment":[{"href":"https:\/\/utopisches-salzderhelden.de\/en\/wp-json\/wp\/v2\/media?parent=1472"}],"curies":[{"name":"wp","href":"https:\/\/api.w.org\/{rel}","templated":true}]}}