{"id":1188,"date":"2022-04-25T17:50:19","date_gmt":"2022-04-25T15:50:19","guid":{"rendered":"https:\/\/anarchistischlossi.de\/?page_id=1188"},"modified":"2022-09-17T12:49:17","modified_gmt":"2022-09-17T10:49:17","slug":"wer-wir-sind","status":"publish","type":"page","link":"https:\/\/utopisches-salzderhelden.de\/en\/wer-wir-sind\/","title":{"rendered":"Wer sind wir?"},"content":{"rendered":"<!--themify_builder_content-->\n<div id=\"themify_builder_content-1188\" data-postid=\"1188\" class=\"themify_builder_content themify_builder_content-1188 themify_builder tf_clear\">\n    \t<!-- module_row -->\n\t<div  data-css_id=\"cvcg522\" data-lazy=\"1\" class=\"module_row themify_builder_row repeat fullwidth tb_cvcg522 tb_first tf_clearfix\" >\n\t    \t\t<div class=\"row_inner col_align_top gutter-none col-count-2 tf_box tf_w tf_rel\">\n\t\t\t<div  data-lazy=\"1\" style=\"width: 6%\" class=\"module_column tb-column col4-1 first tb_0ot1523 tf_box\">\n\t\t\t    \t        <div class=\"tb-column-inner tf_box tf_w\">\n\t\t    <!-- module buttons -->\n<div  class=\"module module-buttons tb_lvtr523 buttons-horizontal solid  rounded tf_textc\" data-lazy=\"1\">\n    \t<div class=\"module-buttons-item tf_inline_b\">\n\t\t\t\t\t\t\t<a href=\"https:\/\/utopisches-salzderhelden.de\/en\/\" class=\"ui builder_button transparent\" >\n\t\t\t\t\t\t\t\t\t\t\t\t<em class=\"tf_inline_b tf_vmiddle\"><svg  aria-hidden=\"true\" class=\"tf_fa tf-ti-arrow-left\"><use href=\"#tf-ti-arrow-left\"><\/use><\/svg><\/em>\t\t\t\t\t\t\t\t<span class=\"tf_inline_b tf_vmiddle\"><\/span>\n\t\t\t\t\t\t\t\t\t\t\t<\/a>\n\t\t\t    \t<\/div>\n\t<\/div>\n<!-- \/module buttons -->\n\t        <\/div>\n\t    \t<\/div>\n\t\t<div  data-lazy=\"1\" style=\"width: 94%\" class=\"module_column tb-column col4-3 last tb_jmns523 tf_box\">\n\t\t\t    \t        <div class=\"tb-column-inner tf_box tf_w\">\n\t\t    <!-- module text -->\n<div  class=\"module module-text tb_3bg0524  repeat\" data-lazy=\"1\">\n        <div  class=\"tb_text_wrap\">\n    <h1 style=\"text-align: left;\">who are we and what do we do?<\/h1>    <\/div>\n<\/div>\n<!-- \/module text -->\t        <\/div>\n\t    \t<\/div>\n\t\t    <\/div>\n\t    <!-- \/row_inner -->\n\t<\/div>\n\t<!-- \/module_row -->\n\t\t<!-- module_row -->\n\t<div  data-css_id=\"40oy957\" data-lazy=\"1\" class=\"module_row themify_builder_row fullwidth tb_40oy957 tf_clearfix\" >\n\t    \t\t<div class=\"row_inner col_align_top col-count-1 tf_box tf_w tf_rel\">\n\t\t\t<div  data-lazy=\"1\" class=\"module_column tb-column col-full first tb_kiyl958 tf_box\">\n\t\t\t    \t        <div class=\"tb-column-inner tf_box tf_w\">\n\t\t    \t<div  data-lazy=\"1\" class=\"module_subrow themify_builder_sub_row tb_9wvl802 tf_w tf_clearfix\">\n\t    \t\t<div class=\"subrow_inner col_align_top col-count-2 tf_box tf_w\"  data-mobile_dir=\"rtl\" data-basecol=\"2\" data-col_mobile=\"column-full\">\n\t\t\t<div  style=\"width: 65.8%\" data-lazy=\"1\" class=\"sub_column module_column tf_box col2-1 first tb_0rxn792\" > \n\t    \t    \t        <div class=\"tb-column-inner tf_box tf_w\">\n\t\t    <!-- module text -->\n<div  class=\"module module-text tb_8g6r793  repeat\" data-lazy=\"1\">\n        <div  class=\"tb_text_wrap\">\n    <p>There are probably as many ways of looking at this question as there are people. But we want to be brave and dare a short summary. One thing in advance: No, we are not a commune!<\/p>\n<p>\u00a0<\/p>\n<p>With the K20 Projekthaus as a utopian free space and with a political claim, the foundation stone was laid for a place where people can organize themselves together in a life collective that is as autonomous as possible.<\/p>\n<p>\u00a0<\/p>\n<p>An overwhelming majority of people are unlikely to agree to surrender to a capitalist and patriarchal supremacy in various areas of society, but would like to actively seek solution strategies for a social, ecological, sustainable and just world and try them out on living examples.<\/p>\n<p>\u00a0<\/p>\n<p>Perhaps the concept of a utopian reallaboratory fits quite well here, in case people are looking for a pigeonhole into which they would like to put us.<\/p>    <\/div>\n<\/div>\n<!-- \/module text -->\t        <\/div>\n\t    \t<\/div>\n\t\t<div  style=\"width: 31%\" data-lazy=\"1\" class=\"sub_column module_column tf_box col2-1 last tb_cwdt805\"> \n\t    \t    \t        <div class=\"tb-column-inner tf_box tf_w\">\n\t\t    <!-- module gallery -->\n<div  class=\"module gallery module-gallery tb_l8b7833 layout-grid\" data-lazy=\"1\">\n    <\/div>\n<!-- \/module gallery --><!-- module image -->\n<div  class=\"module module-image tb_qbwh317   image-top tf_mw\" data-lazy=\"1\">\n        <div class=\"image-wrap tf_rel tf_mw\">\n\t\t    <img loading=\"lazy\" decoding=\"async\" width=\"2333\" height=\"2480\" src=\"https:\/\/utopisches-salzderhelden.de\/wp-content\/uploads\/2022\/04\/compound-microscope-sketch-2.png\" class=\"wp-post-image wp-image-2330\" title=\"real lab\" alt=\"reallabor\" srcset=\"https:\/\/utopisches-salzderhelden.de\/wp-content\/uploads\/2022\/04\/compound-microscope-sketch-2.png 2333w, https:\/\/utopisches-salzderhelden.de\/wp-content\/uploads\/2022\/04\/compound-microscope-sketch-2-282x300.png 282w, https:\/\/utopisches-salzderhelden.de\/wp-content\/uploads\/2022\/04\/compound-microscope-sketch-2-963x1024.png 963w, https:\/\/utopisches-salzderhelden.de\/wp-content\/uploads\/2022\/04\/compound-microscope-sketch-2-768x816.png 768w, https:\/\/utopisches-salzderhelden.de\/wp-content\/uploads\/2022\/04\/compound-microscope-sketch-2-1445x1536.png 1445w, https:\/\/utopisches-salzderhelden.de\/wp-content\/uploads\/2022\/04\/compound-microscope-sketch-2-1927x2048.png 1927w\" sizes=\"auto, (max-width: 2333px) 100vw, 2333px\" \/>\t\n\t\t<\/div>\n\t<!-- \/image-wrap -->\n    \n    \t<\/div>\n<!-- \/module image -->\t        <\/div>\n\t    \t<\/div>\n\t\t    <\/div>\n\t<\/div><!-- \/themify_builder_sub_row -->\n\t\t        <\/div>\n\t    \t<\/div>\n\t\t    <\/div>\n\t    <!-- \/row_inner -->\n\t<\/div>\n\t<!-- \/module_row -->\n\t\t<!-- module_row -->\n\t<div  data-css_id=\"0htb497\" data-lazy=\"1\" class=\"module_row themify_builder_row repeat fullwidth tb_0htb497 tf_clearfix\" >\n\t    \t\t<div class=\"row_inner col_align_top col-count-2 tf_box tf_w tf_rel\"  data-basecol=\"2\" data-col_mobile=\"column-full\">\n\t\t\t<div  data-lazy=\"1\" style=\"width: 29.8%\" class=\"module_column tb-column col4-2 first tb_i8jg498 tf_box\">\n\t\t\t    \t        <div class=\"tb-column-inner tf_box tf_w\">\n\t\t    <!-- module image -->\n<div  class=\"module module-image tb_7kbl426   image-top tf_mw\" data-lazy=\"1\">\n        <div class=\"image-wrap tf_rel tf_mw\">\n\t\t    <img loading=\"lazy\" decoding=\"async\" width=\"600\" height=\"846\" src=\"https:\/\/utopisches-salzderhelden.de\/wp-content\/uploads\/2022\/04\/no-planet-b-movement-cards-send-online-9388_22.jpg\" class=\"wp-post-image wp-image-1993\" title=\"no-planet-b-movement-cards send online 9388_22\" alt=\"no-planet-b-movement-cards-send-online-9388_22\" srcset=\"https:\/\/utopisches-salzderhelden.de\/wp-content\/uploads\/2022\/04\/no-planet-b-movement-cards-send-online-9388_22.jpg 600w, https:\/\/utopisches-salzderhelden.de\/wp-content\/uploads\/2022\/04\/no-planet-b-movement-cards-send-online-9388_22-213x300.jpg 213w\" sizes=\"auto, (max-width: 600px) 100vw, 600px\" \/>\t\n\t\t<\/div>\n\t<!-- \/image-wrap -->\n    \n    \t<\/div>\n<!-- \/module image -->\t        <\/div>\n\t    \t<\/div>\n\t\t<div  data-lazy=\"1\" style=\"width: 67%\" class=\"module_column tb-column col4-2 last tb_c1wy899 tf_box\">\n\t\t\t    \t        <div class=\"tb-column-inner tf_box tf_w\">\n\t\t    <!-- module text -->\n<div  class=\"module module-text tb_sacw900\" data-lazy=\"1\">\n        <div  class=\"tb_text_wrap\">\n    <p>Without wanting to convey even a hint of a claim to perfection, we explore new possibilities, inspirations and ways of thinking about how we as humanity can still manage an urgently needed change on planet earth and exploit the available resources as little as possible and distribute them fairly.<\/p>\n<p>&nbsp;<\/p>\n<p>So bilden verschiedene Wohnprojekte, wie die K20, das Blaue Haus oder die H1 verschiedene Ans\u00e4tze des nachhaltigen Zusammenlebens mit m\u00f6glichst geringem Bedarf an Wohnraum und Energieverbrauch. Projekte wie das tauschlogikfreie Bahnhofscaf\u00e9 &#8216;zur molli&#8217;, das bio-vegane Landwirtschaftskollektiv &#8216;urtica&#8217;, die K20 als Seminarhaus oder das Retten von weggeworfenen Lebensmitteln bieten innovative Partizipationsm\u00f6glichkeiten und neue Ans\u00e4tze wie sich eine Gesellschaft neu organisieren kann.<\/p>\n<p>&nbsp;<\/p>\n<p>In addition, there are countless personal, communal or political projects, encounters or topics here. People contribute here voluntarily to shake up and transform social grievances in an uncomfortable but sympathetic way. Salzderheld*innen is one of many small mosaics across national borders, towards a peaceful society of solidarity and empathy.<\/p>    <\/div>\n<\/div>\n<!-- \/module text -->\t        <\/div>\n\t    \t<\/div>\n\t\t    <\/div>\n\t    <!-- \/row_inner -->\n\t<\/div>\n\t<!-- \/module_row -->\n\t\t<!-- module_row -->\n\t<div  data-css_id=\"vcqi594\" data-lazy=\"1\" class=\"module_row themify_builder_row fullwidth tb_vcqi594 tf_clearfix\" >\n\t    \t\t<div class=\"row_inner col_align_top col-count-2 tf_box tf_w tf_rel\"  data-mobile_dir=\"rtl\" data-basecol=\"2\" data-col_mobile=\"column-full\">\n\t\t\t<div  data-lazy=\"1\" style=\"width: 67%\" class=\"module_column tb-column col4-2 first tb_ybuh596 tf_box\">\n\t\t\t    \t        <div class=\"tb-column-inner tf_box tf_w\">\n\t\t    <!-- module text -->\n<div  class=\"module module-text tb_3fuj786\" data-lazy=\"1\">\n        <div  class=\"tb_text_wrap\">\n    <p>Wir freuen uns, wenn Menschen, die von Diskriminierung betroffen sind, den Weg zu uns finden. Das hei\u00dft, dass wir versuchen unsere R\u00e4ume f\u00fcr Menschen, die von (systematischer) Diskriminierung betroffen sind, m\u00f6glichst zug\u00e4nglich zu gestalten. Wir laden also bspw. explizit LGBTQ+*- und BIPoC*-Menschen, sowie Menschen mit Behinderungen und gefl\u00fcchtete Menschen ein.<br><br>Unser Ziel ist es, voneinander zu lernen und miteinander unseren Alltag zu gestalten. Da wir zum Teil ein offener Ort sind, an dem verschiedenste Menschen zusammenkommen, k\u00f6nnen wir allerdings auch hier (leider) m\u00f6gliche Diskriminierungen nicht ausschlie\u00dfen.<\/p>    <\/div>\n<\/div>\n<!-- \/module text -->\t        <\/div>\n\t    \t<\/div>\n\t\t<div  data-lazy=\"1\" style=\"width: 29.8%\" class=\"module_column tb-column col4-2 last tb_jhet225 tf_box\">\n\t\t\t    \t        <div class=\"tb-column-inner tf_box tf_w\">\n\t\t    <!-- module image -->\n<div  class=\"module module-image tb_4ib7731   image-top tf_mw\" data-lazy=\"1\">\n        <div class=\"image-wrap tf_rel tf_mw\">\n\t\t    <img loading=\"lazy\" decoding=\"async\" width=\"789\" height=\"1134\" src=\"https:\/\/utopisches-salzderhelden.de\/wp-content\/uploads\/2022\/04\/Pride.jpeg\" class=\"wp-post-image wp-image-1994\" title=\"Pride\" alt=\"Pride\" srcset=\"https:\/\/utopisches-salzderhelden.de\/wp-content\/uploads\/2022\/04\/Pride.jpeg 789w, https:\/\/utopisches-salzderhelden.de\/wp-content\/uploads\/2022\/04\/Pride-209x300.jpeg 209w, https:\/\/utopisches-salzderhelden.de\/wp-content\/uploads\/2022\/04\/Pride-712x1024.jpeg 712w, https:\/\/utopisches-salzderhelden.de\/wp-content\/uploads\/2022\/04\/Pride-768x1104.jpeg 768w\" sizes=\"auto, (max-width: 789px) 100vw, 789px\" \/>\t\n\t\t<\/div>\n\t<!-- \/image-wrap -->\n    \n    \t<\/div>\n<!-- \/module image -->\t        <\/div>\n\t    \t<\/div>\n\t\t    <\/div>\n\t    <!-- \/row_inner -->\n\t<\/div>\n\t<!-- \/module_row -->\n\t<\/div>\n<!--\/themify_builder_content-->","protected":false},"excerpt":{"rendered":"<p>wer sind wir und was machen wir? Wahrscheinlich gibt es auf diese Frage so viele Sichtweisen, wie es Menschen gibt. Aber wir wollen mutig sein und mal eine kurze Zusammenfassung wagen. Eines Vorweg: Nein wir sind keine Kommune! \u00a0 Mit dem K20 Projekthaus als einen utopischen Freiraum und mit einem politischen Anspruch wurde der Grundstein [&hellip;]<\/p>","protected":false},"author":3,"featured_media":0,"parent":0,"menu_order":0,"comment_status":"closed","ping_status":"closed","template":"","meta":{"footnotes":""},"class_list":["post-1188","page","type-page","status-publish","hentry","has-post-title","has-post-date","has-post-category","has-post-tag","has-post-comment","has-post-author",""],"yoast_head":"<!-- This site is optimized with the Yoast SEO plugin v24.2 - https:\/\/yoast.com\/wordpress\/plugins\/seo\/ -->\n<title>Wer sind wir? - Utopisches Salzderhelden<\/title>\n<meta name=\"robots\" content=\"index, follow, max-snippet:-1, max-image-preview:large, max-video-preview:-1\" \/>\n<link rel=\"canonical\" href=\"https:\/\/utopisches-salzderhelden.de\/en\/wer-wir-sind\/\" \/>\n<meta property=\"og:locale\" content=\"en_US\" \/>\n<meta property=\"og:type\" content=\"article\" \/>\n<meta property=\"og:title\" content=\"Wer sind wir? - Utopisches Salzderhelden\" \/>\n<meta property=\"og:description\" content=\"wer sind wir und was machen wir? Wahrscheinlich gibt es auf diese Frage so viele Sichtweisen, wie es Menschen gibt. Aber wir wollen mutig sein und mal eine kurze Zusammenfassung wagen. Eines Vorweg: Nein wir sind keine Kommune! \u00a0 Mit dem K20 Projekthaus als einen utopischen Freiraum und mit einem politischen Anspruch wurde der Grundstein [&hellip;]\" \/>\n<meta property=\"og:url\" content=\"https:\/\/utopisches-salzderhelden.de\/en\/wer-wir-sind\/\" \/>\n<meta property=\"og:site_name\" content=\"Utopisches Salzderhelden\" \/>\n<meta property=\"article:modified_time\" content=\"2022-09-17T10:49:17+00:00\" \/>\n<meta property=\"og:image\" content=\"https:\/\/utopisches-salzderhelden.de\/wp-content\/uploads\/2022\/04\/compound-microscope-sketch-2.png\" \/>\n<meta name=\"twitter:card\" content=\"summary_large_image\" \/>\n<script type=\"application\/ld+json\" class=\"yoast-schema-graph\">{\"@context\":\"https:\/\/schema.org\",\"@graph\":[{\"@type\":\"WebPage\",\"@id\":\"https:\/\/utopisches-salzderhelden.de\/wer-wir-sind\/\",\"url\":\"https:\/\/utopisches-salzderhelden.de\/wer-wir-sind\/\",\"name\":\"Wer sind wir? - Utopisches Salzderhelden\",\"isPartOf\":{\"@id\":\"https:\/\/utopisches-salzderhelden.de\/#website\"},\"primaryImageOfPage\":{\"@id\":\"https:\/\/utopisches-salzderhelden.de\/wer-wir-sind\/#primaryimage\"},\"image\":{\"@id\":\"https:\/\/utopisches-salzderhelden.de\/wer-wir-sind\/#primaryimage\"},\"thumbnailUrl\":\"https:\/\/utopisches-salzderhelden.de\/wp-content\/uploads\/2022\/04\/compound-microscope-sketch-2.png\",\"datePublished\":\"2022-04-25T15:50:19+00:00\",\"dateModified\":\"2022-09-17T10:49:17+00:00\",\"breadcrumb\":{\"@id\":\"https:\/\/utopisches-salzderhelden.de\/wer-wir-sind\/#breadcrumb\"},\"inLanguage\":\"en-US\",\"potentialAction\":[{\"@type\":\"ReadAction\",\"target\":[\"https:\/\/utopisches-salzderhelden.de\/wer-wir-sind\/\"]}]},{\"@type\":\"ImageObject\",\"inLanguage\":\"en-US\",\"@id\":\"https:\/\/utopisches-salzderhelden.de\/wer-wir-sind\/#primaryimage\",\"url\":\"https:\/\/utopisches-salzderhelden.de\/wp-content\/uploads\/2022\/04\/compound-microscope-sketch-2.png\",\"contentUrl\":\"https:\/\/utopisches-salzderhelden.de\/wp-content\/uploads\/2022\/04\/compound-microscope-sketch-2.png\"},{\"@type\":\"BreadcrumbList\",\"@id\":\"https:\/\/utopisches-salzderhelden.de\/wer-wir-sind\/#breadcrumb\",\"itemListElement\":[{\"@type\":\"ListItem\",\"position\":1,\"name\":\"Startseite\",\"item\":\"https:\/\/utopisches-salzderhelden.de\/\"},{\"@type\":\"ListItem\",\"position\":2,\"name\":\"Wer sind wir?\"}]},{\"@type\":\"WebSite\",\"@id\":\"https:\/\/utopisches-salzderhelden.de\/#website\",\"url\":\"https:\/\/utopisches-salzderhelden.de\/\",\"name\":\"Utopisches Salzderhelden\",\"description\":\"Tauschlogikfrei, hierarchiekritisch und solidarisch\",\"publisher\":{\"@id\":\"https:\/\/utopisches-salzderhelden.de\/#organization\"},\"potentialAction\":[{\"@type\":\"SearchAction\",\"target\":{\"@type\":\"EntryPoint\",\"urlTemplate\":\"https:\/\/utopisches-salzderhelden.de\/?s={search_term_string}\"},\"query-input\":{\"@type\":\"PropertyValueSpecification\",\"valueRequired\":true,\"valueName\":\"search_term_string\"}}],\"inLanguage\":\"en-US\"},{\"@type\":\"Organization\",\"@id\":\"https:\/\/utopisches-salzderhelden.de\/#organization\",\"name\":\"Utopisches Salzderhelden\",\"url\":\"https:\/\/utopisches-salzderhelden.de\/\",\"logo\":{\"@type\":\"ImageObject\",\"inLanguage\":\"en-US\",\"@id\":\"https:\/\/utopisches-salzderhelden.de\/#\/schema\/logo\/image\/\",\"url\":\"https:\/\/utopisches-salzderhelden.de\/wp-content\/uploads\/2022\/04\/WI_SDH.png\",\"contentUrl\":\"https:\/\/utopisches-salzderhelden.de\/wp-content\/uploads\/2022\/04\/WI_SDH.png\",\"width\":9182,\"height\":1757,\"caption\":\"Utopisches Salzderhelden\"},\"image\":{\"@id\":\"https:\/\/utopisches-salzderhelden.de\/#\/schema\/logo\/image\/\"}}]}<\/script>\n<!-- \/ Yoast SEO plugin. -->","yoast_head_json":{"title":"Wer sind wir? - Utopisches Salzderhelden","robots":{"index":"index","follow":"follow","max-snippet":"max-snippet:-1","max-image-preview":"max-image-preview:large","max-video-preview":"max-video-preview:-1"},"canonical":"https:\/\/utopisches-salzderhelden.de\/en\/wer-wir-sind\/","og_locale":"en_US","og_type":"article","og_title":"Wer sind wir? - Utopisches Salzderhelden","og_description":"wer sind wir und was machen wir? Wahrscheinlich gibt es auf diese Frage so viele Sichtweisen, wie es Menschen gibt. Aber wir wollen mutig sein und mal eine kurze Zusammenfassung wagen. Eines Vorweg: Nein wir sind keine Kommune! \u00a0 Mit dem K20 Projekthaus als einen utopischen Freiraum und mit einem politischen Anspruch wurde der Grundstein [&hellip;]","og_url":"https:\/\/utopisches-salzderhelden.de\/en\/wer-wir-sind\/","og_site_name":"Utopisches Salzderhelden","article_modified_time":"2022-09-17T10:49:17+00:00","og_image":[{"url":"https:\/\/utopisches-salzderhelden.de\/wp-content\/uploads\/2022\/04\/compound-microscope-sketch-2.png","type":"","width":"","height":""}],"twitter_card":"summary_large_image","schema":{"@context":"https:\/\/schema.org","@graph":[{"@type":"WebPage","@id":"https:\/\/utopisches-salzderhelden.de\/wer-wir-sind\/","url":"https:\/\/utopisches-salzderhelden.de\/wer-wir-sind\/","name":"Wer sind wir? - Utopisches Salzderhelden","isPartOf":{"@id":"https:\/\/utopisches-salzderhelden.de\/#website"},"primaryImageOfPage":{"@id":"https:\/\/utopisches-salzderhelden.de\/wer-wir-sind\/#primaryimage"},"image":{"@id":"https:\/\/utopisches-salzderhelden.de\/wer-wir-sind\/#primaryimage"},"thumbnailUrl":"https:\/\/utopisches-salzderhelden.de\/wp-content\/uploads\/2022\/04\/compound-microscope-sketch-2.png","datePublished":"2022-04-25T15:50:19+00:00","dateModified":"2022-09-17T10:49:17+00:00","breadcrumb":{"@id":"https:\/\/utopisches-salzderhelden.de\/wer-wir-sind\/#breadcrumb"},"inLanguage":"en-US","potentialAction":[{"@type":"ReadAction","target":["https:\/\/utopisches-salzderhelden.de\/wer-wir-sind\/"]}]},{"@type":"ImageObject","inLanguage":"en-US","@id":"https:\/\/utopisches-salzderhelden.de\/wer-wir-sind\/#primaryimage","url":"https:\/\/utopisches-salzderhelden.de\/wp-content\/uploads\/2022\/04\/compound-microscope-sketch-2.png","contentUrl":"https:\/\/utopisches-salzderhelden.de\/wp-content\/uploads\/2022\/04\/compound-microscope-sketch-2.png"},{"@type":"BreadcrumbList","@id":"https:\/\/utopisches-salzderhelden.de\/wer-wir-sind\/#breadcrumb","itemListElement":[{"@type":"ListItem","position":1,"name":"Startseite","item":"https:\/\/utopisches-salzderhelden.de\/"},{"@type":"ListItem","position":2,"name":"Wer sind wir?"}]},{"@type":"WebSite","@id":"https:\/\/utopisches-salzderhelden.de\/#website","url":"https:\/\/utopisches-salzderhelden.de\/","name":"Utopisches Salzderhelden","description":"Tauschlogikfrei, hierarchiekritisch und solidarisch","publisher":{"@id":"https:\/\/utopisches-salzderhelden.de\/#organization"},"potentialAction":[{"@type":"SearchAction","target":{"@type":"EntryPoint","urlTemplate":"https:\/\/utopisches-salzderhelden.de\/?s={search_term_string}"},"query-input":{"@type":"PropertyValueSpecification","valueRequired":true,"valueName":"search_term_string"}}],"inLanguage":"en-US"},{"@type":"Organization","@id":"https:\/\/utopisches-salzderhelden.de\/#organization","name":"Utopisches Salzderhelden","url":"https:\/\/utopisches-salzderhelden.de\/","logo":{"@type":"ImageObject","inLanguage":"en-US","@id":"https:\/\/utopisches-salzderhelden.de\/#\/schema\/logo\/image\/","url":"https:\/\/utopisches-salzderhelden.de\/wp-content\/uploads\/2022\/04\/WI_SDH.png","contentUrl":"https:\/\/utopisches-salzderhelden.de\/wp-content\/uploads\/2022\/04\/WI_SDH.png","width":9182,"height":1757,"caption":"Utopisches Salzderhelden"},"image":{"@id":"https:\/\/utopisches-salzderhelden.de\/#\/schema\/logo\/image\/"}}]}},"builder_content":"<a href=\"https:\/\/utopisches-salzderhelden.de\/\" > <em><svg aria-hidden=\"true\"><use href=\"#tf-ti-arrow-left\"><\/use><\/svg><\/em> <\/a>\n<h1 style=\"text-align: left;\">wer sind wir und was machen wir?<\/h1>\n<p>Wahrscheinlich gibt es auf diese Frage so viele Sichtweisen, wie es Menschen gibt. Aber wir wollen mutig sein und mal eine kurze Zusammenfassung wagen. Eines Vorweg: Nein wir sind keine Kommune!<\/p> <p>\u00a0<\/p> <p>Mit dem K20 Projekthaus als einen utopischen Freiraum und mit einem politischen Anspruch wurde der Grundstein gelegt f\u00fcr einen Ort, an dem sich Menschen in einem m\u00f6glichst autonomen Lebenskollektiv zusammen organisieren k\u00f6nnen.<\/p> <p>\u00a0<\/p> <p>Ein \u00fcberwiegender Gro\u00dfteil der Menschen d\u00fcrfte nicht damit einverstanden sein, sich einer kapitalistischen und patriarchalen \u00dcbermacht in verschiedenen gesellschaftlichen Bereichen zu ergeben, sondern m\u00f6chte aktiv nach L\u00f6sungsstrategien f\u00fcr eine soziale, \u00f6kologische, nachhaltige und gerechte Welt suchen und diese an lebendigen Beispielen ausprobieren.<\/p> <p>\u00a0<\/p> <p>Vielleicht passt hier der Begriff eines utopischen Reallabors ganz gut, falls Menschen auf der Suche nach einer Schublade sind, in die sie uns gerne reinstecken w\u00fcrden.<\/p>\n<img loading=\"lazy\" decoding=\"async\" width=\"2333\" height=\"2480\" src=\"https:\/\/utopisches-salzderhelden.de\/wp-content\/uploads\/2022\/04\/compound-microscope-sketch-2.png\" title=\"reallabor\" alt=\"reallabor\" srcset=\"https:\/\/utopisches-salzderhelden.de\/wp-content\/uploads\/2022\/04\/compound-microscope-sketch-2.png 2333w, https:\/\/utopisches-salzderhelden.de\/wp-content\/uploads\/2022\/04\/compound-microscope-sketch-2-282x300.png 282w, https:\/\/utopisches-salzderhelden.de\/wp-content\/uploads\/2022\/04\/compound-microscope-sketch-2-963x1024.png 963w, https:\/\/utopisches-salzderhelden.de\/wp-content\/uploads\/2022\/04\/compound-microscope-sketch-2-768x816.png 768w, https:\/\/utopisches-salzderhelden.de\/wp-content\/uploads\/2022\/04\/compound-microscope-sketch-2-1445x1536.png 1445w, https:\/\/utopisches-salzderhelden.de\/wp-content\/uploads\/2022\/04\/compound-microscope-sketch-2-1927x2048.png 1927w\" sizes=\"auto, (max-width: 2333px) 100vw, 2333px\" \/>\n<img loading=\"lazy\" decoding=\"async\" width=\"600\" height=\"846\" src=\"https:\/\/utopisches-salzderhelden.de\/wp-content\/uploads\/2022\/04\/no-planet-b-movement-cards-send-online-9388_22.jpg\" title=\"no-planet-b-movement-cards-send-online-9388_22\" alt=\"no-planet-b-movement-cards-send-online-9388_22\" srcset=\"https:\/\/utopisches-salzderhelden.de\/wp-content\/uploads\/2022\/04\/no-planet-b-movement-cards-send-online-9388_22.jpg 600w, https:\/\/utopisches-salzderhelden.de\/wp-content\/uploads\/2022\/04\/no-planet-b-movement-cards-send-online-9388_22-213x300.jpg 213w\" sizes=\"auto, (max-width: 600px) 100vw, 600px\" \/>\n<p>Ohne auch nur den Hauch von einem Anspruch auf Perfektion vermitteln zu wollen, erforschen wir neue M\u00f6glichkeiten, Inspirationen und Denkweisen, wie wir als Menschheit auf dem Planeten Erde doch noch einen dringend notwendigen Wandel hinbekommen und die zur Verf\u00fcgung stehenden Ressourcen m\u00f6glichst gering ausbeuten und gerecht verteilen k\u00f6nnen.<\/p> <p>&nbsp;<\/p> <p>So bilden verschiedene Wohnprojekte, wie die K20, das Blaue Haus oder die H1 verschiedene Ans\u00e4tze des nachhaltigen Zusammenlebens mit m\u00f6glichst geringem Bedarf an Wohnraum und Energieverbrauch. Projekte wie das tauschlogikfreie Bahnhofscaf\u00e9 'zur molli', das bio-vegane Landwirtschaftskollektiv 'urtica', die K20 als Seminarhaus oder das Retten von weggeworfenen Lebensmitteln bieten innovative Partizipationsm\u00f6glichkeiten und neue Ans\u00e4tze wie sich eine Gesellschaft neu organisieren kann.<\/p> <p>&nbsp;<\/p> <p>Dar\u00fcber hinaus gibt es hier unz\u00e4hlige pers\u00f6nliche, gemeinschaftliche oder politische Projekte, Begegnungen oder Themen. Menschen tragen hier freiwillig bei, um in unbequemer, aber sympathischer Art und Weise gesellschaftliche Missst\u00e4nde wachzur\u00fctteln und zu transformieren. Salzderheld*innen ist dabei eines von vielen kleinen Mosaiken \u00fcber Staatsgrenzen hinweg, hin zu einer friedlichen Gesellschaft der Solidarit\u00e4t und der Empathie.<\/p>\n<p>Wir freuen uns, wenn Menschen, die von Diskriminierung betroffen sind, den Weg zu uns finden. Das hei\u00dft, dass wir versuchen unsere R\u00e4ume f\u00fcr Menschen, die von (systematischer) Diskriminierung betroffen sind, m\u00f6glichst zug\u00e4nglich zu gestalten. Wir laden also bspw. explizit LGBTQ+*- und BIPoC*-Menschen, sowie Menschen mit Behinderungen und gefl\u00fcchtete Menschen ein.<br><br>Unser Ziel ist es, voneinander zu lernen und miteinander unseren Alltag zu gestalten. Da wir zum Teil ein offener Ort sind, an dem verschiedenste Menschen zusammenkommen, k\u00f6nnen wir allerdings auch hier (leider) m\u00f6gliche Diskriminierungen nicht ausschlie\u00dfen.<\/p>\n<img loading=\"lazy\" decoding=\"async\" width=\"789\" height=\"1134\" src=\"https:\/\/utopisches-salzderhelden.de\/wp-content\/uploads\/2022\/04\/Pride.jpeg\" title=\"Pride\" alt=\"Pride\" srcset=\"https:\/\/utopisches-salzderhelden.de\/wp-content\/uploads\/2022\/04\/Pride.jpeg 789w, https:\/\/utopisches-salzderhelden.de\/wp-content\/uploads\/2022\/04\/Pride-209x300.jpeg 209w, https:\/\/utopisches-salzderhelden.de\/wp-content\/uploads\/2022\/04\/Pride-712x1024.jpeg 712w, https:\/\/utopisches-salzderhelden.de\/wp-content\/uploads\/2022\/04\/Pride-768x1104.jpeg 768w\" sizes=\"auto, (max-width: 789px) 100vw, 789px\" \/>","_links":{"self":[{"href":"https:\/\/utopisches-salzderhelden.de\/en\/wp-json\/wp\/v2\/pages\/1188","targetHints":{"allow":["GET"]}}],"collection":[{"href":"https:\/\/utopisches-salzderhelden.de\/en\/wp-json\/wp\/v2\/pages"}],"about":[{"href":"https:\/\/utopisches-salzderhelden.de\/en\/wp-json\/wp\/v2\/types\/page"}],"author":[{"embeddable":true,"href":"https:\/\/utopisches-salzderhelden.de\/en\/wp-json\/wp\/v2\/users\/3"}],"replies":[{"embeddable":true,"href":"https:\/\/utopisches-salzderhelden.de\/en\/wp-json\/wp\/v2\/comments?post=1188"}],"version-history":[{"count":48,"href":"https:\/\/utopisches-salzderhelden.de\/en\/wp-json\/wp\/v2\/pages\/1188\/revisions"}],"predecessor-version":[{"id":2508,"href":"https:\/\/utopisches-salzderhelden.de\/en\/wp-json\/wp\/v2\/pages\/1188\/revisions\/2508"}],"wp:attachment":[{"href":"https:\/\/utopisches-salzderhelden.de\/en\/wp-json\/wp\/v2\/media?parent=1188"}],"curies":[{"name":"wp","href":"https:\/\/api.w.org\/{rel}","templated":true}]}}